{"id":3203,"date":"2016-07-01T07:02:17","date_gmt":"2016-07-01T07:02:17","guid":{"rendered":"http:\/\/deltebre.cat\/turisme\/index.php\/els-nostres-productes\/?lang=de"},"modified":"2019-02-28T11:33:22","modified_gmt":"2019-02-28T10:33:22","slug":"die-gastronomie-von-deltebre","status":"publish","type":"page","link":"https:\/\/atraccionatural.cat\/de\/die-gastronomie-von-deltebre\/","title":{"rendered":"Unsere Produkte"},"content":{"rendered":"<p style=\"text-align: justify;\"><strong><img loading=\"lazy\" class=\"alignnone wp-image-442 size-full\" src=\"https:\/\/deltebre.cat\/turisme\/wp-content\/uploads\/2016\/07\/anec.jpg\" alt=\"anec\" width=\"900\" height=\"350\" \/><\/strong><\/p>\n<p><strong>Geschmacksexplosion<\/strong><\/p>\n<p>Lassen Sie sich beim Essen von den kulinarischen K\u00f6stlichkeiten aus Deltebre \u00fcberraschen. Der kulinarische Reichtum des Ebrodeltas zeichnet sich durch eine gro\u00dfe Vielfalt an frischen, hausgemachten und regionalen Produkten von bester Qualit\u00e4t aus, die sich in den erfahrenen H\u00e4nden unsere K\u00f6che in au\u00dfergew\u00f6hnliche Gerichte verwandeln. Sie werden <a href=\"https:\/\/atraccionatural.cat\/de\/gastronomie-in-deltebre\/\"><span style=\"text-decoration: underline;\">neue Geschmacksrichtungen<\/span><\/a> entdecken und wiederholen wollen.<\/p>\n<p style=\"text-align: justify;\"><strong>Unsere Produkte<\/strong><\/p>\n<p style=\"text-align: justify;\">Wussten Sie, dass eines unserer Premiumprodukte eine gesch\u00fctzte Herkunftsbezeichnung (DOP) hat? Diese lautet \u201e<strong>Arr\u00f2s del Delta de l\u2018Ebre<\/strong>\u201c, perfekt, um die schmackhaftesten Reisgerichte zu kochen, die Sie sich nur vorstellen k\u00f6nnen.<\/p>\n<p style=\"text-align: justify;\">Alles, was Sie probieren, wandert vom Garten und vom Meer direkt auf den Teller. Meeresfr\u00fcchte, Artischocken, Reis&#8230; L\u00e4uft Ihnen nicht schon das Wasser im Mund zusammen? Dies sind ein paar lokale Produkte, die Sie auf jeden Fall kosten m\u00fcssen. Und bevor Sie wieder nach Hause zur\u00fcckkehren, denken Sie daran, einen der <a href=\"https:\/\/deltebre.cat\/turisme\/serveis-turistics\/?lang=de\" target=\"_blank\" rel=\"noopener noreferrer\">Hofl\u00e4den<\/a> aufzusuchen, um ein St\u00fcck unserer K\u00fcche mitzunehmen.<\/p>\n<p style=\"text-align: justify;\"><b><img loading=\"lazy\" class=\"alignnone size-full wp-image-391\" src=\"https:\/\/deltebre.cat\/turisme\/wp-content\/uploads\/2016\/07\/punt-1.png\" alt=\"punt\" width=\"33\" height=\"28\" \/><\/b><strong>Frische Lebensmittel<\/strong><\/p>\n<p style=\"text-align: justify;\"><img loading=\"lazy\" class=\"alignnone wp-image-441 size-full\" src=\"https:\/\/deltebre.cat\/turisme\/wp-content\/uploads\/2016\/07\/ostres.jpg\" alt=\"ostres\" width=\"900\" height=\"350\" \/><\/p>\n<p style=\"text-align: justify;\">\n        <!-- GT Shortcodes - Alert - Start -->\n        <style type=\"text\/css\" media=\"screen\">\n                    <\/style>\n        <div class=\"gt-shortcodes\">\n            <div id=\"gt-alert-483\" class=\"alert alert-info alert-dismissible\" role=\"alert\"\n                 style=\"color:#ffffff!important;background-color:#54bab7!important;border-style:none!important;\">\n                Aale: Gefangen werden erwachsene Alle und Glasaale, die kleiner als 10 cm sind. Der Aal bzw. Glasaal wird im R\u00f6mertopf gegart, mit Reis oder <em>Xapadillo<\/em>, den l\u00e4ngs geschnittenen Aalh\u00e4lften, die an der Sonne getrocknet und gegrillt oder gebraten werden.                <div class=\"clearfix\"><\/div>\n            <\/div>\n        <\/div>\n        <!-- GT Shortcodes - Alert - End -->\n\n        <\/p>\n<p style=\"text-align: justify;\">\n        <!-- GT Shortcodes - Alert - Start -->\n        <style type=\"text\/css\" media=\"screen\">\n                    <\/style>\n        <div class=\"gt-shortcodes\">\n            <div id=\"gt-alert-453\" class=\"alert alert-info alert-dismissible\" role=\"alert\"\n                 style=\"color:#ffffff!important;background-color:#54bab7!important;border-style:none!important;\">\n                Miesmuschel: Dank des Wassers aus dem Delta und einem ausgekl\u00fcgelten Reinigungsverfahrens von herausragender Qualit\u00e4t. Sie zeichnet sich durch die Textur und Konsistenz ihres Fleisches aus.                <div class=\"clearfix\"><\/div>\n            <\/div>\n        <\/div>\n        <!-- GT Shortcodes - Alert - End -->\n\n        <\/p>\n<p style=\"text-align: justify;\">\n        <!-- GT Shortcodes - Alert - Start -->\n        <style type=\"text\/css\" media=\"screen\">\n                    <\/style>\n        <div class=\"gt-shortcodes\">\n            <div id=\"gt-alert-895\" class=\"alert alert-info alert-dismissible\" role=\"alert\"\n                 style=\"color:#ffffff!important;background-color:#54bab7!important;border-style:none!important;\">\n                Austern: Im Delta werden neben den Miesmuscheln haupts\u00e4chlich Austern gez\u00fcchtet. Das Fleisch der Austern wird frisch und ohne jegliche Weiterverarbeitung verzehrt.                <div class=\"clearfix\"><\/div>\n            <\/div>\n        <\/div>\n        <!-- GT Shortcodes - Alert - End -->\n\n        <\/p>\n<p style=\"text-align: justify;\">\n        <!-- GT Shortcodes - Alert - Start -->\n        <style type=\"text\/css\" media=\"screen\">\n                    <\/style>\n        <div class=\"gt-shortcodes\">\n            <div id=\"gt-alert-405\" class=\"alert alert-info alert-dismissible\" role=\"alert\"\n                 style=\"color:#ffffff!important;background-color:#54bab7!important;border-style:none!important;\">\n                Herzmuscheln, Teppichmuscheln, Stumpfmuscheln, Schwertmuscheln: Meeresfr\u00fcchte, die durch traditionellen Fischfang gewonnen werden. Der Geschmack des Fischs und der Meeresfr\u00fcchte erkl\u00e4rt sich dank der Kombination von S\u00fc\u00df- und Salzwasser, was eine gro\u00dfe Menge an N\u00e4hrstoffen zur Zucht dieser Arten beitr\u00e4gt.                <div class=\"clearfix\"><\/div>\n            <\/div>\n        <\/div>\n        <!-- GT Shortcodes - Alert - End -->\n\n        <\/p>\n<p style=\"text-align: justify;\">\n        <!-- GT Shortcodes - Alert - Start -->\n        <style type=\"text\/css\" media=\"screen\">\n                    <\/style>\n        <div class=\"gt-shortcodes\">\n            <div id=\"gt-alert-538\" class=\"alert alert-info alert-dismissible\" role=\"alert\"\n                 style=\"color:#ffffff!important;background-color:#54bab7!important;border-style:none!important;\">\n                Artischocke: Die Blume des Feldes. Die Zuchtsorte ist zart und schmackhaft. Gegrillt, gef\u00fcllt, gebraten&#8230;sie kann auf verschiedenste Weise zubereitet werden.                <div class=\"clearfix\"><\/div>\n            <\/div>\n        <\/div>\n        <!-- GT Shortcodes - Alert - End -->\n\n        <\/p>\n<p style=\"text-align: justify;\">\n        <!-- GT Shortcodes - Alert - Start -->\n        <style type=\"text\/css\" media=\"screen\">\n                    <\/style>\n        <div class=\"gt-shortcodes\">\n            <div id=\"gt-alert-189\" class=\"alert alert-info alert-dismissible\" role=\"alert\"\n                 style=\"color:#ffffff!important;background-color:#54bab7!important;border-style:none!important;\">\n                Ente aus dem Delta: Eine einzigartige <em>Delikatesse<\/em> der Gastronomie des Deltas. Sie werden ihrem Fleisch, fein und vielseitig, mit der Kombination von Reis und Leberpastete nicht widerstehen k\u00f6nnen.                 <div class=\"clearfix\"><\/div>\n            <\/div>\n        <\/div>\n        <!-- GT Shortcodes - Alert - End -->\n\n        <\/p>\n<p style=\"text-align: justify;\"><b><img loading=\"lazy\" class=\"alignnone size-full wp-image-391\" src=\"https:\/\/deltebre.cat\/turisme\/wp-content\/uploads\/2016\/07\/punt-1.png\" alt=\"punt\" width=\"33\" height=\"28\" \/><\/b><strong>Spezialit\u00e4ten<\/strong><\/p>\n<p style=\"text-align: justify;\"><img loading=\"lazy\" class=\"alignnone wp-image-444 size-full\" src=\"https:\/\/deltebre.cat\/turisme\/wp-content\/uploads\/2016\/07\/pastissets.jpg\" alt=\"pastissets\" width=\"900\" height=\"350\" \/><\/p>\n<p style=\"text-align: justify;\">\n        <!-- GT Shortcodes - Alert - Start -->\n        <style type=\"text\/css\" media=\"screen\">\n                    <\/style>\n        <div class=\"gt-shortcodes\">\n            <div id=\"gt-alert-526\" class=\"alert alert-info alert-dismissible\" role=\"alert\"\n                 style=\"color:#ffffff!important;background-color:#54bab7!important;border-style:none!important;\">\n                Reisblutwurst: Die Reisblutwurst ist die bekannteste Wurstspezialit\u00e4t unserer Region. Ein Schweinedarm wird mit Schweineblut, Reis und Speck gef\u00fcllt und mit schwarzem Pfeffer und Salz (manchmal auch mit Pinienkernen) gew\u00fcrzt.                <div class=\"clearfix\"><\/div>\n            <\/div>\n        <\/div>\n        <!-- GT Shortcodes - Alert - End -->\n\n        <\/p>\n<p style=\"text-align: justify;\">\n        <!-- GT Shortcodes - Alert - Start -->\n        <style type=\"text\/css\" media=\"screen\">\n                    <\/style>\n        <div class=\"gt-shortcodes\">\n            <div id=\"gt-alert-3\" class=\"alert alert-info alert-dismissible\" role=\"alert\"\n                 style=\"color:#ffffff!important;background-color:#54bab7!important;border-style:none!important;\">\n                Zwiebelblutwurst: Die Zwiebelblutwurst wird aus Schweineblut und dem fettigen Schweinefleisch hergestellt und schafft einen Kontrast zwischen starkem Geschmack und weicher Textur.                <div class=\"clearfix\"><\/div>\n            <\/div>\n        <\/div>\n        <!-- GT Shortcodes - Alert - End -->\n\n        <\/p>\n<p style=\"text-align: justify;\">\n        <!-- GT Shortcodes - Alert - Start -->\n        <style type=\"text\/css\" media=\"screen\">\n                    <\/style>\n        <div class=\"gt-shortcodes\">\n            <div id=\"gt-alert-613\" class=\"alert alert-info alert-dismissible\" role=\"alert\"\n                 style=\"color:#ffffff!important;background-color:#54bab7!important;border-style:none!important;\">\n                Pastisset mit Creme aus K\u00fcrbisfasern: Der Teig dieser leckeren, mit Zucker bestreuten Backware, ist aus Oliven\u00f6l, Mehl, Zucker und Schnaps und wird als halbmondf\u00f6rmige Teigtasche mit einer Creme aus K\u00fcrbisfasern bzw. S\u00fc\u00dfkartoffelpaste gef\u00fcllt.                <div class=\"clearfix\"><\/div>\n            <\/div>\n        <\/div>\n        <!-- GT Shortcodes - Alert - End -->\n\n        <\/p>\n<p style=\"text-align: justify;\">\n        <!-- GT Shortcodes - Alert - Start -->\n        <style type=\"text\/css\" media=\"screen\">\n                    <\/style>\n        <div class=\"gt-shortcodes\">\n            <div id=\"gt-alert-496\" class=\"alert alert-info alert-dismissible\" role=\"alert\"\n                 style=\"color:#ffffff!important;background-color:#54bab7!important;border-style:none!important;\">\n                <em>Paracotes:<\/em> Eine S\u00fc\u00dfspeise aus Trockenfeigen, die in einem Teig gewendet werden, der aus Ei, einem Schuss Milch, einem Schuss Anisschnaps und etwas geriebener Zitronenhaut besteht. Der Name geht auf den Brauch der Dorfbev\u00f6lkerung zur\u00fcck, sich sonntagnachmittags zum Tanz zu treffen. Zur St\u00e4rkung gab es dann Paracotes. Dieser Name setzt sich zusammen aus den W\u00f6rtern \u201epara\u201c (f\u00fcr) und \u201ejota\u201c (Jota ist ein regionaler Volkstanz, aus \u201ejota\u201c wurde \u201ecota\u201c).                <div class=\"clearfix\"><\/div>\n            <\/div>\n        <\/div>\n        <!-- GT Shortcodes - Alert - End -->\n\n        <\/p>\n\n        <!-- GT Shortcodes - Alert - Start -->\n        <style type=\"text\/css\" media=\"screen\">\n                    <\/style>\n        <div class=\"gt-shortcodes\">\n            <div id=\"gt-alert-300\" class=\"alert alert-info alert-dismissible\" role=\"alert\"\n                 style=\"color:#ffffff!important;background-color:#54bab7!important;border-style:none!important;\">\n                Coc (Eierr\u00fchrkuchen), Borr\u00e4ines (frittierte Borretschbl\u00e4tter), Panoli (Backware aus Oliven\u00f6lteig), Coquetes de Sag\u00ed (Pl\u00e4tzchen): Typische verf\u00fchrerische S\u00fc\u00dfspeisen, die mit einem guten Lik\u00f6r nach einem k\u00f6stlichen Essen mit traditionellen Gerichten genossen werden.                <div class=\"clearfix\"><\/div>\n            <\/div>\n        <\/div>\n        <!-- GT Shortcodes - Alert - End -->\n\n        \n","protected":false},"excerpt":{"rendered":"<p>Geschmacksexplosion Lassen Sie sich beim Essen von den kulinarischen K\u00f6stlichkeiten aus Deltebre \u00fcberraschen. Der kulinarische Reichtum des Ebrodeltas zeichnet sich durch eine gro\u00dfe Vielfalt an frischen, hausgemachten und regionalen Produkten von bester Qualit\u00e4t aus, die sich in den erfahrenen H\u00e4nden&hellip;<\/p>\n","protected":false},"author":123458,"featured_media":0,"parent":0,"menu_order":0,"comment_status":"closed","ping_status":"closed","template":"","meta":[],"categories":[],"tags":[],"_links":{"self":[{"href":"https:\/\/atraccionatural.cat\/de\/wp-json\/wp\/v2\/pages\/3203\/"}],"collection":[{"href":"https:\/\/atraccionatural.cat\/de\/wp-json\/wp\/v2\/pages\/"}],"about":[{"href":"https:\/\/atraccionatural.cat\/de\/wp-json\/wp\/v2\/types\/page\/"}],"author":[{"embeddable":true,"href":"https:\/\/atraccionatural.cat\/de\/wp-json\/wp\/v2\/users\/123458\/"}],"replies":[{"embeddable":true,"href":"https:\/\/atraccionatural.cat\/de\/wp-json\/wp\/v2\/comments\/?post=3203"}],"version-history":[{"count":10,"href":"https:\/\/atraccionatural.cat\/de\/wp-json\/wp\/v2\/pages\/3203\/revisions\/"}],"predecessor-version":[{"id":8503,"href":"https:\/\/atraccionatural.cat\/de\/wp-json\/wp\/v2\/pages\/3203\/revisions\/8503\/"}],"wp:attachment":[{"href":"https:\/\/atraccionatural.cat\/de\/wp-json\/wp\/v2\/media\/?parent=3203"}],"wp:term":[{"taxonomy":"category","embeddable":true,"href":"https:\/\/atraccionatural.cat\/de\/wp-json\/wp\/v2\/categories\/?post=3203"},{"taxonomy":"post_tag","embeddable":true,"href":"https:\/\/atraccionatural.cat\/de\/wp-json\/wp\/v2\/tags\/?post=3203"}],"curies":[{"name":"wp","href":"https:\/\/api.w.org\/{rel}","templated":true}]}}