{"id":3214,"date":"2016-07-28T06:48:05","date_gmt":"2016-07-28T06:48:05","guid":{"rendered":"http:\/\/deltebre.cat\/turisme\/index.php\/de-pesca\/?lang=de"},"modified":"2019-02-28T12:10:31","modified_gmt":"2019-02-28T11:10:31","slug":"angeln-im-delta","status":"publish","type":"page","link":"https:\/\/atraccionatural.cat\/de\/angeln-im-delta\/","title":{"rendered":"Angeln im Delta"},"content":{"rendered":"<p>Dank der privilegierten Lage im Delta wird Deltebre international als das beste Ziel zum Fischen im Mittelmeerraum angesehen und im Ebrodelta.<\/p>\n<p>Das ruhige Gew\u00e4sser, reich an N\u00e4hrstoffen, beherbergt eine gro\u00dfe Vielfalt an einheimischen Arten wie zum Beispiel Karpfen, Seebarsche oder Goldbrasse, die im Fluss zusammen mit anderen vom Menschen eingef\u00fchrten Arten wie dem Wels und dem Koboldk\u00e4rpfling leben. Wenn Sie ein Liebhaber dieses Sports sind, haben Sie die M\u00f6glichkeit, Angelausfl\u00fcge mit ortskundigen Angelexperten zu machen.<\/p>\n<p style=\"text-align: justify;\"><span style=\"color: #54bab7;\"><strong><img loading=\"lazy\" class=\"alignnone size-full wp-image-352\" src=\"https:\/\/deltebre.cat\/turisme\/wp-content\/uploads\/2016\/07\/asterisc_ok.png\" alt=\"asterisc_ok\" width=\"33\" height=\"28\" \/>VOR DEM START<br \/>\n<\/strong><\/span><\/p>\n<p style=\"text-align: justify;\"><strong><img loading=\"lazy\" class=\"alignnone size-full wp-image-391\" src=\"https:\/\/deltebre.cat\/turisme\/wp-content\/uploads\/2016\/07\/punt-1.png\" alt=\"punt\" width=\"33\" height=\"28\" \/>Wann?<\/strong><\/p>\n<p style=\"text-align: justify;\">Die beste Zeit f\u00fcr die Sportfischerei im Delta ist von Mai bis November. Dann n\u00e4mlich erscheinen die meisten Arten. Auch aufgrund der gro\u00dfen Menge an N\u00e4hrstoffen des Ebros ist dieser das ganze Jahr \u00fcber reich an Fischen.<\/p>\n<p style=\"text-align: justify;\"><strong><img loading=\"lazy\" class=\"alignnone size-full wp-image-391\" src=\"https:\/\/deltebre.cat\/turisme\/wp-content\/uploads\/2016\/07\/punt-1.png\" alt=\"punt\" width=\"33\" height=\"28\" \/>Was ben\u00f6tige ich?<\/strong><\/p>\n<p style=\"text-align: justify;\">Sie ben\u00f6tigen eine Lizenz, die Sie von folgenden Beh\u00f6rden erhalten k\u00f6nnen: <a href=\"http:\/\/agricultura.gencat.cat\/es\/inici\/index.html\" target=\"_blank\" rel=\"noopener noreferrer\">Regionales Ministerium f\u00fcr Landwirtschaft, Viehzucht, Fischfang und Lebensmittel<\/a>;\u00a0<a href=\"http:\/\/mediambient.gencat.cat\/es\/05_ambits_dactuacio\/index.html\" target=\"_blank\" rel=\"noopener noreferrer\">Lokale Dienstleistungen des Regionalen Ministeriums f\u00fcr Umwelt und Nachhaltigkeit<\/a>;\u00a0<a href=\"http:\/\/www.fcpeic.cat\/\" target=\"_blank\" rel=\"noopener noreferrer\">Federaci\u00f3 Catalana de Pesca Esportiva i C\u00e0sting<\/a>;\u00a0<a href=\"https:\/\/deltebre.cat\/turisme\/serveis-turistics\/?lang=de\" target=\"_blank\" rel=\"noopener noreferrer\">Bootsvermietungsgesellschaften<\/a>.<\/p>\n<p style=\"text-align: justify;\"><strong><img loading=\"lazy\" class=\"alignnone size-full wp-image-391\" src=\"https:\/\/deltebre.cat\/turisme\/wp-content\/uploads\/2016\/07\/punt-1.png\" alt=\"punt\" width=\"33\" height=\"28\" \/>Praktische Tipps<\/strong><\/p>\n<p style=\"text-align: justify;\">\n        <!-- GT Shortcodes - Alert - Start -->\n        <style type=\"text\/css\" media=\"screen\">\n                    <\/style>\n        <div class=\"gt-shortcodes\">\n            <div id=\"gt-alert-572\" class=\"alert alert-info alert-dismissible\" role=\"alert\"\n                 style=\"color:#ffffff!important;background-color:#57bab7!important;border-style:none!important;\">\n                Das Angeln bei Nacht kann ein beeindruckendes Erlebnis sein. Um das feuchte Klima besser zu ertragen, ist es ratsam, lang\u00e4rmelige Kleidung zu tragen.                <div class=\"clearfix\"><\/div>\n            <\/div>\n        <\/div>\n        <!-- GT Shortcodes - Alert - End -->\n\n        <\/p>\n<p style=\"text-align: justify;\">\n        <!-- GT Shortcodes - Alert - Start -->\n        <style type=\"text\/css\" media=\"screen\">\n                    <\/style>\n        <div class=\"gt-shortcodes\">\n            <div id=\"gt-alert-152\" class=\"alert alert-info alert-dismissible\" role=\"alert\"\n                 style=\"color:#ffffff!important;background-color:#57bab7!important;border-style:none!important;\">\n                Wenn Sie am Tag angeln m\u00f6chten, nehmen Sie einen Sonnenschutz und ausreichend Wasser mit, um nicht zu dehydrieren, insbesondere w\u00e4hrend der Sommermonate.                <div class=\"clearfix\"><\/div>\n            <\/div>\n        <\/div>\n        <!-- GT Shortcodes - Alert - End -->\n\n        <\/p>\n<p style=\"text-align: justify;\">\n        <!-- GT Shortcodes - Alert - Start -->\n        <style type=\"text\/css\" media=\"screen\">\n                    <\/style>\n        <div class=\"gt-shortcodes\">\n            <div id=\"gt-alert-853\" class=\"alert alert-info alert-dismissible\" role=\"alert\"\n                 style=\"color:#ffffff!important;background-color:#57bab7!important;border-style:none!important;\">\n                Wenn Sie nicht zur Zielscheibe der M\u00fccken werden wollen, verwenden Sie einen M\u00fcckenschutz.                <div class=\"clearfix\"><\/div>\n            <\/div>\n        <\/div>\n        <!-- GT Shortcodes - Alert - End -->\n\n        <\/p>\n<p style=\"text-align: justify;\"><strong><img loading=\"lazy\" class=\"alignnone size-full wp-image-352\" src=\"https:\/\/deltebre.cat\/turisme\/wp-content\/uploads\/2016\/07\/asterisc_ok.png\" alt=\"Angeln\" width=\"33\" height=\"28\" \/>ANGELWETTBEWERBE<br \/>\n<\/strong><\/p>\n<p style=\"text-align: justify;\">Der Club N\u00e0utic Riumar veranstaltet im ruhigen Gew\u00e4sser von Deltebre Angelwettbewerbe. Dies ist eine gute Gelegenheit, um Ihr Talent zu testen, w\u00e4hrend Sie einen sch\u00f6nen Tag in der Natur genie\u00dfen und im Ebrodelta angeln. <a href=\"http:\/\/www.cnriumar.com\/index.php\" target=\"_blank\" rel=\"noopener noreferrer\">Weitere Informationen<\/a>.<\/p>\n<p style=\"text-align: justify;\"><strong><img loading=\"lazy\" class=\"alignnone size-full wp-image-352\" src=\"https:\/\/deltebre.cat\/turisme\/wp-content\/uploads\/2016\/07\/asterisc_ok.png\" alt=\"asterisc_ok\" width=\"33\" height=\"28\" \/>ANGELAUSFL\u00dcGE<\/strong><\/p>\n<p style=\"text-align: justify;\">Die privilegierte Lage in der N\u00e4he des Flusses und der K\u00fcste machen Deltebre zu einem Paradies f\u00fcr Angelliebhaber, sowohl in S\u00fc\u00df- als auch Salzwasser. Mieten Sie in einem der Fischereizentren der Stadt ein Boot oder nehmen Sie an einem Angelausflug teil. Gehen Sie an Bord, lehnen Sie sich zur\u00fcck und viel Gl\u00fcck beim Angeln!\u00a0<a href=\"https:\/\/atraccionatural.cat\/serveis-turistics\/\" target=\"_blank\" rel=\"noopener noreferrer\">Weitere Informationen<\/a>.<\/p>\n","protected":false},"excerpt":{"rendered":"<p>Dank der privilegierten Lage im Delta wird Deltebre international als das beste Ziel zum Fischen im Mittelmeerraum angesehen und im Ebrodelta. Das ruhige Gew\u00e4sser, reich an N\u00e4hrstoffen, beherbergt eine gro\u00dfe Vielfalt an einheimischen Arten wie zum Beispiel Karpfen, Seebarsche oder&hellip;<\/p>\n","protected":false},"author":123458,"featured_media":6540,"parent":0,"menu_order":0,"comment_status":"closed","ping_status":"closed","template":"","meta":[],"categories":[145],"tags":[],"_links":{"self":[{"href":"https:\/\/atraccionatural.cat\/de\/wp-json\/wp\/v2\/pages\/3214\/"}],"collection":[{"href":"https:\/\/atraccionatural.cat\/de\/wp-json\/wp\/v2\/pages\/"}],"about":[{"href":"https:\/\/atraccionatural.cat\/de\/wp-json\/wp\/v2\/types\/page\/"}],"author":[{"embeddable":true,"href":"https:\/\/atraccionatural.cat\/de\/wp-json\/wp\/v2\/users\/123458\/"}],"replies":[{"embeddable":true,"href":"https:\/\/atraccionatural.cat\/de\/wp-json\/wp\/v2\/comments\/?post=3214"}],"version-history":[{"count":10,"href":"https:\/\/atraccionatural.cat\/de\/wp-json\/wp\/v2\/pages\/3214\/revisions\/"}],"predecessor-version":[{"id":8519,"href":"https:\/\/atraccionatural.cat\/de\/wp-json\/wp\/v2\/pages\/3214\/revisions\/8519\/"}],"wp:featuredmedia":[{"embeddable":true,"href":"https:\/\/atraccionatural.cat\/de\/wp-json\/wp\/v2\/media\/6540\/"}],"wp:attachment":[{"href":"https:\/\/atraccionatural.cat\/de\/wp-json\/wp\/v2\/media\/?parent=3214"}],"wp:term":[{"taxonomy":"category","embeddable":true,"href":"https:\/\/atraccionatural.cat\/de\/wp-json\/wp\/v2\/categories\/?post=3214"},{"taxonomy":"post_tag","embeddable":true,"href":"https:\/\/atraccionatural.cat\/de\/wp-json\/wp\/v2\/tags\/?post=3214"}],"curies":[{"name":"wp","href":"https:\/\/api.w.org\/{rel}","templated":true}]}}