{"id":3218,"date":"2016-07-28T08:27:38","date_gmt":"2016-07-28T08:27:38","guid":{"rendered":"http:\/\/deltebre.cat\/turisme\/index.php\/itineraris-naturals\/?lang=de"},"modified":"2019-02-28T12:00:55","modified_gmt":"2019-02-28T11:00:55","slug":"naturwanderwege-im-ebrodelta","status":"publish","type":"page","link":"https:\/\/atraccionatural.cat\/de\/naturwanderwege-im-ebrodelta\/","title":{"rendered":"Naturwanderwege im Ebrodelta"},"content":{"rendered":"<p>Die Naturwanderwege im Ebrodelta sind der ideale Anlass, um auf au\u00dfergew\u00f6hnlichen Pfaden zu wandern, dank der Sie die Natur und sich selbst wieder neu entdecken k\u00f6nnen.<\/p>\n<p>Deltebre bietet Ihnen ein nat\u00fcrliches Paradies, das Sie zu Ausfl\u00fcgen einl\u00e4dt. Jeder Pfad ist ein einzigartiges Erlebnis, das Sie durch unz\u00e4hlige unterschiedliche Landschaften f\u00fchrt: Lagunen, Fl\u00fcsse, Str\u00e4nde, Reisfelder&#8230; Rundg\u00e4nge, die Sie in das \u00d6kosystem dieser Region integrieren und Sie die Orographie erleben l\u00e4sst, die so speziell f\u00fcr diese Landschaft ist.<\/p>\n<p style=\"text-align: justify;\"><span style=\"color: #54bab7;\"><strong><img loading=\"lazy\" class=\"alignnone size-full wp-image-352\" src=\"https:\/\/deltebre.cat\/turisme\/wp-content\/uploads\/2016\/07\/asterisc_ok.png\" alt=\"Naturpfade\" width=\"33\" height=\"28\" \/>FAHRRADTOURISMS<\/strong><\/span><\/p>\n<p style=\"text-align: justify;\">Fahren Sie gerne Rad? Hier erwarten Sie hunderte Kilometer zum Entdecken der nat\u00fcrlichsten Umgebung des Deltas mit einem umweltfreundlichen Transportmittel. Kein Schauplatz gleicht dem anderen. Genie\u00dfen Sie den Weg, denn Sie tauchen in eine unglaubliche Artenvielfalt ein. Um die wunderbare Natur im Delta in vollen Z\u00fcgen genie\u00dfen zu k\u00f6nnen, empfehlen wir drei erstklassige Pfade. Und wenn Sie kein Fahrrad haben, machen Sie sich keine Sorgen. Sie k\u00f6nnen bei verschiedenen Gesch\u00e4ften in der Gemeinde eines ausleihen. Jeder Pfad hat seine eigenen Merkmale und einen anderen Charme:<\/p>\n<p style=\"text-align: justify;\">\n        <!-- GT Shortcodes - Alert - Start -->\n        <style type=\"text\/css\" media=\"screen\">\n                    <\/style>\n        <div class=\"gt-shortcodes\">\n            <div id=\"gt-alert-282\" class=\"alert alert-info alert-dismissible\" role=\"alert\"\n                 style=\"color:#ffffff!important;background-color:#57bab7!important;border-style:none!important;\">\n                <a href=\"https:\/\/deltebre.cat\/turisme\/wp-content\/uploads\/2016\/08\/itinerari_desembocadura.pdf\" target=\"_blank\" rel=\"noopener noreferrer\">Familienpfad entlang der Einm\u00fcndung- El Garxal- Riumar<\/a>                <div class=\"clearfix\"><\/div>\n            <\/div>\n        <\/div>\n        <!-- GT Shortcodes - Alert - End -->\n\n        <\/p>\n<p style=\"text-align: justify;\">\n        <!-- GT Shortcodes - Alert - Start -->\n        <style type=\"text\/css\" media=\"screen\">\n                    <\/style>\n        <div class=\"gt-shortcodes\">\n            <div id=\"gt-alert-282\" class=\"alert alert-info alert-dismissible\" role=\"alert\"\n                 style=\"color:#ffffff!important;background-color:#57bab7!important;border-style:none!important;\">\n                <a href=\"https:\/\/deltebre.cat\/turisme\/wp-content\/uploads\/2016\/08\/itinerari_passeig.pdf\" target=\"_blank\" rel=\"noopener noreferrer\">Pfad entlang dem Passeig del riu<\/a>                <div class=\"clearfix\"><\/div>\n            <\/div>\n        <\/div>\n        <!-- GT Shortcodes - Alert - End -->\n\n        <\/p>\n<p style=\"text-align: justify;\">\n        <!-- GT Shortcodes - Alert - Start -->\n        <style type=\"text\/css\" media=\"screen\">\n                    <\/style>\n        <div class=\"gt-shortcodes\">\n            <div id=\"gt-alert-282\" class=\"alert alert-info alert-dismissible\" role=\"alert\"\n                 style=\"color:#ffffff!important;background-color:#57bab7!important;border-style:none!important;\">\n                <a href=\"https:\/\/deltebre.cat\/turisme\/wp-content\/uploads\/2016\/08\/itinerari_ecomuseu.pdf\" target=\"_blank\" rel=\"noopener noreferrer\">Pfad vom \u00d6komuseum zur Einm\u00fcndung<\/a>                <div class=\"clearfix\"><\/div>\n            <\/div>\n        <\/div>\n        <!-- GT Shortcodes - Alert - End -->\n\n        <\/p>\n\n        <!-- GT Shortcodes - Alert - Start -->\n        <style type=\"text\/css\" media=\"screen\">\n                    <\/style>\n        <div class=\"gt-shortcodes\">\n            <div id=\"gt-alert-282\" class=\"alert alert-info alert-dismissible\" role=\"alert\"\n                 style=\"color:#ffffff!important;background-color:#57bab7!important;border-style:none!important;\">\n                <a href=\"https:\/\/atraccionatural.cat\/de\/touristische-dienstleistungen-in-deltebre\/\">Weitere Pfade<\/a>                <div class=\"clearfix\"><\/div>\n            <\/div>\n        <\/div>\n        <!-- GT Shortcodes - Alert - End -->\n\n        \n<p style=\"text-align: justify;\"><span style=\"color: #54bab7;\"><strong><img loading=\"lazy\" class=\"alignnone size-full wp-image-352\" src=\"https:\/\/deltebre.cat\/turisme\/wp-content\/uploads\/2016\/07\/asterisc_ok.png\" alt=\"asterisc_ok\" width=\"33\" height=\"28\" \/>REITEN<\/strong><\/span><\/p>\n<p style=\"text-align: justify;\">Unsere nat\u00fcrlichen Routen k\u00f6nnen Sie sowohl mit dem Fahrrad als auch zu Fu\u00df genie\u00dfen. Obwohl Sie nicht die Chance verpassen sollten, auf dem R\u00fccken eines wundersch\u00f6nen Pferdes eine au\u00dfergew\u00f6hnliche Landschaft zu bereiten. Um Ausritte und Erlebnisse mit Pferden zu machen, k\u00f6nnen Sie mit mehreren Pferdeh\u00f6fen in der Region Kontakt aufnehmen.\u00a0<a href=\"https:\/\/deltebre.cat\/turisme\/serveis-turistics\/?lang=de\" target=\"_blank\" rel=\"noopener noreferrer\">Weitere Informationen<\/a>.<\/p>\n<p style=\"text-align: justify;\"><span style=\"color: #54bab7;\"><strong><img loading=\"lazy\" class=\"alignnone size-full wp-image-352\" src=\"https:\/\/deltebre.cat\/turisme\/wp-content\/uploads\/2016\/07\/asterisc_ok.png\" alt=\"asterisc_ok\" width=\"33\" height=\"28\" \/>F\u00dcHRUNGEN<\/strong><\/span><\/p>\n<p style=\"text-align: justify;\">Wenn Sie die am besten geh\u00fcteten Geheimnisse von Deltebre und der nat\u00fcrlichen Umgebung des Naturparks Ebrodelta l\u00fcften wollen, machen Sie eine gef\u00fchrte Touristentour, bei der Ihnen aus erstklassiger Hand s\u00e4mtliche Details dieser Naturlandschaft geschildert werden. Dies ist eine au\u00dfergew\u00f6hnliche Chance, um einen sch\u00f6nen Tag unter freiem Himmel zu verbringen und in die Geschichte, Kultur, Traditionen und die nat\u00fcrliche Umgebung dieser Region einzutauchen. <a href=\"https:\/\/deltebre.cat\/turisme\/serveis-turistics\/?lang=de\" target=\"_blank\" rel=\"noopener noreferrer\">Weitere Informationen<\/a>.<\/p>\n<p style=\"text-align: justify;\"><span style=\"color: #54bab7;\"><strong><img loading=\"lazy\" class=\"alignnone size-full wp-image-352\" src=\"https:\/\/deltebre.cat\/turisme\/wp-content\/uploads\/2016\/07\/asterisc_ok.png\" alt=\"asterisc_ok\" width=\"33\" height=\"28\" \/>VIA BLAVA &#8211; DIE REISROUTE <\/strong><\/span><\/p>\n<p style=\"text-align: justify;\">Anstatt flussabw\u00e4rts, fahren Sie doch flussaufw\u00e4rts! Eine Schifffahrt von der Einm\u00fcndung des Ebro bis zu den Ortschaften flussaufw\u00e4rts. Sie k\u00f6nnen die wichtigsten Reisfelder der <a href=\"https:\/\/atraccionatural.cat\/de\/terres-de-lebre\/\"><span style=\"text-decoration: underline;\">Terres de l\u2018Ebre<\/span><\/a> besichtigen. <a href=\"http:\/\/www.cnriumar.com\/index.php\" target=\"_blank\" rel=\"noopener noreferrer\"><span style=\"text-decoration: underline;\">Weitere Informationen.<\/span><\/a><\/p>\n","protected":false},"excerpt":{"rendered":"<p>Die Naturwanderwege im Ebrodelta sind der ideale Anlass, um auf au\u00dfergew\u00f6hnlichen Pfaden zu wandern, dank der Sie die Natur und sich selbst wieder neu entdecken k\u00f6nnen. Deltebre bietet Ihnen ein nat\u00fcrliches Paradies, das Sie zu Ausfl\u00fcgen einl\u00e4dt. Jeder Pfad ist&hellip;<\/p>\n","protected":false},"author":123458,"featured_media":6526,"parent":0,"menu_order":0,"comment_status":"closed","ping_status":"closed","template":"","meta":[],"categories":[145],"tags":[],"_links":{"self":[{"href":"https:\/\/atraccionatural.cat\/de\/wp-json\/wp\/v2\/pages\/3218\/"}],"collection":[{"href":"https:\/\/atraccionatural.cat\/de\/wp-json\/wp\/v2\/pages\/"}],"about":[{"href":"https:\/\/atraccionatural.cat\/de\/wp-json\/wp\/v2\/types\/page\/"}],"author":[{"embeddable":true,"href":"https:\/\/atraccionatural.cat\/de\/wp-json\/wp\/v2\/users\/123458\/"}],"replies":[{"embeddable":true,"href":"https:\/\/atraccionatural.cat\/de\/wp-json\/wp\/v2\/comments\/?post=3218"}],"version-history":[{"count":11,"href":"https:\/\/atraccionatural.cat\/de\/wp-json\/wp\/v2\/pages\/3218\/revisions\/"}],"predecessor-version":[{"id":8514,"href":"https:\/\/atraccionatural.cat\/de\/wp-json\/wp\/v2\/pages\/3218\/revisions\/8514\/"}],"wp:featuredmedia":[{"embeddable":true,"href":"https:\/\/atraccionatural.cat\/de\/wp-json\/wp\/v2\/media\/6526\/"}],"wp:attachment":[{"href":"https:\/\/atraccionatural.cat\/de\/wp-json\/wp\/v2\/media\/?parent=3218"}],"wp:term":[{"taxonomy":"category","embeddable":true,"href":"https:\/\/atraccionatural.cat\/de\/wp-json\/wp\/v2\/categories\/?post=3218"},{"taxonomy":"post_tag","embeddable":true,"href":"https:\/\/atraccionatural.cat\/de\/wp-json\/wp\/v2\/tags\/?post=3218"}],"curies":[{"name":"wp","href":"https:\/\/api.w.org\/{rel}","templated":true}]}}