{"id":3224,"date":"2016-07-28T09:11:07","date_gmt":"2016-07-28T09:11:07","guid":{"rendered":"http:\/\/deltebre.cat\/turisme\/index.php\/esports-daventura\/?lang=de"},"modified":"2019-02-28T12:04:44","modified_gmt":"2019-02-28T11:04:44","slug":"abenteuersport-im-ebrodelta","status":"publish","type":"page","link":"https:\/\/atraccionatural.cat\/de\/abenteuersport-im-ebrodelta\/","title":{"rendered":"Abenteuersport im Ebrodelta"},"content":{"rendered":"<p><em>Mens sana in corpore sano<\/em>. Und die wohl beste Art und Weise, dies zu erreichen, ist der Abenteuersport im Ebrodelta. Dank seiner hervorragenden Lage im Delta bietet Deltebre die besten Voraussetzungen und Orte, um vom Alltag abzuschalten und Adrenalin freizusetzen, sei es beim Kitesurfen, Triathlon, Kajak, Segeln, auf n\u00e4chtlichen Wanderungen\u2026<\/p>\n<p>Auch wenn Sie im Urlaub sind, empfinden Sie einen verr\u00fcckten Wunsch, etwas Bewegung zu haben, um eine Ausrede mehr zu haben, die Landschaft zu bewundern. Von langen Spazierg\u00e4ngen entlang dem Flussufer bis zu etwaigen Wassersportarten f\u00fcr die etwas K\u00fchneren.<\/p>\n<p style=\"text-align: justify;\"><strong><img loading=\"lazy\" class=\"alignnone size-full wp-image-352\" src=\"https:\/\/deltebre.cat\/turisme\/wp-content\/uploads\/2016\/07\/asterisc_ok.png\" alt=\"asterisc_ok\" width=\"33\" height=\"28\" \/>GARXAL DESERT RACE<\/strong><\/p>\n<p style=\"text-align: justify;\">Wenn Ihnen der Sport und die Natur gefallen, ist das Ihre Chance! Das Garxal Desert Race ist ein 8-km-Lauf mit viel Pers\u00f6nlichkeit, da die Rennstrecke Sand und Asphalt vereint. Die Strecke verl\u00e4uft durch das Gebiet des Garxal, bei der Flussm\u00fcndung des Ebros. Trauen Sie sich?\u00a0<a href=\"http:\/\/uelopassador.blogspot.com.es\/\" target=\"_blank\" rel=\"noopener noreferrer\">Weitere Informationen<\/a>.<\/p>\n<p style=\"text-align: justify;\"><strong><img loading=\"lazy\" class=\"alignnone size-full wp-image-352\" src=\"https:\/\/deltebre.cat\/turisme\/wp-content\/uploads\/2016\/07\/asterisc_ok.png\" alt=\"asterisc_ok\" width=\"33\" height=\"28\" \/>ESPIGA FOSCA<\/strong><\/p>\n<p style=\"text-align: justify;\">Ein Nachtlauf, der an einem Teil des GR-99 verl\u00e4uft, dem bekannten Wanderweg des Ebro, welcher in Fontibre (Kantabrien) beginnt und in Deltebre endet, auf einer Gesamtstrecke von 1.200 km und 42 Etappen. Sie k\u00f6nnen zwischen der langen (18 km) und der kurzen (9 km) Strecke w\u00e4hlen.\u00a0<a href=\"http:\/\/uelopassador.blogspot.com.es\/\" target=\"_blank\" rel=\"noopener noreferrer\">Weitere Informationen<\/a>.<\/p>\n<p style=\"text-align: justify;\"><strong><img loading=\"lazy\" class=\"alignnone size-full wp-image-352\" src=\"https:\/\/deltebre.cat\/turisme\/wp-content\/uploads\/2016\/07\/asterisc_ok.png\" alt=\"asterisc_ok\" width=\"33\" height=\"28\" \/>TRILIMIT<\/strong><\/p>\n<p style=\"text-align: justify;\">In Deltebre findet jedes Jahr der Triathlon Trilimit statt, ein Sportereignis, das mehr als 650 Athleten aus dem ganzen Gebiet vereint und Deltebre an einem Wochenende in die Hauptstadt und das Vorbild des Triathlons in ganz Katalonien verwandelt.\u00a0<a href=\"http:\/\/trilimit.com\/index2.html\" target=\"_blank\" rel=\"noopener noreferrer\">Weitere Informationen<\/a>.<\/p>\n<p style=\"text-align: justify;\"><strong><img loading=\"lazy\" class=\"alignnone size-full wp-image-352\" src=\"https:\/\/deltebre.cat\/turisme\/wp-content\/uploads\/2016\/07\/asterisc_ok.png\" alt=\"asterisc_ok\" width=\"33\" height=\"28\" \/>LAUFEN<\/strong><\/p>\n<p style=\"text-align: justify;\">Genie\u00dfen Sie das Laufen in freier Natur und brechen Sie mit der Monotonie der Stadtl\u00e4ufe. Die Orographie von Deltebre bietet Ihnen eine gro\u00dfe Vielfalt an Routen, je nach Zustand Ihrer k\u00f6rperlichen Fitness. Und wenn Sie einem markierten Pfad folgen wollen, k\u00f6nnen sie dieselben <a href=\"https:\/\/deltebre.cat\/turisme\/itineraris-naturals\/?lang=de\" target=\"_blank\" rel=\"noopener noreferrer\">Wege<\/a> ablaufen, die f\u00fcr den Fahrradtourismus konzipiert wurden. Wenn Sie gerne Sport machen, bereiten Sie sich auf \u00dcbungen auf offenen Wegen neben den Reisfeldern, D\u00fcnen, Lagunen, dem Fluss usw. vor. Werden Sie Eins mit sich und der Natur!<\/p>\n<p style=\"text-align: justify;\"><strong><img loading=\"lazy\" class=\"alignnone size-full wp-image-352\" src=\"https:\/\/deltebre.cat\/turisme\/wp-content\/uploads\/2016\/07\/asterisc_ok.png\" alt=\"Abenteuersport\" width=\"33\" height=\"28\" \/>SEGELN UND KAJAK<br \/>\n<\/strong><\/p>\n<p style=\"text-align: justify;\">Sie k\u00f6nnen Sport an Land oder auch im Wasser machen. Wie w\u00fcrde es Ihnen gefallen, den Ebro in einem Kajak zu erkunden? Und wenn Sie den Strand bevorzugen, dann ist das Segeln die beste Option f\u00fcr Sie, um das Mittelmeer von einer seiner einzigartigsten Ecken zu genie\u00dfen. Sie k\u00f6nnen verschiedene Routen abfahren, die von verschiedenen Unternehmen der Gemeinde organisiert werden und die Sie die Natur des letzten Abschnitts des Ebro und des Mittelmeers erleben lassen.\u00a0<a href=\"https:\/\/deltebre.cat\/turisme\/serveis-turistics\/?lang=de\" target=\"_blank\" rel=\"noopener noreferrer\">Weitere Informationen<\/a>.<\/p>\n<p style=\"text-align: justify;\"><strong><img loading=\"lazy\" class=\"alignnone size-full wp-image-352\" src=\"https:\/\/deltebre.cat\/turisme\/wp-content\/uploads\/2016\/07\/asterisc_ok.png\" alt=\"asterisc_ok\" width=\"33\" height=\"28\" \/>KITESURFEN<\/strong><\/p>\n<p style=\"text-align: justify;\">Lieben Sie den Wind, das Meer und die salzhaltige Luft? Wussten Sie, dass wir in Deltebre \u00fcber einen der besten Winde f\u00fcr Kitesurfen verf\u00fcgen, neben einer unvergleichlichen Landschaft, weshalb Sie sich nicht nur gut auf dem Meer f\u00fchlen, sondern auch einzigartige Momente erleben, sobald Sie loslegen und sich an langen Str\u00e4nden mit nat\u00fcrlichen D\u00fcnen entspannen. Wenn Sie keine eigene Ausr\u00fcstung haben oder diesen Sport erlernen m\u00f6chten, k\u00f6nnen Sie mit den lokalen Kitesurf-Schulen Kontakt aufnehmen.\u00a0<a href=\"https:\/\/deltebre.cat\/turisme\/serveis-turistics\/?lang=de\" target=\"_blank\" rel=\"noopener noreferrer\">Weitere Informationen<\/a>.<\/p>\n<p style=\"text-align: justify;\"><strong><img loading=\"lazy\" class=\"alignnone size-full wp-image-352\" src=\"https:\/\/deltebre.cat\/turisme\/wp-content\/uploads\/2016\/07\/asterisc_ok.png\" alt=\"asterisc_ok\" width=\"33\" height=\"28\" \/>ANGELN<\/strong><\/p>\n<p style=\"text-align: justify;\">Die Sportm\u00f6glichkeiten beschr\u00e4nken sich aber nicht nur auf den Abenteuersport. Das Delta ist eines der wichtigsten Gebiete des ganzen Mittelmeerraums f\u00fcr die <a href=\"https:\/\/atraccionatural.cat\/de-pesca\/?lang=de\" target=\"_blank\" rel=\"noopener noreferrer\">Sportfischerei<\/a>. Die K\u00fcsten erm\u00f6glichen Ihnen, verschiedene Angeltechniken zu praktizieren und eine gro\u00dfe Artenvielfalt vorzufinden.<\/p>\n<p style=\"text-align: justify;\"><strong><img loading=\"lazy\" class=\"alignnone size-full wp-image-352\" src=\"https:\/\/deltebre.cat\/turisme\/wp-content\/uploads\/2016\/07\/asterisc_ok.png\" alt=\"asterisc_ok\" width=\"33\" height=\"28\" \/>LLAGUT CATAL\u00c0 <\/strong><\/p>\n<p style=\"text-align: justify;\">Jedes Jahr veranstaltet Deltebre eine Regatta im Rahmen der Lliga Catalana de Llagut Catal\u00e0, an der alle Rudermannschaften des Gebiets teilnehmen. Deltebre verf\u00fcgt \u00fcber eine lokale Rudermannschaft &#8211; A.E. Xino-Xano. Llagut Catal\u00e0 ist ein Schiff, das in den Terres de l\u2018Ebre als Werkzeug f\u00fcr den Fischfang im Delta konzipiert wurde.<\/p>\n","protected":false},"excerpt":{"rendered":"<p>Mens sana in corpore sano. Und die wohl beste Art und Weise, dies zu erreichen, ist der Abenteuersport im Ebrodelta. Dank seiner hervorragenden Lage im Delta bietet Deltebre die besten Voraussetzungen und Orte, um vom Alltag abzuschalten und Adrenalin freizusetzen,&hellip;<\/p>\n","protected":false},"author":123458,"featured_media":6512,"parent":0,"menu_order":0,"comment_status":"closed","ping_status":"closed","template":"","meta":[],"categories":[145],"tags":[],"_links":{"self":[{"href":"https:\/\/atraccionatural.cat\/de\/wp-json\/wp\/v2\/pages\/3224\/"}],"collection":[{"href":"https:\/\/atraccionatural.cat\/de\/wp-json\/wp\/v2\/pages\/"}],"about":[{"href":"https:\/\/atraccionatural.cat\/de\/wp-json\/wp\/v2\/types\/page\/"}],"author":[{"embeddable":true,"href":"https:\/\/atraccionatural.cat\/de\/wp-json\/wp\/v2\/users\/123458\/"}],"replies":[{"embeddable":true,"href":"https:\/\/atraccionatural.cat\/de\/wp-json\/wp\/v2\/comments\/?post=3224"}],"version-history":[{"count":8,"href":"https:\/\/atraccionatural.cat\/de\/wp-json\/wp\/v2\/pages\/3224\/revisions\/"}],"predecessor-version":[{"id":8517,"href":"https:\/\/atraccionatural.cat\/de\/wp-json\/wp\/v2\/pages\/3224\/revisions\/8517\/"}],"wp:featuredmedia":[{"embeddable":true,"href":"https:\/\/atraccionatural.cat\/de\/wp-json\/wp\/v2\/media\/6512\/"}],"wp:attachment":[{"href":"https:\/\/atraccionatural.cat\/de\/wp-json\/wp\/v2\/media\/?parent=3224"}],"wp:term":[{"taxonomy":"category","embeddable":true,"href":"https:\/\/atraccionatural.cat\/de\/wp-json\/wp\/v2\/categories\/?post=3224"},{"taxonomy":"post_tag","embeddable":true,"href":"https:\/\/atraccionatural.cat\/de\/wp-json\/wp\/v2\/tags\/?post=3224"}],"curies":[{"name":"wp","href":"https:\/\/api.w.org\/{rel}","templated":true}]}}