{"id":3238,"date":"2016-07-28T13:20:58","date_gmt":"2016-07-28T13:20:58","guid":{"rendered":"http:\/\/deltebre.cat\/turisme\/index.php\/esdeveniments-culturals\/?lang=de"},"modified":"2019-02-28T12:08:19","modified_gmt":"2019-02-28T11:08:19","slug":"kulturveranstaltungen-in-deltebre","status":"publish","type":"page","link":"https:\/\/atraccionatural.cat\/de\/kulturveranstaltungen-in-deltebre\/","title":{"rendered":"Kulturveranstaltungen in Deltebre"},"content":{"rendered":"<p style=\"text-align: justify;\">Die Kulturveranstaltungen von Deltebre sind die ideale Erg\u00e4nzung zum landschaftlichen Reichtum der Region. Neben einem gro\u00dfen kulturellen Erbe k\u00f6nnen Sie sich auch an einem vollen Terminkalender mit kulturellen Veranstaltungen das ganze Jahr \u00fcber erfreuen. Darstellende Kunst, Poesie&#8230; Und noch viel mehr!<\/p>\n<p><b><img loading=\"lazy\" class=\"alignnone size-full wp-image-352\" src=\"https:\/\/deltebre.cat\/turisme\/wp-content\/uploads\/2016\/07\/asterisc_ok.png\" alt=\"asterisc_ok\" width=\"33\" height=\"28\" \/>OPERNNACHT AM STRAND<\/b><\/p>\n<p style=\"text-align: justify;\">Einer der H\u00f6hepunkte des Sommers in Deltebre ist die Opernnacht am Strand von Riumar. Dieses einzigartige Schauspiel ist das unvergleichliche Ergebnis einer leidenschaftlichen Oper, die am Strand aufgef\u00fchrt und dabei vom Rauschen des Meeres und von den Sternen begleitet wird. Es ist eine Nacht, um sich ganz diesem so eindringlichen B\u00fchnenschauspiel hinzugeben, bei dem die Fusion aus Wort, Musik und einer au\u00dfergew\u00f6hnlichen nat\u00fcrlichen Umgebung eine Vielzahl von Gef\u00fchlen im Zuschauer weckt.<\/p>\n<p><b><img loading=\"lazy\" class=\"alignnone size-full wp-image-352\" src=\"https:\/\/deltebre.cat\/turisme\/wp-content\/uploads\/2016\/07\/asterisc_ok.png\" alt=\"asterisc_ok\" width=\"33\" height=\"28\" \/>FESTIVAL DELTEBRE DANSA<\/b><\/p>\n<p style=\"text-align: justify;\">Es ist eine der wichtigsten Kulturveranstaltungen in Deltebre, da sie den Ort im Sommer zwei Wochen lang zum Epizentrum der internationalen darstellenden K\u00fcnste macht. Wenn Sie an der Welt des Tanzes und des Cirque Nouveau interessiert sind, k\u00f6nnen Sie diese auf eine v\u00f6llig aktive Art und Weise erleben. Wenn Sie Vorstellungen sehen wollen, steht Ihnen ein umfangreiches Programm mit extravaganten Shows von hoher Qualit\u00e4t. Wenn Sie sich mit der Welt des Tanzes und des Cirque Nouveau vertraut machen wollen, k\u00f6nnen Sie einige der Anf\u00e4ngerkurse belegen, die von denselben Dozenten gehalten werden. Wenn Sie aus dem Bereich der Darstellenden Kunst kommen, steht Ihnen eine ausgezeichnete Ausbildung mit renommierten Dozenten griffbereit zur Verf\u00fcgung. Sie werden eine einzigartige, innovative, multikulturelle und hochwertige Erfahrung machen. <a href=\"http:\/\/www.deltebredansa.cat\/en\/\" target=\"_blank\" rel=\"noopener noreferrer\">Weitere Informationen<\/a>.<\/p>\n<p><b><img loading=\"lazy\" class=\"alignnone size-full wp-image-352\" src=\"https:\/\/deltebre.cat\/turisme\/wp-content\/uploads\/2016\/07\/asterisc_ok.png\" alt=\"asterisc_ok\" width=\"33\" height=\"28\" \/>MUSIKN\u00c4CHTE IN RIUMAR<\/b><\/p>\n<p style=\"text-align: justify;\">M\u00f6gen Sie gute Musik, die Meeresluft und die Sterne? Eine der aktuellen Neuheiten im Kulturkalender von Deltebre sind die Musikn\u00e4chte in Riumar. Den ganzen Sommer \u00fcber k\u00f6nnen Sie sich in einigen N\u00e4chten an bester Live-Musik erfreuen, in Form von <em>Jazz<\/em>, <em>Blues<\/em>, <em>Soul<\/em>, <em>Rock &amp; Roll<\/em> und klassischer Musik, w\u00e4hrend eine Nacht der Oper gewidmet ist. All das erwartet die Musikfreunde direkt am Meer, in einer lockeren und entspannten Atmosph\u00e4re auf der Plaza Europa in Riumar.<\/p>\n<p><strong><b><img loading=\"lazy\" class=\"alignnone size-full wp-image-352\" src=\"https:\/\/deltebre.cat\/turisme\/wp-content\/uploads\/2016\/07\/asterisc_ok.png\" alt=\"asterisc_ok\" width=\"33\" height=\"28\" \/>NATIONALFEIERTAG KATALONIENS<\/b><\/strong><\/p>\n<p style=\"text-align: justify;\">Jedes Jahr werden zum Nationalfeiertag von Katalonien im September verschiedene Aktivit\u00e4ten veranstaltet: Musik, Sport, der traditionelle Jota-Tanz, Wanderausstellungen, usw. Am Abend des 10. September findet der Festakt mit einem anschlie\u00dfenden Konzert statt, das den Auftakt zu den nachfolgenden Veranstaltungen macht.<\/p>\n<p style=\"text-align: justify;\"><b><img loading=\"lazy\" class=\"alignnone size-full wp-image-352\" src=\"https:\/\/deltebre.cat\/turisme\/wp-content\/uploads\/2016\/07\/asterisc_ok.png\" alt=\"asterisc_ok\" width=\"33\" height=\"28\" \/>DIADA DE SANT JORDI<\/b><\/p>\n<p style=\"text-align: justify;\">Der Diada de Sant Jordi geh\u00f6rt zu den wichtigsten Kulturereignissen Kataloniens. Zu Ehren des Welttags des Buches und der Rose werden in Deltebre Aktivit\u00e4ten mit der Literatur und der Musik als Protagonisten veranstaltet.<\/p>\n<p style=\"text-align: justify;\"><b><img loading=\"lazy\" class=\"alignnone size-full wp-image-352\" src=\"https:\/\/deltebre.cat\/turisme\/wp-content\/uploads\/2016\/07\/asterisc_ok.png\" alt=\"asterisc_ok\" width=\"33\" height=\"28\" \/>REISFEST<\/b><\/p>\n<p style=\"text-align: justify;\">Das Reisfest (Fiestas del Arroz) ist die perfekte Gelegenheit, um sich anhand der Darstellung der verschiedenen Arbeiten, die unsere Vorfahren w\u00e4hrend der Wachstumsperioden vom Reis verrichteten, selbst ein Bild von den alten Traditionen von Deltebre zu machen: Das S\u00e4hen (im Juni) und die Ernte (im September). Bereiten Sie sich vor, das Reisfeld zu betreten und das einzigartige Gef\u00fchl zu sp\u00fcren, wenn Sie in den Schlamm eintauchen. Und im Anschluss daran beginnt das Fest: Jota, traditionelles Essen, Theaterst\u00fccke, traditionelle Spiele&#8230;<\/p>\n<p style=\"text-align: justify;\"><b><img loading=\"lazy\" class=\"alignnone size-full wp-image-352\" src=\"https:\/\/deltebre.cat\/turisme\/wp-content\/uploads\/2016\/07\/asterisc_ok.png\" alt=\"asterisc_ok\" width=\"33\" height=\"28\" \/>FOTOWETTBEWERB VON TERRES DE L\u2019EBRE <\/b><\/p>\n<p style=\"text-align: justify;\">J\u00e4hrlich organisieren Deltebre und l\u2018Ametlla de Mar einen Fotowettbewerb von Terres de l\u2018Ebre, an dem alle Interessierten aus der ganzen Welt teilnehmen k\u00f6nnen, egal ob Hobby- oder Profifotografen. Es ist ein Wettbewerb mit der st\u00e4rksten Konsolidierung innerhalb dieses Gebiets, der es uns erm\u00f6glicht, den Reichtum und die Vielfalt unserer Landschaften zu zeigen und dar\u00fcber hinaus auf das Talent der Fotografen zu setzen, die Anspruch auf Geldpreise erheben k\u00f6nnen.<\/p>\n<p style=\"text-align: justify;\"><b><img loading=\"lazy\" class=\"alignnone size-full wp-image-352\" src=\"https:\/\/deltebre.cat\/turisme\/wp-content\/uploads\/2016\/07\/asterisc_ok.png\" alt=\"asterisc_ok\" width=\"33\" height=\"28\" \/>JOTA TREFFEN <\/b><\/p>\n<p style=\"text-align: justify;\">Jedes Jahr feiert Deltebre nach dem Sommer die Trobada de Grups de Ball de Jota, an dem Jota-Tanzgruppen aus dem ganzen Gebiet teilnehmen. Es ist ein Treffen mit viel Musik und Bewegung, bei dem der Jota Tanz geehrt wird, ob mit Singen, Spielen oder Tanzen. Es ist eines der sinnbildlichsten Elemente der volkst\u00fcmlichen und traditionellen Musik von Deltebre.<\/p>\n<p style=\"text-align: justify;\"><b><img loading=\"lazy\" class=\"alignnone size-full wp-image-352\" src=\"https:\/\/deltebre.cat\/turisme\/wp-content\/uploads\/2016\/07\/asterisc_ok.png\" alt=\"asterisc_ok\" width=\"33\" height=\"28\" \/>PASSIONSSPIEL<br \/>\n<\/b><\/p>\n<p style=\"text-align: justify;\">Viele der traditionellen Feierlichkeiten in Deltebre sind mit der Religion verbunden. In der Karwoche werden Darstellungen der Passion Jesu Christi gezeigt, wahrheitsgetreue Inszenierungen auf der Stra\u00dfe, mit mehr als hundert Schauspielern zusammen mit Live-Musik.<\/p>\n","protected":false},"excerpt":{"rendered":"<p>Die Kulturveranstaltungen von Deltebre sind die ideale Erg\u00e4nzung zum landschaftlichen Reichtum der Region. Neben einem gro\u00dfen kulturellen Erbe k\u00f6nnen Sie sich auch an einem vollen Terminkalender mit kulturellen Veranstaltungen das ganze Jahr \u00fcber erfreuen. Darstellende Kunst, Poesie&#8230; Und noch viel&hellip;<\/p>\n","protected":false},"author":123458,"featured_media":6482,"parent":0,"menu_order":0,"comment_status":"closed","ping_status":"closed","template":"","meta":[],"categories":[145],"tags":[],"_links":{"self":[{"href":"https:\/\/atraccionatural.cat\/de\/wp-json\/wp\/v2\/pages\/3238\/"}],"collection":[{"href":"https:\/\/atraccionatural.cat\/de\/wp-json\/wp\/v2\/pages\/"}],"about":[{"href":"https:\/\/atraccionatural.cat\/de\/wp-json\/wp\/v2\/types\/page\/"}],"author":[{"embeddable":true,"href":"https:\/\/atraccionatural.cat\/de\/wp-json\/wp\/v2\/users\/123458\/"}],"replies":[{"embeddable":true,"href":"https:\/\/atraccionatural.cat\/de\/wp-json\/wp\/v2\/comments\/?post=3238"}],"version-history":[{"count":10,"href":"https:\/\/atraccionatural.cat\/de\/wp-json\/wp\/v2\/pages\/3238\/revisions\/"}],"predecessor-version":[{"id":8518,"href":"https:\/\/atraccionatural.cat\/de\/wp-json\/wp\/v2\/pages\/3238\/revisions\/8518\/"}],"wp:featuredmedia":[{"embeddable":true,"href":"https:\/\/atraccionatural.cat\/de\/wp-json\/wp\/v2\/media\/6482\/"}],"wp:attachment":[{"href":"https:\/\/atraccionatural.cat\/de\/wp-json\/wp\/v2\/media\/?parent=3238"}],"wp:term":[{"taxonomy":"category","embeddable":true,"href":"https:\/\/atraccionatural.cat\/de\/wp-json\/wp\/v2\/categories\/?post=3238"},{"taxonomy":"post_tag","embeddable":true,"href":"https:\/\/atraccionatural.cat\/de\/wp-json\/wp\/v2\/tags\/?post=3238"}],"curies":[{"name":"wp","href":"https:\/\/api.w.org\/{rel}","templated":true}]}}