{"id":3242,"date":"2016-07-01T07:01:42","date_gmt":"2016-07-01T07:01:42","guid":{"rendered":"http:\/\/deltebre.cat\/turisme\/index.php\/com-arribar\/?lang=de"},"modified":"2019-02-28T11:20:53","modified_gmt":"2019-02-28T10:20:53","slug":"anreise-nach-deltebre","status":"publish","type":"page","link":"https:\/\/atraccionatural.cat\/de\/anreise-nach-deltebre\/","title":{"rendered":"Anreise nach Deltebre"},"content":{"rendered":"<p><img loading=\"lazy\" class=\"alignnone size-full wp-image-3493\" src=\"https:\/\/deltebre.cat\/turisme\/wp-content\/uploads\/2016\/07\/mapa.jpg\" alt=\"\" width=\"900\" height=\"575\" \/><\/p>\n<p style=\"text-align: justify;\"><b><\/b><b><img loading=\"lazy\" class=\"alignnone size-full wp-image-350\" src=\"https:\/\/deltebre.cat\/turisme\/wp-content\/uploads\/2016\/07\/punt.png\" alt=\"Ankunft\" width=\"33\" height=\"28\" \/>Mit dem Auto<br \/>\n<\/b><\/p>\n<p style=\"text-align: justify;\">Die schnellste und bequemste Art, um nach Deltebre zu gelangen, ist mit dem Auto. Wenn Sie \u00fcber die Autobahn kommen, erreichen Sie Deltebre direkt \u00fcber die AP-7, indem sie eine der folgenden Ausfahrten nehmen:<\/p>\n<p style=\"text-align: justify;\">\n        <!-- GT Shortcodes - Alert - Start -->\n        <style type=\"text\/css\" media=\"screen\">\n                    <\/style>\n        <div class=\"gt-shortcodes\">\n            <div id=\"gt-alert-506\" class=\"alert alert-info alert-dismissible\" role=\"alert\"\n                 style=\"color:#ffffff!important;background-color:#54bab7!important;border-style:none!important;\">\n                39A (l\u2018Ampolla), weiter auf der N-340 und dann auf der TV-3401 bis Deltebre.                <div class=\"clearfix\"><\/div>\n            <\/div>\n        <\/div>\n        <!-- GT Shortcodes - Alert - End -->\n\n        <\/p>\n<p style=\"text-align: justify;\">\n        <!-- GT Shortcodes - Alert - Start -->\n        <style type=\"text\/css\" media=\"screen\">\n                    <\/style>\n        <div class=\"gt-shortcodes\">\n            <div id=\"gt-alert-280\" class=\"alert alert-info alert-dismissible\" role=\"alert\"\n                 style=\"color:#ffffff!important;background-color:#54bab7!important;border-style:none!important;\">\n                40 (l\u2018Aldea\/Tortosa), weiter auf der N-340 und dann auf der TV-3400 bis Deltebre.\n                <div class=\"clearfix\"><\/div>\n            <\/div>\n        <\/div>\n        <!-- GT Shortcodes - Alert - End -->\n\n        <\/p>\n<p style=\"text-align: justify;\">\n        <!-- GT Shortcodes - Alert - Start -->\n        <style type=\"text\/css\" media=\"screen\">\n                    <\/style>\n        <div class=\"gt-shortcodes\">\n            <div id=\"gt-alert-899\" class=\"alert alert-info alert-dismissible\" role=\"alert\"\n                 style=\"color:#ffffff!important;background-color:#54bab7!important;border-style:none!important;\">\n                41 (Amposta\/Sant Carles de la R\u00e0pita) und weiter auf der TV-3454 bis Deltebre.\n                <div class=\"clearfix\"><\/div>\n            <\/div>\n        <\/div>\n        <!-- GT Shortcodes - Alert - End -->\n\n        <\/p>\n<p style=\"text-align: justify;\">Und wenn Sie \u00fcber die N-340 kommen, k\u00f6nnen Sie \u00fcber eine der folgenden Gemeinden Ihr Ziel erreichen: l\u2019Ampolla, Camarles, l\u2019Aldea, Amposta und Sant Carles de la R\u00e0pita. In all diesen Gemeinden ist der Weg nach Deltebre beschildert.<\/p>\n<p style=\"text-align: justify;\"><b><img loading=\"lazy\" class=\"alignnone size-full wp-image-350\" src=\"https:\/\/deltebre.cat\/turisme\/wp-content\/uploads\/2016\/07\/punt.png\" alt=\"punt\" width=\"33\" height=\"28\" \/>Mit dem Zug<br \/>\n<\/b><\/p>\n<p style=\"text-align: justify;\">Wenn Sie mit dem Zug anreisen wollen, m\u00fcssen Sie ber\u00fccksichtigen, dass Sie ein anderes Transportmittel ben\u00f6tigen, um nach Deltebre zu gelangen, da sich die Bahnh\u00f6fe nicht in derselben Gemeinde befinden. Die n\u00e4chsten Zugbahnh\u00f6fe sind:<\/p>\n<p style=\"text-align: justify;\">\n        <!-- GT Shortcodes - Alert - Start -->\n        <style type=\"text\/css\" media=\"screen\">\n                    <\/style>\n        <div class=\"gt-shortcodes\">\n            <div id=\"gt-alert-224\" class=\"alert alert-info alert-dismissible\" role=\"alert\"\n                 style=\"color:#ffffff!important;background-color:#54bab7!important;border-style:none!important;\">\n                l\u2018Aldea-Amposta-Tortosa: Hier halten Mittelstreckenz\u00fcge sowie einige Langstreckenz\u00fcge.\n                <div class=\"clearfix\"><\/div>\n            <\/div>\n        <\/div>\n        <!-- GT Shortcodes - Alert - End -->\n\n        <\/p>\n<p style=\"text-align: justify;\">\n        <!-- GT Shortcodes - Alert - Start -->\n        <style type=\"text\/css\" media=\"screen\">\n                    <\/style>\n        <div class=\"gt-shortcodes\">\n            <div id=\"gt-alert-59\" class=\"alert alert-info alert-dismissible\" role=\"alert\"\n                 style=\"color:#ffffff!important;background-color:#54bab7!important;border-style:none!important;\">\n                l\u2019Ampolla-El Perell\u00f3-Deltebre: Hier halten Mittelstreckenz\u00fcge.\n                <div class=\"clearfix\"><\/div>\n            <\/div>\n        <\/div>\n        <!-- GT Shortcodes - Alert - End -->\n\n        <\/p>\n<p style=\"text-align: justify;\">\n        <!-- GT Shortcodes - Alert - Start -->\n        <style type=\"text\/css\" media=\"screen\">\n                    <\/style>\n        <div class=\"gt-shortcodes\">\n            <div id=\"gt-alert-59\" class=\"alert alert-info alert-dismissible\" role=\"alert\"\n                 style=\"color:#ffffff!important;background-color:#54bab7!important;border-style:none!important;\">\n                Camarles-Deltebre: Hier halten Mittelstreckenz\u00fcge.                <div class=\"clearfix\"><\/div>\n            <\/div>\n        <\/div>\n        <!-- GT Shortcodes - Alert - End -->\n\n        <\/p>\n<p style=\"text-align: justify;\">Die Fahrzeiten finden Sie auf der <a href=\"http:\/\/www.renfe.com\/EN\/viajeros\/index.html\" target=\"_blank\" rel=\"noopener noreferrer\">Website von Renfe<\/a> , Sie k\u00f6nnen aber auch die herunterladen oder die <a href=\"http:\/\/www.adif.es\/en_US\/adif_movil.shtml\" target=\"_blank\" rel=\"noopener noreferrer\">App<\/a> Hotline anrufen unter +34 902 240 202. Am bequemsten gelangen Sie nach Deltebre per <a href=\"https:\/\/deltebre.cat\/turisme\/serveis-turistics\/?lang=de\" target=\"_blank\" rel=\"noopener noreferrer\">Taxi<\/a>, obwohl Sie auch einen der <a href=\"http:\/\/www.hife.es\/en-GB\" target=\"_blank\" rel=\"noopener noreferrer\">Busse<\/a> nehmen k\u00f6nnen, die von l\u2018Aldea nach Deltebre fahren.<\/p>\n<p style=\"text-align: justify;\"><b><img loading=\"lazy\" class=\"alignnone size-full wp-image-350\" src=\"https:\/\/deltebre.cat\/turisme\/wp-content\/uploads\/2016\/07\/punt.png\" alt=\"punt\" width=\"33\" height=\"28\" \/>Mit dem Bus<br \/>\n<\/b><\/p>\n<p style=\"text-align: justify;\">Strecken und Fahrzeiten der Busgesellschaft Hife finden Sie auf der <a href=\"http:\/\/www.hife.es\/en-GB\" target=\"_blank\" rel=\"noopener noreferrer\">Website <\/a>oder unter der Telefonnummer +34 902 119 814.<\/p>\n<p style=\"text-align: justify;\"><b><img loading=\"lazy\" class=\"alignnone size-full wp-image-350\" src=\"https:\/\/deltebre.cat\/turisme\/wp-content\/uploads\/2016\/07\/punt.png\" alt=\"punt\" width=\"33\" height=\"28\" \/>Mit dem Flugzeug<br \/>\n<\/b><\/p>\n<p style=\"text-align: justify;\">Die n\u00e4chsten Flugh\u00e4fen sind:<\/p>\n<p style=\"text-align: justify;\">\n        <!-- GT Shortcodes - Alert - Start -->\n        <style type=\"text\/css\" media=\"screen\">\n                    <\/style>\n        <div class=\"gt-shortcodes\">\n            <div id=\"gt-alert-9\" class=\"alert alert-info alert-dismissible\" role=\"alert\"\n                 style=\"color:#ffffff!important;background-color:#54bab7!important;border-style:none!important;\">\n                Flughafen Reus: etwa 77 km n\u00f6rdlich. Regelm\u00e4\u00dfige Fl\u00fcge in zahlreiche Hauptst\u00e4dte Europas.\n                <div class=\"clearfix\"><\/div>\n            <\/div>\n        <\/div>\n        <!-- GT Shortcodes - Alert - End -->\n\n        <\/p>\n<p style=\"text-align: justify;\">\n        <!-- GT Shortcodes - Alert - Start -->\n        <style type=\"text\/css\" media=\"screen\">\n                    <\/style>\n        <div class=\"gt-shortcodes\">\n            <div id=\"gt-alert-863\" class=\"alert alert-info alert-dismissible\" role=\"alert\"\n                 style=\"color:#ffffff!important;background-color:#54bab7!important;border-style:none!important;\">\n                Flughafen Barcelona: etwa 160 km n\u00f6rdlich. Internationale Fl\u00fcge.                <div class=\"clearfix\"><\/div>\n            <\/div>\n        <\/div>\n        <!-- GT Shortcodes - Alert - End -->\n\n        <\/p>\n<p style=\"text-align: justify;\">\n        <!-- GT Shortcodes - Alert - Start -->\n        <style type=\"text\/css\" media=\"screen\">\n                    <\/style>\n        <div class=\"gt-shortcodes\">\n            <div id=\"gt-alert-315\" class=\"alert alert-info alert-dismissible\" role=\"alert\"\n                 style=\"color:#ffffff!important;background-color:#54bab7!important;border-style:none!important;\">\n                Flughafen Valencia: etwa 160 km s\u00fcdlich. Internationale Fl\u00fcge.                 <div class=\"clearfix\"><\/div>\n            <\/div>\n        <\/div>\n        <!-- GT Shortcodes - Alert - End -->\n\n        <\/p>\n<p style=\"text-align: justify;\">Weitere Informationen finden Sie auf der <a href=\"http:\/\/www.aena.es\/de\/suchmaschine.html\" target=\"_blank\" rel=\"noopener noreferrer\">Website von AENA<\/a> . Sie k\u00f6nnen auch den <a href=\"http:\/\/www.ziptransfers.com\/de\/flughafen\/reus\" target=\"_blank\" rel=\"noopener noreferrer\">Transfer-Service<\/a> oder den <a href=\"https:\/\/deltebre.cat\/turisme\/serveis-turistics\/?lang=de\" target=\"_blank\" rel=\"noopener noreferrer\">Taxiservice<\/a> kontaktieren, um vom Flughafen nach Deltebre zu gelangen.<\/p>\n<p style=\"text-align: justify;\"><b><img loading=\"lazy\" class=\"alignnone size-full wp-image-350\" src=\"https:\/\/deltebre.cat\/turisme\/wp-content\/uploads\/2016\/07\/punt.png\" alt=\"punt\" width=\"33\" height=\"28\" \/>Mit dem Schiff<br \/>\n<\/b><\/p>\n<p style=\"text-align: justify;\">Deltebre liegt in der N\u00e4he von drei der wichtigsten Handels- und Sporth\u00e4fen des Landes, Treffpunkt zahlreicher Kreuzfahrtschiffe, die aus aller Welt kommen.<\/p>\n<p style=\"text-align: justify;\">\n        <!-- GT Shortcodes - Alert - Start -->\n        <style type=\"text\/css\" media=\"screen\">\n                    <\/style>\n        <div class=\"gt-shortcodes\">\n            <div id=\"gt-alert-684\" class=\"alert alert-info alert-dismissible\" role=\"alert\"\n                 style=\"color:#ffffff!important;background-color:#54bab7!important;border-style:none!important;\">\n                Hafen Tarragona: etwa 81 km n\u00f6rdlich.                <div class=\"clearfix\"><\/div>\n            <\/div>\n        <\/div>\n        <!-- GT Shortcodes - Alert - End -->\n\n        <\/p>\n<p style=\"text-align: justify;\">\n        <!-- GT Shortcodes - Alert - Start -->\n        <style type=\"text\/css\" media=\"screen\">\n                    <\/style>\n        <div class=\"gt-shortcodes\">\n            <div id=\"gt-alert-147\" class=\"alert alert-info alert-dismissible\" role=\"alert\"\n                 style=\"color:#ffffff!important;background-color:#54bab7!important;border-style:none!important;\">\n                Hafen Barcelona: etwa 160 km n\u00f6rdlich.                <div class=\"clearfix\"><\/div>\n            <\/div>\n        <\/div>\n        <!-- GT Shortcodes - Alert - End -->\n\n        <\/p>\n<p style=\"text-align: justify;\">\n        <!-- GT Shortcodes - Alert - Start -->\n        <style type=\"text\/css\" media=\"screen\">\n                    <\/style>\n        <div class=\"gt-shortcodes\">\n            <div id=\"gt-alert-746\" class=\"alert alert-info alert-dismissible\" role=\"alert\"\n                 style=\"color:#ffffff!important;background-color:#54bab7!important;border-style:none!important;\">\n                Hafen Valencia: etwa 160 km s\u00fcdlich.                <div class=\"clearfix\"><\/div>\n            <\/div>\n        <\/div>\n        <!-- GT Shortcodes - Alert - End -->\n\n        <\/p>\n<p style=\"text-align: justify;\">Wenn Sie ein eigenes Boot haben und damit nach Deltebre fahren wollen, k\u00f6nnen Sie im Sporthafen Deltebre einen Ankerplatz mieten (in Riumar, sehr nahe an der Einm\u00fcndung). F\u00fcr weitere Informationen kontaktieren Sie den <a href=\"http:\/\/www.cnriumar.com\/index.php\" target=\"_blank\" rel=\"noopener noreferrer\">Club N\u00e0utic<\/a>\u00a0Riumar oder rufen Sie +34 619 196 707 an.<\/p>\n","protected":false},"excerpt":{"rendered":"<p>Mit dem Auto Die schnellste und bequemste Art, um nach Deltebre zu gelangen, ist mit dem Auto. Wenn Sie \u00fcber die Autobahn kommen, erreichen Sie Deltebre direkt \u00fcber die AP-7, indem sie eine der folgenden Ausfahrten nehmen: Und wenn Sie&hellip;<\/p>\n","protected":false},"author":123458,"featured_media":0,"parent":0,"menu_order":0,"comment_status":"closed","ping_status":"closed","template":"","meta":[],"categories":[],"tags":[],"_links":{"self":[{"href":"https:\/\/atraccionatural.cat\/de\/wp-json\/wp\/v2\/pages\/3242\/"}],"collection":[{"href":"https:\/\/atraccionatural.cat\/de\/wp-json\/wp\/v2\/pages\/"}],"about":[{"href":"https:\/\/atraccionatural.cat\/de\/wp-json\/wp\/v2\/types\/page\/"}],"author":[{"embeddable":true,"href":"https:\/\/atraccionatural.cat\/de\/wp-json\/wp\/v2\/users\/123458\/"}],"replies":[{"embeddable":true,"href":"https:\/\/atraccionatural.cat\/de\/wp-json\/wp\/v2\/comments\/?post=3242"}],"version-history":[{"count":11,"href":"https:\/\/atraccionatural.cat\/de\/wp-json\/wp\/v2\/pages\/3242\/revisions\/"}],"predecessor-version":[{"id":8496,"href":"https:\/\/atraccionatural.cat\/de\/wp-json\/wp\/v2\/pages\/3242\/revisions\/8496\/"}],"wp:attachment":[{"href":"https:\/\/atraccionatural.cat\/de\/wp-json\/wp\/v2\/media\/?parent=3242"}],"wp:term":[{"taxonomy":"category","embeddable":true,"href":"https:\/\/atraccionatural.cat\/de\/wp-json\/wp\/v2\/categories\/?post=3242"},{"taxonomy":"post_tag","embeddable":true,"href":"https:\/\/atraccionatural.cat\/de\/wp-json\/wp\/v2\/tags\/?post=3242"}],"curies":[{"name":"wp","href":"https:\/\/api.w.org\/{rel}","templated":true}]}}