{"id":3245,"date":"2016-08-05T09:23:42","date_gmt":"2016-08-05T09:23:42","guid":{"rendered":"http:\/\/deltebre.cat\/turisme\/index.php\/descobreix\/?lang=de"},"modified":"2018-03-06T12:24:29","modified_gmt":"2018-03-06T11:24:29","slug":"entdecken","status":"publish","type":"page","link":"https:\/\/atraccionatural.cat\/de\/entdecken\/","title":{"rendered":"Entdecken"},"content":{"rendered":"<p><strong><img loading=\"lazy\" class=\"alignnone wp-image-521 size-full\" src=\"https:\/\/deltebre.cat\/turisme\/wp-content\/uploads\/2016\/08\/sunset.png\" alt=\"Entdecken\" width=\"900\" height=\"350\" \/><\/strong><\/p>\n<p><strong>Vielf\u00e4ltige Erlebnisse<\/strong><\/p>\n<p style=\"text-align: justify;\">Bereiten Sie sich vor auf ein Mosaik aus nat\u00fcrlichen Strukturen. Bereiten Sie sich vor auf D\u00fcfte von mehr als 500 Pflanzenarten. Bereiten Sie sich vor auf die Melodie von tausenden von V\u00f6geln. Bereiten Sie sich vor auf das Ende der Routine und auf ein paar der intensivsten Gef\u00fchle Ihres Lebens: D\u00fcnen am Meer, Spazierg\u00e4nge durch Reisfelder, farbenfrohe Sonnenunterg\u00e4nge, Str\u00e4nde mit feinem Sand, Gourmet-Mahlzeiten, Entdeckungen von Natursch\u00e4tzen mit dem Fahrrad, Kajakfahrten, Reitausfl\u00fcge auf verlassenen Pfaden&#8230;<\/p>\n<p><strong>Bereiten Sie sich vor Deltebre zu erkunden, erleben und zu entdecken.<\/strong><\/p>\n","protected":false},"excerpt":{"rendered":"<p>Vielf\u00e4ltige Erlebnisse Bereiten Sie sich vor auf ein Mosaik aus nat\u00fcrlichen Strukturen. Bereiten Sie sich vor auf D\u00fcfte von mehr als 500 Pflanzenarten. Bereiten Sie sich vor auf die Melodie von tausenden von V\u00f6geln. Bereiten Sie sich vor auf das&hellip;<\/p>\n","protected":false},"author":123458,"featured_media":0,"parent":0,"menu_order":0,"comment_status":"closed","ping_status":"closed","template":"","meta":[],"categories":[],"tags":[],"_links":{"self":[{"href":"https:\/\/atraccionatural.cat\/de\/wp-json\/wp\/v2\/pages\/3245\/"}],"collection":[{"href":"https:\/\/atraccionatural.cat\/de\/wp-json\/wp\/v2\/pages\/"}],"about":[{"href":"https:\/\/atraccionatural.cat\/de\/wp-json\/wp\/v2\/types\/page\/"}],"author":[{"embeddable":true,"href":"https:\/\/atraccionatural.cat\/de\/wp-json\/wp\/v2\/users\/123458\/"}],"replies":[{"embeddable":true,"href":"https:\/\/atraccionatural.cat\/de\/wp-json\/wp\/v2\/comments\/?post=3245"}],"version-history":[{"count":5,"href":"https:\/\/atraccionatural.cat\/de\/wp-json\/wp\/v2\/pages\/3245\/revisions\/"}],"predecessor-version":[{"id":6768,"href":"https:\/\/atraccionatural.cat\/de\/wp-json\/wp\/v2\/pages\/3245\/revisions\/6768\/"}],"wp:attachment":[{"href":"https:\/\/atraccionatural.cat\/de\/wp-json\/wp\/v2\/media\/?parent=3245"}],"wp:term":[{"taxonomy":"category","embeddable":true,"href":"https:\/\/atraccionatural.cat\/de\/wp-json\/wp\/v2\/categories\/?post=3245"},{"taxonomy":"post_tag","embeddable":true,"href":"https:\/\/atraccionatural.cat\/de\/wp-json\/wp\/v2\/tags\/?post=3245"}],"curies":[{"name":"wp","href":"https:\/\/api.w.org\/{rel}","templated":true}]}}