{"id":3255,"date":"2016-07-01T07:02:00","date_gmt":"2016-07-01T07:02:00","guid":{"rendered":"http:\/\/deltebre.cat\/turisme\/index.php\/informacio-dinteres\/?lang=de"},"modified":"2019-02-28T11:23:01","modified_gmt":"2019-02-28T10:23:01","slug":"nutzliche-informationen","status":"publish","type":"page","link":"https:\/\/atraccionatural.cat\/de\/nutzliche-informationen\/","title":{"rendered":"N\u00fctzliche Informationen"},"content":{"rendered":"<p><b><img loading=\"lazy\" class=\"alignnone size-full wp-image-391\" src=\"https:\/\/deltebre.cat\/turisme\/wp-content\/uploads\/2016\/07\/punt-1.png\" alt=\"Wichtige Informationen\" width=\"33\" height=\"28\" \/>N\u00fctzliche Tipps<br \/>\n<\/b><\/p>\n<p><img loading=\"lazy\" class=\"alignnone size-full wp-image-5188\" src=\"https:\/\/deltebre.cat\/turisme\/wp-content\/uploads\/2016\/07\/riumar.jpg\" alt=\"\" width=\"900\" height=\"350\" srcset=\"https:\/\/atraccionatural.cat\/wp-content\/uploads\/2016\/07\/riumar.jpg 900w, https:\/\/atraccionatural.cat\/wp-content\/uploads\/2016\/07\/riumar-300x117.jpg 300w, https:\/\/atraccionatural.cat\/wp-content\/uploads\/2016\/07\/riumar-768x299.jpg 768w, https:\/\/atraccionatural.cat\/wp-content\/uploads\/2016\/07\/riumar-500x194.jpg 500w, https:\/\/atraccionatural.cat\/wp-content\/uploads\/2016\/07\/riumar-470x183.jpg 470w\" sizes=\"(max-width: 900px) 100vw, 900px\" \/><\/p>\n<p style=\"text-align: justify;\">Deltebre befindet sich im Herzen des Naturparks Ebrodelta, einem Raum, der sowohl von der nat\u00fcrlichen Umwelt als auch der landwirtschaftlichen Bev\u00f6lkerung und den Touristen genutzt wird. Helfen Sie mit diesen einfachen Hinweisen bei der Erhaltung dieses Gebiets mit:<\/p>\n<p style=\"text-align: justify;\">\n        <!-- GT Shortcodes - Alert - Start -->\n        <style type=\"text\/css\" media=\"screen\">\n                    <\/style>\n        <div class=\"gt-shortcodes\">\n            <div id=\"gt-alert-668\" class=\"alert alert-info alert-dismissible\" role=\"alert\"\n                 style=\"color:#ffffff!important;background-color:#54bab7!important;border-style:none!important;\">\n                Vor Beginn Ihres Abenteuers in Deltebre sollten Sie f\u00fcr n\u00fctzliche Tipps und Hinweise eines der Touristeninformationszentren aufsuchen, wo Sie alle n\u00fctzlichen Informationen f\u00fcr Ihren Aufenthalt erhalten.                <div class=\"clearfix\"><\/div>\n            <\/div>\n        <\/div>\n        <!-- GT Shortcodes - Alert - End -->\n\n        <\/p>\n<p style=\"text-align: justify;\">\n        <!-- GT Shortcodes - Alert - Start -->\n        <style type=\"text\/css\" media=\"screen\">\n                    <\/style>\n        <div class=\"gt-shortcodes\">\n            <div id=\"gt-alert-980\" class=\"alert alert-info alert-dismissible\" role=\"alert\"\n                 style=\"color:#ffffff!important;background-color:#54bab7!important;border-style:none!important;\">\n                Um keine der interessanten Zonen zu verpassen, w\u00e4re es ideal, wenn Sie Deltebre mit eigenem Fahrzeug oder per Fahrrad besichtigen, damit Sie die Landschaften und die Ruhe besser genie\u00dfen k\u00f6nnen.                <div class=\"clearfix\"><\/div>\n            <\/div>\n        <\/div>\n        <!-- GT Shortcodes - Alert - End -->\n\n        <\/p>\n<p style=\"text-align: justify;\">\n        <!-- GT Shortcodes - Alert - Start -->\n        <style type=\"text\/css\" media=\"screen\">\n                    <\/style>\n        <div class=\"gt-shortcodes\">\n            <div id=\"gt-alert-871\" class=\"alert alert-info alert-dismissible\" role=\"alert\"\n                 style=\"color:#ffffff!important;background-color:#54bab7!important;border-style:none!important;\">\n                Es gibt zahlreiche Kilometer zur\u00fcckzulegen, achten Sie jedoch immer auf die Beschilderungen, Wege und Bereiche mit eingeschr\u00e4nktem Zutritt.                <div class=\"clearfix\"><\/div>\n            <\/div>\n        <\/div>\n        <!-- GT Shortcodes - Alert - End -->\n\n        <\/p>\n<p style=\"text-align: justify;\">\n        <!-- GT Shortcodes - Alert - Start -->\n        <style type=\"text\/css\" media=\"screen\">\n                    <\/style>\n        <div class=\"gt-shortcodes\">\n            <div id=\"gt-alert-329\" class=\"alert alert-info alert-dismissible\" role=\"alert\"\n                 style=\"color:#ffffff!important;background-color:#54bab7!important;border-style:none!important;\">\n                Sie k\u00f6nnen unz\u00e4hlige Fotos machen, allerdings nur von den daf\u00fcr gekennzeichneten Stellen. So k\u00f6nnen Sie einzigartige Momente festhalten, ohne dabei die nat\u00fcrliche Umgebung zu st\u00f6ren.                <div class=\"clearfix\"><\/div>\n            <\/div>\n        <\/div>\n        <!-- GT Shortcodes - Alert - End -->\n\n        <\/p>\n<p style=\"text-align: justify;\">\n        <!-- GT Shortcodes - Alert - Start -->\n        <style type=\"text\/css\" media=\"screen\">\n                    <\/style>\n        <div class=\"gt-shortcodes\">\n            <div id=\"gt-alert-913\" class=\"alert alert-info alert-dismissible\" role=\"alert\"\n                 style=\"color:#ffffff!important;background-color:#54bab7!important;border-style:none!important;\">\n                Lassen Sie sich von der Sch\u00f6nheit der Flora und Fauna beeindrucken. Achten Sie aber darauf, ihren Lebensraum in keinster Weise zu beeintr\u00e4chtigen. Entsorgen Sie Papier, Plastik, Dosen und sonstigen M\u00fcll am daf\u00fcr vorgesehenen Ort: dem M\u00fclleimer.                <div class=\"clearfix\"><\/div>\n            <\/div>\n        <\/div>\n        <!-- GT Shortcodes - Alert - End -->\n\n        <\/p>\n<p style=\"text-align: justify;\">\n        <!-- GT Shortcodes - Alert - Start -->\n        <style type=\"text\/css\" media=\"screen\">\n                    <\/style>\n        <div class=\"gt-shortcodes\">\n            <div id=\"gt-alert-974\" class=\"alert alert-info alert-dismissible\" role=\"alert\"\n                 style=\"color:#ffffff!important;background-color:#54bab7!important;border-style:none!important;\">\n                Deltebre befindet sich in einem ausgedehnten Feuchtgebiet, weshalb nat\u00fcrlich M\u00fccken vorhanden sind, insbesondere im Sommer und im Herbst. Sie brauchen nur einen M\u00fcckenschutz, das Sie in jeder Apotheke oder Supermarkt erhalten.                <div class=\"clearfix\"><\/div>\n            <\/div>\n        <\/div>\n        <!-- GT Shortcodes - Alert - End -->\n\n        <\/p>\n<p style=\"text-align: justify;\">\n        <!-- GT Shortcodes - Alert - Start -->\n        <style type=\"text\/css\" media=\"screen\">\n                    <\/style>\n        <div class=\"gt-shortcodes\">\n            <div id=\"gt-alert-748\" class=\"alert alert-info alert-dismissible\" role=\"alert\"\n                 style=\"color:#ffffff!important;background-color:#54bab7!important;border-style:none!important;\">\n                Wenn Sie V\u00f6gel beobachten wollen, vergessen Sie nicht Ihr Fernglas. Die besten Jahreszeiten f\u00fcr die Vogelbeobachtung sind der Fr\u00fchling und der Herbst. Und die beste Zeit hierf\u00fcr ist morgens und bei Einbruch der Dunkelheit. Wussten Sie au\u00dferdem, dass je unauff\u00e4lliger Ihre Kleidung ist, desto weniger scheuchen Sie die V\u00f6gel auf und desto einfacher k\u00f6nnen Sie diese beobachten?                <div class=\"clearfix\"><\/div>\n            <\/div>\n        <\/div>\n        <!-- GT Shortcodes - Alert - End -->\n\n        <\/p>\n<p><b><img loading=\"lazy\" class=\"alignnone size-full wp-image-391\" src=\"https:\/\/deltebre.cat\/turisme\/wp-content\/uploads\/2016\/07\/punt-1.png\" alt=\"punt\" width=\"33\" height=\"28\" \/>Gesch\u00e4fte<\/b><\/p>\n<p><img loading=\"lazy\" class=\"alignnone wp-image-389 size-full\" src=\"https:\/\/deltebre.cat\/turisme\/wp-content\/uploads\/2016\/07\/shopping.jpg\" alt=\"Wichtige Informationen\" width=\"900\" height=\"350\" \/><\/p>\n<p style=\"text-align: justify;\">Wenn Sie shoppen gehen wollen, finden Sie in Deltebre alles, was Sie brauchen: Kleidergesch\u00e4fte, Schuhgesch\u00e4fte, Superm\u00e4rkte, Apotheken, Konditoreien, Hofl\u00e4den (Agrotiendas), Fischgesch\u00e4fte, Gesch\u00e4fte mit Meeresfr\u00fcchten usw. Sie befinden Sich in guten H\u00e4nden einer Branche, die sich dadurch kennzeichnet, einen pers\u00f6nlichen und kundennahen Service anzubieten.<\/p>\n<p style=\"text-align: justify;\">\n        <!-- GT Shortcodes - Alert - Start -->\n        <style type=\"text\/css\" media=\"screen\">\n                    <\/style>\n        <div class=\"gt-shortcodes\">\n            <div id=\"gt-alert-240\" class=\"alert alert-info alert-dismissible\" role=\"alert\"\n                 style=\"color:#ffffff!important;background-color:#54bab7!important;border-style:none!important;\">\n                Gesch\u00e4ftszeiten: Generell sind die Gesch\u00e4fte von 10:00 bis 13:30 Uhr und von 16:30 bis 20:30 Uhr von Montag bis Samstag ge\u00f6ffnet. Manche \u00f6ffnen auch an Sonn- und Feiertagen.                <div class=\"clearfix\"><\/div>\n            <\/div>\n        <\/div>\n        <!-- GT Shortcodes - Alert - End -->\n\n        <\/p>\n<p><b><img loading=\"lazy\" class=\"alignnone size-full wp-image-391\" src=\"https:\/\/deltebre.cat\/turisme\/wp-content\/uploads\/2016\/07\/punt-1.png\" alt=\"punt\" width=\"33\" height=\"28\" \/>Klima<\/b><\/p>\n<p><img loading=\"lazy\" class=\"alignnone size-full wp-image-5192\" src=\"https:\/\/deltebre.cat\/turisme\/wp-content\/uploads\/2016\/07\/flamencs_2.jpg\" alt=\"\" width=\"900\" height=\"350\" srcset=\"https:\/\/atraccionatural.cat\/wp-content\/uploads\/2016\/07\/flamencs_2.jpg 900w, https:\/\/atraccionatural.cat\/wp-content\/uploads\/2016\/07\/flamencs_2-300x117.jpg 300w, https:\/\/atraccionatural.cat\/wp-content\/uploads\/2016\/07\/flamencs_2-768x299.jpg 768w, https:\/\/atraccionatural.cat\/wp-content\/uploads\/2016\/07\/flamencs_2-500x194.jpg 500w, https:\/\/atraccionatural.cat\/wp-content\/uploads\/2016\/07\/flamencs_2-470x183.jpg 470w\" sizes=\"(max-width: 900px) 100vw, 900px\" \/><\/p>\n<p style=\"text-align: justify;\">In Deltebre herrscht ein Mittelmeerklima. Die Sommer sind hei\u00df, mit \u00fcberwiegend Sonne. Die Winter zeichnen sich durch ein gem\u00e4\u00dfigtes Klima und den Mistral, einen kalten Fallwind, aus, der den Himmel f\u00fcr die Farben des Sonnenuntergangs vorbereitet, w\u00e4hrend sich die leichten Regenf\u00e4lle auf den Fr\u00fchling und Herbst konzentrieren.<\/p>\n<p><b><img loading=\"lazy\" class=\"alignnone size-full wp-image-391\" src=\"https:\/\/deltebre.cat\/turisme\/wp-content\/uploads\/2016\/07\/punt-1.png\" alt=\"punt\" width=\"33\" height=\"28\" \/>Reisen durch Deltebre<br \/>\n<\/b><\/p>\n<p><img loading=\"lazy\" class=\"alignnone wp-image-410 size-full\" src=\"https:\/\/deltebre.cat\/turisme\/wp-content\/uploads\/2016\/07\/trasnport.jpg\" alt=\"trasnport\" width=\"900\" height=\"350\" \/><\/p>\n<p style=\"text-align: justify;\">Um sich innerhalb der Gemeinde zu bewegen, k\u00f6nnen Sie mit dem Auto, dem Rad oder dem Bus fahren oder zu Fu\u00df gehen. Das Delta verf\u00fcgt \u00fcber ein vollst\u00e4ndiges Netz mit Landstra\u00dfen, das Ihnen die Verkehrsverbindung durch das Gebiet erm\u00f6glicht. Dar\u00fcber hinaus stehen Ihnen unz\u00e4hlige Kilometer an Radweg durch abwechselnde Landschaften zur Verf\u00fcgung. W\u00e4hrend der Sommerzeit (Juli und August) gibt es eine <a href=\"http:\/\/www.hife.es\/en-GB\" target=\"_blank\" rel=\"noopener noreferrer\">regelm\u00e4\u00dfige Busverbindung zwischen<\/a> Deltebre und Riumar.<\/p>\n<p><b><img loading=\"lazy\" class=\"alignnone size-full wp-image-391\" src=\"https:\/\/deltebre.cat\/turisme\/wp-content\/uploads\/2016\/07\/punt-1.png\" alt=\"punt\" width=\"33\" height=\"28\" \/><\/b><strong>Wichtige Rufnummern und Adressen<br \/>\n<\/strong><\/p>\n<p style=\"text-align: justify;\">Vorwahl f\u00fcr Anrufe aus dem Ausland: 0034<\/p>\n<p style=\"text-align: justify;\">\n        <!-- GT Shortcodes - Alert - Start -->\n        <style type=\"text\/css\" media=\"screen\">\n                    <\/style>\n        <div class=\"gt-shortcodes\">\n            <div id=\"gt-alert-583\" class=\"alert alert-info alert-dismissible\" role=\"alert\"\n                 style=\"color:#ffffff!important;background-color:#54bab7!important;border-style:none!important;\">\n                NOTRUFNUMMER: 112\n                <div class=\"clearfix\"><\/div>\n            <\/div>\n        <\/div>\n        <!-- GT Shortcodes - Alert - End -->\n\n        <\/p>\n<p style=\"text-align: justify;\">MEDIZINISCHE VERSORGUNG<\/p>\n<p style=\"text-align: justify;\">\n        <!-- GT Shortcodes - Alert - Start -->\n        <style type=\"text\/css\" media=\"screen\">\n                    <\/style>\n        <div class=\"gt-shortcodes\">\n            <div id=\"gt-alert-371\" class=\"alert alert-info alert-dismissible\" role=\"alert\"\n                 style=\"color:#ffffff!important;background-color:#54bab7!important;border-style:none!important;\">\n                Medizinische Notf\u00e4lle: 061                <div class=\"clearfix\"><\/div>\n            <\/div>\n        <\/div>\n        <!-- GT Shortcodes - Alert - End -->\n\n        <\/p>\n<p style=\"text-align: justify;\">\n        <!-- GT Shortcodes - Alert - Start -->\n        <style type=\"text\/css\" media=\"screen\">\n                    <\/style>\n        <div class=\"gt-shortcodes\">\n            <div id=\"gt-alert-894\" class=\"alert alert-info alert-dismissible\" role=\"alert\"\n                 style=\"color:#ffffff!important;background-color:#54bab7!important;border-style:none!important;\">\n                Zentrum f\u00fcr medizinische Prim\u00e4rversorgung (CAP): +34 977 489 691 \/ Av. Esportiva, 164. 43580 &#8211; Deltebre. 24 h Bereitschaftsdienst                <div class=\"clearfix\"><\/div>\n            <\/div>\n        <\/div>\n        <!-- GT Shortcodes - Alert - End -->\n\n        <\/p>\n<p style=\"text-align: justify;\">\n        <!-- GT Shortcodes - Alert - Start -->\n        <style type=\"text\/css\" media=\"screen\">\n                    <\/style>\n        <div class=\"gt-shortcodes\">\n            <div id=\"gt-alert-583\" class=\"alert alert-info alert-dismissible\" role=\"alert\"\n                 style=\"color:#ffffff!important;background-color:#54bab7!important;border-style:none!important;\">\n                Hospital Tortosa Verge de la Cinta: +34 977 519 100 \/ Esplanetes, 44-58. 43500 &#8211; Tortosa                <div class=\"clearfix\"><\/div>\n            <\/div>\n        <\/div>\n        <!-- GT Shortcodes - Alert - End -->\n\n        <\/p>\n<p style=\"text-align: justify;\">\n        <!-- GT Shortcodes - Alert - Start -->\n        <style type=\"text\/css\" media=\"screen\">\n                    <\/style>\n        <div class=\"gt-shortcodes\">\n            <div id=\"gt-alert-412\" class=\"alert alert-info alert-dismissible\" role=\"alert\"\n                 style=\"color:#ffffff!important;background-color:#54bab7!important;border-style:none!important;\">\n                Hospital Comarcal d\u2019Amposta: +34 977 700 050 \/ C. Jacint Verdaguer, 11. 43870 &#8211; Amposta\n                <div class=\"clearfix\"><\/div>\n            <\/div>\n        <\/div>\n        <!-- GT Shortcodes - Alert - End -->\n\n        <\/p>\n<p style=\"text-align: justify;\">\n        <!-- GT Shortcodes - Alert - Start -->\n        <style type=\"text\/css\" media=\"screen\">\n                    <\/style>\n        <div class=\"gt-shortcodes\">\n            <div id=\"gt-alert-692\" class=\"alert alert-info alert-dismissible\" role=\"alert\"\n                 style=\"color:#ffffff!important;background-color:#54bab7!important;border-style:none!important;\">\n                <a href=\"http:\/\/www.coft.org\/font\/gpobles.php?CODI=40\" target=\"parent\" rel=\"noopener noreferrer\">Apothekennotdienst<\/a>\n                <div class=\"clearfix\"><\/div>\n            <\/div>\n        <\/div>\n        <!-- GT Shortcodes - Alert - End -->\n\n        <\/p>\n<p style=\"text-align: justify;\">BEV\u00d6LKERUNGSSCHUTZ<\/p>\n<p style=\"text-align: justify;\">\n        <!-- GT Shortcodes - Alert - Start -->\n        <style type=\"text\/css\" media=\"screen\">\n                    <\/style>\n        <div class=\"gt-shortcodes\">\n            <div id=\"gt-alert-524\" class=\"alert alert-info alert-dismissible\" role=\"alert\"\n                 style=\"color:#ffffff!important;background-color:#54bab7!important;border-style:none!important;\">\n                Feuerwehr: 085                <div class=\"clearfix\"><\/div>\n            <\/div>\n        <\/div>\n        <!-- GT Shortcodes - Alert - End -->\n\n        <\/p>\n<p style=\"text-align: justify;\">\n        <!-- GT Shortcodes - Alert - Start -->\n        <style type=\"text\/css\" media=\"screen\">\n                    <\/style>\n        <div class=\"gt-shortcodes\">\n            <div id=\"gt-alert-653\" class=\"alert alert-info alert-dismissible\" role=\"alert\"\n                 style=\"color:#ffffff!important;background-color:#54bab7!important;border-style:none!important;\">\n                Kommunale Polizeibeh\u00f6rde: +34 977 487 100 \/ +34 609 200 898                <div class=\"clearfix\"><\/div>\n            <\/div>\n        <\/div>\n        <!-- GT Shortcodes - Alert - End -->\n\n        <\/p>\n<p style=\"text-align: justify;\">\n        <!-- GT Shortcodes - Alert - Start -->\n        <style type=\"text\/css\" media=\"screen\">\n                    <\/style>\n        <div class=\"gt-shortcodes\">\n            <div id=\"gt-alert-49\" class=\"alert alert-info alert-dismissible\" role=\"alert\"\n                 style=\"color:#ffffff!important;background-color:#54bab7!important;border-style:none!important;\">\n                Mossos d\u2018Esquadra (Polizei Kataloniens): 088                <div class=\"clearfix\"><\/div>\n            <\/div>\n        <\/div>\n        <!-- GT Shortcodes - Alert - End -->\n\n        <\/p>\n<p style=\"text-align: justify;\">\n        <!-- GT Shortcodes - Alert - Start -->\n        <style type=\"text\/css\" media=\"screen\">\n                    <\/style>\n        <div class=\"gt-shortcodes\">\n            <div id=\"gt-alert-427\" class=\"alert alert-info alert-dismissible\" role=\"alert\"\n                 style=\"color:#ffffff!important;background-color:#54bab7!important;border-style:none!important;\">\n                Gu\u00e0rdia Civil: 062\n                <div class=\"clearfix\"><\/div>\n            <\/div>\n        <\/div>\n        <!-- GT Shortcodes - Alert - End -->\n\n        <\/p>\n<p style=\"text-align: justify;\">VERKEHR<\/p>\n<p style=\"text-align: justify;\">\n        <!-- GT Shortcodes - Alert - Start -->\n        <style type=\"text\/css\" media=\"screen\">\n                    <\/style>\n        <div class=\"gt-shortcodes\">\n            <div id=\"gt-alert-927\" class=\"alert alert-info alert-dismissible\" role=\"alert\"\n                 style=\"color:#ffffff!important;background-color:#54bab7!important;border-style:none!important;\">\n                AENA: +34 902 404 704 \/ +34\u00a0913 211 000\n                <div class=\"clearfix\"><\/div>\n            <\/div>\n        <\/div>\n        <!-- GT Shortcodes - Alert - End -->\n\n        <\/p>\n<p style=\"text-align: justify;\">\n        <!-- GT Shortcodes - Alert - Start -->\n        <style type=\"text\/css\" media=\"screen\">\n                    <\/style>\n        <div class=\"gt-shortcodes\">\n            <div id=\"gt-alert-816\" class=\"alert alert-info alert-dismissible\" role=\"alert\"\n                 style=\"color:#ffffff!important;background-color:#54bab7!important;border-style:none!important;\">\n                Hife: +34 902 119 814\n                <div class=\"clearfix\"><\/div>\n            <\/div>\n        <\/div>\n        <!-- GT Shortcodes - Alert - End -->\n\n        <\/p>\n<p style=\"text-align: justify;\">\n        <!-- GT Shortcodes - Alert - Start -->\n        <style type=\"text\/css\" media=\"screen\">\n                    <\/style>\n        <div class=\"gt-shortcodes\">\n            <div id=\"gt-alert-548\" class=\"alert alert-info alert-dismissible\" role=\"alert\"\n                 style=\"color:#ffffff!important;background-color:#54bab7!important;border-style:none!important;\">\n                Renfe: +34 902 240 202\n                <div class=\"clearfix\"><\/div>\n            <\/div>\n        <\/div>\n        <!-- GT Shortcodes - Alert - End -->\n\n        <\/p>\n<p style=\"text-align: justify;\">\n        <!-- GT Shortcodes - Alert - Start -->\n        <style type=\"text\/css\" media=\"screen\">\n                    <\/style>\n        <div class=\"gt-shortcodes\">\n            <div id=\"gt-alert-166\" class=\"alert alert-info alert-dismissible\" role=\"alert\"\n                 style=\"color:#ffffff!important;background-color:#54bab7!important;border-style:none!important;\">\n                Taxivereinigung von Deltebre: +34 608 737 110                <div class=\"clearfix\"><\/div>\n            <\/div>\n        <\/div>\n        <!-- GT Shortcodes - Alert - End -->\n\n        <\/p>\n<p style=\"text-align: justify;\">\n        <!-- GT Shortcodes - Alert - Start -->\n        <style type=\"text\/css\" media=\"screen\">\n                    <\/style>\n        <div class=\"gt-shortcodes\">\n            <div id=\"gt-alert-642\" class=\"alert alert-info alert-dismissible\" role=\"alert\"\n                 style=\"color:#ffffff!important;background-color:#54bab7!important;border-style:none!important;\">\n                Taxi Jos\u00e9 Red\u00f3: +34 629 724 153\n                <div class=\"clearfix\"><\/div>\n            <\/div>\n        <\/div>\n        <!-- GT Shortcodes - Alert - End -->\n\n        <\/p>\n<p style=\"text-align: justify;\">\n        <!-- GT Shortcodes - Alert - Start -->\n        <style type=\"text\/css\" media=\"screen\">\n                    <\/style>\n        <div class=\"gt-shortcodes\">\n            <div id=\"gt-alert-230\" class=\"alert alert-info alert-dismissible\" role=\"alert\"\n                 style=\"color:#ffffff!important;background-color:#54bab7!important;border-style:none!important;\">\n                Taxi Berqu: +34 617 480 583\n                <div class=\"clearfix\"><\/div>\n            <\/div>\n        <\/div>\n        <!-- GT Shortcodes - Alert - End -->\n\n        <\/p>\n<p style=\"text-align: justify;\">SONSTIGE<\/p>\n<p style=\"text-align: justify;\">\n        <!-- GT Shortcodes - Alert - Start -->\n        <style type=\"text\/css\" media=\"screen\">\n                    <\/style>\n        <div class=\"gt-shortcodes\">\n            <div id=\"gt-alert-940\" class=\"alert alert-info alert-dismissible\" role=\"alert\"\n                 style=\"color:#ffffff!important;background-color:#54bab7!important;border-style:none!important;\">\n                Stadtverwaltung von Deltebre: +34 977 489 309\n                <div class=\"clearfix\"><\/div>\n            <\/div>\n        <\/div>\n        <!-- GT Shortcodes - Alert - End -->\n\n        <\/p>\n<p style=\"text-align: justify;\">\n        <!-- GT Shortcodes - Alert - Start -->\n        <style type=\"text\/css\" media=\"screen\">\n                    <\/style>\n        <div class=\"gt-shortcodes\">\n            <div id=\"gt-alert-282\" class=\"alert alert-info alert-dismissible\" role=\"alert\"\n                 style=\"color:#ffffff!important;background-color:#54bab7!important;border-style:none!important;\">\n                B\u00fcrgerdienste: 012                <div class=\"clearfix\"><\/div>\n            <\/div>\n        <\/div>\n        <!-- GT Shortcodes - Alert - End -->\n\n        <\/p>\n<p style=\"text-align: justify;\">\n        <!-- GT Shortcodes - Alert - Start -->\n        <style type=\"text\/css\" media=\"screen\">\n                    <\/style>\n        <div class=\"gt-shortcodes\">\n            <div id=\"gt-alert-840\" class=\"alert alert-info alert-dismissible\" role=\"alert\"\n                 style=\"color:#ffffff!important;background-color:#54bab7!important;border-style:none!important;\">\n                Rotes Kreuz: +34 977 481 006 \/ +34 629 120 091                <div class=\"clearfix\"><\/div>\n            <\/div>\n        <\/div>\n        <!-- GT Shortcodes - Alert - End -->\n\n        <\/p>\n<p style=\"text-align: justify;\">\n        <!-- GT Shortcodes - Alert - Start -->\n        <style type=\"text\/css\" media=\"screen\">\n                    <\/style>\n        <div class=\"gt-shortcodes\">\n            <div id=\"gt-alert-580\" class=\"alert alert-info alert-dismissible\" role=\"alert\"\n                 style=\"color:#ffffff!important;background-color:#54bab7!important;border-style:none!important;\">\n                Naturpark Ebrodelta: +34 977 482 181                <div class=\"clearfix\"><\/div>\n            <\/div>\n        <\/div>\n        <!-- GT Shortcodes - Alert - End -->\n\n        <\/p>\n<p style=\"text-align: justify;\">\n        <!-- GT Shortcodes - Alert - Start -->\n        <style type=\"text\/css\" media=\"screen\">\n                    <\/style>\n        <div class=\"gt-shortcodes\">\n            <div id=\"gt-alert-908\" class=\"alert alert-info alert-dismissible\" role=\"alert\"\n                 style=\"color:#ffffff!important;background-color:#54bab7!important;border-style:none!important;\">\n                Ranger: +34 977 706 261                <div class=\"clearfix\"><\/div>\n            <\/div>\n        <\/div>\n        <!-- GT Shortcodes - Alert - End -->\n\n        <\/p>\n<p style=\"text-align: justify;\">\n        <!-- GT Shortcodes - Alert - Start -->\n        <style type=\"text\/css\" media=\"screen\">\n                    <\/style>\n        <div class=\"gt-shortcodes\">\n            <div id=\"gt-alert-908\" class=\"alert alert-info alert-dismissible\" role=\"alert\"\n                 style=\"color:#ffffff!important;background-color:#54bab7!important;border-style:none!important;\">\n                Verband f\u00fcr Handels- und Tourismusverband (FECOTUR): +34 977 489 744                <div class=\"clearfix\"><\/div>\n            <\/div>\n        <\/div>\n        <!-- GT Shortcodes - Alert - End -->\n\n        <\/p>\n","protected":false},"excerpt":{"rendered":"<p>N\u00fctzliche Tipps Deltebre befindet sich im Herzen des Naturparks Ebrodelta, einem Raum, der sowohl von der nat\u00fcrlichen Umwelt als auch der landwirtschaftlichen Bev\u00f6lkerung und den Touristen genutzt wird. Helfen Sie mit diesen einfachen Hinweisen bei der Erhaltung dieses Gebiets mit:&hellip;<\/p>\n","protected":false},"author":123458,"featured_media":0,"parent":0,"menu_order":0,"comment_status":"closed","ping_status":"closed","template":"","meta":[],"categories":[],"tags":[],"_links":{"self":[{"href":"https:\/\/atraccionatural.cat\/de\/wp-json\/wp\/v2\/pages\/3255\/"}],"collection":[{"href":"https:\/\/atraccionatural.cat\/de\/wp-json\/wp\/v2\/pages\/"}],"about":[{"href":"https:\/\/atraccionatural.cat\/de\/wp-json\/wp\/v2\/types\/page\/"}],"author":[{"embeddable":true,"href":"https:\/\/atraccionatural.cat\/de\/wp-json\/wp\/v2\/users\/123458\/"}],"replies":[{"embeddable":true,"href":"https:\/\/atraccionatural.cat\/de\/wp-json\/wp\/v2\/comments\/?post=3255"}],"version-history":[{"count":12,"href":"https:\/\/atraccionatural.cat\/de\/wp-json\/wp\/v2\/pages\/3255\/revisions\/"}],"predecessor-version":[{"id":8497,"href":"https:\/\/atraccionatural.cat\/de\/wp-json\/wp\/v2\/pages\/3255\/revisions\/8497\/"}],"wp:attachment":[{"href":"https:\/\/atraccionatural.cat\/de\/wp-json\/wp\/v2\/media\/?parent=3255"}],"wp:term":[{"taxonomy":"category","embeddable":true,"href":"https:\/\/atraccionatural.cat\/de\/wp-json\/wp\/v2\/categories\/?post=3255"},{"taxonomy":"post_tag","embeddable":true,"href":"https:\/\/atraccionatural.cat\/de\/wp-json\/wp\/v2\/tags\/?post=3255"}],"curies":[{"name":"wp","href":"https:\/\/api.w.org\/{rel}","templated":true}]}}