{"id":3261,"date":"2016-07-28T10:18:04","date_gmt":"2016-07-28T10:18:04","guid":{"rendered":"http:\/\/deltebre.cat\/turisme\/index.php\/viu-lo-riu\/?lang=de"},"modified":"2019-02-28T11:43:58","modified_gmt":"2019-02-28T10:43:58","slug":"erleben-sie-den-rio-ebro","status":"publish","type":"page","link":"https:\/\/atraccionatural.cat\/de\/erleben-sie-den-rio-ebro\/","title":{"rendered":"Erleben Sie den Rio Ebro"},"content":{"rendered":"<p style=\"text-align: justify;\">Betrachten Sie genau den Verlauf des Wassers: Steigt es oder sinkt es? Der sanfte Wellengang des Flusses, zusammen mit seiner so typischen gr\u00fcn-blauen Farbe und dem Vogelgesang, wird Sie hypnotisieren und in einen Zustand der Ruhe versetzen, den Sie niemals zuvor versp\u00fcrt haben. Nach 930 km erreicht der Ebro seinen letzten Abschnitt und passiert dabei Deltebre. Entlang des Flusses zu fahren, ist eine Erfahrung, die Sie unbedingt machen m\u00fcssen, wenn Sie uns besuchen. Gef\u00fchrte Touren, Kajakausfl\u00fcge&#8230; \u00dcber den Fluss gelangen Sie an Orte von besonderem Interesse, wie zum Beispiel die Flussm\u00fcndung, die Isla de Gr\u00e0cia, die Gola de Migjorn, die Isla de Sant Antoni, die Isla de Buda und die Isla de Sapinya. Aber beachten Sie, dass diese Gebiete mit eingeschr\u00e4nktem Zutritt sind, weshalb Sie dort nicht mit Ihrem Boot anlaufen d\u00fcrfen.<\/p>\n<p style=\"text-align: justify;\"><strong><img loading=\"lazy\" class=\"alignnone size-full wp-image-352\" src=\"https:\/\/deltebre.cat\/turisme\/wp-content\/uploads\/2016\/07\/asterisc_ok.png\" alt=\"asterisc_ok\" width=\"33\" height=\"28\" \/>TOURISTENKREUZFAHRTEN<\/strong><\/p>\n<p style=\"text-align: justify;\">Von gro\u00dfen Schiffen bis schnellen Motorbooten werden Routen entlang des gesamten letzten schiffbaren Abschnitts des Ebro durchgef\u00fchrt. Es handelt sich um eine spielerische T\u00e4tigkeit, die es Ihnen erm\u00f6glicht, den gro\u00dfen<a href=\"https:\/\/atraccionatural.cat\/riquesa-natural\/?lang=de\" target=\"_blank\" rel=\"noopener noreferrer\"> nat\u00fcrlichen Sehensw\u00fcrdigkeiten<\/a> ganz nahe zu sein, wie der Flussm\u00fcndung, der Isla de Buda oder der Isla de Sant Antoni. Und wenn Sie auf ein Schiffsrestaurant steigen, k\u00f6nnen Sie die lokale K\u00fcche genie\u00dfen, w\u00e4hrend Sie sich an der angenehmen Fahrt entlang des Flusses erfreuen.\u00a0<a href=\"https:\/\/atraccionatural.cat\/serveis-turistics\/?lang=de\" target=\"_blank\" rel=\"noopener noreferrer\">Weitere Informationen<\/a>.<\/p>\n<p style=\"text-align: justify;\"><strong><img loading=\"lazy\" class=\"alignnone size-full wp-image-352\" src=\"https:\/\/deltebre.cat\/turisme\/wp-content\/uploads\/2016\/07\/asterisc_ok.png\" alt=\"Erleben Sie den Fluss\" width=\"33\" height=\"28\" \/>BOOTSFAHRT<\/strong><\/p>\n<p style=\"text-align: justify;\">Eine der wichtigsten nat\u00fcrlichen Sehensw\u00fcrdigkeiten in Deltebre ist der Ebro. K\u00f6nnen Sie sich vorstellen, Ihr eigenes Boot zu steuern? \u00dcber einen Fluss zu fahren, der so voller Leben ist? Jetzt k\u00f6nnen Sie es tun! Sie m\u00fcssen nur ein Schiff mieten. Um ein kleines Touristenboot zu fahren, brauchen Sie keine besondere Erlaubnis oder einen bestimmten Ausweis, jedoch ist es wichtig, dass Sie sich an die jeweiligen Hinweise des Unternehmens halten. Bedenken Sie, dass der Fluss, das Meer oder das Land eine privilegierte Umgebung darstellen, die Ihnen die Tore \u00f6ffnen. Helfen Sie uns, sie zu sch\u00fctzen!\u00a0<a href=\"https:\/\/atraccionatural.cat\/serveis-turistics\/?lang=de\" target=\"_blank\" rel=\"noopener noreferrer\">Weitere Informationen<\/a>.<\/p>\n<p style=\"text-align: justify;\"><strong><img loading=\"lazy\" class=\"alignnone size-full wp-image-352\" src=\"https:\/\/deltebre.cat\/turisme\/wp-content\/uploads\/2016\/07\/asterisc_ok.png\" alt=\"Erleben Sie den Fluss\" width=\"33\" height=\"28\" \/>EIN BOOT \u201e\u00c0 LA CARTE\u201c<\/strong><\/p>\n<p align=\"justify\"><span style=\"font-size: small;\">Wenn Sie eine Alternative zu den Flusskreuzfahrten oder den traditionelleren Bootsausfl\u00fcgen suchen, dann k\u00f6nnen Sie <a href=\"https:\/\/atraccionatural.cat\/de\/touristische-dienstleistungen-in-deltebre\/\"><span style=\"text-decoration: underline;\">ein Boot mieten <\/span><\/a><\/span><!-- ???NOU: \nEnlla\u00e7 intern a:\nEntdecken > Tourismusangebote\n?????????? --><span style=\"font-size: small;\">und Ihr Fest oder Ihre Hochzeit auf ganz besondere Weise feiern, einen Ausflug zur Vogelbeobachtung unternehmen, bei Vollmond einen Abend auf dem Fluss erleben\u2026 Sie haben die Wahl! Mit wem Sie wollen, wo Sie wollen und wann Sie wollen.<\/span><\/p>\n<p style=\"text-align: justify;\"><strong><img loading=\"lazy\" class=\"alignnone size-full wp-image-352\" src=\"https:\/\/deltebre.cat\/turisme\/wp-content\/uploads\/2016\/07\/asterisc_ok.png\" alt=\"asterisc_ok\" width=\"33\" height=\"28\" \/>NACHTFAHRT MIT DEM KAJAK<br \/>\n<\/strong><\/p>\n<p style=\"text-align: justify;\">Trauen Sie sich, den Ebro nachts zu befahren, lediglich geleitet durch die Spiegelung des Mondlichts auf dem Wasser? Sie wird \u201edie magische Nacht\u201c genannt, und das nicht zu Unrecht, denn das ist das Gef\u00fchl, das Sie erleben, wenn Sie sich f\u00fcr diesen Wasserausflug entscheiden. Zwischen Juni und September werden mehrere Touren organisiert. Sie brauchen nur ein Kajak (wenn Sie keines haben, k\u00f6nnen Sie eines ausleihen), um den letzten Abschnitt des Ebros in Ruhe zu befahren. Am Ende der Tour erwartet Sie ein Abendessen genau auf der alten F\u00e4hre, die die beiden Ufer vor dem Bau der Br\u00fccke Lo Passador verband.\u00a0<a href=\"http:\/\/www.riualebre.com\/kayak\" target=\"_blank\" rel=\"noopener noreferrer\">Weitere Informationen<\/a>.<\/p>\n<p style=\"text-align: justify;\"><b><strong><img loading=\"lazy\" class=\"alignnone size-full wp-image-352\" src=\"https:\/\/deltebre.cat\/turisme\/wp-content\/uploads\/2016\/07\/asterisc_ok.png\" alt=\"asterisc_ok\" width=\"33\" height=\"28\" \/><\/strong>VIA BLAVA &#8211; DIE REISROUTE<br \/>\n<\/b><\/p>\n<p style=\"text-align: justify;\">Anstatt flussabw\u00e4rts, fahren Sie doch flussaufw\u00e4rts! Eine Schifffahrt von der Einm\u00fcndung des Ebro bis zu den Ortschaften flussaufw\u00e4rts. Sie k\u00f6nnen die wichtigsten Reisfelder der Terres de l\u2018Ebre besichtigen.\u00a0<a href=\"http:\/\/www.cnriumar.com\/index.php\" target=\"_blank\" rel=\"noopener noreferrer\">Weitere Informationen<\/a>.<\/p>\n<p style=\"text-align: justify;\"><b><strong><img loading=\"lazy\" class=\"alignnone size-full wp-image-352\" src=\"https:\/\/deltebre.cat\/turisme\/wp-content\/uploads\/2016\/07\/asterisc_ok.png\" alt=\"asterisc_ok\" width=\"33\" height=\"28\" \/><\/strong>LLAGUT CATAL\u00c0<\/b><\/p>\n<p style=\"text-align: justify;\">Jedes Jahr veranstaltet Deltebre eine Regatta im Rahmen der Lliga Catalana de Llagut Catal\u00e0, an der alle Rudermannschaften des Gebiets teilnehmen. Deltebre verf\u00fcgt \u00fcber eine lokale Rudermannschaft &#8211; A.E. Xino-Xano. Llagut Catal\u00e0 ist ein Schiff, das in den Terres de l\u2018Ebre als Werkzeug f\u00fcr den Fischfang im Delta konzipiert wurde.<\/p>\n","protected":false},"excerpt":{"rendered":"<p>Betrachten Sie genau den Verlauf des Wassers: Steigt es oder sinkt es? Der sanfte Wellengang des Flusses, zusammen mit seiner so typischen gr\u00fcn-blauen Farbe und dem Vogelgesang, wird Sie hypnotisieren und in einen Zustand der Ruhe versetzen, den Sie niemals&hellip;<\/p>\n","protected":false},"author":123458,"featured_media":6502,"parent":0,"menu_order":0,"comment_status":"closed","ping_status":"closed","template":"","meta":[],"categories":[145],"tags":[],"_links":{"self":[{"href":"https:\/\/atraccionatural.cat\/de\/wp-json\/wp\/v2\/pages\/3261\/"}],"collection":[{"href":"https:\/\/atraccionatural.cat\/de\/wp-json\/wp\/v2\/pages\/"}],"about":[{"href":"https:\/\/atraccionatural.cat\/de\/wp-json\/wp\/v2\/types\/page\/"}],"author":[{"embeddable":true,"href":"https:\/\/atraccionatural.cat\/de\/wp-json\/wp\/v2\/users\/123458\/"}],"replies":[{"embeddable":true,"href":"https:\/\/atraccionatural.cat\/de\/wp-json\/wp\/v2\/comments\/?post=3261"}],"version-history":[{"count":12,"href":"https:\/\/atraccionatural.cat\/de\/wp-json\/wp\/v2\/pages\/3261\/revisions\/"}],"predecessor-version":[{"id":8508,"href":"https:\/\/atraccionatural.cat\/de\/wp-json\/wp\/v2\/pages\/3261\/revisions\/8508\/"}],"wp:featuredmedia":[{"embeddable":true,"href":"https:\/\/atraccionatural.cat\/de\/wp-json\/wp\/v2\/media\/6502\/"}],"wp:attachment":[{"href":"https:\/\/atraccionatural.cat\/de\/wp-json\/wp\/v2\/media\/?parent=3261"}],"wp:term":[{"taxonomy":"category","embeddable":true,"href":"https:\/\/atraccionatural.cat\/de\/wp-json\/wp\/v2\/categories\/?post=3261"},{"taxonomy":"post_tag","embeddable":true,"href":"https:\/\/atraccionatural.cat\/de\/wp-json\/wp\/v2\/tags\/?post=3261"}],"curies":[{"name":"wp","href":"https:\/\/api.w.org\/{rel}","templated":true}]}}