{"id":5969,"date":"2017-02-13T13:10:32","date_gmt":"2017-02-13T13:10:32","guid":{"rendered":"http:\/\/deltebre.cat\/turisme\/terres-de-lebre-2\/"},"modified":"2019-02-28T11:30:18","modified_gmt":"2019-02-28T10:30:18","slug":"terres-de-lebre","status":"publish","type":"page","link":"https:\/\/atraccionatural.cat\/de\/terres-de-lebre\/","title":{"rendered":"Terres de l&#8217;Ebre"},"content":{"rendered":"<p style=\"text-align: justify;\"><img loading=\"lazy\" class=\"alignnone size-full wp-image-3471\" src=\"https:\/\/deltebre.cat\/turisme\/wp-content\/uploads\/2016\/08\/flamencs.jpg\" alt=\"TERRES DE L'EBRE\" width=\"900\" height=\"350\" \/><\/p>\n<p>Terres de l\u2019Ebre ist ein aufstrebendes Fremdenverkehrsziel. Die Region, die das ganze Jahr \u00fcber ein stabiles und angenehmes Klima bietet und abseits des Trubels der \u00fcblichen Touristenstr\u00f6me liegt, wurde 2013 von der UNESCO zum Biosph\u00e4renreservat erkl\u00e4rt. Es ist genau das richtige Reiseziel, um einen traumhaften Urlaub mit der ganzen Familie oder mit Freunden zu verbringen.\u00a0In Terres de l\u2019Ebre erwarten Sie nahezu unbegrenzte M\u00f6glichkeiten: eine herrliche K\u00fcste, ein reiches kulturelles und geschichtliches Erbe, wundersch\u00f6ne Naturlandschaften mit einem vielf\u00e4ltigen Angebot an Outdoor-Aktivit\u00e4ten, die traditionelle mediterrane K\u00fcche, ein umfangreiches Freizeitangebot, Regionen mit gro\u00dfer Wein- und Reistradition sowie eine Vielzahl an Volksfesten und historischen Auff\u00fchrungen und Gedenkfeiern.\u00a0Der Ebro war, ist und wird wahrscheinlich auch in Zukunft die Lebensader dieser vier Landkreise sein, der s\u00fcdlichsten Kataloniens. Der Fluss ist aber auch ein Ort f\u00fcr Freizeit und Erholung, sei es an Bord eines Ausflugsbootes oder mit dem Kanu oder Kajak.<\/p>\n<p>Terres de l\u2019Ebre zeichnet sich besonders durch seine herrlichen Naturlandschaften aus, die zu den wichtigsten Anziehungspunkten der Region geh\u00f6ren. Darunter befinden sich auch zwei Naturparks, der Naturpark Ebrodelta und der Naturpark Els Ports, sowie ein Naturreservat und 19 weitere Gebiete, die Teil des Naturschutzprogramms Xarxa Natura 2000 sind. 35\u00a0% der Region sind Schutzgebiete, so dass Naturfreunde hier ganz auf ihre Kosten kommen und Outdoor-Aktivit\u00e4ten wie Klettern, Wandern und Vogelbeobachtung nachgehen k\u00f6nnen. Au\u00dferdem bieten die Bergregionen und die Deltaebene beste Voraussetzungen f\u00fcr Fahrradtourismus, ebenso wie der 49 km lange Radwanderweg V\u00eda Verde, der die Regionen Terra Alta und Baix Ebre durchquert.\u00a0Die K\u00fcstenregion hat von jedem St\u00fcckchen Mittelmeer etwas zu bieten. Im Norden erwarten uns einsame Badebuchten, die von der Steilk\u00fcste verborgen werden, w\u00e4hrend der S\u00fcden von weiten, flach im Meer auslaufenden Sandstr\u00e4nden gepr\u00e4gt ist. Das Wassersportzentrum Sant Carles de la R\u00e0pita h\u00e4lt ein nahezu unbegrenztes Angebot an Wassersport und Freizeitaktivit\u00e4ten f\u00fcr die ganze Familie bereit, um sich von Alcanar bis l\u2019Ametlla de Mar am Meer erfreuen zu k\u00f6nnen.<\/p>\n<p style=\"text-align: justify;\"><img loading=\"lazy\" class=\"alignnone size-full wp-image-3472\" src=\"https:\/\/deltebre.cat\/turisme\/wp-content\/uploads\/2016\/08\/muscleres.jpg\" alt=\"muscleres\" width=\"900\" height=\"350\" \/><\/p>\n<p>Der Ebro war f\u00fcr alle Kulturen, die sich in diesem Gebiet niedergelassen haben, von grundlegender Bedeutung. Die Besiedlung durch die verschiedenen Kulturv\u00f6lker hat ein einzigartiges und au\u00dfergew\u00f6hnliches historisches und architektonisches Erbe hinterlassen und den Charakter dieser vier Landkreise gepr\u00e4gt. Die kulturelle Vielfalt spiegelt sich im umfangreichen kulturellen Angebot der Region wieder, wie zum Beispiel die H\u00f6hlenmalereien von Ulldecona, die von der UNESCO zum Weltkulturerbe erkl\u00e4rt wurden, die historische Altstadt von Tortosa, die verschiedenen St\u00e4tten der w\u00e4hrend des Spanischen B\u00fcrgerkriegs ausgetragenen Schlacht am Ebro, die Weinbaugenossenschaften von Gandesa und El Pinell de Brai oder das Picasso-Zentrum in Horta de Sant Joan.\u00a0Voll zum Ausdruck kommt der kulturelle, geschichtliche und traditionelle Reichtum der Region im freundlichen und entgegenkommenden Wesen ihrer Einwohner und in ihrer K\u00fcche, die ein Mosaik der besten mediterranen Tradition darstellt. Im Mittelpunkt stehen hierbei der Reisanbau in den verschiedenen Orten des Ebrodeltas, wie Amposta, aber auch der enorme gastronomische Reichtum mit einer gro\u00dfen Vielfalt an Fisch und Meeresfr\u00fcchten aus der Region sowie dem hier angebauten Obst und Gem\u00fcse und anderen Produkten des Landes, wie dem Wein mit Ursprungsbezeichnung Terra Alta, Oliven\u00f6l und Honig, bei denen oftmals die ausgezeichnete Qualit\u00e4t anhand von Zertifizierungen belegt wird.<\/p>\n<p>Heutzutage kann man im Ebrodelta verschiedene Feste erleben, die zum touristischen Interesse erkl\u00e4rt wurden und die uns an l\u00e4ngst vergangene Zeiten erinnern. So zum Beispiel das Renaissance-Fest in Tortosa, die traditionelle Auff\u00fchrung der Leidensgeschichte Christi in Ulldecona oder das Fest zu Sant Antoni in der Gemeinde Asc\u00f3, das zum Kulturfest von nationalem Interesse erkl\u00e4rt wurde.<\/p>\n<p><strong>Hier, in Deltebre, f\u00e4ngt alles an. Es ist der perfekte Ausgangspunkt, um die gesamte Region zu entdecken. <a href=\"https:\/\/terresdelebre.travel\/de\">More information<\/a>.<\/strong><\/p>\n<p style=\"text-align: justify;\"><img loading=\"lazy\" class=\"alignnone size-full wp-image-3473\" src=\"https:\/\/deltebre.cat\/turisme\/wp-content\/uploads\/2016\/08\/terresdelebre.jpg\" alt=\"terresdelebre\" width=\"900\" height=\"350\" \/><\/p>\n","protected":false},"excerpt":{"rendered":"<p>Terres de l\u2019Ebre ist ein aufstrebendes Fremdenverkehrsziel. Die Region, die das ganze Jahr \u00fcber ein stabiles und angenehmes Klima bietet und abseits des Trubels der \u00fcblichen Touristenstr\u00f6me liegt, wurde 2013 von der UNESCO zum Biosph\u00e4renreservat erkl\u00e4rt. Es ist genau das&hellip;<\/p>\n","protected":false},"author":123458,"featured_media":0,"parent":0,"menu_order":0,"comment_status":"closed","ping_status":"closed","template":"","meta":[],"categories":[],"tags":[],"_links":{"self":[{"href":"https:\/\/atraccionatural.cat\/de\/wp-json\/wp\/v2\/pages\/5969\/"}],"collection":[{"href":"https:\/\/atraccionatural.cat\/de\/wp-json\/wp\/v2\/pages\/"}],"about":[{"href":"https:\/\/atraccionatural.cat\/de\/wp-json\/wp\/v2\/types\/page\/"}],"author":[{"embeddable":true,"href":"https:\/\/atraccionatural.cat\/de\/wp-json\/wp\/v2\/users\/123458\/"}],"replies":[{"embeddable":true,"href":"https:\/\/atraccionatural.cat\/de\/wp-json\/wp\/v2\/comments\/?post=5969"}],"version-history":[{"count":7,"href":"https:\/\/atraccionatural.cat\/de\/wp-json\/wp\/v2\/pages\/5969\/revisions\/"}],"predecessor-version":[{"id":8502,"href":"https:\/\/atraccionatural.cat\/de\/wp-json\/wp\/v2\/pages\/5969\/revisions\/8502\/"}],"wp:attachment":[{"href":"https:\/\/atraccionatural.cat\/de\/wp-json\/wp\/v2\/media\/?parent=5969"}],"wp:term":[{"taxonomy":"category","embeddable":true,"href":"https:\/\/atraccionatural.cat\/de\/wp-json\/wp\/v2\/categories\/?post=5969"},{"taxonomy":"post_tag","embeddable":true,"href":"https:\/\/atraccionatural.cat\/de\/wp-json\/wp\/v2\/tags\/?post=5969"}],"curies":[{"name":"wp","href":"https:\/\/api.w.org\/{rel}","templated":true}]}}