{"id":8492,"date":"2018-12-20T11:31:18","date_gmt":"2018-12-20T10:31:18","guid":{"rendered":"https:\/\/atraccionatural.cat\/deltebre-capital-delta\/"},"modified":"2019-02-28T11:14:05","modified_gmt":"2019-02-28T10:14:05","slug":"deltebre","status":"publish","type":"page","link":"https:\/\/atraccionatural.cat\/de\/deltebre\/","title":{"rendered":"Besuchen Sie Deltebre, die Hauptstadt des Ebrodeltas"},"content":{"rendered":"<p>[vc_row][vc_column][vc_column_text]<\/p>\n<p style=\"text-align: justify;\">Deltebre ist ohne Zweifel eine einzigartige Gemeinde mit traumhafter Lage im Herzen des Ebrodeltas. Es ist eine junge Gemeinde, die dank des Charakters seiner Einwohner und der einzigartigen Landschaft eine ganz besondere Ausstrahlung besitzt. Seit der Gr\u00fcndung vor etwas mehr als 40 Jahren hat sich Deltebre seinen traditionellen und l\u00e4ndlichen Geist bewahrt. Die Gemeinde hat es gleichzeitig aber auch verstanden, sich wirtschaftlich und sozial zu entwickeln und so einen unvergleichlichen Rahmen zu schaffen, um die einzigartige Umgebung des Ebrodeltas erleben und genie\u00dfen zu k\u00f6nnen.<\/p>\n<p>[\/vc_column_text][\/vc_column][\/vc_row][vc_row][vc_column][vc_column_text]<\/p>\n<h2 style=\"font-size: 20px; margin-top: 40px; font-weight: bold;\">Etwas Geschichte\u2026<\/h2>\n<h3>Land von \u201eNutzung und Gebrauch\u201c<\/h3>\n<div class=\"plegable\">\n<p>Es ist nicht genau bekannt, wie die Ortsteile La Cava und Jes\u00fas i Maria einst entstanden sind. Jedoch wird die Besiedlung dieses Gebiets erstmals w\u00e4hrend der Zeit der christlichen Eroberung erw\u00e4hnt, die Mitte des 12. Jahrhunderts von Tortosa aus erfolgte. Zu diesem Zeitpunkt wird das Delta f\u00fcr die Einwohner von Tortosa zu einem Land f\u00fcr \u201eNutzung und Gebrauch\u201c und bildet dank seiner nat\u00fcrlichen Ressourcen wie Salz, Salzkraut, Fisch usw. eine wichtige Quelle des Reichtums.<\/p>\n<\/div>\n<h3>Ursprung der Ortsbezeichnung La Cava<\/h3>\n<div class=\"plegable\">\n<p>Im 17. Jahrhundert kam es f\u00fcr die heutige Ortschaft Deltebre zu einem einschneidenden Ereignis: Der Fluss \u00e4nderte seinen Lauf und er verlie\u00df die gewundenen M\u00e4ander, die ihn durch Marquesa und Goler\u00f3 bis zur M\u00fcndung f\u00fchrten, um jetzt in gerader Linie zum Meer zu flie\u00dfen, so wie es auch heute noch der Fall ist.<\/p>\n<p>M\u00f6glicherweise wurde diese Richtungs\u00e4nderung des Flusses durch den Bau eines Bew\u00e4sserungsgrabens (oder \u201eCava\u201c genannt) beg\u00fcnstigt. Dieser k\u00f6nnte zwischen dem einstigen Flussbogen im heutigen Ortskern von Deltebre und den Lagunen angelegt worden sein, die sich im tiefer liegenden Teil zwischen dem Ort und der Catxa befanden. Tats\u00e4chlich k\u00f6nnte dieser Bew\u00e4sserungsgraben der Ursprung f\u00fcr die Ortsbezeichnung La Cava sein.<\/p>\n<\/div>\n<h3>Ein Land, das vom Fluss geschaffen wird<\/h3>\n<div class=\"plegable\">\n<p>Man wei\u00df von mehreren vereinzelten Siedlungen und Ortschaften, die sich in Preg\u00f3, Rac\u00f3 de Bomba und Galatxo befanden. Die \u00c4nderung des Flusslaufs zwang diese Siedlungen zu einer Verlegung, um sich wieder dem Fluss zu n\u00e4hern, der mehr nat\u00fcrliche Ressourcen bot, wie zum Beispiel im oberen Teil des Flussufers (Region Hortets) und unteren Teil (ehemalige Region von La Cava). Auf diese Weise kamen Menschen in beide Regionen, das Land wurde bestellt und inmitten des ehemaligen M\u00e4anders wurden Geb\u00e4ude errichtet, bis die neuen Siedlungen im 19. Jahrhundert schlie\u00dflich ausreichende Bedeutung erlangten und das Bistum Tortosa 1818 den Bau der Kirche Sant Miquel veranlasste.<\/p>\n<\/div>\n<h3>Es kommen zwei Kan\u00e4le<\/h3>\n<div class=\"plegable\">\n<p>Doch die wohl wichtigste Ver\u00e4nderung f\u00fcr die Gemarkungen Jes\u00fas i Maria und La Cava kam mit dem Bau der zwei Kan\u00e4le, vor allem des linksseitigen Kanals im Jahre 1912, da dadurch der Reisanbau erm\u00f6glicht wurde, der sich zum wichtigsten Wirtschaftsgut entwickelte. Die Entfaltung des Reisanbaus wurde durch die 1955 gegr\u00fcndete Cambra Arrossera (Reis-Kammer) von La Cava gef\u00f6rdert, sowie durch die ein Jahr sp\u00e4ter ins Leben gerufene Cooperativa Arrossera (Reis-Genossenschaft) von Jes\u00fas i Maria. Dadurch kam es in den D\u00f6rfern auf der linken Seite des Ebrodeltas zu einem starken Bev\u00f6lkerungswachstum.<\/p>\n<\/div>\n<h3>Das Carrilet und andere Transportmittel<\/h3>\n<div class=\"plegable\">\n<p>Jahrelang war der Fluss mit den Lateinerseglern f\u00fcr den Warentransport und dem Vaporet (Wasserbus) f\u00fcr den Personenverkehr der wichtigste Transportweg, da Landwege und Stra\u00dfen fehlten oder in schlechtem Zustand waren. Daher stellte die Ankunft vom Carrilet (Eisenbahn) im Jahre 1927 eine echte Revolution f\u00fcr den Transport und Verkehr dar, da dadurch die \u00d6ffnung der bisher recht isolierten Region erm\u00f6glicht wurde. Im Laufe der Jahre verschwanden all diese Transportmittel im Zuge des verbesserten Stra\u00dfennetzes.<\/p>\n<\/div>\n<h3>Die Geburt von Deltebre<\/h3>\n<div class=\"plegable\">\n<p>Beide Gemarkungen sind auf Verwaltungsebene und hinsichtlich der Gemeindeleistungen stets ignoriert worden. Die daraus erwachsene Unzufriedenheit f\u00fchrte dazu, dass sich die beiden Ortsteile in einem ersten Abspaltungsversuch in den 30er Jahren zusammenschlossen. Nach jahrelangem z\u00e4hem Kampf konnten sich die beiden Ortsteile am 20. Mai 1977 schlie\u00dflich von Tortosa abspalten und es entstand die Gemeinde Deltebre.<\/p>\n<p>Diese Abspaltung war Ausgangspunkt f\u00fcr grundlegende Ver\u00e4nderungen bei der Versorgung mit notwendigen Dienstleitungen und Infrastruktur f\u00fcr die zuk\u00fcnftige Entwicklung von Deltebre, das heute mit etwa 12.000 Einwohnern die zweitgr\u00f6\u00dfte Gemeinde des Landkreises Baix Ebre ist.<\/p>\n<\/div>\n<p>[\/vc_column_text][vc_raw_html]JTNDc2NyaXB0JTNFJTI4ZnVuY3Rpb24lMjglMjQlMjklMjAlN0IlMjQlMjhkb2N1bWVudCUyOS5yZWFkeSUyOGZ1bmN0aW9uJTI4JTI5JTIwJTdCJTI0JTI4JTI3aDMlMjclMjkuY2xpY2slMjhmdW5jdGlvbiUyOCUyOSU3QmlmJTI4JTI0JTI4dGhpcyUyOS5uZXh0JTI4JTI5Lmhhc0NsYXNzJTI4JTI3ZGVzcGxlZ2FkbyUyNyUyOSUyOSU3QiUyNCUyOHRoaXMlMjkubmV4dCUyOCUyOS5yZW1vdmVDbGFzcyUyOCUyN2Rlc3BsZWdhZG8lMjclMjklM0IlN0RlbHNlJTdCJTI0JTI4dGhpcyUyOS5uZXh0JTI4JTI5LmFkZENsYXNzJTI4JTI3ZGVzcGxlZ2FkbyUyNyUyOSUzQiU3RCU3RCUyOSU3RCUyOSU3RCUyOSUyOGpRdWVyeSUyOSUzQiUzQyUyRnNjcmlwdCUzRQ==[\/vc_raw_html][vc_column_text]<\/p>\n<h2 style=\"font-size: 20px; margin-top: 40px; font-weight: bold;\">Deltebre, nat\u00fcrliche Attraktion<\/h2>\n<h4>In Deltebre finden Sie\u2026<\/h4>\n<p><strong><img loading=\"lazy\" class=\"alignnone size-full wp-image-352\" src=\"https:\/\/deltebre.cat\/turisme\/wp-content\/uploads\/2016\/07\/asterisc_ok.png\" alt=\"asterisc_ok\" width=\"33\" height=\"28\" \/>Nat\u00fcrliche und einzigartige Landschaften<\/strong><\/p>\n<p>Deltebre ist der beste Ort, um die Natur zu entdecken, dank seiner Lage im Herzen des Naturparks Ebrodelta. Fl\u00fcsse, Meer, Flussinseln, D\u00fcnen, Lagunen&#8230; <strong>Einzigartige Landschaften zum Entdecken.<\/strong><\/p>\n<p><img loading=\"lazy\" class=\"alignnone size-full wp-image-3460\" src=\"https:\/\/deltebre.cat\/turisme\/wp-content\/uploads\/2016\/07\/vine_7.jpg\" alt=\"\" width=\"900\" height=\"350\" \/><\/p>\n<p><strong><img loading=\"lazy\" class=\"alignnone size-full wp-image-352\" src=\"https:\/\/deltebre.cat\/turisme\/wp-content\/uploads\/2016\/07\/asterisc_ok.png\" alt=\"Erleben\" width=\"33\" height=\"28\" \/>Farbenfrohes Land<\/strong><\/p>\n<p><strong>Die verschiedenen Wachstumsstufen des Reises kennzeichnen die Landschaftsfarben:<\/strong> Blauer Fr\u00fchling, gr\u00fcner Sommer, gelbes Sommerende und erdfarbener Winter. Jede Jahreszeit hat ihren eigenen Charme.<\/p>\n<p><img loading=\"lazy\" class=\"size-full wp-image-3452\" src=\"https:\/\/deltebre.cat\/turisme\/wp-content\/uploads\/2016\/07\/vine_3.jpg\" alt=\"\" width=\"900\" height=\"350\" \/><\/p>\n<p><strong><img loading=\"lazy\" class=\"alignnone size-full wp-image-352\" src=\"https:\/\/deltebre.cat\/turisme\/wp-content\/uploads\/2016\/07\/asterisc_ok.png\" alt=\"Erleben\" width=\"33\" height=\"28\" \/>Grenzenloser Horizont<\/strong><\/p>\n<p>Die Landschaft zeichnet sich durch v\u00f6llig flache Landschaften aus, die einen <strong>eigenen und einzigartigen Anblick in ganz Katalonien<\/strong> bieten.<\/p>\n<p><img loading=\"lazy\" class=\"alignnone size-full wp-image-3459\" src=\"https:\/\/deltebre.cat\/turisme\/wp-content\/uploads\/2016\/07\/vine_6.jpg\" alt=\"\" width=\"900\" height=\"350\" \/><\/p>\n<p><strong><img loading=\"lazy\" class=\"alignnone size-full wp-image-352\" src=\"https:\/\/deltebre.cat\/turisme\/wp-content\/uploads\/2016\/07\/asterisc_ok.png\" alt=\"asterisc_ok\" width=\"33\" height=\"28\" \/>Hoher \u00f6kologischer Wert<\/strong><\/p>\n<p>320 km<sup>2<\/sup> Fl\u00e4che. Das Ebrodelta ist das <strong>wichtigste Feuchtgebiet Kataloniens<\/strong> und das zweitwichtigste auf der iberischen Halbinsel. 1983 wurde es zum Naturschutzgebiet erkl\u00e4rt.<\/p>\n<p><img loading=\"lazy\" class=\"size-full wp-image-3451\" src=\"https:\/\/deltebre.cat\/turisme\/wp-content\/uploads\/2016\/07\/vine_2.jpg\" alt=\"\" width=\"900\" height=\"350\" \/><\/p>\n<p><strong><img loading=\"lazy\" class=\"alignnone size-full wp-image-352\" src=\"https:\/\/deltebre.cat\/turisme\/wp-content\/uploads\/2016\/07\/asterisc_ok.png\" alt=\"asterisc_ok\" width=\"33\" height=\"28\" \/>Quelle des Lebens <\/strong><\/p>\n<p><strong>343\u00a0entdeckte Vogelarten<\/strong> und mehr als <strong>500 Pflanzenarten<\/strong>, darunter Binsen, R\u00f6hricht, Heckenkirschen am Fluss und das Vorzeigeprodukt dieses Gebiets: der Reis.<\/p>\n<p><img loading=\"lazy\" class=\"size-full wp-image-3450\" src=\"https:\/\/deltebre.cat\/turisme\/wp-content\/uploads\/2016\/07\/vine_1.jpg\" alt=\"\" width=\"900\" height=\"350\" \/><\/p>\n<p><strong><img loading=\"lazy\" class=\"alignnone size-full wp-image-352\" src=\"https:\/\/deltebre.cat\/turisme\/wp-content\/uploads\/2016\/07\/asterisc_ok.png\" alt=\"asterisc_ok\" width=\"33\" height=\"28\" \/>Fluss als Lebensspender<\/strong><\/p>\n<p>Nach 930 km erreicht der Ebro, der wasserreichste Fluss auf der Iberischen Halbinsel, seine Einm\u00fcndung im Delta, wo er in das Gebiet von Deltebre eintaucht und eine <strong>spektakul\u00e4re Landschaft<\/strong> mit Feuchtgebieten, Reisfeldern, feinen Sandstr\u00e4nden&#8230; schafft.<\/p>\n<p><img loading=\"lazy\" class=\"size-full wp-image-3454\" src=\"https:\/\/deltebre.cat\/turisme\/wp-content\/uploads\/2016\/07\/vine_5.jpg\" alt=\"\" width=\"900\" height=\"350\" \/><\/p>\n<p><strong><img loading=\"lazy\" class=\"alignnone size-full wp-image-352\" src=\"https:\/\/deltebre.cat\/turisme\/wp-content\/uploads\/2016\/07\/asterisc_ok.png\" alt=\"asterisc_ok\" width=\"33\" height=\"28\" \/>Umweltfreundlich<\/strong><\/p>\n<p>Deltebre ist ein nachhaltiges und qualitativ hochwertiges Tourismusziel. Hierf\u00fcr b\u00fcrgen das <strong>Zertifikat der Europ\u00e4ischen Charta f\u00fcr nachhaltigen Tourismus (ECNT)<\/strong> und der Titel <strong>Ausgezeichnetes Tourismusziel<\/strong>.<\/p>\n<p><img loading=\"lazy\" class=\"size-full wp-image-3453\" src=\"https:\/\/deltebre.cat\/turisme\/wp-content\/uploads\/2016\/07\/vine_4.jpg\" alt=\"\" width=\"900\" height=\"350\" \/><\/p>\n<p><strong><img loading=\"lazy\" class=\"alignnone size-full wp-image-352\" src=\"https:\/\/deltebre.cat\/turisme\/wp-content\/uploads\/2016\/07\/asterisc_ok.png\" alt=\"asterisc_ok\" width=\"33\" height=\"28\" \/>Biosph\u00e4renreservat Terres de l\u2019Ebre<\/strong><\/p>\n<p>In knapp 30 km Entfernung befinden sich die beiden und <strong>Naturpark Ebrodelta<\/strong>, die dem Besucher eine landschaftliche Vielfalt bieten: vorbei an Sandd\u00fcnen und Marschland von der K\u00fcste bis zum 1500 m hohen Gebirge.[\/vc_column_text][\/vc_column][\/vc_row]<\/p>\n","protected":false},"excerpt":{"rendered":"<p>[vc_row][vc_column][vc_column_text] Deltebre ist ohne Zweifel eine einzigartige Gemeinde mit traumhafter Lage im Herzen des Ebrodeltas. Es ist eine junge Gemeinde, die dank des Charakters seiner Einwohner und der einzigartigen Landschaft eine ganz besondere Ausstrahlung besitzt. Seit der Gr\u00fcndung vor etwas&hellip;<\/p>\n","protected":false},"author":123458,"featured_media":0,"parent":0,"menu_order":0,"comment_status":"closed","ping_status":"closed","template":"","meta":[],"categories":[],"tags":[],"_links":{"self":[{"href":"https:\/\/atraccionatural.cat\/de\/wp-json\/wp\/v2\/pages\/8492\/"}],"collection":[{"href":"https:\/\/atraccionatural.cat\/de\/wp-json\/wp\/v2\/pages\/"}],"about":[{"href":"https:\/\/atraccionatural.cat\/de\/wp-json\/wp\/v2\/types\/page\/"}],"author":[{"embeddable":true,"href":"https:\/\/atraccionatural.cat\/de\/wp-json\/wp\/v2\/users\/123458\/"}],"replies":[{"embeddable":true,"href":"https:\/\/atraccionatural.cat\/de\/wp-json\/wp\/v2\/comments\/?post=8492"}],"version-history":[{"count":2,"href":"https:\/\/atraccionatural.cat\/de\/wp-json\/wp\/v2\/pages\/8492\/revisions\/"}],"predecessor-version":[{"id":8494,"href":"https:\/\/atraccionatural.cat\/de\/wp-json\/wp\/v2\/pages\/8492\/revisions\/8494\/"}],"wp:attachment":[{"href":"https:\/\/atraccionatural.cat\/de\/wp-json\/wp\/v2\/media\/?parent=8492"}],"wp:term":[{"taxonomy":"category","embeddable":true,"href":"https:\/\/atraccionatural.cat\/de\/wp-json\/wp\/v2\/categories\/?post=8492"},{"taxonomy":"post_tag","embeddable":true,"href":"https:\/\/atraccionatural.cat\/de\/wp-json\/wp\/v2\/tags\/?post=8492"}],"curies":[{"name":"wp","href":"https:\/\/api.w.org\/{rel}","templated":true}]}}