{"id":8498,"date":"2018-12-20T11:20:29","date_gmt":"2018-12-20T10:20:29","guid":{"rendered":"https:\/\/atraccionatural.cat\/delta-ebre\/"},"modified":"2019-02-28T11:27:52","modified_gmt":"2019-02-28T10:27:52","slug":"ebrodelta","status":"publish","type":"page","link":"https:\/\/atraccionatural.cat\/de\/ebrodelta\/","title":{"rendered":"Ebrodelta"},"content":{"rendered":"<p>[vc_row][vc_column][vc_column_text]<\/p>\n<p style=\"text-align: justify;\"><img loading=\"lazy\" src=\"https:\/\/atraccionatural.cat\/wp-content\/uploads\/2019\/01\/img_delta_1.jpg\" alt=\"TERRES DE L'EBRE\" width=\"900\" height=\"350\" \/><\/p>\n<p>Das Ebrodelta ist ohne Zweifel einer der herrlichsten Naturschaupl\u00e4tze der Welt. Seine Einzigartigkeit verdankt das Ebrodelta einer unvergleichlichen nat\u00fcrlichen Umgebung mit gro\u00dfer biologischer Vielfalt, die Heimat einer Fauna und Flora von unsch\u00e4tzbarem Wert ist. Mit einer Fl\u00e4che von insgesamt 320 km2 und einem v\u00f6llig ebenen Landschaftsbild ist das Delta nicht nur der gr\u00f6\u00dfte und einzigartigste aquatische Lebensraum Kataloniens, sondern es ist auch eines der wichtigsten Feuchtgebiete des Mittelmeerraums.<\/p>\n<p>Die Silhouette des Deltas am Mittelmeer ist im K\u00fcstenbereich durch Lagunen gepr\u00e4gt, die von Schilf und R\u00f6hricht ges\u00e4umt sind, w\u00e4hrend die Au\u00dfenbereiche des Deltas mit den von Salzg\u00e4rten geschaffenen Luftspiegelungen, leeren endlosen Str\u00e4nden und einer f\u00fcr diese Region so charakteristischen Flora aufwarten. Die Landschaft des Deltas besitzt, genau wie seine Bewohner, eine starke Pers\u00f6nlichkeit. Denn die Identit\u00e4t dieser Region wird sowohl durch ihre geografischen und nat\u00fcrlichen Voraussetzungen als auch durch das kulturelle und geschichtliche Erbe der Bewohner repr\u00e4sentiert.<\/p>\n<p style=\"text-align: justify;\"><img loading=\"lazy\" src=\"https:\/\/atraccionatural.cat\/wp-content\/uploads\/2019\/01\/img_delta_2.jpg\" alt=\"muscleres\" width=\"900\" height=\"350\" \/><\/p>\n<p>Mit dem Ziel, den biologischen Reichtum zu bewahren und ein Gleichgewicht zwischen den nat\u00fcrlichen Werten und der Anwesenheit des Menschen zu schaffen, rief die katalanische Landesregierung Generalitat de Catalu\u00f1a 1983 den <strong>Naturpark Ebrodelta<\/strong> ins Leben. Der Naturpark besitzt eine Gesamtfl\u00e4che von 7.736 Hektar und umfasst die Lagunen von Canal Vell, Les Olles, Garxal, Alfacada, Tancada, Encanyissada und Platjola, die Inseln Buda, Sapinya und Sant Antoni sowie die Halbinseln Punta del Fangar und La Banya, Els Ullals de Baltasar und Erms de Casablanca.<\/p>\n<p>In diesem Zusammenhang sollte man erw\u00e4hnen, dass sich das Ebrodelta in den vergangenen Jahren zu einem weltweit anerkannten Reiseziel f\u00fcr nachhaltigen Tourismus entwickelt hat. Best\u00e4tigt wird dies durch verschiedene Auszeichnungen: Zertifizierung durch die Europ\u00e4ische Charta f\u00fcr nachhaltigen Tourismus, Verleihung des Titels als Ausgezeichnetes Touristenziel und die Anerkennung des Biosph\u00e4renreservats Terres de l\u2019Ebre.<\/p>\n<p>[\/vc_column_text][\/vc_column][\/vc_row]<\/p>\n","protected":false},"excerpt":{"rendered":"<p>[vc_row][vc_column][vc_column_text] Das Ebrodelta ist ohne Zweifel einer der herrlichsten Naturschaupl\u00e4tze der Welt. Seine Einzigartigkeit verdankt das Ebrodelta einer unvergleichlichen nat\u00fcrlichen Umgebung mit gro\u00dfer biologischer Vielfalt, die Heimat einer Fauna und Flora von unsch\u00e4tzbarem Wert ist. Mit einer Fl\u00e4che von insgesamt&hellip;<\/p>\n","protected":false},"author":123458,"featured_media":7647,"parent":0,"menu_order":0,"comment_status":"closed","ping_status":"closed","template":"","meta":[],"categories":[],"tags":[],"_links":{"self":[{"href":"https:\/\/atraccionatural.cat\/de\/wp-json\/wp\/v2\/pages\/8498\/"}],"collection":[{"href":"https:\/\/atraccionatural.cat\/de\/wp-json\/wp\/v2\/pages\/"}],"about":[{"href":"https:\/\/atraccionatural.cat\/de\/wp-json\/wp\/v2\/types\/page\/"}],"author":[{"embeddable":true,"href":"https:\/\/atraccionatural.cat\/de\/wp-json\/wp\/v2\/users\/123458\/"}],"replies":[{"embeddable":true,"href":"https:\/\/atraccionatural.cat\/de\/wp-json\/wp\/v2\/comments\/?post=8498"}],"version-history":[{"count":2,"href":"https:\/\/atraccionatural.cat\/de\/wp-json\/wp\/v2\/pages\/8498\/revisions\/"}],"predecessor-version":[{"id":8500,"href":"https:\/\/atraccionatural.cat\/de\/wp-json\/wp\/v2\/pages\/8498\/revisions\/8500\/"}],"wp:featuredmedia":[{"embeddable":true,"href":"https:\/\/atraccionatural.cat\/de\/wp-json\/wp\/v2\/media\/7647\/"}],"wp:attachment":[{"href":"https:\/\/atraccionatural.cat\/de\/wp-json\/wp\/v2\/media\/?parent=8498"}],"wp:term":[{"taxonomy":"category","embeddable":true,"href":"https:\/\/atraccionatural.cat\/de\/wp-json\/wp\/v2\/categories\/?post=8498"},{"taxonomy":"post_tag","embeddable":true,"href":"https:\/\/atraccionatural.cat\/de\/wp-json\/wp\/v2\/tags\/?post=8498"}],"curies":[{"name":"wp","href":"https:\/\/api.w.org\/{rel}","templated":true}]}}