{"id":8786,"date":"2018-12-20T12:42:42","date_gmt":"2018-12-20T11:42:42","guid":{"rendered":"https:\/\/atraccionatural.cat\/videos-de-deltebre\/"},"modified":"2019-04-03T10:39:04","modified_gmt":"2019-04-03T08:39:04","slug":"videos-von-deltebre","status":"publish","type":"page","link":"https:\/\/atraccionatural.cat\/de\/videos-von-deltebre\/","title":{"rendered":"Sehen Sie alle Videos von Deltebre, sehenswert nat\u00fcrlich"},"content":{"rendered":"<p>[vc_row el_class=&#8220;contingut titol&#8220;][vc_column][vc_column_text]<\/p>\n<h3 align=\"justify\">Deltebre, nat\u00fcrliche Attraktion<\/h3>\n<p>[\/vc_column_text][\/vc_column][\/vc_row][vc_row el_class=&#8220;contingut&#8220;][vc_column width=&#8220;1\/3&#8243;][vc_column_text]<iframe loading=\"lazy\" src=\"https:\/\/www.youtube.com\/embed\/VzHgD9u1N3Y\" width=\"360\" height=\"180\" frameborder=\"0\" allowfullscreen=\"allowfullscreen\"><\/iframe>[\/vc_column_text][\/vc_column][vc_column width=&#8220;2\/3&#8243;][vc_column_text]<\/p>\n<p align=\"justify\"><em>Man sagt, dass die Anziehung rein ist, wenn sie in Erinnerung bleibt. Und wenn ich die Augen schlie\u00dfe, sp\u00fcre ich dich.<\/em><\/p>\n<p align=\"justify\">Mit diesen Worten beginnt der touristische Werbespot von Deltebre. Es ist eine Ode an die Sch\u00f6nheit des nat\u00fcrlichen Erbes dieser Gemeinde im Herzen des Ebrodeltas, die sich in Bildern und Luftaufnahmen widerspiegelt, die Ihnen den Atem rauben werden und Lust auf mehr machen. Deltebre erwartet Sie!<\/p>\n<p>[\/vc_column_text][\/vc_column][\/vc_row][vc_row bg_type=&#8220;bg_color&#8220; el_class=&#8220;contingut titol&#8220; bg_color_value=&#8220;#ffffff&#8220;][vc_column][vc_column_text]<\/p>\n<h3 align=\"justify\">Gastronomie<\/h3>\n<p>[\/vc_column_text][\/vc_column][\/vc_row][vc_row bg_type=&#8220;bg_color&#8220; el_class=&#8220;contingut&#8220; bg_color_value=&#8220;#ffffff&#8220;][vc_column width=&#8220;1\/3&#8243;][vc_column_text]<iframe loading=\"lazy\" src=\"https:\/\/www.youtube.com\/embed\/FDtQB3JXP7g\" width=\"360\" height=\"180\" frameborder=\"0\" allowfullscreen=\"allowfullscreen\"><\/iframe>[\/vc_column_text][vc_column_text]<\/p>\n<p style=\"margin-bottom: 0; margin-top: 20px;\" align=\"justify\"><b>\u201eMescla\u201c, die Messe f\u00fcr Gastronomie, Landschaft und Tourismus der Region Terres de l\u2019Ebre<\/b><\/p>\n<p align=\"justify\">Mescla ist eine Veranstaltung im Rahmen des Volksfests \u201eDeltaFira\u201c und bietet ein buntes Programm rund um die Gastronomie und die Landschaft der Terres de l\u2019Ebre. Auf der Mescla kommen Sie mit Produkten, Landschaften und dem touristischen Angebot von Montsi\u00e0, dem Baix Ebre, der Ribera d\u2018Ebre und der Terra Alta in Kontakt.<\/p>\n<p>[\/vc_column_text][\/vc_column][vc_column width=&#8220;1\/3&#8243;][vc_column_text]<iframe loading=\"lazy\" src=\"https:\/\/www.youtube.com\/embed\/APTEQlVCRBg\" width=\"360\" height=\"180\" frameborder=\"0\" allowfullscreen=\"allowfullscreen\"><\/iframe>[\/vc_column_text][vc_column_text]<\/p>\n<p style=\"margin-bottom: 0; margin-top: 20px;\" align=\"justify\"><b>Deltebre, Gaumenrevolution<\/b><\/p>\n<p align=\"justify\">Von all den Dingen, die Sie im Ebrodelta unternehmen k\u00f6nnen, ist die Verkostung des gastronomischen Angebots von Deltebre die wohl angenehmste Aktivit\u00e4t. Lassen Sie sich von der lokalen K\u00fcche verw\u00f6hnen, die Ihnen ein reiches Geschmackserlebnis bietet dank der Verbindung aus traditionellen Rezepten und ihren moderneren Variationen.<\/p>\n<p>[\/vc_column_text][\/vc_column][vc_column width=&#8220;1\/3&#8243;][\/vc_column][\/vc_row][vc_row el_class=&#8220;contingut titol&#8220;][vc_column][vc_column_text]<\/p>\n<h3 align=\"justify\">Feste und Traditionen<\/h3>\n<p>[\/vc_column_text][\/vc_column][\/vc_row][vc_row el_class=&#8220;contingut&#8220;][vc_column width=&#8220;1\/3&#8243;][vc_column_text]<iframe loading=\"lazy\" src=\"https:\/\/www.youtube.com\/embed\/7ecEglTd47M\" width=\"360\" height=\"180\" frameborder=\"0\" allowfullscreen=\"allowfullscreen\"><\/iframe>[\/vc_column_text][vc_column_text]<\/p>\n<p style=\"margin-bottom: 0; margin-top: 20px;\" align=\"justify\"><b>Reisfest<\/b><\/p>\n<p align=\"justify\">W\u00fcrden Sie gerne eine kleine Zeitreise machen, um zu sehen, wie fr\u00fcher hier der Reis angebaut wurde und welche Arbeiten damit verbunden waren? Im Juni (La Plantada \u2013 Die Aussaat) und im September (La Sega \u2013 Die Mahd) feiern wir das Reisfest. Dies ist eine wunderbare Gelegenheit, um eine Auff\u00fchrung der verschiedenen Arbeiten zu erleben, die unsere Vorfahren w\u00e4hrend der Wachstumsperioden vom Reis verrichteten. All dies begleitet von einem gemeinschaftlichem Essen, traditionellen Spielen und noch viel mehr!<\/p>\n<p>[\/vc_column_text][\/vc_column][vc_column width=&#8220;1\/3&#8243;][vc_column_text]<iframe loading=\"lazy\" src=\"https:\/\/www.youtube.com\/embed\/Hrg5W2c16fs\" width=\"360\" height=\"180\" frameborder=\"0\" allowfullscreen=\"allowfullscreen\"><\/iframe>[\/vc_column_text][vc_column_text]<\/p>\n<p style=\"margin-bottom: 0; margin-top: 20px;\" align=\"justify\"><b>Karneval in Deltebre<\/b><\/p>\n<p align=\"justify\">Der Karnevalsumzug von Deltebre hat sich zu einem Volksfest entwickelt, das einer der H\u00f6hepunkte des Jahres ist und vom gesamten Ebrodelta mit Spannung erwartet wird. Ein ganzes Wochenende lang, bei dem zahllose Veranstaltungen und Aktivit\u00e4ten auf dem Programm stehen, ziehen mehr als 1.300 Personen mit ihren originellen Karnevalstruppen durch die Stra\u00dfen von Deltebre und verwandeln den Ort in eine farbenfrohe B\u00fchne. Lachen, Musik, Tanz und jede Menge Preise. Das d\u00fcrfen Sie sich nicht entgehen lassen! In diesem Video erhalten Sie einen kleinen Eindruck vom Karnevalsumzug 2018.<\/p>\n<p>[\/vc_column_text][\/vc_column][vc_column width=&#8220;1\/3&#8243;][\/vc_column][\/vc_row][vc_row bg_type=&#8220;bg_color&#8220; el_class=&#8220;contingut titol&#8220; bg_color_value=&#8220;#ffffff&#8220;][vc_column][vc_column_text]<\/p>\n<h3 align=\"justify\">Kulturveranstaltungen<\/h3>\n<p>[\/vc_column_text][\/vc_column][\/vc_row][vc_row bg_type=&#8220;bg_color&#8220; el_class=&#8220;contingut&#8220; bg_color_value=&#8220;#ffffff&#8220;][vc_column width=&#8220;1\/3&#8243;][vc_column_text]<iframe loading=\"lazy\" src=\"https:\/\/www.youtube.com\/embed\/nkMdLdARFaA\" width=\"360\" height=\"180\" frameborder=\"0\" allowfullscreen=\"allowfullscreen\"><\/iframe>[\/vc_column_text][vc_column_text]<\/p>\n<p style=\"margin-bottom: 0; margin-top: 20px;\" align=\"justify\"><b>Festival Deltebre Dansa<\/b><\/p>\n<p align=\"justify\">Haben Sie schon einmal daran gedacht, wie es w\u00e4re, wenn man die darstellenden K\u00fcnste und eine einzigartig sch\u00f6ne Naturlandschaft miteinander verbinden w\u00fcrde? Dann m\u00fcssen Sie es sich nicht weiter vorstellen, denn das gibt es bereits: in Deltebre! Im Sommer k\u00f6nnen Sie sich zwei Wochen lang an einem avantgardistischen Schauspielprogramm erfreuen, das verschiedene Disziplinen und K\u00fcnstler aus aller Welt auf der B\u00fchne vereint. Es werden auch Klassen f\u00fcr professionelle K\u00fcnstler und Anf\u00e4ngerkurse angeboten.<\/p>\n<p>[\/vc_column_text][\/vc_column][vc_column width=&#8220;1\/3&#8243;][\/vc_column][vc_column width=&#8220;1\/3&#8243;][\/vc_column][\/vc_row][vc_row el_class=&#8220;contingut titol&#8220;][vc_column][vc_column_text]<\/p>\n<h3 align=\"justify\">Messen und Tourismusf\u00f6rderung<\/h3>\n<p>[\/vc_column_text][\/vc_column][\/vc_row][vc_row el_class=&#8220;contingut&#8220;][vc_column width=&#8220;1\/3&#8243;][vc_column_text]<iframe loading=\"lazy\" src=\"https:\/\/www.youtube.com\/embed\/_doankLfztw\" width=\"360\" height=\"180\" frameborder=\"0\" allowfullscreen=\"allowfullscreen\"><\/iframe>[\/vc_column_text][vc_column_text]<\/p>\n<p style=\"margin-bottom: 0; margin-top: 20px;\" align=\"justify\"><b>Deltebre auf dem 23. Sal\u00f3n del Manga Barcelona<\/b><\/p>\n<p align=\"justify\">Wussten Sie, dass Deltebre der Star der Workshops f\u00fcr japanische K\u00fcche auf dem 23. Manga-Salon in Barcelona war? Unsere Gemeinde nahm aktiv an dieser Comic-Messe teil, auf der die touristischen Anziehungspunkte der Region und seine Gastronomie vorgestellt wurden, wobei der Reis im Mittelpunkt stand. In diesem Video k\u00f6nnen Sie eine Zusammenfassung unserer Messepr\u00e4senz sehen.<\/p>\n<p>[\/vc_column_text][\/vc_column][vc_column width=&#8220;1\/3&#8243;][vc_column_text]<iframe loading=\"lazy\" src=\"https:\/\/www.youtube.com\/embed\/9MFRtEg62do\" width=\"360\" height=\"180\" frameborder=\"0\" allowfullscreen=\"allowfullscreen\"><\/iframe>[\/vc_column_text][vc_column_text]<\/p>\n<p style=\"margin-bottom: 0; margin-top: 20px;\" align=\"justify\"><b>Deltebre auf der Madrid Fusi\u00f3n 2018<\/b><\/p>\n<p align=\"justify\">In Deltebre legen wir gro\u00dfen Wert auf Tourismus und Tourismusf\u00f6rderung. Deshalb waren wir mit insgesamt 19 Seminaren zur Verkostung der Produkte und Gastronomie der Gemeinde vertreten. Wenn Sie uns nicht auf der Messe sehen konnten, finden Sie in diesem Video eine Zusammenfassung unserer Messepr\u00e4senz auf der Madrid Fusi\u00f3n 2018.<\/p>\n<p>[\/vc_column_text][\/vc_column][vc_column width=&#8220;1\/3&#8243;][vc_column_text]<iframe loading=\"lazy\" src=\"https:\/\/www.youtube.com\/embed\/kDrwBzDEg2U\" width=\"360\" height=\"180\" frameborder=\"0\" allowfullscreen=\"allowfullscreen\"><\/iframe>[\/vc_column_text][vc_column_text]<\/p>\n<p style=\"margin-bottom: 0; margin-top: 20px;\" align=\"justify\"><b>Festival de Loire \u2013 Orl\u00e9ans<\/b><\/p>\n<p align=\"justify\">Deltebre war eine der geladenen Gastortschaften vom Festival de Loire \u2013 Orl\u00e9ans (Frankreich), um den Rio Ebro bei diesem Festival zu vertreten, das mehr als 650.000 Besucher in seinen Bann zog. Aus diesem Anlass errichteten wir am Ufer der Loire eine traditionelle H\u00fctte, die ganz von unserer Tradition gepr\u00e4gt war und die Essenz des Ebrodeltas widerspiegelte. In dem Video k\u00f6nnen Sie die Entstehung verfolgen und die wunderbare Atmosph\u00e4re des Festivals erleben.<\/p>\n<p>[\/vc_column_text][\/vc_column][\/vc_row]<\/p>\n","protected":false},"excerpt":{"rendered":"<p>[vc_row el_class=&#8220;contingut titol&#8220;][vc_column][vc_column_text] Deltebre, nat\u00fcrliche Attraktion [\/vc_column_text][\/vc_column][\/vc_row][vc_row el_class=&#8220;contingut&#8220;][vc_column width=&#8220;1\/3&#8243;][vc_column_text][\/vc_column_text][\/vc_column][vc_column width=&#8220;2\/3&#8243;][vc_column_text] Man sagt, dass die Anziehung rein ist, wenn sie in Erinnerung bleibt. Und wenn ich die Augen schlie\u00dfe, sp\u00fcre ich dich. Mit diesen Worten beginnt der touristische Werbespot von Deltebre.&hellip;<\/p>\n","protected":false},"author":123458,"featured_media":7667,"parent":0,"menu_order":0,"comment_status":"closed","ping_status":"closed","template":"","meta":[],"categories":[],"tags":[],"_links":{"self":[{"href":"https:\/\/atraccionatural.cat\/de\/wp-json\/wp\/v2\/pages\/8786\/"}],"collection":[{"href":"https:\/\/atraccionatural.cat\/de\/wp-json\/wp\/v2\/pages\/"}],"about":[{"href":"https:\/\/atraccionatural.cat\/de\/wp-json\/wp\/v2\/types\/page\/"}],"author":[{"embeddable":true,"href":"https:\/\/atraccionatural.cat\/de\/wp-json\/wp\/v2\/users\/123458\/"}],"replies":[{"embeddable":true,"href":"https:\/\/atraccionatural.cat\/de\/wp-json\/wp\/v2\/comments\/?post=8786"}],"version-history":[{"count":2,"href":"https:\/\/atraccionatural.cat\/de\/wp-json\/wp\/v2\/pages\/8786\/revisions\/"}],"predecessor-version":[{"id":8788,"href":"https:\/\/atraccionatural.cat\/de\/wp-json\/wp\/v2\/pages\/8786\/revisions\/8788\/"}],"wp:featuredmedia":[{"embeddable":true,"href":"https:\/\/atraccionatural.cat\/de\/wp-json\/wp\/v2\/media\/7667\/"}],"wp:attachment":[{"href":"https:\/\/atraccionatural.cat\/de\/wp-json\/wp\/v2\/media\/?parent=8786"}],"wp:term":[{"taxonomy":"category","embeddable":true,"href":"https:\/\/atraccionatural.cat\/de\/wp-json\/wp\/v2\/categories\/?post=8786"},{"taxonomy":"post_tag","embeddable":true,"href":"https:\/\/atraccionatural.cat\/de\/wp-json\/wp\/v2\/tags\/?post=8786"}],"curies":[{"name":"wp","href":"https:\/\/api.w.org\/{rel}","templated":true}]}}