{"id":554,"date":"2016-08-05T15:55:07","date_gmt":"2016-08-05T15:55:07","guid":{"rendered":"http:\/\/deltebre.cat\/turisme\/?page_id=554&#038;lang=es"},"modified":"2019-02-27T09:46:48","modified_gmt":"2019-02-27T08:46:48","slug":"fiestas-y-tradiciones-de-deltebre","status":"publish","type":"page","link":"https:\/\/atraccionatural.cat\/es\/fiestas-y-tradiciones-de-deltebre\/","title":{"rendered":"Fiestas y tradiciones de Deltebre"},"content":{"rendered":"<p style=\"text-align: justify;\">Las fiestas y tradiciones de Deltebre son una de las mejores formas de conocer el car\u00e1cter de su gente y su historia. Son muchos los eventos tradicionales que mantienen vivo su esp\u00edritu y que te permitir\u00e1n adentrarte en nuestro patrimonio cultural. Plantar\u00e1s arroz, bailar\u00e1s jotas, ver\u00e1s los toros\u2026 Vivir\u00e1s y compartir\u00e1s toda una explosi\u00f3n de emociones con la comunidad local.<\/p>\n<p style=\"text-align: justify;\"><b><img loading=\"lazy\" class=\"alignnone size-full wp-image-352\" src=\"\/wp-content\/uploads\/2016\/07\/asterisc_ok.png\" alt=\"FIESTAS Y TRADICIONES\" width=\"33\" height=\"28\" \/>DELTAFIRA<\/b><\/p>\n<p style=\"text-align: justify;\">El 20 de mayo de 1977, las pedan\u00edas de Jes\u00fas i Maria y La Cava se segregaron del municipio de Tortosa, dando lugar al nacimiento del nuevo municipio de Deltebre. Para conmemorar este hecho, desde 1980, se organiza una feria multisectorial alrededor de esta fecha, as\u00ed como distintos actos l\u00fadicos, culturales y deportivos.<\/p>\n<p style=\"text-align: justify;\"><b><img loading=\"lazy\" class=\"alignnone size-full wp-image-352\" src=\"https:\/\/deltebre.cat\/turisme\/wp-content\/uploads\/2016\/07\/asterisc_ok.png\" alt=\"asterisc_ok\" width=\"33\" height=\"28\" \/>FIESTAS DEL ARROZ<\/b><\/p>\n<p style=\"text-align: justify;\">Las Fiestas del Arroz son la ocasi\u00f3n perfecta para vivir en primera persona una de las tradiciones de Deltebre a partir de la escenificaci\u00f3n de las distintas tareas que realizaban nuestros antepasados durante el ciclo de este cultivo: La Plantada (en junio) y La Sega (en septiembre). Prep\u00e1rate para entrar dentro del arrozal y sentir la sensaci\u00f3n tan \u00fanica de adentrarte en el fango. Y despu\u00e9s, que empiece la fiesta: jota bailada, comida popular, teatro, juegos tradicionales\u2026<\/p>\n<p style=\"text-align: justify;\"><b><img loading=\"lazy\" class=\"alignnone size-full wp-image-352\" src=\"https:\/\/deltebre.cat\/turisme\/wp-content\/uploads\/2016\/07\/asterisc_ok.png\" alt=\"asterisc_ok\" width=\"33\" height=\"28\" \/>FIESTAS MAYORES\u00a0<strong>Y POPULARES<\/strong><\/b><\/p>\n<p style=\"text-align: justify;\">En verano, el municipio celebra sus fiestas mayores y populares: Fiestas Mayores de Deltebre, Fiestas Mayores del Club Deportiu La Cava, San Juan, Fiestas del Barracot, Fiestas de Sant Ramon y Fiestas de Sant Miquel. Cada a\u00f1o, se organizan una multitud de eventos para toda la familia: actos culturales, pasacalles, concursos, actividades infantiles, \u00abbou embolat\u00bb y \u00abbou caplla\u00e7at\u00bb, orquesta, bailes\u2026<\/p>\n<p style=\"text-align: justify;\"><b><img loading=\"lazy\" class=\"alignnone size-full wp-image-352\" src=\"https:\/\/deltebre.cat\/turisme\/wp-content\/uploads\/2016\/07\/asterisc_ok.png\" alt=\"asterisc_ok\" width=\"33\" height=\"28\" \/>ENCUENTRO DE JOTAS<\/b><\/p>\n<p style=\"text-align: justify;\">Cada a\u00f1o, despu\u00e9s del verano, Deltebre celebra la Trobada de Grups de Ball de Jota, donde participan grupos de jota de todo el territorio. Es un encuentro lleno de m\u00fasica y movimiento, donde se hace honor a la jota, que cantada, tocada o bailada, es uno de los elementos m\u00e1s emblem\u00e1ticos de la m\u00fasica popular y tradicional de Deltebre.<\/p>\n<p style=\"text-align: justify;\"><b><img loading=\"lazy\" class=\"alignnone size-full wp-image-352\" src=\"https:\/\/deltebre.cat\/turisme\/wp-content\/uploads\/2016\/07\/asterisc_ok.png\" alt=\"asterisc_ok\" width=\"33\" height=\"28\" \/>LA PASI\u00d3N<\/b><\/p>\n<p style=\"text-align: justify;\">Muchas de las festividades tradicionales de Deltebre est\u00e1n vinculadas a la religiosidad. En Semana Santa, se realizan representaciones de La Pasi\u00f3n, verdaderas puestas en escena en la calle, con m\u00e1s de un centenar de int\u00e9rpretes y todo ello acompa\u00f1ado de m\u00fasica en directo.<\/p>\n<p style=\"text-align: justify;\"><b><img loading=\"lazy\" class=\"alignnone size-full wp-image-352\" src=\"https:\/\/deltebre.cat\/turisme\/wp-content\/uploads\/2016\/07\/asterisc_ok.png\" alt=\"asterisc_ok\" width=\"33\" height=\"28\" \/>CARNAVAL EN DELTEBRE<\/b><\/p>\n<p style=\"text-align: justify;\">Esta festividad se ha convertido en la m\u00e1s espectacular de todo el Delta. El \u00e9xito de participaci\u00f3n ha transformado la r\u00faa de Carnaval de Deltebre en la joya de la corona, donde llegan a participar m\u00e1s de 1.300 personas y una veintena de comparsas. Durante todo un fin de semana en febrero, el municipio se llena de color para celebrar dos d\u00edas repletos de actividades. Adem\u00e1s, los participantes pueden optar a diferentes premios.<\/p>\n","protected":false},"excerpt":{"rendered":"<p>Las fiestas y tradiciones de Deltebre son una de las mejores formas de conocer el car\u00e1cter de su gente y su historia. Son muchos los eventos tradicionales que mantienen vivo su esp\u00edritu y que te permitir\u00e1n adentrarte en nuestro patrimonio&hellip;<\/p>\n","protected":false},"author":123458,"featured_media":4605,"parent":0,"menu_order":0,"comment_status":"closed","ping_status":"closed","template":"","meta":[],"categories":[56],"tags":[],"_links":{"self":[{"href":"https:\/\/atraccionatural.cat\/es\/wp-json\/wp\/v2\/pages\/554\/"}],"collection":[{"href":"https:\/\/atraccionatural.cat\/es\/wp-json\/wp\/v2\/pages\/"}],"about":[{"href":"https:\/\/atraccionatural.cat\/es\/wp-json\/wp\/v2\/types\/page\/"}],"author":[{"embeddable":true,"href":"https:\/\/atraccionatural.cat\/es\/wp-json\/wp\/v2\/users\/123458\/"}],"replies":[{"embeddable":true,"href":"https:\/\/atraccionatural.cat\/es\/wp-json\/wp\/v2\/comments\/?post=554"}],"version-history":[{"count":9,"href":"https:\/\/atraccionatural.cat\/es\/wp-json\/wp\/v2\/pages\/554\/revisions\/"}],"predecessor-version":[{"id":8393,"href":"https:\/\/atraccionatural.cat\/es\/wp-json\/wp\/v2\/pages\/554\/revisions\/8393\/"}],"wp:featuredmedia":[{"embeddable":true,"href":"https:\/\/atraccionatural.cat\/es\/wp-json\/wp\/v2\/media\/4605\/"}],"wp:attachment":[{"href":"https:\/\/atraccionatural.cat\/es\/wp-json\/wp\/v2\/media\/?parent=554"}],"wp:term":[{"taxonomy":"category","embeddable":true,"href":"https:\/\/atraccionatural.cat\/es\/wp-json\/wp\/v2\/categories\/?post=554"},{"taxonomy":"post_tag","embeddable":true,"href":"https:\/\/atraccionatural.cat\/es\/wp-json\/wp\/v2\/tags\/?post=554"}],"curies":[{"name":"wp","href":"https:\/\/api.w.org\/{rel}","templated":true}]}}