{"id":557,"date":"2016-08-05T16:03:57","date_gmt":"2016-08-05T16:03:57","guid":{"rendered":"http:\/\/deltebre.cat\/turisme\/?page_id=557&#038;lang=es"},"modified":"2023-06-27T08:53:39","modified_gmt":"2023-06-27T06:53:39","slug":"playas-de-deltebre","status":"publish","type":"page","link":"https:\/\/atraccionatural.cat\/es\/playas-de-deltebre\/","title":{"rendered":"Playas de Deltebre"},"content":{"rendered":"<p>[vc_row][vc_column][vc_column_text]<\/p>\n<p style=\"text-align: justify;\">Las playas de Deltebre esconden un litoral entre espejismos des\u00e9rticos y dunas naturales. En el aire se respira un ambiente salado que genera un estado de calma instant\u00e1neo. A izquierda y derecha, kil\u00f3metros de arena fina que esperan un paseo de tarde. Detr\u00e1s, dunas de vegetaci\u00f3n que te esconden del resto del mundo. Y delante, la sensaci\u00f3n de inmensidad ante un mar en calma.<\/p>\n<p style=\"text-align: justify;\">Nuestras playas son perfectas para venir en familia, con los amigos o para poder tener tu propio espacio de tranquilidad. Ponte el ba\u00f1ador, coge la bicicleta y d\u00e9jate llevar. Te espera la mejor receta contra el estr\u00e9s de la rutina.<\/p>\n<p>Conoce <a href=\"https:\/\/aca.gencat.cat\/ca\/laigua\/estat-del-medi-hidric\/qualitat-de-les-aiguees-de-bany\/\" target=\"_blank\" rel=\"noopener noreferrer\"><span style=\"text-decoration: underline;\">el estado de las playas de Deltebre al instante<\/span><\/a>.<\/p>\n<p style=\"text-align: justify;\">\n        <!-- GT Shortcodes - Alert - Start -->\n        <style type=\"text\/css\" media=\"screen\">\n                    <\/style>\n        <div class=\"gt-shortcodes\">\n            <div id=\"gt-alert-865\" class=\"alert alert-info alert-dismissible\" role=\"alert\"\n                 style=\"color:#ffffff!important;background-color:#54bab7!important;border-style:none!important;\">\n                 Conoce el estado de las playas al <a href=\"https:\/\/aca.gencat.cat\/ca\/laigua\/estat-del-medi-hidric\/qualitat-de-les-aiguees-de-bany\/\" target=\"_blank\" rel=\"noopener noreferrer\">instante<\/a>.\u00a0                <div class=\"clearfix\"><\/div>\n            <\/div>\n        <\/div>\n        <!-- GT Shortcodes - Alert - End -->\n\n        <\/p>\n<p style=\"text-align: justify;\"><b><img loading=\"lazy\" src=\"\/wp-content\/uploads\/2016\/07\/asterisc_ok.png\" alt=\"PLAYAS\" width=\"33\" height=\"28\" \/>PLAYA Y N\u00daCLEO DE RIUMAR<\/b><\/p>\n<p style=\"text-align: justify;\"><img loading=\"lazy\" src=\"\/wp-content\/uploads\/2016\/07\/platjaderiumar.jpg\" alt=\"PLAYAS\" width=\"900\" height=\"350\" \/><\/p>\n<p style=\"text-align: justify;\">La playa de Riumar se encuentra muy cerca de la desembocadura del r\u00edo Ebro, al lado del Garxal, una zona de especial inter\u00e9s natural pintada con aguas estancadas y lagunas configuradas por peque\u00f1as islas. La playa de Riumar est\u00e1 justo delante del n\u00facleo que lleva su mismo nombre, donde podr\u00e1s alojarte en uno de sus chalets, apartamentos, campings o apartoteles.<\/p>\n<p><strong>Playa con bandera azul<\/strong>. Distintivo internacional otorgado en reconocimiento de la calidad del agua, la gesti\u00f3n ambiental en la playa, la prestaci\u00f3n \u00f3ptima de servicios y la seguridad.<\/p>\n<p style=\"text-align: justify;\">\n        <!-- GT Shortcodes - Alert - Start -->\n        <style type=\"text\/css\" media=\"screen\">\n                    <\/style>\n        <div class=\"gt-shortcodes\">\n            <div id=\"gt-alert-865\" class=\"alert alert-info alert-dismissible\" role=\"alert\"\n                 style=\"color:#ffffff!important;background-color:#54bab7!important;border-style:none!important;\">\n                 Recomendaci\u00f3n: alquila una embarcaci\u00f3n o una bicicleta. Conocer\u00e1s el territorio de una manera distinta. Y para coger fuerzas, saborea la cocina t\u00edpica del Delta en uno de los restaurantes de la zona de Riumar.\u00a0                <div class=\"clearfix\"><\/div>\n            <\/div>\n        <\/div>\n        <!-- GT Shortcodes - Alert - End -->\n\n        <\/p>\n<p style=\"text-align: justify;\"><strong>Ubicaci\u00f3n respecto al n\u00facleo de poblaci\u00f3n<\/strong>: 9 km\u00a0\/\u00a0<strong>Longitud<\/strong>: 1,1 km \/\u00a0<strong>Anchura<\/strong>: 80 m \/\u00a0<strong>Usos<\/strong>: ideal para la pr\u00e1ctica de kitesurf y otros deportes acu\u00e1ticos \/\u00a0<strong>Servicios<\/strong>: acceso en coche; acceso a pie; se\u00f1alizaci\u00f3n del estado del mar; Cruz Roja; servicio de vigilancia; servicios WC; duchas; limpieza diaria; pasarelas; accesibilidad discapacitados; paseo mar\u00edtimo; a menos de 50 m de restaurantes; a menos de 50 m de aparcamientos; a menos de 50 m de la parada de autob\u00fas; alquiler de patines acu\u00e1ticos, sombrillas y tumbonas; zona de deportes; chiringuitos.<\/p>\n<p><a href=\"https:\/\/atraccionatural.cat\/wp-content\/uploads\/2019\/02\/Platja-Riumar.pdf\" target=\"_blank\" rel=\"noopener noreferrer\"><span style=\"text-decoration: underline;\">Ubicaci\u00f3n y usos de la playa de Riumar<\/span><\/a><br \/>\n<span style=\"text-decoration: underline;\">Consulta los permisos y las restricciones<\/span><\/p>\n\n        <!-- GT Shortcodes - Alert - Start -->\n        <style type=\"text\/css\" media=\"screen\">\n                    <\/style>\n        <div class=\"gt-shortcodes\">\n            <div id=\"gt-alert-364\" class=\"alert alert-info alert-dismissible\" role=\"alert\"\n                 style=\"color:#ffffff!important;background-color:#54bab7!important;border-style:none!important;\">\n                El servicio de salvamento y socorrismo de la playa de Riumar est\u00e1 subvencionado por la Diputaci\u00f3n de Tarragona.                <div class=\"clearfix\"><\/div>\n            <\/div>\n        <\/div>\n        <!-- GT Shortcodes - Alert - End -->\n\n        \n<p><img loading=\"lazy\" class=\"\" src=\"http:\/\/www.dipta.cat\/sites\/dipta\/files\/media\/DIPTA_H_col.jpg\" width=\"266\" height=\"61\" \/><\/p>\n<p style=\"text-align: justify;\"><b><img loading=\"lazy\" class=\"alignnone size-full wp-image-352\" src=\"\/wp-content\/uploads\/2016\/07\/asterisc_ok.png\" alt=\"PLAYAS\" width=\"33\" height=\"28\" \/><\/b><strong>PLAYA DE LA BASSA D\u2019ARENA<\/strong><\/p>\n<p style=\"text-align: justify;\"><img loading=\"lazy\" class=\"alignnone size-full wp-image-3484\" src=\"\/wp-content\/uploads\/2016\/07\/platja_bassaarena.jpg\" alt=\"PLAYAS\" width=\"900\" height=\"350\" \/><\/p>\n<p style=\"text-align: justify;\">Con 3 km de longitud, la playa de la Bassa d\u2019Arena es una de las playas m\u00e1s extensas del Delta. Se encuentra de forma continua a la playa de Riumar. Hay una zona adaptada para acceder con mascotas (500 metros) y una zona donde est\u00e1 permitida la pesca.<\/p>\n<p style=\"text-align: justify;\"><strong>Ubicaci\u00f3n respecto al n\u00facleo de poblaci\u00f3n<\/strong>: 10 km \/\u00a0<strong>Longitud<\/strong>: 3 km \/\u00a0<strong>Anchura<\/strong>: 40 m \/\u00a0<strong>Usos<\/strong>: perfecta para ir con perros, pescar o hacer nudismo (acceso a la zona nudista por la playa de la Marquesa) \/\u00a0<strong>Servicios<\/strong>: acceso en coche, acceso a pie, limpieza semanal, a\u00a0menos de 50 m de aparcamientos.<\/p>\n<p><a href=\"https:\/\/atraccionatural.cat\/wp-content\/uploads\/2019\/02\/Bassa-dArena.pdf\" target=\"_blank\" rel=\"noopener noreferrer\"><span style=\"text-decoration: underline;\">Ubicaci\u00f3n y usos de la playa de la Bassa d\u2019Arena.<\/span><\/a><\/p>\n<p style=\"text-align: justify;\"><b><img loading=\"lazy\" class=\"alignnone size-full wp-image-352\" src=\"\/wp-content\/uploads\/2016\/07\/asterisc_ok.png\" alt=\"PLAYAS\" width=\"33\" height=\"28\" \/>PLAYA DE LA MARQUESA<\/b><\/p>\n<p style=\"text-align: justify;\"><img loading=\"lazy\" class=\"alignnone size-full wp-image-3483\" src=\"\/wp-content\/uploads\/2016\/07\/platjamarquesa.jpg\" alt=\"PLAYAS\" width=\"900\" height=\"350\" \/><\/p>\n<p style=\"text-align: justify;\">La Marquesa destaca por su alto inter\u00e9s paisaj\u00edstico y natural. En su encanto tienen mucho que ver las peque\u00f1as dunas de arena fina en contraste con un entorno de espacios amplios y tranquilidad absoluta. Al lado de la playa hay un bar-restaurante. Desde la playa de la Marquesa en direcci\u00f3n sud, encontramos el tramo de playa naturista de la playa de la Bassa d\u2019Arena.<\/p>\n<p style=\"text-align: justify;\"><strong>Ubicaci\u00f3n respecto al n\u00facleo de poblaci\u00f3n<\/strong>: 7 km \/\u00a0<strong>Longitud<\/strong>: 2,5 km \/\u00a0<strong>Anchura<\/strong>: 80 m \/\u00a0<strong>Servicios<\/strong>: acceso en coche, acceso a pie, limpieza semanal, a\u00a0menos de 50 m de restaurantes, a\u00a0menos de 50 m de aparcamientos.<\/p>\n<p><a href=\"https:\/\/atraccionatural.cat\/wp-content\/uploads\/2019\/02\/Marquesa.pdf\" target=\"_blank\" rel=\"noopener noreferrer\"><span style=\"text-decoration: underline;\">Ubicaci\u00f3n y usos de la playa de la Marquesa.<\/span><\/a><\/p>\n<p style=\"text-align: justify;\"><b><img loading=\"lazy\" class=\"alignnone size-full wp-image-352\" src=\"https:\/\/deltebre.cat\/turisme\/wp-content\/uploads\/2016\/07\/asterisc_ok.png\" alt=\"asterisc_ok\" width=\"33\" height=\"28\" \/>PLAYA DEL FANGAR<\/b><\/p>\n<p style=\"text-align: justify;\"><img loading=\"lazy\" class=\"alignnone size-full wp-image-3487\" src=\"https:\/\/deltebre.cat\/turisme\/wp-content\/uploads\/2016\/07\/fangarplatja.jpg\" alt=\"\" width=\"900\" height=\"350\" \/><\/p>\n<p style=\"text-align: justify;\">\u00bfEs una playa o un desierto? La playa del Fangar se encuentra en la <a href=\"https:\/\/deltebre.cat\/turisme\/riqueza-natural\/?lang=es\" target=\"_blank\" rel=\"noopener noreferrer\">Punta del Fangar<\/a>, una pen\u00ednsula de 410 ha, que por su aspecto semides\u00e9rtico, convierte la playa del Fangar en una de las zonas m\u00e1s singulares del Delta. Como caracter\u00edstica geogr\u00e1fica y natural, hay que destacar la buena conservaci\u00f3n de las dunas y los arenales. Puedes llegar a la Punta del Fangar bordeando la playa en un paseo de 4 km.<\/p>\n<p style=\"text-align: justify;\">\n        <!-- GT Shortcodes - Alert - Start -->\n        <style type=\"text\/css\" media=\"screen\">\n                    <\/style>\n        <div class=\"gt-shortcodes\">\n            <div id=\"gt-alert-364\" class=\"alert alert-info alert-dismissible\" role=\"alert\"\n                 style=\"color:#ffffff!important;background-color:#54bab7!important;border-style:none!important;\">\n                Recomendaci\u00f3n: en un d\u00eda de sol, haz una ruta hacia la playa del Fangar, donde podr\u00e1s ver los mejores espejismos de todo el Delta. Creer\u00e1s que hay agua en medio del Fangar. Y no olvides llevar contigo una gorra y agua, ya que, como sucede en los desiertos, no hay ninguna zona de sombra.\u00a0                <div class=\"clearfix\"><\/div>\n            <\/div>\n        <\/div>\n        <!-- GT Shortcodes - Alert - End -->\n\n        <\/p>\n<p style=\"text-align: justify;\"><strong>Ubicaci\u00f3n respecto al n\u00facleo de poblaci\u00f3n<\/strong>: 11 km \/\u00a0<strong>Longitud<\/strong>: 7 km \/\u00a0<strong>Anchura<\/strong>: 2,5 km \/\u00a0<strong>Servicios<\/strong>: acceso a pie.<\/p>\n<p>[\/vc_column_text][\/vc_column][\/vc_row]<\/p>\n","protected":false},"excerpt":{"rendered":"<p>[vc_row][vc_column][vc_column_text] Las playas de Deltebre esconden un litoral entre espejismos des\u00e9rticos y dunas naturales. En el aire se respira un ambiente salado que genera un estado de calma instant\u00e1neo. A izquierda y derecha, kil\u00f3metros de arena fina que esperan un&hellip;<\/p>\n","protected":false},"author":123458,"featured_media":4597,"parent":0,"menu_order":0,"comment_status":"closed","ping_status":"closed","template":"","meta":[],"categories":[56],"tags":[],"_links":{"self":[{"href":"https:\/\/atraccionatural.cat\/es\/wp-json\/wp\/v2\/pages\/557\/"}],"collection":[{"href":"https:\/\/atraccionatural.cat\/es\/wp-json\/wp\/v2\/pages\/"}],"about":[{"href":"https:\/\/atraccionatural.cat\/es\/wp-json\/wp\/v2\/types\/page\/"}],"author":[{"embeddable":true,"href":"https:\/\/atraccionatural.cat\/es\/wp-json\/wp\/v2\/users\/123458\/"}],"replies":[{"embeddable":true,"href":"https:\/\/atraccionatural.cat\/es\/wp-json\/wp\/v2\/comments\/?post=557"}],"version-history":[{"count":18,"href":"https:\/\/atraccionatural.cat\/es\/wp-json\/wp\/v2\/pages\/557\/revisions\/"}],"predecessor-version":[{"id":10980,"href":"https:\/\/atraccionatural.cat\/es\/wp-json\/wp\/v2\/pages\/557\/revisions\/10980\/"}],"wp:featuredmedia":[{"embeddable":true,"href":"https:\/\/atraccionatural.cat\/es\/wp-json\/wp\/v2\/media\/4597\/"}],"wp:attachment":[{"href":"https:\/\/atraccionatural.cat\/es\/wp-json\/wp\/v2\/media\/?parent=557"}],"wp:term":[{"taxonomy":"category","embeddable":true,"href":"https:\/\/atraccionatural.cat\/es\/wp-json\/wp\/v2\/categories\/?post=557"},{"taxonomy":"post_tag","embeddable":true,"href":"https:\/\/atraccionatural.cat\/es\/wp-json\/wp\/v2\/tags\/?post=557"}],"curies":[{"name":"wp","href":"https:\/\/api.w.org\/{rel}","templated":true}]}}