{"id":567,"date":"2016-08-05T09:23:42","date_gmt":"2016-08-05T09:23:42","guid":{"rendered":"http:\/\/deltebre.cat\/turisme\/index.php\/descobreix\/?lang=es"},"modified":"2018-03-06T09:04:16","modified_gmt":"2018-03-06T08:04:16","slug":"descubre","status":"publish","type":"page","link":"https:\/\/atraccionatural.cat\/es\/descubre\/","title":{"rendered":"Descubre"},"content":{"rendered":"<p><strong><img loading=\"lazy\" class=\"alignnone wp-image-521 size-full\" src=\"\/wp-content\/uploads\/2016\/08\/sunset.png\" alt=\"DESCUBRE\" width=\"900\" height=\"350\" \/><\/strong><\/p>\n<p style=\"text-align: justify;\"><b>Amplia variedad de experiencias<\/b><\/p>\n<p style=\"text-align: justify;\">Prep\u00e1rate para adentrarte en un mosaico de texturas naturales. Prep\u00e1rate para respirar la fragancia de m\u00e1s de 500 especies de vegetaci\u00f3n. Prep\u00e1rate para escuchar la melod\u00eda que componen los miles de ejemplares de aves. Prep\u00e1rate para desconectar de la rutina y sentir algunas de las sensaciones m\u00e1s intensas que vivir\u00e1s en tu vida: dunas al lado del mar, paseos entre arrozales, atardeceres de cielo pintado, playas de arena fina, comidas <i>gourmet<\/i>, descubrir tesoros naturales en bicicleta, ondear el r\u00edo en kayak, pasear a caballo por caminos perdidos\u2026<\/p>\n<p style=\"text-align: justify;\"><b>Prep\u00e1rate para explorar, vivir y descubrir Deltebre.<\/b><\/p>\n","protected":false},"excerpt":{"rendered":"<p>Amplia variedad de experiencias Prep\u00e1rate para adentrarte en un mosaico de texturas naturales. Prep\u00e1rate para respirar la fragancia de m\u00e1s de 500 especies de vegetaci\u00f3n. Prep\u00e1rate para escuchar la melod\u00eda que componen los miles de ejemplares de aves. Prep\u00e1rate para&hellip;<\/p>\n","protected":false},"author":123458,"featured_media":0,"parent":0,"menu_order":0,"comment_status":"closed","ping_status":"closed","template":"","meta":[],"categories":[],"tags":[],"_links":{"self":[{"href":"https:\/\/atraccionatural.cat\/es\/wp-json\/wp\/v2\/pages\/567\/"}],"collection":[{"href":"https:\/\/atraccionatural.cat\/es\/wp-json\/wp\/v2\/pages\/"}],"about":[{"href":"https:\/\/atraccionatural.cat\/es\/wp-json\/wp\/v2\/types\/page\/"}],"author":[{"embeddable":true,"href":"https:\/\/atraccionatural.cat\/es\/wp-json\/wp\/v2\/users\/123458\/"}],"replies":[{"embeddable":true,"href":"https:\/\/atraccionatural.cat\/es\/wp-json\/wp\/v2\/comments\/?post=567"}],"version-history":[{"count":3,"href":"https:\/\/atraccionatural.cat\/es\/wp-json\/wp\/v2\/pages\/567\/revisions\/"}],"predecessor-version":[{"id":6667,"href":"https:\/\/atraccionatural.cat\/es\/wp-json\/wp\/v2\/pages\/567\/revisions\/6667\/"}],"wp:attachment":[{"href":"https:\/\/atraccionatural.cat\/es\/wp-json\/wp\/v2\/media\/?parent=567"}],"wp:term":[{"taxonomy":"category","embeddable":true,"href":"https:\/\/atraccionatural.cat\/es\/wp-json\/wp\/v2\/categories\/?post=567"},{"taxonomy":"post_tag","embeddable":true,"href":"https:\/\/atraccionatural.cat\/es\/wp-json\/wp\/v2\/tags\/?post=567"}],"curies":[{"name":"wp","href":"https:\/\/api.w.org\/{rel}","templated":true}]}}