{"id":582,"date":"2016-08-05T17:02:55","date_gmt":"2016-08-05T17:02:55","guid":{"rendered":"http:\/\/deltebre.cat\/turisme\/?page_id=582&#038;lang=es"},"modified":"2019-02-27T08:44:27","modified_gmt":"2019-02-27T07:44:27","slug":"como-llegar-a-deltebre","status":"publish","type":"page","link":"https:\/\/atraccionatural.cat\/es\/como-llegar-a-deltebre\/","title":{"rendered":"C\u00f3mo llegar a Deltebre"},"content":{"rendered":"<p>[vc_row][vc_column][vc_column_text]<\/p>\n<p style=\"text-align: justify;\"><img loading=\"lazy\" class=\"alignnone size-full wp-image-3493\" src=\"https:\/\/deltebre.cat\/turisme\/wp-content\/uploads\/2016\/07\/mapa.jpg\" alt=\"\" width=\"900\" height=\"575\" \/><\/p>\n<p style=\"text-align: justify;\"><b><\/b><b><img loading=\"lazy\" class=\"alignnone size-full wp-image-350\" src=\"https:\/\/deltebre.cat\/turisme\/wp-content\/uploads\/2016\/07\/punt.png\" alt=\"punt\" width=\"33\" height=\"28\" \/>E<\/b><b>n coche<\/b><\/p>\n<p style=\"text-align: justify;\">La forma m\u00e1s \u00e1gil y c\u00f3moda de llegar a Deltebre es en coche. Si vienes por carretera, puedes acceder a Deltebre directamente por la autopista AP-7, tomando una de las siguientes salidas:<\/p>\n<p style=\"text-align: justify;\">\n        <!-- GT Shortcodes - Alert - Start -->\n        <style type=\"text\/css\" media=\"screen\">\n                    <\/style>\n        <div class=\"gt-shortcodes\">\n            <div id=\"gt-alert-435\" class=\"alert alert-info alert-dismissible\" role=\"alert\"\n                 style=\"color:#ffffff!important;background-color:#54bab7!important;border-style:none!important;\">\n                39A (l\u2019Ampolla), continuar por la N-340 y tomar la TV-3401 hasta Deltebre.\n                <div class=\"clearfix\"><\/div>\n            <\/div>\n        <\/div>\n        <!-- GT Shortcodes - Alert - End -->\n\n        <\/p>\n<p style=\"text-align: justify;\">\n        <!-- GT Shortcodes - Alert - Start -->\n        <style type=\"text\/css\" media=\"screen\">\n                    <\/style>\n        <div class=\"gt-shortcodes\">\n            <div id=\"gt-alert-200\" class=\"alert alert-info alert-dismissible\" role=\"alert\"\n                 style=\"color:#ffffff!important;background-color:#54bab7!important;border-style:none!important;\">\n                40 (l\u2019Aldea\/Tortosa), continuar por la N-340 y tomar la TV-3400 hasta Deltebre.\n                <div class=\"clearfix\"><\/div>\n            <\/div>\n        <\/div>\n        <!-- GT Shortcodes - Alert - End -->\n\n        <\/p>\n<p style=\"text-align: justify;\">\n        <!-- GT Shortcodes - Alert - Start -->\n        <style type=\"text\/css\" media=\"screen\">\n                    <\/style>\n        <div class=\"gt-shortcodes\">\n            <div id=\"gt-alert-879\" class=\"alert alert-info alert-dismissible\" role=\"alert\"\n                 style=\"color:#ffffff!important;background-color:#54bab7!important;border-style:none!important;\">\n                41 (Amposta\/Sant Carles de la R\u00e0pita) y continuar por la TV-3454 hasta Deltebre.\n                <div class=\"clearfix\"><\/div>\n            <\/div>\n        <\/div>\n        <!-- GT Shortcodes - Alert - End -->\n\n        <\/p>\n<p style=\"text-align: justify;\">Y si vienes por la N-340, puedes acceder por alguno de los siguientes t\u00e9rminos municipales: l\u2019Ampolla, Camarles, l\u2019Aldea, Amposta y Sant Carles de la R\u00e0pita. En todos ellos encontrar\u00e1s indicaciones para llegar a Deltebre.<\/p>\n<p style=\"text-align: justify;\"><b><img loading=\"lazy\" class=\"alignnone size-full wp-image-350\" src=\"https:\/\/deltebre.cat\/turisme\/wp-content\/uploads\/2016\/07\/punt.png\" alt=\"punt\" width=\"33\" height=\"28\" \/>E<\/b><b>n tren<\/b><\/p>\n<p style=\"text-align: justify;\">Si quieres venir en ferrocarril, tienes que tener en cuenta que necesitar\u00e1s otro medio de transporte para poder llegar a Deltebre, ya que las estaciones no se encuentran en el mismo municipio. Las estaciones de trenes m\u00e1s cercanas son:<\/p>\n<p style=\"text-align: justify;\">\n        <!-- GT Shortcodes - Alert - Start -->\n        <style type=\"text\/css\" media=\"screen\">\n                    <\/style>\n        <div class=\"gt-shortcodes\">\n            <div id=\"gt-alert-924\" class=\"alert alert-info alert-dismissible\" role=\"alert\"\n                 style=\"color:#ffffff!important;background-color:#54bab7!important;border-style:none!important;\">\n                l\u2019Aldea-Amposta-Tortosa: paran los trenes de media distancia y algunos de largo recorrido.\n                <div class=\"clearfix\"><\/div>\n            <\/div>\n        <\/div>\n        <!-- GT Shortcodes - Alert - End -->\n\n        <\/p>\n<p style=\"text-align: justify;\">\n        <!-- GT Shortcodes - Alert - Start -->\n        <style type=\"text\/css\" media=\"screen\">\n                    <\/style>\n        <div class=\"gt-shortcodes\">\n            <div id=\"gt-alert-185\" class=\"alert alert-info alert-dismissible\" role=\"alert\"\n                 style=\"color:#ffffff!important;background-color:#54bab7!important;border-style:none!important;\">\n                l\u2019Ampolla-El Perell\u00f3-Deltebre: paran los trenes de media distancia.\n                <div class=\"clearfix\"><\/div>\n            <\/div>\n        <\/div>\n        <!-- GT Shortcodes - Alert - End -->\n\n        <\/p>\n<p style=\"text-align: justify;\">\n        <!-- GT Shortcodes - Alert - Start -->\n        <style type=\"text\/css\" media=\"screen\">\n                    <\/style>\n        <div class=\"gt-shortcodes\">\n            <div id=\"gt-alert-924\" class=\"alert alert-info alert-dismissible\" role=\"alert\"\n                 style=\"color:#ffffff!important;background-color:#54bab7!important;border-style:none!important;\">\n                Camarles-Deltebre: paran los trenes de media distancia.\n                <div class=\"clearfix\"><\/div>\n            <\/div>\n        <\/div>\n        <!-- GT Shortcodes - Alert - End -->\n\n        <\/p>\n<p style=\"text-align: justify;\">Puedes consultar los horarios en la <a href=\"http:\/\/www.renfe.com\/index.html\" target=\"_blank\" rel=\"noopener noreferrer\">p\u00e1gina web de Renfe<\/a>, descargarte su <a href=\"http:\/\/www.adif.es\/es_ES\/adif_movil.shtml\" target=\"_blank\" rel=\"noopener noreferrer\">aplicaci\u00f3n<\/a> o contactar con el tel\u00e9fono de informaci\u00f3n 902 240 202. Y para llegar a Deltebre, la forma m\u00e1s c\u00f3moda es pedir un <a href=\"https:\/\/atraccionatural.cat\/es\/servicios-turisticos\/?lang=es\" target=\"_blank\" rel=\"noopener noreferrer\">taxi<\/a>, aunque tambi\u00e9n puedes coger uno de los <a href=\"http:\/\/www.hife.es\/es-ES\" target=\"_blank\" rel=\"noopener noreferrer\">autobuses<\/a> que llegan a Deltebre desde l\u2019Aldea.<\/p>\n<p style=\"text-align: justify;\"><b><img loading=\"lazy\" class=\"alignnone size-full wp-image-350\" src=\"https:\/\/deltebre.cat\/turisme\/wp-content\/uploads\/2016\/07\/punt.png\" alt=\"punt\" width=\"33\" height=\"28\" \/>E<\/b><b>n autob\u00fas<\/b><\/p>\n<p style=\"text-align: justify;\">Puedes consultar los itinerarios y horarios que ofrece la empresa Hife en su <a href=\"http:\/\/www.hife.es\/es-ES\" target=\"_blank\" rel=\"noopener noreferrer\">p\u00e1gina web<\/a> o llamando al 902 119 814.<\/p>\n<p style=\"text-align: justify;\"><b><img loading=\"lazy\" class=\"alignnone size-full wp-image-350\" src=\"https:\/\/deltebre.cat\/turisme\/wp-content\/uploads\/2016\/07\/punt.png\" alt=\"punt\" width=\"33\" height=\"28\" \/>E<\/b><b>n avi\u00f3n<\/b><\/p>\n<p style=\"text-align: justify;\">Los aeropuertos m\u00e1s cercanos a Deltebre son:<\/p>\n<p style=\"text-align: justify;\">\n        <!-- GT Shortcodes - Alert - Start -->\n        <style type=\"text\/css\" media=\"screen\">\n                    <\/style>\n        <div class=\"gt-shortcodes\">\n            <div id=\"gt-alert-781\" class=\"alert alert-info alert-dismissible\" role=\"alert\"\n                 style=\"color:#ffffff!important;background-color:#54bab7!important;border-style:none!important;\">\n                Aeropuerto de Reus: a 77 km en direcci\u00f3n norte. L\u00edneas regulares a varias capitales europeas.\n                <div class=\"clearfix\"><\/div>\n            <\/div>\n        <\/div>\n        <!-- GT Shortcodes - Alert - End -->\n\n        <\/p>\n<p style=\"text-align: justify;\">\n        <!-- GT Shortcodes - Alert - Start -->\n        <style type=\"text\/css\" media=\"screen\">\n                    <\/style>\n        <div class=\"gt-shortcodes\">\n            <div id=\"gt-alert-760\" class=\"alert alert-info alert-dismissible\" role=\"alert\"\n                 style=\"color:#ffffff!important;background-color:#54bab7!important;border-style:none!important;\">\n                Aeropuerto de Barcelona: a 160 km en direcci\u00f3n norte. L\u00edneas internacionales.\n                <div class=\"clearfix\"><\/div>\n            <\/div>\n        <\/div>\n        <!-- GT Shortcodes - Alert - End -->\n\n        <\/p>\n<p style=\"text-align: justify;\">\n        <!-- GT Shortcodes - Alert - Start -->\n        <style type=\"text\/css\" media=\"screen\">\n                    <\/style>\n        <div class=\"gt-shortcodes\">\n            <div id=\"gt-alert-377\" class=\"alert alert-info alert-dismissible\" role=\"alert\"\n                 style=\"color:#ffffff!important;background-color:#54bab7!important;border-style:none!important;\">\n                Aeropuerto de Valencia: a 160 km en direcci\u00f3n sud. L\u00edneas internacionales.\n                <div class=\"clearfix\"><\/div>\n            <\/div>\n        <\/div>\n        <!-- GT Shortcodes - Alert - End -->\n\n        <\/p>\n<p style=\"text-align: justify;\">Puedes consultar m\u00e1s informaci\u00f3n en la <a href=\"http:\/\/www.aena.es\/csee\/Satellite\/HomeAena\" target=\"_blank\" rel=\"noopener noreferrer\">p\u00e1gina web de AENA<\/a>. Tambi\u00e9n puedes consultar el servicio de <i>transfers <\/i><a href=\"http:\/\/www.ziptransfers.com\/es\/\" target=\"_blank\" rel=\"noopener noreferrer\">ZIP Transfers<\/a> para llegar a Deltebre desde el aeropuerto o el servicio de <a href=\"https:\/\/atraccionatural.cat\/es\/servicios-turisticos\/?lang=es\" target=\"_blank\" rel=\"noopener noreferrer\">taxis de Deltebre<\/a>.<\/p>\n<p style=\"text-align: justify;\"><b><img loading=\"lazy\" class=\"alignnone size-full wp-image-350\" src=\"https:\/\/deltebre.cat\/turisme\/wp-content\/uploads\/2016\/07\/punt.png\" alt=\"punt\" width=\"33\" height=\"28\" \/>E<\/b><b>n barco<\/b><\/p>\n<p style=\"text-align: justify;\">Deltebre est\u00e1 cerca de tres de los puertos comerciales y deportivos m\u00e1s importantes del Estado, lugar de escala de cruceros que llegan desde varios puntos del mundo.<\/p>\n<p style=\"text-align: justify;\">\n        <!-- GT Shortcodes - Alert - Start -->\n        <style type=\"text\/css\" media=\"screen\">\n                    <\/style>\n        <div class=\"gt-shortcodes\">\n            <div id=\"gt-alert-203\" class=\"alert alert-info alert-dismissible\" role=\"alert\"\n                 style=\"color:#ffffff!important;background-color:#54bab7!important;border-style:none!important;\">\n                Puerto de Tarragona: a 81 km en direcci\u00f3n norte.\n                <div class=\"clearfix\"><\/div>\n            <\/div>\n        <\/div>\n        <!-- GT Shortcodes - Alert - End -->\n\n        <\/p>\n<p style=\"text-align: justify;\">\n        <!-- GT Shortcodes - Alert - Start -->\n        <style type=\"text\/css\" media=\"screen\">\n                    <\/style>\n        <div class=\"gt-shortcodes\">\n            <div id=\"gt-alert-969\" class=\"alert alert-info alert-dismissible\" role=\"alert\"\n                 style=\"color:#ffffff!important;background-color:#54bab7!important;border-style:none!important;\">\n                Puerto de Barcelona: a 160 km en direcci\u00f3n norte.\n                <div class=\"clearfix\"><\/div>\n            <\/div>\n        <\/div>\n        <!-- GT Shortcodes - Alert - End -->\n\n        <\/p>\n<p style=\"text-align: justify;\">\n        <!-- GT Shortcodes - Alert - Start -->\n        <style type=\"text\/css\" media=\"screen\">\n                    <\/style>\n        <div class=\"gt-shortcodes\">\n            <div id=\"gt-alert-769\" class=\"alert alert-info alert-dismissible\" role=\"alert\"\n                 style=\"color:#ffffff!important;background-color:#54bab7!important;border-style:none!important;\">\n                Puerto de Valencia: a 160 km en direcci\u00f3n sud.\n                <div class=\"clearfix\"><\/div>\n            <\/div>\n        <\/div>\n        <!-- GT Shortcodes - Alert - End -->\n\n        <\/p>\n<p style=\"text-align: justify;\">Si tienes una embarcaci\u00f3n propia y quieres llegar a Deltebre con ella, puedes alquilar un amarre en el Puerto deportivo de Deltebre (situado en Riumar, muy cerca de la desembocadura). Para m\u00e1s informaci\u00f3n, puedes contactar con <a href=\"http:\/\/www.cnriumar.com\/index.php\" target=\"_blank\" rel=\"noopener noreferrer\">Club N\u00e0utic Riumar<\/a> o llamar al 619 196 707.<\/p>\n<p>[\/vc_column_text][\/vc_column][\/vc_row]<\/p>\n","protected":false},"excerpt":{"rendered":"<p>[vc_row][vc_column][vc_column_text] En coche La forma m\u00e1s \u00e1gil y c\u00f3moda de llegar a Deltebre es en coche. Si vienes por carretera, puedes acceder a Deltebre directamente por la autopista AP-7, tomando una de las siguientes salidas: Y si vienes por la&hellip;<\/p>\n","protected":false},"author":123458,"featured_media":0,"parent":0,"menu_order":0,"comment_status":"closed","ping_status":"closed","template":"","meta":[],"categories":[],"tags":[],"_links":{"self":[{"href":"https:\/\/atraccionatural.cat\/es\/wp-json\/wp\/v2\/pages\/582\/"}],"collection":[{"href":"https:\/\/atraccionatural.cat\/es\/wp-json\/wp\/v2\/pages\/"}],"about":[{"href":"https:\/\/atraccionatural.cat\/es\/wp-json\/wp\/v2\/types\/page\/"}],"author":[{"embeddable":true,"href":"https:\/\/atraccionatural.cat\/es\/wp-json\/wp\/v2\/users\/123458\/"}],"replies":[{"embeddable":true,"href":"https:\/\/atraccionatural.cat\/es\/wp-json\/wp\/v2\/comments\/?post=582"}],"version-history":[{"count":11,"href":"https:\/\/atraccionatural.cat\/es\/wp-json\/wp\/v2\/pages\/582\/revisions\/"}],"predecessor-version":[{"id":8372,"href":"https:\/\/atraccionatural.cat\/es\/wp-json\/wp\/v2\/pages\/582\/revisions\/8372\/"}],"wp:attachment":[{"href":"https:\/\/atraccionatural.cat\/es\/wp-json\/wp\/v2\/media\/?parent=582"}],"wp:term":[{"taxonomy":"category","embeddable":true,"href":"https:\/\/atraccionatural.cat\/es\/wp-json\/wp\/v2\/categories\/?post=582"},{"taxonomy":"post_tag","embeddable":true,"href":"https:\/\/atraccionatural.cat\/es\/wp-json\/wp\/v2\/tags\/?post=582"}],"curies":[{"name":"wp","href":"https:\/\/api.w.org\/{rel}","templated":true}]}}