{"id":645,"date":"2016-08-06T15:08:20","date_gmt":"2016-08-06T15:08:20","guid":{"rendered":"http:\/\/deltebre.cat\/turisme\/?page_id=645&#038;lang=es"},"modified":"2019-02-27T12:47:00","modified_gmt":"2019-02-27T11:47:00","slug":"itinerarios-naturales-en-el-delta","status":"publish","type":"page","link":"https:\/\/atraccionatural.cat\/es\/itinerarios-naturales-en-el-delta\/","title":{"rendered":"Itinerarios naturales"},"content":{"rendered":"<p>Los itinerarios naturales en el Delta del Ebro son la excusa perfecta para dejarte llevar por caminos ins\u00f3litos que te permitir\u00e1n conectar de nuevo contigo mismo y la naturaleza.<\/p>\n<p style=\"text-align: justify;\">Deltebre te ofrece un para\u00edso natural que te invita a recorrerlo tranquilamente. Cada itinerario es una experiencia \u00fanica que te guiar\u00e1 por mil paisajes distintos: lagunas, r\u00edos, playas, arrozales\u2026 Recorridos que te integrar\u00e1n en el ecosistema de la zona y te har\u00e1n vivir la orograf\u00eda tan caracter\u00edstica del terreno.<\/p>\n<p style=\"text-align: justify;\"><span style=\"color: #54bab7;\"><strong><img loading=\"lazy\" src=\"\/wp-content\/uploads\/2016\/07\/asterisc_ok.png\" alt=\"ITINERARIOS NATURALES\" width=\"33\" height=\"28\" \/>CICLOTURISMO<\/strong><\/span><\/p>\n<p style=\"text-align: justify;\">\u00bfTe gusta ir en bici? Aqu\u00ed te esperan cientos de kil\u00f3metros para descubrir el entorno m\u00e1s natural del Delta y con un medio de transporte respetuoso con el medio ambiente. Cada escena ser\u00e1 diferente. Disfruta del camino porque te encontrar\u00e1s inmerso en plena biodiversidad. Para poder disfrutar de las mejores rutas naturales en el Delta, te proponemos tres itinerarios de primera. Y no te preocupes si no tienes bicicleta, porque puedes alquilarla en las distintas empresas del mismo municipio. Cada itinerario tiene unas caracter\u00edsticas y un encanto diferente:<\/p>\n<p style=\"text-align: justify;\">\n        <!-- GT Shortcodes - Alert - Start -->\n        <style type=\"text\/css\" media=\"screen\">\n                    <\/style>\n        <div class=\"gt-shortcodes\">\n            <div id=\"gt-alert-282\" class=\"alert alert-info alert-dismissible\" role=\"alert\"\n                 style=\"color:#ffffff!important;background-color:#57bab7!important;border-style:none!important;\">\n                <a href=\"https:\/\/deltebre.cat\/turisme\/wp-content\/uploads\/2016\/08\/intinerari_desembocadura_es.pdf\" target=\"_blank\" rel=\"noopener noreferrer\">Itinerario familiar por la desembocadura \u2013 El Garxal \u2013 Riumar<\/a>                <div class=\"clearfix\"><\/div>\n            <\/div>\n        <\/div>\n        <!-- GT Shortcodes - Alert - End -->\n\n        <\/p>\n<p style=\"text-align: justify;\">\n        <!-- GT Shortcodes - Alert - Start -->\n        <style type=\"text\/css\" media=\"screen\">\n                    <\/style>\n        <div class=\"gt-shortcodes\">\n            <div id=\"gt-alert-282\" class=\"alert alert-info alert-dismissible\" role=\"alert\"\n                 style=\"color:#ffffff!important;background-color:#57bab7!important;border-style:none!important;\">\n                <a href=\"https:\/\/deltebre.cat\/turisme\/wp-content\/uploads\/2016\/08\/Itinerari_passeig_es.pdf\" target=\"_blank\" rel=\"noopener noreferrer\">Itinerario por el Passeig del Riu<\/a>                <div class=\"clearfix\"><\/div>\n            <\/div>\n        <\/div>\n        <!-- GT Shortcodes - Alert - End -->\n\n        <\/p>\n<p style=\"text-align: justify;\">\n        <!-- GT Shortcodes - Alert - Start -->\n        <style type=\"text\/css\" media=\"screen\">\n                    <\/style>\n        <div class=\"gt-shortcodes\">\n            <div id=\"gt-alert-282\" class=\"alert alert-info alert-dismissible\" role=\"alert\"\n                 style=\"color:#ffffff!important;background-color:#57bab7!important;border-style:none!important;\">\n                <a href=\"https:\/\/deltebre.cat\/turisme\/wp-content\/uploads\/2016\/08\/itinerari_ecomuseu_es.pdf\" target=\"_blank\" rel=\"noopener noreferrer\">Itinerario del Ecomuseo a la desembocadura<\/a>                <div class=\"clearfix\"><\/div>\n            <\/div>\n        <\/div>\n        <!-- GT Shortcodes - Alert - End -->\n\n        <\/p>\n<p style=\"text-align: justify;\"><span style=\"color: #54bab7;\"><strong><img loading=\"lazy\" class=\"alignnone size-full wp-image-352\" src=\"https:\/\/deltebre.cat\/turisme\/wp-content\/uploads\/2016\/07\/asterisc_ok.png\" alt=\"asterisc_ok\" width=\"33\" height=\"28\" \/>PASEO A CABALLO<\/strong><\/span><\/p>\n<p style=\"text-align: justify;\">Nuestras rutas naturales se pueden disfrutar tanto en bicicleta como a pie. Aunque no puedes perderte la ocasi\u00f3n de pasear a lomos de un precioso caballo, envuelto por un paisaje de pel\u00edcula. Para realizar salidas y actividades ecuestres, puedes contactar con varias h\u00edpicas de la zona. <a href=\"https:\/\/atraccionatural.cat\/es\/servicios-turisticos\/?lang=es\" target=\"_blank\" rel=\"noopener noreferrer\">M\u00e1s informaci\u00f3n<\/a>.<\/p>\n<p style=\"text-align: justify;\"><span style=\"color: #54bab7;\"><strong><img loading=\"lazy\" class=\"alignnone size-full wp-image-352\" src=\"https:\/\/deltebre.cat\/turisme\/wp-content\/uploads\/2016\/07\/asterisc_ok.png\" alt=\"asterisc_ok\" width=\"33\" height=\"28\" \/>VISITAS GUIADAS<\/strong><\/span><\/p>\n<p style=\"text-align: justify;\">Si quieres descubrir los secretos mejor guardados de Deltebre y de todo el entorno natural del Parque Natural del Delta del Ebro, la mejor opci\u00f3n es contratar un servicio de gu\u00edas tur\u00edsticos, que te explicar\u00e1n de primera mano todos los detalles de este paraje natural. Es una ocasi\u00f3n excepcional para pasar un agradable d\u00eda al aire libre, adentr\u00e1ndote en la historia, cultura, tradiciones y medio natural del territorio.\u00a0<a href=\"https:\/\/atraccionatural.cat\/es\/servicios-turisticos\/?lang=es\" target=\"_blank\" rel=\"noopener noreferrer\">M\u00e1s informaci\u00f3n<\/a>.<\/p>\n<p><span style=\"color: #54bab7;\"><strong><img loading=\"lazy\" class=\"alignnone size-full wp-image-352\" src=\"https:\/\/deltebre.cat\/turisme\/wp-content\/uploads\/2016\/07\/asterisc_ok.png\" alt=\"asterisc_ok\" width=\"33\" height=\"28\" \/>VIA BLAVA &#8211; LA RUTA DEL ARROZ<\/strong><\/span><\/p>\n<p>En lugar de bajar el r\u00edo, \u00a1rem\u00f3ntalo! Navega desde la desembocadura del Ebro hasta las poblaciones r\u00edo arriba. Podr\u00e1s visitar algunos de los activos m\u00e1s destacados de les <a href=\"https:\/\/atraccionatural.cat\/es\/terres-de-lebre\/\"><span style=\"text-decoration: underline;\">Terres de l\u2019Ebre<\/span><\/a>. <a href=\"http:\/\/www.cnriumar.com\/index.php\" target=\"_blank\" rel=\"noopener noreferrer\"><span style=\"text-decoration: underline;\">M\u00e1s informaci\u00f3n<\/span><\/a>.<\/p>\n","protected":false},"excerpt":{"rendered":"<p>Los itinerarios naturales en el Delta del Ebro son la excusa perfecta para dejarte llevar por caminos ins\u00f3litos que te permitir\u00e1n conectar de nuevo contigo mismo y la naturaleza. Deltebre te ofrece un para\u00edso natural que te invita a recorrerlo&hellip;<\/p>\n","protected":false},"author":123458,"featured_media":4573,"parent":0,"menu_order":0,"comment_status":"closed","ping_status":"closed","template":"","meta":[],"categories":[56],"tags":[],"_links":{"self":[{"href":"https:\/\/atraccionatural.cat\/es\/wp-json\/wp\/v2\/pages\/645\/"}],"collection":[{"href":"https:\/\/atraccionatural.cat\/es\/wp-json\/wp\/v2\/pages\/"}],"about":[{"href":"https:\/\/atraccionatural.cat\/es\/wp-json\/wp\/v2\/types\/page\/"}],"author":[{"embeddable":true,"href":"https:\/\/atraccionatural.cat\/es\/wp-json\/wp\/v2\/users\/123458\/"}],"replies":[{"embeddable":true,"href":"https:\/\/atraccionatural.cat\/es\/wp-json\/wp\/v2\/comments\/?post=645"}],"version-history":[{"count":13,"href":"https:\/\/atraccionatural.cat\/es\/wp-json\/wp\/v2\/pages\/645\/revisions\/"}],"predecessor-version":[{"id":8453,"href":"https:\/\/atraccionatural.cat\/es\/wp-json\/wp\/v2\/pages\/645\/revisions\/8453\/"}],"wp:featuredmedia":[{"embeddable":true,"href":"https:\/\/atraccionatural.cat\/es\/wp-json\/wp\/v2\/media\/4573\/"}],"wp:attachment":[{"href":"https:\/\/atraccionatural.cat\/es\/wp-json\/wp\/v2\/media\/?parent=645"}],"wp:term":[{"taxonomy":"category","embeddable":true,"href":"https:\/\/atraccionatural.cat\/es\/wp-json\/wp\/v2\/categories\/?post=645"},{"taxonomy":"post_tag","embeddable":true,"href":"https:\/\/atraccionatural.cat\/es\/wp-json\/wp\/v2\/tags\/?post=645"}],"curies":[{"name":"wp","href":"https:\/\/api.w.org\/{rel}","templated":true}]}}