{"id":679,"date":"2016-08-06T16:34:19","date_gmt":"2016-08-06T16:34:19","guid":{"rendered":"http:\/\/deltebre.cat\/turisme\/?page_id=679&#038;lang=es"},"modified":"2019-10-11T10:06:20","modified_gmt":"2019-10-11T08:06:20","slug":"contacta","status":"publish","type":"page","link":"https:\/\/atraccionatural.cat\/es\/contacta\/","title":{"rendered":"Contacta"},"content":{"rendered":"<p><img loading=\"lazy\" class=\"alignnone wp-image-504 size-full\" src=\"https:\/\/deltebre.cat\/turisme\/wp-content\/uploads\/2016\/07\/contacta.png\" alt=\"contacta\" width=\"900\" height=\"350\" \/><\/p>\n<div role=\"form\" class=\"wpcf7\" id=\"wpcf7-f781-o1\" lang=\"ca\" dir=\"ltr\">\n<div class=\"screen-reader-response\"><\/div>\n<form action=\"\/es\/wp-json\/wp\/v2\/pages\/679#wpcf7-f781-o1\" method=\"post\" class=\"wpcf7-form wpcf7-acceptance-as-validation\" novalidate=\"novalidate\">\n<div style=\"display: none;\">\n<input type=\"hidden\" name=\"_wpcf7\" value=\"781\" \/>\n<input type=\"hidden\" name=\"_wpcf7_version\" value=\"5.1.6\" \/>\n<input type=\"hidden\" name=\"_wpcf7_locale\" value=\"ca\" \/>\n<input type=\"hidden\" name=\"_wpcf7_unit_tag\" value=\"wpcf7-f781-o1\" \/>\n<input type=\"hidden\" name=\"_wpcf7_container_post\" value=\"0\" \/>\n<input type=\"hidden\" name=\"g-recaptcha-response\" value=\"\" \/>\n<\/div>\n<p>Tu nombre (obligatorio)<br \/>\n    <span class=\"wpcf7-form-control-wrap your-name\"><input type=\"text\" name=\"your-name\" value=\"\" size=\"40\" class=\"wpcf7-form-control wpcf7-text wpcf7-validates-as-required\" aria-required=\"true\" aria-invalid=\"false\" \/><\/span> <\/p>\n<p>Tu correo electr\u00f3nico (obligatorio)<br \/>\n    <span class=\"wpcf7-form-control-wrap your-email\"><input type=\"email\" name=\"your-email\" value=\"\" size=\"40\" class=\"wpcf7-form-control wpcf7-text wpcf7-email wpcf7-validates-as-required wpcf7-validates-as-email\" aria-required=\"true\" aria-invalid=\"false\" \/><\/span> <\/p>\n<p>Tu mensaje<br \/>\n    <span class=\"wpcf7-form-control-wrap your-message\"><textarea name=\"your-message\" cols=\"40\" rows=\"10\" class=\"wpcf7-form-control wpcf7-textarea\" aria-invalid=\"false\"><\/textarea><\/span> <\/p>\n<p><span class=\"wpcf7-form-control-wrap acceptance-551\"><span class=\"wpcf7-form-control wpcf7-acceptance\"><span class=\"wpcf7-list-item\"><input type=\"checkbox\" name=\"acceptance-551\" value=\"1\" aria-invalid=\"false\" \/><\/span><\/span><\/span>  He le\u00eddo y acepto los <a class=\"eModal-2\" href=\"#\" style=\"cursor: pointer;font-weight: 600;margin-left: 4px;\">T\u00e9rminos y condiciones.<\/a><\/p>\n<p><input type=\"submit\" value=\"Enviar\" class=\"wpcf7-form-control wpcf7-submit\" \/><\/p>\n<input type='hidden' class='wpcf7-pum' value='{\"closepopup\":false,\"closedelay\":0,\"openpopup\":false,\"openpopup_id\":0}' \/><div class=\"wpcf7-response-output wpcf7-display-none\"><\/div><\/form><\/div>\n","protected":false},"excerpt":{"rendered":"Tu nombre (obligatorio) Tu correo electr\u00f3nico (obligatorio) Tu mensaje He le\u00eddo y acepto los T\u00e9rminos y condiciones.","protected":false},"author":123458,"featured_media":0,"parent":0,"menu_order":0,"comment_status":"closed","ping_status":"closed","template":"","meta":[],"categories":[],"tags":[],"_links":{"self":[{"href":"https:\/\/atraccionatural.cat\/es\/wp-json\/wp\/v2\/pages\/679\/"}],"collection":[{"href":"https:\/\/atraccionatural.cat\/es\/wp-json\/wp\/v2\/pages\/"}],"about":[{"href":"https:\/\/atraccionatural.cat\/es\/wp-json\/wp\/v2\/types\/page\/"}],"author":[{"embeddable":true,"href":"https:\/\/atraccionatural.cat\/es\/wp-json\/wp\/v2\/users\/123458\/"}],"replies":[{"embeddable":true,"href":"https:\/\/atraccionatural.cat\/es\/wp-json\/wp\/v2\/comments\/?post=679"}],"version-history":[{"count":2,"href":"https:\/\/atraccionatural.cat\/es\/wp-json\/wp\/v2\/pages\/679\/revisions\/"}],"predecessor-version":[{"id":784,"href":"https:\/\/atraccionatural.cat\/es\/wp-json\/wp\/v2\/pages\/679\/revisions\/784\/"}],"wp:attachment":[{"href":"https:\/\/atraccionatural.cat\/es\/wp-json\/wp\/v2\/media\/?parent=679"}],"wp:term":[{"taxonomy":"category","embeddable":true,"href":"https:\/\/atraccionatural.cat\/es\/wp-json\/wp\/v2\/categories\/?post=679"},{"taxonomy":"post_tag","embeddable":true,"href":"https:\/\/atraccionatural.cat\/es\/wp-json\/wp\/v2\/tags\/?post=679"}],"curies":[{"name":"wp","href":"https:\/\/api.w.org\/{rel}","templated":true}]}}