{"id":684,"date":"2016-08-06T16:56:51","date_gmt":"2016-08-06T16:56:51","guid":{"rendered":"http:\/\/deltebre.cat\/turisme\/?page_id=684&#038;lang=es"},"modified":"2019-02-27T09:14:57","modified_gmt":"2019-02-27T08:14:57","slug":"vive-el-rio-ebro","status":"publish","type":"page","link":"https:\/\/atraccionatural.cat\/es\/vive-el-rio-ebro\/","title":{"rendered":"Vive el r\u00edo Ebro"},"content":{"rendered":"<p style=\"text-align: justify;\">Mira fijamente la corriente de agua: \u00bfsube o baja? El suave oleaje del r\u00edo Ebro, junto con su color verde azulado tan caracter\u00edstico y el canto de los p\u00e1jaros, te hipnotizar\u00e1n, dej\u00e1ndote en un estado de calma que nunca antes hab\u00edas experimentado. Despu\u00e9s de 930 km, el Ebro llega a su tramo final, pasando por Deltebre. Navegar por el r\u00edo es una de las experiencias que debes vivir cuando nos visites.<\/p>\n<p>Recorridos guiados, salidas en kayak\u2026 A trav\u00e9s del r\u00edo llegar\u00e1s a lugares de especial inter\u00e9s, como por ejemplo la desembocadura, la isla de Gr\u00e0cia, la Gola de Migjorn, la isla de Sant Antoni, la isla de Buda y Sapinya, pero ten en cuenta que son zonas de acceso restringido, por lo que no puedes desembarcar en ellos.<\/p>\n<p style=\"text-align: justify;\"><strong><img loading=\"lazy\" src=\"\/wp-content\/uploads\/2016\/07\/asterisc_ok.png\" alt=\"VIVE EL R\u00cdO\" width=\"33\" height=\"28\" \/>CRUCEROS TUR\u00cdSTICOS<\/strong><\/p>\n<p style=\"text-align: justify;\">Desde grandes embarcaciones a lanchas r\u00e1pidas realizan trayectos por todo el tramo final navegable del r\u00edo Ebro. Se trata de una actividad l\u00fadica que te permitir\u00e1 estar muy cerca de<a href=\"https:\/\/atraccionatural.cat\/riqueza-natural\/?lang=es\" target=\"_blank\" rel=\"noopener noreferrer\"> zonas de gran inter\u00e9s natural<\/a>, como la desembocadura, la isla de Buda o la isla de Sant Antoni. Y si subes a un barco-restaurante, podr\u00e1s degustar la cocina local a la vez que disfrutas de un agradable paseo por el r\u00edo.\u00a0<a href=\"https:\/\/atraccionatural.cat\/es\/servicios-turisticos\/\" target=\"_blank\" rel=\"noopener noreferrer\">M\u00e1s informaci\u00f3n<\/a>.<\/p>\n<p style=\"text-align: justify;\"><strong><img loading=\"lazy\" class=\"alignnone size-full wp-image-352\" src=\"\/wp-content\/uploads\/2016\/07\/asterisc_ok.png\" alt=\"VIVE EL R\u00cdO\" width=\"33\" height=\"28\" \/>PASEO EN BARCA<\/strong><\/p>\n<p style=\"text-align: justify;\">Uno de los principales atractivos naturales de Deltebre es el r\u00edo Ebro. \u00bfTe imaginas poder tripular tu propia barca? \u00bfPoder pasear sobre un r\u00edo tan lleno de vida? \u00a1Ahora ya lo puedes hacer! S\u00f3lo hace falta que alquiles una embarcaci\u00f3n. Para pasear con una peque\u00f1a barca tur\u00edstica no es necesario que tengas un permiso o carnet especial, pero s\u00ed que es importante que sigas todas las indicaciones que las propias empresas te dar\u00e1n. Recuerda que r\u00edo, mar o tierra, un entorno privilegiado te abre las puertas; \u00a1ay\u00fadanos a preservarlo! <a href=\"https:\/\/atraccionatural.cat\/es\/servicios-turisticos\/?lang=es\" target=\"_blank\" rel=\"noopener noreferrer\">M\u00e1s informaci\u00f3n<\/a>.<\/p>\n<p style=\"text-align: justify;\"><strong><img loading=\"lazy\" class=\"alignnone size-full wp-image-352\" src=\"\/wp-content\/uploads\/2016\/07\/asterisc_ok.png\" alt=\"VIVE EL R\u00cdO\" width=\"33\" height=\"28\" \/>BARCA A LA CARTA<\/strong><\/p>\n<p style=\"text-align: justify;\">Si prefieres una alternativa a los cruceros tur\u00edsticos o a un paseo m\u00e1s tradicional en barca, <a href=\"https:\/\/atraccionatural.cat\/es\/servicios-turisticos\/\"><span style=\"text-decoration: underline;\">alquila una barca<\/span><\/a> y celebra de una forma diferente una fiesta, una boda, una salida de observaci\u00f3n de aves, una escapada de noche para contemplar la luna llena\u2026 \u00a1T\u00fa escoges! Con quien quieras, donde quieras y cuando quieras.<\/p>\n<p><strong><img loading=\"lazy\" src=\"\/wp-content\/uploads\/2016\/07\/asterisc_ok.png\" alt=\"VIVE EL R\u00cdO\" width=\"33\" height=\"28\" \/>SALIDA NOCTURNA EN KAYAK<\/strong><\/p>\n<p style=\"text-align: justify;\">\u00bfTe atreves a adentrarte en el Ebro de noche y s\u00f3lo guiado por el reflejo de la luna llena sobre el agua? La llaman \u00abla noche m\u00e1gica\u00bb, y no es para menos, ya que esta es la sensaci\u00f3n que experimentar\u00e1s si decides realizar esta expedici\u00f3n acu\u00e1tica. Se organizan varias rutas en la temporada de junio a septiembre. S\u00f3lo necesitas un kayak (si no tienes uno, lo puedes <a href=\"https:\/\/atraccionatural.cat\/es\/servicios-turisticos\/?lang=es\" target=\"_blank\" rel=\"noopener noreferrer\">lo puedes alquilar<\/a> para recorrer tranquilamente el \u00faltimo tramo del r\u00edo. Al finalizar la ruta, te espera una cena justo sobre el antiguo transbordador, que serv\u00eda para unir las dos riberas antes de la construcci\u00f3n del puente Lo Passador. <a href=\"http:\/\/www.riualebre.com\/kayak\" target=\"_blank\" rel=\"noopener noreferrer\">M\u00e1s informaci\u00f3n<\/a>.<\/p>\n<p style=\"text-align: justify;\"><b><strong><img loading=\"lazy\" src=\"\/wp-content\/uploads\/2016\/07\/asterisc_ok.png\" alt=\"VIVE EL R\u00cdO\" width=\"33\" height=\"28\" \/>V\u00cdA BLAVA &#8211; LA RUTA DEL ARROZ<\/strong><\/b><\/p>\n<p style=\"text-align: justify;\">En lugar de bajar el r\u00edo, \u00a1rem\u00f3ntalo! Navega desde la desembocadura del Ebro hasta las poblaciones r\u00edo arriba. Podr\u00e1s visitar algunos de los activos m\u00e1s destacados de les Terres de l\u2019Ebre. <a href=\"http:\/\/www.cnriumar.com\/index.php\" target=\"_blank\" rel=\"noopener noreferrer\">M\u00e1s informaci\u00f3n<\/a>.<\/p>\n<p style=\"text-align: justify;\"><b><strong><img loading=\"lazy\" class=\"alignnone size-full wp-image-352\" src=\"\/wp-content\/uploads\/2016\/07\/asterisc_ok.png\" alt=\"VIVE EL R\u00cdO\" width=\"33\" height=\"28\" \/><\/strong>LLAGUT CATAL\u00c0<\/b><\/p>\n<p style=\"text-align: justify;\">Cada a\u00f1o, Deltebre acoge una de las regatas enmarcadas dentro de la liga catalana de remo, donde acuden todos los equipos de remo del territorio. Deltebre cuenta con un equipo local de remo, A.E. Xino-Xano. El llagut catal\u00e0 es una embarcaci\u00f3n que naci\u00f3 en les Terres de l\u2019Ebre como herramienta de pesca en el Delta.<\/p>\n","protected":false},"excerpt":{"rendered":"<p>Mira fijamente la corriente de agua: \u00bfsube o baja? El suave oleaje del r\u00edo Ebro, junto con su color verde azulado tan caracter\u00edstico y el canto de los p\u00e1jaros, te hipnotizar\u00e1n, dej\u00e1ndote en un estado de calma que nunca antes&hellip;<\/p>\n","protected":false},"author":123458,"featured_media":4589,"parent":0,"menu_order":0,"comment_status":"closed","ping_status":"closed","template":"","meta":[],"categories":[56],"tags":[],"_links":{"self":[{"href":"https:\/\/atraccionatural.cat\/es\/wp-json\/wp\/v2\/pages\/684\/"}],"collection":[{"href":"https:\/\/atraccionatural.cat\/es\/wp-json\/wp\/v2\/pages\/"}],"about":[{"href":"https:\/\/atraccionatural.cat\/es\/wp-json\/wp\/v2\/types\/page\/"}],"author":[{"embeddable":true,"href":"https:\/\/atraccionatural.cat\/es\/wp-json\/wp\/v2\/users\/123458\/"}],"replies":[{"embeddable":true,"href":"https:\/\/atraccionatural.cat\/es\/wp-json\/wp\/v2\/comments\/?post=684"}],"version-history":[{"count":10,"href":"https:\/\/atraccionatural.cat\/es\/wp-json\/wp\/v2\/pages\/684\/revisions\/"}],"predecessor-version":[{"id":8385,"href":"https:\/\/atraccionatural.cat\/es\/wp-json\/wp\/v2\/pages\/684\/revisions\/8385\/"}],"wp:featuredmedia":[{"embeddable":true,"href":"https:\/\/atraccionatural.cat\/es\/wp-json\/wp\/v2\/media\/4589\/"}],"wp:attachment":[{"href":"https:\/\/atraccionatural.cat\/es\/wp-json\/wp\/v2\/media\/?parent=684"}],"wp:term":[{"taxonomy":"category","embeddable":true,"href":"https:\/\/atraccionatural.cat\/es\/wp-json\/wp\/v2\/categories\/?post=684"},{"taxonomy":"post_tag","embeddable":true,"href":"https:\/\/atraccionatural.cat\/es\/wp-json\/wp\/v2\/tags\/?post=684"}],"curies":[{"name":"wp","href":"https:\/\/api.w.org\/{rel}","templated":true}]}}