{"id":686,"date":"2016-08-06T17:07:18","date_gmt":"2016-08-06T17:07:18","guid":{"rendered":"http:\/\/deltebre.cat\/turisme\/?page_id=686&#038;lang=es"},"modified":"2019-02-27T09:50:25","modified_gmt":"2019-02-27T08:50:25","slug":"deportes-de-aventura-en-el-delta","status":"publish","type":"page","link":"https:\/\/atraccionatural.cat\/es\/deportes-de-aventura-en-el-delta\/","title":{"rendered":"Deportes de aventura en el Delta del Ebro"},"content":{"rendered":"<p><em>Mens sana in corpore sano<\/em>. Y el mejor modo de conseguirlo es realizando deportes de aventura en el Delta del Ebro. Gracias a su ubicaci\u00f3n privilegiada en el Delta, Deltebre ofrece los mejores escenarios donde desconectar de la rutina y quemar adrenalina practicando kitesurf, kayak, triatlones, vela, caminatas nocturnas\u2026<\/p>\n<p>Aunque est\u00e9s de vacaciones, en realidad sentir\u00e1s unas ganas locas de poder hacer un poco de ejercicio para tener una excusa m\u00e1s para contemplar el paisaje. Desde largos paseos por la orilla del r\u00edo a todo tipo de deportes acu\u00e1ticos para los m\u00e1s atrevidos.<\/p>\n<p style=\"text-align: justify;\"><strong style=\"letter-spacing: 0.1em;\"><img loading=\"lazy\" src=\"\/wp-content\/uploads\/2016\/07\/asterisc_ok.png\" alt=\"DEPORTES DE AVENTURA\" width=\"33\" height=\"28\" \/>GARXAL DESERT RACE<\/strong><\/p>\n<p style=\"text-align: justify;\">Si te gusta el deporte y la naturaleza, \u00a1esta es tu oportunidad! Garxal Desert Race es una carrera de 8 km con mucha personalidad, ya que su circuito combina arena y asfalto. La carrera transcurre por la zona del Garxal, en la desembocadura del r\u00edo Ebro. \u00bfTe atreves? <a href=\"http:\/\/uelopassador.blogspot.com.es\/\" target=\"_blank\" rel=\"noopener noreferrer\">M\u00e1s informaci\u00f3n<\/a>.<\/p>\n<p style=\"text-align: justify;\"><strong><img loading=\"lazy\" src=\"\/wp-content\/uploads\/2016\/07\/asterisc_ok.png\" alt=\"DEPORTES DE AVENTURA\" width=\"33\" height=\"28\" \/>ESPIGA FOSCA<\/strong><\/p>\n<p style=\"text-align: justify;\">Una marcha nocturna que recorre parte del reconocido Camino Natural del Ebro GR-99, un sendero de gran recorrido que comienza en Fontibre (Cantabria) y llega a Deltebre, con un total de 1.200 km y 42 etapas. Puedes escoger entre el recorrido largo (18 km) o el corto (9 km).\u00a0<a href=\"http:\/\/uelopassador.blogspot.com.es\" target=\"_blank\" rel=\"noopener noreferrer\">M\u00e1s informaci\u00f3n<\/a>.<\/p>\n<p style=\"text-align: justify;\"><strong><img loading=\"lazy\" src=\"\/wp-content\/uploads\/2016\/07\/asterisc_ok.png\" alt=\"DEPORTES DE AVENTURA\" width=\"33\" height=\"28\" \/>TRILIMIT<\/strong><\/p>\n<p style=\"text-align: justify;\">Deltebre se convierte cada a\u00f1o en el escenario del triatl\u00f3n Trilimit, un evento deportivo que re\u00fane a m\u00e1s de 650 atletas de todo el territorio, convirti\u00e9ndose, durante un fin de semana, en la capital y el referente del triatl\u00f3n de toda Catalu\u00f1a. <a href=\"http:\/\/trilimit.com\/index2.html\" target=\"_blank\" rel=\"noopener noreferrer\">M\u00e1s informaci\u00f3n<\/a>.<\/p>\n<p style=\"text-align: justify;\"><strong><img loading=\"lazy\" src=\"\/wp-content\/uploads\/2016\/07\/asterisc_ok.png\" alt=\"DEPORTES DE AVENTURA\" width=\"33\" height=\"28\" \/>RUNNING<\/strong><\/p>\n<p style=\"text-align: justify;\">Disfruta del <i>running<\/i> en plena naturaleza y rompe con la monoton\u00eda de los recorridos urbanos. La orograf\u00eda de Deltebre te ofrece una amplia variedad de rutas dependiendo de tu condici\u00f3n f\u00edsica. Y si quieres seguir un itinerario marcado, puedes realizar los mismos recorridos dise\u00f1ados para el cicloturismo. Si te va el deporte, prep\u00e1rate para realizar <a href=\"https:\/\/deltebre.cat\/turisme\/itinerarios-naturales\/?lang=es\" target=\"_blank\" rel=\"noopener noreferrer\">itinerarios<\/a> de ejercicio en caminos abiertos al lado de arrozales, dunas, lagunas, el r\u00edo\u2026 \u00a1Reencu\u00e9ntrate contigo y con la naturaleza!<\/p>\n<p style=\"text-align: justify;\"><strong><img loading=\"lazy\" src=\"\/wp-content\/uploads\/2016\/07\/asterisc_ok.png\" alt=\"DEPORTES DE AVENTURA\" width=\"33\" height=\"28\" \/>VELA Y KAYAK<\/strong><\/p>\n<p style=\"text-align: justify;\">Puedes hacer deporte en tierra o tambi\u00e9n en el agua. \u00bfQu\u00e9 tal si exploras el r\u00edo Ebro en kayak? Y si prefieres una sesi\u00f3n de playa, entonces la vela ser\u00e1 la mejor opci\u00f3n para disfrutar del Mediterr\u00e1neo desde uno de sus rincones m\u00e1s singulares. Puedes hacer diferentes rutas, todas organizadas por varias empresas del municipio, que te har\u00e1n vivir la naturaleza del \u00faltimo tramo del r\u00edo Ebro y del mar Mediterr\u00e1neo. <a href=\"https:\/\/atraccionatural.cat\/es\/servicios-turisticos\/?lang=es\" target=\"_blank\" rel=\"noopener noreferrer\">M\u00e1s informaci\u00f3n<\/a>.<\/p>\n<p style=\"text-align: justify;\"><strong><img loading=\"lazy\" class=\"alignnone size-full wp-image-352\" src=\"\/wp-content\/uploads\/2016\/07\/asterisc_ok.png\" alt=\"DEPORTES DE AVENTURA\" width=\"33\" height=\"28\" \/>KITESURF<\/strong><\/p>\n<p style=\"text-align: justify;\">\u00bfEres un apasionado del viento, del mar y del aire salado? Sab\u00edas que en Deltebre tenemos uno de los mejores vientos para practicar kitesurf, adem\u00e1s de un paisaje inigualable, por lo que no s\u00f3lo estar\u00e1s a gusto dentro del mar, sino que tambi\u00e9n experimentar\u00e1s sensaciones \u00fanicas una vez salgas y te relajes en largas playas con dunas naturales. Si no tienes un equipo propio o quieres empezar a practicar este deporte, puedes contactar con las escuelas locales de kitesurf.\u00a0<a href=\"https:\/\/atraccionatural.cat\/es\/servicios-turisticos\/?lang=es\" target=\"_blank\" rel=\"noopener noreferrer\">M\u00e1s informaci\u00f3n<\/a><strong>.<\/strong><\/p>\n<p style=\"text-align: justify;\"><strong><img loading=\"lazy\" class=\"alignnone size-full wp-image-352\" src=\"\/wp-content\/uploads\/2016\/07\/asterisc_ok.png\" alt=\"DEPORTES DE AVENTURA\" width=\"33\" height=\"28\" \/>PESCA<\/strong><\/p>\n<p style=\"text-align: justify;\">La pr\u00e1ctica deportiva no se limita a los deportes de aventura. El Delta es una de las zonas m\u00e1s importantes de todo el Mediterr\u00e1neo para la <a href=\"https:\/\/atraccionatural.cat\/de-pesca\/?lang=es\" target=\"_blank\" rel=\"noopener noreferrer\">pesca deportiva<\/a>. Sus costas te permitir\u00e1n practicar varias t\u00e9cnicas y encontrar una gran variedad de especies.<\/p>\n<p style=\"text-align: justify;\"><strong><img loading=\"lazy\" class=\"alignnone size-full wp-image-352\" src=\"\/wp-content\/uploads\/2016\/07\/asterisc_ok.png\" alt=\"DEPORTES DE AVENTURA\" width=\"33\" height=\"28\" \/>LLAGUT CATAL\u00c0<\/strong><\/p>\n<p style=\"text-align: justify;\">Cada a\u00f1o, Deltebre acoge una de las regatas enmarcadas dentro de la liga catalana de remo, donde acuden todos los equipos de remo del territorio. Deltebre cuenta con un equipo local de remo, A.E. Xino-Xano. El llagut catal\u00e0 es una embarcaci\u00f3n que naci\u00f3 en les Terres de l\u2019Ebre como herramienta de pesca en el Delta.<\/p>\n","protected":false},"excerpt":{"rendered":"<p>Mens sana in corpore sano. Y el mejor modo de conseguirlo es realizando deportes de aventura en el Delta del Ebro. Gracias a su ubicaci\u00f3n privilegiada en el Delta, Deltebre ofrece los mejores escenarios donde desconectar de la rutina y&hellip;<\/p>\n","protected":false},"author":123458,"featured_media":4569,"parent":0,"menu_order":0,"comment_status":"closed","ping_status":"closed","template":"","meta":[],"categories":[56],"tags":[],"_links":{"self":[{"href":"https:\/\/atraccionatural.cat\/es\/wp-json\/wp\/v2\/pages\/686\/"}],"collection":[{"href":"https:\/\/atraccionatural.cat\/es\/wp-json\/wp\/v2\/pages\/"}],"about":[{"href":"https:\/\/atraccionatural.cat\/es\/wp-json\/wp\/v2\/types\/page\/"}],"author":[{"embeddable":true,"href":"https:\/\/atraccionatural.cat\/es\/wp-json\/wp\/v2\/users\/123458\/"}],"replies":[{"embeddable":true,"href":"https:\/\/atraccionatural.cat\/es\/wp-json\/wp\/v2\/comments\/?post=686"}],"version-history":[{"count":8,"href":"https:\/\/atraccionatural.cat\/es\/wp-json\/wp\/v2\/pages\/686\/revisions\/"}],"predecessor-version":[{"id":8394,"href":"https:\/\/atraccionatural.cat\/es\/wp-json\/wp\/v2\/pages\/686\/revisions\/8394\/"}],"wp:featuredmedia":[{"embeddable":true,"href":"https:\/\/atraccionatural.cat\/es\/wp-json\/wp\/v2\/media\/4569\/"}],"wp:attachment":[{"href":"https:\/\/atraccionatural.cat\/es\/wp-json\/wp\/v2\/media\/?parent=686"}],"wp:term":[{"taxonomy":"category","embeddable":true,"href":"https:\/\/atraccionatural.cat\/es\/wp-json\/wp\/v2\/categories\/?post=686"},{"taxonomy":"post_tag","embeddable":true,"href":"https:\/\/atraccionatural.cat\/es\/wp-json\/wp\/v2\/tags\/?post=686"}],"curies":[{"name":"wp","href":"https:\/\/api.w.org\/{rel}","templated":true}]}}