{"id":689,"date":"2016-08-06T17:22:30","date_gmt":"2016-08-06T17:22:30","guid":{"rendered":"http:\/\/deltebre.cat\/turisme\/?page_id=689&#038;lang=es"},"modified":"2019-02-27T10:02:50","modified_gmt":"2019-02-27T09:02:50","slug":"pesca-en-el-delta","status":"publish","type":"page","link":"https:\/\/atraccionatural.cat\/es\/pesca-en-el-delta\/","title":{"rendered":"De pesca en el Delta"},"content":{"rendered":"<p>Por su ubicaci\u00f3n privilegiada en el Delta del Ebro, Deltebre es considerado internacionalmente como el mejor destino de pesca en el Delta y en el Mediterr\u00e1neo.<\/p>\n<p>Sus tranquilas aguas, llenas de nutrientes, albergan una gran variedad de especies aut\u00f3ctonas, como por ejemplo carpas, lubinas, doradas o palometas que conviven en el r\u00edo junto a otras introducidas por el hombre, como el siluro y el pez mosquito. Si eres un amante de este deporte, tienes la oportunidad de realizar salidas de pesca, acompa\u00f1ado de expertos pescadores y conocedores de la zona que te har\u00e1n de gu\u00edas.<\/p>\n<p style=\"text-align: justify;\"><span style=\"color: #54bab7;\"><strong><img loading=\"lazy\" src=\"\/wp-content\/uploads\/2016\/07\/asterisc_ok.png\" alt=\"DE PESCA\" width=\"33\" height=\"28\" \/>ANTES DE EMPEZAR<\/strong><\/span><\/p>\n<p style=\"text-align: justify;\"><strong><img loading=\"lazy\" src=\"\/wp-content\/uploads\/2016\/07\/punt-1.png\" alt=\"DE PESCA\" width=\"33\" height=\"28\" \/><\/strong><b>\u00bfCu\u00e1ndo?<\/b><\/p>\n<p style=\"text-align: justify;\">La \u00e9poca m\u00e1s agradable para realizar la pesca recreativa en el Delta es de mayo a noviembre, que es cuando llegan la mayor\u00eda de las especies, aunque por la gran cantidad de nutrientes que alimenta el r\u00edo Ebro, hay un n\u00famero abundante de ejemplares de peces durante todo el a\u00f1o.<\/p>\n<p style=\"text-align: justify;\"><strong><img loading=\"lazy\" src=\"\/wp-content\/uploads\/2016\/07\/punt-1.png\" alt=\"DE PESCA\" width=\"33\" height=\"28\" \/><\/strong><b>\u00bfQu\u00e9 necesito?<\/b><\/p>\n<p style=\"text-align: justify;\">Necesitas una licencia que puedes conseguir a trav\u00e9s de las siguientes entidades:\u00a0<a href=\"http:\/\/agricultura.gencat.cat\/es\/inici\/index.html\" target=\"_blank\" rel=\"noopener noreferrer\">Departamento de Agricultura, Ganader\u00eda, Pesca y Alimentaci\u00f3n<\/a>;\u00a0<a href=\"http:\/\/mediambient.gencat.cat\/es\/05_ambits_dactuacio\/index.html\" target=\"_blank\" rel=\"noopener noreferrer\">Servicios Territoriales del Departamento de Medio Ambiente y Sostenibilidad<\/a>;\u00a0<a href=\"http:\/\/www.fcpeic.cat\/\" target=\"_blank\" rel=\"noopener noreferrer\">Federaci\u00f3 Catalana de Pesca Esportiva i C\u00e0sting<\/a>;\u00a0<a href=\"https:\/\/atraccionatural.cat\/es\/servicios-turisticos\/?lang=es\" target=\"_blank\" rel=\"noopener noreferrer\">Empresas de alquiler de embarcaciones<\/a>.<\/p>\n<p style=\"text-align: justify;\"><strong><img loading=\"lazy\" src=\"\/wp-content\/uploads\/2016\/07\/punt-1.png\" alt=\"DE PESCA\" width=\"33\" height=\"28\" \/><\/strong><b>Consejos pr\u00e1cticos<\/b><\/p>\n<p style=\"text-align: justify;\">\n        <!-- GT Shortcodes - Alert - Start -->\n        <style type=\"text\/css\" media=\"screen\">\n                    <\/style>\n        <div class=\"gt-shortcodes\">\n            <div id=\"gt-alert-779\" class=\"alert alert-info alert-dismissible\" role=\"alert\"\n                 style=\"color:#ffffff!important;background-color:#57bab7!important;border-style:none!important;\">\n                La pesca nocturna puede ser una experiencia impresionante. Para aguantar mejor la humedad, es recomendable que utilices ropa de manga larga.\n                <div class=\"clearfix\"><\/div>\n            <\/div>\n        <\/div>\n        <!-- GT Shortcodes - Alert - End -->\n\n        <\/p>\n<p style=\"text-align: justify;\">\n        <!-- GT Shortcodes - Alert - Start -->\n        <style type=\"text\/css\" media=\"screen\">\n                    <\/style>\n        <div class=\"gt-shortcodes\">\n            <div id=\"gt-alert-601\" class=\"alert alert-info alert-dismissible\" role=\"alert\"\n                 style=\"color:#ffffff!important;background-color:#57bab7!important;border-style:none!important;\">\n                Si quieres pescar durante el d\u00eda, equ\u00edpate con protector solar y agua suficiente para mantenerte hidratado, especialmente durante los meses de verano.\n                <div class=\"clearfix\"><\/div>\n            <\/div>\n        <\/div>\n        <!-- GT Shortcodes - Alert - End -->\n\n        <\/p>\n<p style=\"text-align: justify;\">\n        <!-- GT Shortcodes - Alert - Start -->\n        <style type=\"text\/css\" media=\"screen\">\n                    <\/style>\n        <div class=\"gt-shortcodes\">\n            <div id=\"gt-alert-862\" class=\"alert alert-info alert-dismissible\" role=\"alert\"\n                 style=\"color:#ffffff!important;background-color:#57bab7!important;border-style:none!important;\">\n                Si no quieres ser el blanco de los mosquitos, recuerda traer un repelente.\n                <div class=\"clearfix\"><\/div>\n            <\/div>\n        <\/div>\n        <!-- GT Shortcodes - Alert - End -->\n\n        <\/p>\n<p style=\"text-align: justify;\"><strong><img loading=\"lazy\" src=\"\/wp-content\/uploads\/2016\/07\/asterisc_ok.png\" alt=\"DE PESCA\" width=\"33\" height=\"28\" \/>CONCURSOS DE PESCA<\/strong><\/p>\n<p style=\"text-align: justify;\">El Club N\u00e0utic Riumar organiza concursos de pesca en las tranquilas aguas de Deltebre. Es una buena oportunidad para poner a prueba tu talento a la vez que disfrutas de un buen d\u00eda en la naturaleza y pesca en el Delta del Ebro. <a href=\"http:\/\/www.cnriumar.com\/index.php\" target=\"_blank\" rel=\"noopener noreferrer\">M\u00e1s informaci\u00f3n<\/a>.<\/p>\n<p style=\"text-align: justify;\"><strong><img loading=\"lazy\" src=\"\/wp-content\/uploads\/2016\/07\/asterisc_ok.png\" alt=\"DE PESCA\" width=\"33\" height=\"28\" \/>SALIR A PESCAR<\/strong><\/p>\n<p style=\"text-align: justify;\">La ubicaci\u00f3n privilegiada al lado del r\u00edo y de la costa, hace de Deltebre un para\u00edso para los aficionados a la pesca, tanto de agua dulce como salada. Alquila una embarcaci\u00f3n en uno de los centros de pesca del municipio o realiza una de sus salidas de pesca. \u00a1Emb\u00e1rcate, rel\u00e1jate y que tengas suerte con la pesca! <a href=\"https:\/\/atraccionatural.cat\/es\/servicios-turisticos\/\" target=\"_blank\" rel=\"noopener noreferrer\">M\u00e1s informaci\u00f3n<\/a>.<\/p>\n","protected":false},"excerpt":{"rendered":"<p>Por su ubicaci\u00f3n privilegiada en el Delta del Ebro, Deltebre es considerado internacionalmente como el mejor destino de pesca en el Delta y en el Mediterr\u00e1neo. Sus tranquilas aguas, llenas de nutrientes, albergan una gran variedad de especies aut\u00f3ctonas, como&hellip;<\/p>\n","protected":false},"author":123458,"featured_media":4581,"parent":0,"menu_order":0,"comment_status":"closed","ping_status":"closed","template":"","meta":[],"categories":[56],"tags":[],"_links":{"self":[{"href":"https:\/\/atraccionatural.cat\/es\/wp-json\/wp\/v2\/pages\/689\/"}],"collection":[{"href":"https:\/\/atraccionatural.cat\/es\/wp-json\/wp\/v2\/pages\/"}],"about":[{"href":"https:\/\/atraccionatural.cat\/es\/wp-json\/wp\/v2\/types\/page\/"}],"author":[{"embeddable":true,"href":"https:\/\/atraccionatural.cat\/es\/wp-json\/wp\/v2\/users\/123458\/"}],"replies":[{"embeddable":true,"href":"https:\/\/atraccionatural.cat\/es\/wp-json\/wp\/v2\/comments\/?post=689"}],"version-history":[{"count":6,"href":"https:\/\/atraccionatural.cat\/es\/wp-json\/wp\/v2\/pages\/689\/revisions\/"}],"predecessor-version":[{"id":8397,"href":"https:\/\/atraccionatural.cat\/es\/wp-json\/wp\/v2\/pages\/689\/revisions\/8397\/"}],"wp:featuredmedia":[{"embeddable":true,"href":"https:\/\/atraccionatural.cat\/es\/wp-json\/wp\/v2\/media\/4581\/"}],"wp:attachment":[{"href":"https:\/\/atraccionatural.cat\/es\/wp-json\/wp\/v2\/media\/?parent=689"}],"wp:term":[{"taxonomy":"category","embeddable":true,"href":"https:\/\/atraccionatural.cat\/es\/wp-json\/wp\/v2\/categories\/?post=689"},{"taxonomy":"post_tag","embeddable":true,"href":"https:\/\/atraccionatural.cat\/es\/wp-json\/wp\/v2\/tags\/?post=689"}],"curies":[{"name":"wp","href":"https:\/\/api.w.org\/{rel}","templated":true}]}}