{"id":694,"date":"2016-08-07T10:34:05","date_gmt":"2016-08-07T10:34:05","guid":{"rendered":"http:\/\/deltebre.cat\/turisme\/?page_id=694&#038;lang=es"},"modified":"2019-02-27T08:59:05","modified_gmt":"2019-02-27T07:59:05","slug":"terres-de-lebre","status":"publish","type":"page","link":"https:\/\/atraccionatural.cat\/es\/terres-de-lebre\/","title":{"rendered":"Terres de l&#8217;Ebre"},"content":{"rendered":"<p style=\"text-align: justify;\"><img loading=\"lazy\" class=\"alignnone size-full wp-image-5177\" src=\"https:\/\/deltebre.cat\/turisme\/wp-content\/uploads\/2016\/08\/flamencs.jpg\" alt=\"\" width=\"900\" height=\"350\" \/><\/p>\n<p style=\"text-align: justify;\">Les Terres de l\u2019Ebre son un destino tur\u00edstico emergente, declarado Reserva de la Biosfera por la UNESCO en 2013, lejos de las aglomeraciones de los circuitos tur\u00edsticos convencionales, con un clima estable y favorable durante todo el a\u00f1o. Son, sin duda, un destino para disfrutar de \u00e9l en familia y con los amigos. En les Terres de l\u2019Ebre encontrar\u00e1n<span style=\"font-family: Arial, sans-serif;\">\u00a0tantas opciones como puedan imaginar: su litoral, un rico patrimonio cultural e hist\u00f3rico, paisajes de gran belleza natural en los que disfrutar de actividades al aire libre, una gastronom\u00eda t\u00edpicamente mediterr\u00e1nea, una amplia oferta de ocio, zonas de gran tradici\u00f3n vin\u00edcola y arrocera y una gran variedad de fiestas populares y recreaciones hist\u00f3ricas.\u00a0<\/span><span style=\"font-family: Arial, sans-serif;\">El r\u00edo Ebro ha sido, sigue siendo y posiblemente ser\u00e1 el eje vertebrador de estas cuatro comarcas, las m\u00e1s meridionales de Catalu\u00f1a. Pero tambi\u00e9n es un espacio para disfrutar, ya sea navegando a bordo de un la\u00fad tur\u00edstico, o dando un paseo en piragua o kayak.<\/span><\/p>\n<p style=\"text-align: justify;\" align=\"JUSTIFY\"><span style=\"font-family: Arial, sans-serif;\">Les Terres de l\u2019Ebre destacan sobre todo por sus espacios naturales, uno de los principales motivos para visitarlas. En ellas hallar\u00e1n dos parques naturales, el del Delta del Ebro y el de Els Ports, una reserva natural y 19 espacios m\u00e1s, todos protegidos bajo la figura de Xarxa Natura 2000. El 35% de su territorio es un espacio protegido, un para\u00edso para los amantes de la naturaleza en el que practicar actividades como la escalada, el senderismo y la observaci\u00f3n de aves. O bien practicar el cicloturismo en los espacios monta\u00f1osos o en la llanura del Delta, sin olvidar la V\u00eda Verde, que cruza la Terra Alta y el Baix Ebre a lo largo de 49 km. <\/span>El litoral re\u00fane todas las variantes que ofrece el mar Mediterr\u00e1neo. Al norte sobresalen calas solitarias, ocultas por los acantilados, y al sur dominan las playas espaciosas, de arena fina y aguas poco profundas. La Estaci\u00f3n N\u00e1utica de Sant Carles de la R\u00e0pita les ofrecer\u00e1 toda clase de deportes y actividades para toda la familia desde Alcanar hasta l\u2019Ametlla de Mar.<\/p>\n<p style=\"text-align: justify;\" align=\"JUSTIFY\"><img loading=\"lazy\" class=\"alignnone size-full wp-image-5181\" src=\"https:\/\/deltebre.cat\/turisme\/wp-content\/uploads\/2016\/08\/muscleres.jpg\" alt=\"\" width=\"900\" height=\"350\" \/><\/p>\n<p style=\"text-align: justify;\" align=\"JUSTIFY\"><span style=\"font-family: Arial, sans-serif;\">El Ebro ha sido un elemento clave para todas las civilizaciones que se han arraigado en este territorio. El paso de estas poblaciones ha dejado un legado hist\u00f3rico y arquitect\u00f3nico singular y \u00fanico, dando personalidad y car\u00e1cter a estas cuatro comarcas. La diversidad cultural se refleja en la variedad de propuestas existentes, como visitar las pinturas rupestres de Ulldecona, declaradas Patrimonio Mundial de la Humanidad por la UNESCO, el conjunto monumental de la ciudad de Tortosa, los diferentes espacios de la Batalla del Ebro, las bodegas cooperativas de Gandesa y el Pinell de Brai o el Centro Picasso en Horta de Sant Joan. <\/span><span style=\"font-family: Arial, sans-serif;\">La riqueza cultural, hist\u00f3rica y festiva del territorio se expresa al m\u00e1ximo en el car\u00e1cter amable y acogedor de sus gentes y en su cocina, que es un mosaico de la mejor tradici\u00f3n mediterr\u00e1nea en el que destaca el cultivo del arroz en diferentes poblaciones del territorio, como Amposta, pero tambi\u00e9n la riqueza gastron\u00f3mica de las variedades de pescado y marisco local y el cultivo de hortalizas, frutas y productos de la tierra, como el vino de la D.O. Terra Alta, el aceite de oliva y la miel, muchos de los cuales disfrutan de certificados que avalan su calidad.\u00a0<\/span><\/p>\n<p style=\"text-align: justify;\" align=\"JUSTIFY\"><span style=\"font-family: Arial, sans-serif;\">Hoy en d\u00eda se pueden presenciar distintas fiestas declaradas de inter\u00e9s tur\u00edstico que nos acercan a \u00e9pocas pasadas, como la Fiesta del Renacimiento de Tortosa, la tradicional representaci\u00f3n de la Pasi\u00f3n de Ulldecona o la festividad de Sant Antoni del municipio de Asc\u00f3, declarada fiesta cultural de inter\u00e9s nacional.<\/span><\/p>\n<p style=\"text-align: justify;\" align=\"JUSTIFY\">Aqu\u00ed, en Deltebre, empieza todo. Un lugar ideal desde el que iniciar el camino para conocer el conjunto del destino.\u00a0<span style=\"font-family: Arial, sans-serif;\"><a href=\"http:\/\/www.terresdelebre.travel\/esp\/index.php\" target=\"_blank\" rel=\"noopener noreferrer\">M\u00e1s informaci\u00f3n<\/a>.\u00a0<\/span><\/p>\n<p style=\"text-align: justify;\" align=\"JUSTIFY\"><img loading=\"lazy\" class=\"alignnone size-full wp-image-5185\" src=\"https:\/\/deltebre.cat\/turisme\/wp-content\/uploads\/2016\/08\/terresdelebre.jpg\" alt=\"\" width=\"900\" height=\"350\" \/><\/p>\n<p style=\"text-align: justify;\">\n","protected":false},"excerpt":{"rendered":"<p>Les Terres de l\u2019Ebre son un destino tur\u00edstico emergente, declarado Reserva de la Biosfera por la UNESCO en 2013, lejos de las aglomeraciones de los circuitos tur\u00edsticos convencionales, con un clima estable y favorable durante todo el a\u00f1o. Son, sin&hellip;<\/p>\n","protected":false},"author":123458,"featured_media":0,"parent":0,"menu_order":0,"comment_status":"closed","ping_status":"closed","template":"","meta":[],"categories":[],"tags":[],"_links":{"self":[{"href":"https:\/\/atraccionatural.cat\/es\/wp-json\/wp\/v2\/pages\/694\/"}],"collection":[{"href":"https:\/\/atraccionatural.cat\/es\/wp-json\/wp\/v2\/pages\/"}],"about":[{"href":"https:\/\/atraccionatural.cat\/es\/wp-json\/wp\/v2\/types\/page\/"}],"author":[{"embeddable":true,"href":"https:\/\/atraccionatural.cat\/es\/wp-json\/wp\/v2\/users\/123458\/"}],"replies":[{"embeddable":true,"href":"https:\/\/atraccionatural.cat\/es\/wp-json\/wp\/v2\/comments\/?post=694"}],"version-history":[{"count":7,"href":"https:\/\/atraccionatural.cat\/es\/wp-json\/wp\/v2\/pages\/694\/revisions\/"}],"predecessor-version":[{"id":8378,"href":"https:\/\/atraccionatural.cat\/es\/wp-json\/wp\/v2\/pages\/694\/revisions\/8378\/"}],"wp:attachment":[{"href":"https:\/\/atraccionatural.cat\/es\/wp-json\/wp\/v2\/media\/?parent=694"}],"wp:term":[{"taxonomy":"category","embeddable":true,"href":"https:\/\/atraccionatural.cat\/es\/wp-json\/wp\/v2\/categories\/?post=694"},{"taxonomy":"post_tag","embeddable":true,"href":"https:\/\/atraccionatural.cat\/es\/wp-json\/wp\/v2\/tags\/?post=694"}],"curies":[{"name":"wp","href":"https:\/\/api.w.org\/{rel}","templated":true}]}}