{"id":710,"date":"2016-08-08T06:54:40","date_gmt":"2016-08-08T06:54:40","guid":{"rendered":"http:\/\/deltebre.cat\/turisme\/?page_id=710&#038;lang=es"},"modified":"2023-06-01T16:32:41","modified_gmt":"2023-06-01T14:32:41","slug":"descargas","status":"publish","type":"page","link":"https:\/\/atraccionatural.cat\/es\/descargas\/","title":{"rendered":"Descargas"},"content":{"rendered":"<p><img loading=\"lazy\" src=\"\/wp-content\/uploads\/2016\/08\/serveis.jpg\" alt=\"DESCARGAS\" width=\"900\" height=\"350\" \/><\/p>\n\n        <!-- GT Shortcodes - Alert - Start -->\n        <style type=\"text\/css\" media=\"screen\">\n                    <\/style>\n        <div class=\"gt-shortcodes\">\n            <div id=\"gt-alert-117\" class=\"alert alert-info alert-dismissible\" role=\"alert\"\n                 style=\"color:#ffffff!important;background-color:#57bab7!important;border-style:none!important;\">\n                <a href=\"https:\/\/atraccionatural.cat\/wp-content\/uploads\/2019\/02\/catalogo-turistico-deltebre-es.pdf\" target=\"_blank\" rel=\"noopener noreferrer\">Cat\u00e1logo tur\u00edstico<\/a>\n                <div class=\"clearfix\"><\/div>\n            <\/div>\n        <\/div>\n        <!-- GT Shortcodes - Alert - End -->\n\n        \n\n        <!-- GT Shortcodes - Alert - Start -->\n        <style type=\"text\/css\" media=\"screen\">\n                    <\/style>\n        <div class=\"gt-shortcodes\">\n            <div id=\"gt-alert-532\" class=\"alert alert-info alert-dismissible\" role=\"alert\"\n                 style=\"color:#ffffff!important;background-color:#57bab7!important;border-style:none!important;\">\n                <a href=\"https:\/\/deltebre.cat\/turisme\/wp-content\/uploads\/2017\/02\/Guia_esp_web.pdf\" target=\"_blank\" rel=\"noopener noreferrer\">Gu\u00eda tur\u00edstica<\/a>\n                <div class=\"clearfix\"><\/div>\n            <\/div>\n        <\/div>\n        <!-- GT Shortcodes - Alert - End -->\n\n        \n\n        <!-- GT Shortcodes - Alert - Start -->\n        <style type=\"text\/css\" media=\"screen\">\n                    <\/style>\n        <div class=\"gt-shortcodes\">\n            <div id=\"gt-alert-532\" class=\"alert alert-info alert-dismissible\" role=\"alert\"\n                 style=\"color:#ffffff!important;background-color:#57bab7!important;border-style:none!important;\">\n                <a href=\"https:\/\/atraccionatural.cat\/wp-content\/uploads\/2017\/03\/Mapa_Guia_Actualitzacio_maig_2023_compressed.pdf\" target=\"_blank\" rel=\"noopener noreferrer\">Mapa-gu\u00eda tur\u00edstico<\/a>\n                <div class=\"clearfix\"><\/div>\n            <\/div>\n        <\/div>\n        <!-- GT Shortcodes - Alert - End -->\n\n        \n\n        <!-- GT Shortcodes - Alert - Start -->\n        <style type=\"text\/css\" media=\"screen\">\n                    <\/style>\n        <div class=\"gt-shortcodes\">\n            <div id=\"gt-alert-865\" class=\"alert alert-info alert-dismissible\" role=\"alert\"\n                 style=\"color:#ffffff!important;background-color:#57bab7!important;border-style:none!important;\">\n                <a href=\"https:\/\/deltebre.cat\/turisme\/wp-content\/uploads\/2016\/08\/intinerari_desembocadura_es.pdf\" target=\"_blank\" rel=\"noopener noreferrer\">Itinerario familiar por la desembocadura \u2013 El Garxal \u2013 Riumar<\/a>\n                <div class=\"clearfix\"><\/div>\n            <\/div>\n        <\/div>\n        <!-- GT Shortcodes - Alert - End -->\n\n        \n\n        <!-- GT Shortcodes - Alert - Start -->\n        <style type=\"text\/css\" media=\"screen\">\n                    <\/style>\n        <div class=\"gt-shortcodes\">\n            <div id=\"gt-alert-93\" class=\"alert alert-info alert-dismissible\" role=\"alert\"\n                 style=\"color:#ffffff!important;background-color:#57bab7!important;border-style:none!important;\">\n                <a href=\"https:\/\/deltebre.cat\/turisme\/wp-content\/uploads\/2016\/08\/Itinerari_passeig_es.pdf\" target=\"_blank\" rel=\"noopener noreferrer\">Itinerario por el Passeig del Riu<\/a>\n                <div class=\"clearfix\"><\/div>\n            <\/div>\n        <\/div>\n        <!-- GT Shortcodes - Alert - End -->\n\n        \n\n        <!-- GT Shortcodes - Alert - Start -->\n        <style type=\"text\/css\" media=\"screen\">\n                    <\/style>\n        <div class=\"gt-shortcodes\">\n            <div id=\"gt-alert-117\" class=\"alert alert-info alert-dismissible\" role=\"alert\"\n                 style=\"color:#ffffff!important;background-color:#57bab7!important;border-style:none!important;\">\n                <a href=\"https:\/\/deltebre.cat\/turisme\/wp-content\/uploads\/2016\/08\/itinerari_ecomuseu_es.pdf\" target=\"_blank\" rel=\"noopener noreferrer\">Itinerario del Ecomuseo a la desembocadura<\/a>\n                <div class=\"clearfix\"><\/div>\n            <\/div>\n        <\/div>\n        <!-- GT Shortcodes - Alert - End -->\n\n        \n\n        <!-- GT Shortcodes - Alert - Start -->\n        <style type=\"text\/css\" media=\"screen\">\n                    <\/style>\n        <div class=\"gt-shortcodes\">\n            <div id=\"gt-alert-117\" class=\"alert alert-info alert-dismissible\" role=\"alert\"\n                 style=\"color:#ffffff!important;background-color:#57bab7!important;border-style:none!important;\">\n                <a href=\"https:\/\/deltebre.cat\/turisme\/wp-content\/uploads\/2016\/08\/mapa_parc.pdf\" target=\"_blank\" rel=\"noopener noreferrer\">Mapa-gu\u00eda del Parque\u00a0Natural del Delta del Ebro<\/a>\n                <div class=\"clearfix\"><\/div>\n            <\/div>\n        <\/div>\n        <!-- GT Shortcodes - Alert - End -->\n\n        \n","protected":false},"excerpt":{"rendered":"Cat\u00e1logo tur\u00edstico Gu\u00eda tur\u00edstica Mapa-gu\u00eda tur\u00edstico Itinerario familiar por la desembocadura \u2013 El Garxal \u2013 Riumar Itinerario por el Passeig del Riu Itinerario del Ecomuseo a la desembocadura Mapa-gu\u00eda del Parque\u00a0Natural del Delta del Ebro","protected":false},"author":123458,"featured_media":0,"parent":0,"menu_order":0,"comment_status":"closed","ping_status":"closed","template":"","meta":[],"categories":[],"tags":[],"_links":{"self":[{"href":"https:\/\/atraccionatural.cat\/es\/wp-json\/wp\/v2\/pages\/710\/"}],"collection":[{"href":"https:\/\/atraccionatural.cat\/es\/wp-json\/wp\/v2\/pages\/"}],"about":[{"href":"https:\/\/atraccionatural.cat\/es\/wp-json\/wp\/v2\/types\/page\/"}],"author":[{"embeddable":true,"href":"https:\/\/atraccionatural.cat\/es\/wp-json\/wp\/v2\/users\/123458\/"}],"replies":[{"embeddable":true,"href":"https:\/\/atraccionatural.cat\/es\/wp-json\/wp\/v2\/comments\/?post=710"}],"version-history":[{"count":16,"href":"https:\/\/atraccionatural.cat\/es\/wp-json\/wp\/v2\/pages\/710\/revisions\/"}],"predecessor-version":[{"id":10961,"href":"https:\/\/atraccionatural.cat\/es\/wp-json\/wp\/v2\/pages\/710\/revisions\/10961\/"}],"wp:attachment":[{"href":"https:\/\/atraccionatural.cat\/es\/wp-json\/wp\/v2\/media\/?parent=710"}],"wp:term":[{"taxonomy":"category","embeddable":true,"href":"https:\/\/atraccionatural.cat\/es\/wp-json\/wp\/v2\/categories\/?post=710"},{"taxonomy":"post_tag","embeddable":true,"href":"https:\/\/atraccionatural.cat\/es\/wp-json\/wp\/v2\/tags\/?post=710"}],"curies":[{"name":"wp","href":"https:\/\/api.w.org\/{rel}","templated":true}]}}