{"id":8365,"date":"2018-12-20T11:31:18","date_gmt":"2018-12-20T10:31:18","guid":{"rendered":"https:\/\/atraccionatural.cat\/deltebre-capital-delta\/"},"modified":"2019-02-27T08:33:10","modified_gmt":"2019-02-27T07:33:10","slug":"deltebre-capital-delta","status":"publish","type":"page","link":"https:\/\/atraccionatural.cat\/es\/deltebre-capital-delta\/","title":{"rendered":"Ven a Deltebre, la capital del Delta del Ebro"},"content":{"rendered":"<p>[vc_row][vc_column][vc_column_text]<\/p>\n<p style=\"text-align: justify;\">Sin dudas, Deltebre es un municipio \u00fanico ubicado en un entorno privilegiado en el bello centro del Delta del Ebro. Un municipio joven con mucha personalidad gracias al car\u00e1cter de su gente y su singular orograf\u00eda. Y es que desde que naci\u00f3 como municipio hace poco m\u00e1s de 40 a\u00f1os, Deltebre ha conseguido conservar su esp\u00edritu tradicional y agr\u00edcola a la vez que ha sabido desarrollarse social y econ\u00f3micamente para transformarse en un marco incomparable donde vivir y disfrutar del entorno privilegiado del Delta del Ebro.<\/p>\n<p>[\/vc_column_text][\/vc_column][\/vc_row][vc_row][vc_column][vc_column_text]<\/p>\n<h2 style=\"font-size: 20px; margin-top: 40px; font-weight: bold;\">Un poco de historia\u2026<\/h2>\n<h3>Territorio de \u00abuso y provecho\u00bb<\/h3>\n<div class=\"plegable\">\n<p>Los or\u00edgenes sobre c\u00f3mo se formaron las pedan\u00edas de La Cava y Jes\u00fas i Maria a\u00fan son inciertos, aunque las primeras noticias sobre la ocupaci\u00f3n del territorio se remontan a la conquista cristiana dirigida por Tortosa a mediados del siglo XII. En ese momento, el Delta se convierte en un territorio de \u00abuso y provecho\u00bb para los ciudadanos de Tortosa, siendo una gran fuente de riqueza por sus recursos naturales, como la sal, sosa, pescado, etc.<\/p>\n<\/div>\n<h3>Origen del top\u00f3nimo de La Cava<\/h3>\n<div class=\"plegable\">\n<p>En el siglo XVII, se produjo un hecho determinante para la actual poblaci\u00f3n de Deltebre como consecuencia del cambio en el curso del r\u00edo, que abandon\u00f3 los meandros que lo conduc\u00edan hacia la desembocadura por la Marquesa y el Goler\u00f3 para pasar a desembocar en l\u00ednea recta, tal como lo hace hoy en d\u00eda.<\/p>\n<p>Es posible que este cambio de orientaci\u00f3n del r\u00edo fuese propiciado por la construcci\u00f3n de una acequia o \u00abcava\u00bb que se habr\u00eda realizado entre la curva que hac\u00eda el r\u00edo en medio del actual n\u00facleo urbano de Deltebre y unas lagunas que hab\u00eda en la parte baja, entre el pueblo y la Catxa. De hecho, esta acequia podr\u00eda haber sido el origen del top\u00f3nimo de La Cava.<\/p>\n<\/div>\n<h3>Un territorio que nace con el r\u00edo<\/h3>\n<div class=\"plegable\">\n<p>Se tiene constancia de la existencia de varios n\u00facleos de poblaci\u00f3n que conviv\u00edan de forma aislada en el Preg\u00f3, en Rac\u00f3 de Bomba y en el Galatxo. La variaci\u00f3n del curso del r\u00edo los oblig\u00f3 a desplazarse a zonas m\u00e1s cercanas al r\u00edo donde hab\u00eda m\u00e1s recursos naturales, como junto a la parte de arriba de la orilla del r\u00edo (zona Hortets) y en la parte de abajo (antigua zona de La Cava). De este modo, ambas \u00e1reas fueron acogiendo a m\u00e1s personas, que fueron cultivando y edificando en medio del antiguo meandro hasta que, en el siglo XIX, los nuevos n\u00facleos de poblaci\u00f3n tuvieron suficiente importancia como para que, en 1818, el Obispado de Tortosa mandase a construir la iglesia de Sant Miquel.<\/p>\n<\/div>\n<h3>Llegan los dos canales<\/h3>\n<div class=\"plegable\">\n<p>Pero el cambio m\u00e1s significativo para las partidas de Jes\u00fas i Maria y de La Cava se producir\u00e1 con la llegada de los dos canales, principalmente con el de la izquierda en 1912, ya que permiti\u00f3 que el cultivo del arroz se transformase en el principal recurso econ\u00f3mico. El desarrollo de este cultivo se vio reforzado con la Cambra Arrossera de La Cava, fundada en 1955, y un a\u00f1o despu\u00e9s, la Cooperativa Arrossera de Jes\u00fas i Maria. Todo ello, provoc\u00f3 un gran crecimiento demogr\u00e1fico en los pueblos de la parte izquierda del Delta del Ebro.<\/p>\n<\/div>\n<h3>Lo Carrilet y otros medios de transporte<\/h3>\n<div class=\"plegable\">\n<p>Durante a\u00f1os, el r\u00edo, los la\u00fades para el transporte de mercader\u00edas y el vaporet para los pasajeros, fueron las principales v\u00edas de transporte debido a la falta y el mal estado de los caminos y carreteras. Por este motivo, la llegada del Carrilet, en 1927, supuso una aut\u00e9ntica revoluci\u00f3n en los transportes del territorio, ya que propici\u00f3 la apertura de la poblaci\u00f3n hacia el exterior. A lo largo de los a\u00f1os, todos estos medios fueron desapareciendo con la mejora de los caminos y carreteras.<\/p>\n<\/div>\n<h3>El nacimiento de Deltebre<\/h3>\n<div class=\"plegable\">\n<p>Ambas partidas estuvieron siempre totalmente ignoradas a nivel administrativo y de servicios municipales. El malestar generado por esta situaci\u00f3n condujo a las dos pedan\u00edas a unirse en un primer intento de segregaci\u00f3n en los a\u00f1os 30. Tras a\u00f1os de ardua lucha, finalmente, el 20 de mayo de 1977, las dos pedan\u00edas pudieron segregarse de Tortosa con el nacimiento del municipio de Deltebre.<\/p>\n<p>Este suceso comportar\u00eda el cambio m\u00e1s relevante en la dotaci\u00f3n de servicios e infraestructuras necesarias para el futuro desarrollo de Deltebre, que, actualmente, es el segundo municipio m\u00e1s grande de la comarca del Baix Ebre con aproximadamente 12.000 habitantes.<\/p>\n<\/div>\n<p>[\/vc_column_text][vc_raw_html]JTNDc2NyaXB0JTNFJTI4ZnVuY3Rpb24lMjglMjQlMjklMjAlN0IlMjQlMjhkb2N1bWVudCUyOS5yZWFkeSUyOGZ1bmN0aW9uJTI4JTI5JTIwJTdCJTI0JTI4JTI3aDMlMjclMjkuY2xpY2slMjhmdW5jdGlvbiUyOCUyOSU3QmlmJTI4JTI0JTI4dGhpcyUyOS5uZXh0JTI4JTI5Lmhhc0NsYXNzJTI4JTI3ZGVzcGxlZ2FkbyUyNyUyOSUyOSU3QiUyNCUyOHRoaXMlMjkubmV4dCUyOCUyOS5yZW1vdmVDbGFzcyUyOCUyN2Rlc3BsZWdhZG8lMjclMjklM0IlN0RlbHNlJTdCJTI0JTI4dGhpcyUyOS5uZXh0JTI4JTI5LmFkZENsYXNzJTI4JTI3ZGVzcGxlZ2FkbyUyNyUyOSUzQiU3RCU3RCUyOSU3RCUyOSU3RCUyOSUyOGpRdWVyeSUyOSUzQiUzQyUyRnNjcmlwdCUzRQ==[\/vc_raw_html][vc_column_text]<\/p>\n<h2 style=\"font-size: 20px; margin-top: 40px; font-weight: bold;\">Deltebre, atracci\u00f3n natural<\/h2>\n<p style=\"text-align: justify;\"><strong><img loading=\"lazy\" class=\"alignnone size-full wp-image-352\" src=\"https:\/\/deltebre.cat\/turisme\/wp-content\/uploads\/2016\/07\/asterisc_ok.png\" alt=\"asterisc_ok\" width=\"33\" height=\"28\" \/><\/strong><b>Paisajes naturales y \u00fanicos<\/b><\/p>\n<p style=\"text-align: justify;\">Deltebre es el mejor lugar donde descubrir la naturaleza gracias a su ubicaci\u00f3n en el coraz\u00f3n del Parque Natural del Delta del Ebro. R\u00edo, mar, islas fluviales, dunas, lagunas\u2026 <b>Paisajes \u00fanicos por descubrir.<\/b><\/p>\n<p style=\"text-align: justify;\"><b><img loading=\"lazy\" class=\"alignnone size-full wp-image-3460\" src=\"https:\/\/deltebre.cat\/turisme\/wp-content\/uploads\/2016\/07\/vine_7.jpg\" alt=\"\" width=\"900\" height=\"350\" \/><\/b><\/p>\n<p style=\"text-align: justify;\"><strong><img loading=\"lazy\" class=\"alignnone size-full wp-image-352\" src=\"https:\/\/deltebre.cat\/turisme\/wp-content\/uploads\/2016\/07\/asterisc_ok.png\" alt=\"asterisc_ok\" width=\"33\" height=\"28\" \/><\/strong><b>Tierra de colores<\/b><\/p>\n<p style=\"text-align: justify;\"><b>El ciclo del arroz marca el color de los paisajes<\/b>. Primavera azul, verano verde, finales de verano amarillo e invierno terroso. Cada estaci\u00f3n tiene un encanto diferente.<\/p>\n<p><img loading=\"lazy\" class=\"size-full wp-image-3452\" src=\"https:\/\/deltebre.cat\/turisme\/wp-content\/uploads\/2016\/07\/vine_3.jpg\" alt=\"\" width=\"900\" height=\"350\" \/><\/p>\n<p style=\"text-align: justify;\"><strong><img loading=\"lazy\" class=\"alignnone size-full wp-image-352\" src=\"https:\/\/deltebre.cat\/turisme\/wp-content\/uploads\/2016\/07\/asterisc_ok.png\" alt=\"asterisc_ok\" width=\"33\" height=\"28\" \/><\/strong><b>Horizonte infinito<\/b><\/p>\n<p style=\"text-align: justify;\">El paisaje se caracteriza por una extensi\u00f3n de tierras totalmente planas que le dan un <b>aspecto peculiar y \u00fanico en toda Catalu\u00f1a<\/b>.<\/p>\n<p style=\"text-align: justify;\"><img loading=\"lazy\" class=\"alignnone size-full wp-image-3459\" src=\"https:\/\/deltebre.cat\/turisme\/wp-content\/uploads\/2016\/07\/vine_6.jpg\" alt=\"\" width=\"900\" height=\"350\" \/><\/p>\n<p style=\"text-align: justify;\"><strong><img loading=\"lazy\" class=\"alignnone size-full wp-image-352\" src=\"https:\/\/deltebre.cat\/turisme\/wp-content\/uploads\/2016\/07\/asterisc_ok.png\" alt=\"asterisc_ok\" width=\"33\" height=\"28\" \/><\/strong><b>Alto valor natural<\/b><\/p>\n<p style=\"text-align: justify;\">320 km<sup>2<\/sup> de superficie. El Delta del Ebro es la <b>zona h\u00fameda m\u00e1s importante de Catalu\u00f1a<\/b> y la segunda de la pen\u00ednsula Ib\u00e9rica. Fue declarado espacio protegido en 1983.<\/p>\n<p><img loading=\"lazy\" class=\"size-full wp-image-3451\" src=\"https:\/\/deltebre.cat\/turisme\/wp-content\/uploads\/2016\/07\/vine_2.jpg\" alt=\"\" width=\"900\" height=\"350\" \/><\/p>\n<p style=\"text-align: justify;\"><strong><img loading=\"lazy\" class=\"alignnone size-full wp-image-352\" src=\"https:\/\/deltebre.cat\/turisme\/wp-content\/uploads\/2016\/07\/asterisc_ok.png\" alt=\"asterisc_ok\" width=\"33\" height=\"28\" \/><\/strong><b>Fuente de vida<\/b><\/p>\n<p style=\"text-align: justify;\"><b>343 especies de aves <\/b>vistas y m\u00e1s de <b>500 especies de vegetaci\u00f3n<\/b>, entre las cuales destacan los juncales, ca\u00f1averales, loniceras de r\u00edo y el producto estrella del territorio, el arroz.<\/p>\n<p><img loading=\"lazy\" class=\"size-full wp-image-3450\" src=\"https:\/\/deltebre.cat\/turisme\/wp-content\/uploads\/2016\/07\/vine_1.jpg\" alt=\"\" width=\"900\" height=\"350\" \/><\/p>\n<p style=\"text-align: justify;\"><strong><img loading=\"lazy\" class=\"alignnone size-full wp-image-352\" src=\"https:\/\/deltebre.cat\/turisme\/wp-content\/uploads\/2016\/07\/asterisc_ok.png\" alt=\"asterisc_ok\" width=\"33\" height=\"28\" \/><\/strong><b>R\u00edo de vida<\/b><\/p>\n<p style=\"text-align: justify;\">Despu\u00e9s de recorrer 930 km, el r\u00edo Ebro, el m\u00e1s caudaloso de la pen\u00ednsula Ib\u00e9rica, llega a su desembocadura en el Delta, ba\u00f1ando las tierras de Deltebre y creando un <b>paisaje espectacular <\/b>de humedales, arrozales, playas de arena fina\u2026<\/p>\n<p><img loading=\"lazy\" class=\"size-full wp-image-3454\" src=\"https:\/\/deltebre.cat\/turisme\/wp-content\/uploads\/2016\/07\/vine_5.jpg\" alt=\"\" width=\"900\" height=\"350\" \/><\/p>\n<p style=\"text-align: justify;\"><strong><img loading=\"lazy\" class=\"alignnone size-full wp-image-352\" src=\"https:\/\/deltebre.cat\/turisme\/wp-content\/uploads\/2016\/07\/asterisc_ok.png\" alt=\"asterisc_ok\" width=\"33\" height=\"28\" \/>Eco-friendly<\/strong><\/p>\n<p style=\"text-align: justify;\">Deltebre es una destinaci\u00f3n de turismo sostenible de calidad. As\u00ed lo avala su <b>certificado de la Carta Europea de Turismo Sostenible (CETS) <\/b>y su t\u00edtulo de <b>Destinaci\u00f3n Tur\u00edstica de Excelencia<\/b>.<\/p>\n<p><img loading=\"lazy\" class=\"size-full wp-image-3453\" src=\"https:\/\/deltebre.cat\/turisme\/wp-content\/uploads\/2016\/07\/vine_4.jpg\" alt=\"\" width=\"900\" height=\"350\" \/><\/p>\n<p style=\"text-align: justify;\"><strong><img loading=\"lazy\" class=\"alignnone size-full wp-image-352\" src=\"https:\/\/deltebre.cat\/turisme\/wp-content\/uploads\/2016\/07\/asterisc_ok.png\" alt=\"asterisc_ok\" width=\"33\" height=\"28\" \/>Reserva de la Biosfera Terres de l\u2019Ebre<\/strong><\/p>\n<p>En apenas 30 km de distancia, el <strong>Parque Natural de Els Ports <\/strong>y el <strong>Parque Natural del Delta del Ebro<\/strong> ofrecen una gran diversidad paisaj\u00edstica, pasando as\u00ed de los arenales y marismas de la costa a las sierras a 1.500 m de altura.[\/vc_column_text][\/vc_column][\/vc_row]<\/p>\n","protected":false},"excerpt":{"rendered":"<p>[vc_row][vc_column][vc_column_text] Sin dudas, Deltebre es un municipio \u00fanico ubicado en un entorno privilegiado en el bello centro del Delta del Ebro. Un municipio joven con mucha personalidad gracias al car\u00e1cter de su gente y su singular orograf\u00eda. Y es que&hellip;<\/p>\n","protected":false},"author":123458,"featured_media":0,"parent":0,"menu_order":0,"comment_status":"closed","ping_status":"closed","template":"","meta":[],"categories":[],"tags":[],"_links":{"self":[{"href":"https:\/\/atraccionatural.cat\/es\/wp-json\/wp\/v2\/pages\/8365\/"}],"collection":[{"href":"https:\/\/atraccionatural.cat\/es\/wp-json\/wp\/v2\/pages\/"}],"about":[{"href":"https:\/\/atraccionatural.cat\/es\/wp-json\/wp\/v2\/types\/page\/"}],"author":[{"embeddable":true,"href":"https:\/\/atraccionatural.cat\/es\/wp-json\/wp\/v2\/users\/123458\/"}],"replies":[{"embeddable":true,"href":"https:\/\/atraccionatural.cat\/es\/wp-json\/wp\/v2\/comments\/?post=8365"}],"version-history":[{"count":4,"href":"https:\/\/atraccionatural.cat\/es\/wp-json\/wp\/v2\/pages\/8365\/revisions\/"}],"predecessor-version":[{"id":8369,"href":"https:\/\/atraccionatural.cat\/es\/wp-json\/wp\/v2\/pages\/8365\/revisions\/8369\/"}],"wp:attachment":[{"href":"https:\/\/atraccionatural.cat\/es\/wp-json\/wp\/v2\/media\/?parent=8365"}],"wp:term":[{"taxonomy":"category","embeddable":true,"href":"https:\/\/atraccionatural.cat\/es\/wp-json\/wp\/v2\/categories\/?post=8365"},{"taxonomy":"post_tag","embeddable":true,"href":"https:\/\/atraccionatural.cat\/es\/wp-json\/wp\/v2\/tags\/?post=8365"}],"curies":[{"name":"wp","href":"https:\/\/api.w.org\/{rel}","templated":true}]}}