{"id":8374,"date":"2018-12-20T11:20:29","date_gmt":"2018-12-20T10:20:29","guid":{"rendered":"https:\/\/atraccionatural.cat\/delta-ebre\/"},"modified":"2019-02-27T08:56:38","modified_gmt":"2019-02-27T07:56:38","slug":"delta-del-ebro","status":"publish","type":"page","link":"https:\/\/atraccionatural.cat\/es\/delta-del-ebro\/","title":{"rendered":"Delta del Ebro"},"content":{"rendered":"<p>[vc_row][vc_column][vc_column_text]<\/p>\n<p style=\"text-align: justify;\"><img loading=\"lazy\" src=\"https:\/\/atraccionatural.cat\/wp-content\/uploads\/2019\/01\/img_delta_1.jpg\" alt=\"TERRES DE L'EBRE\" width=\"900\" height=\"350\" \/><\/p>\n<p align=\"justify\">El Delta del Ebro es, sin dudas, uno de los escenarios naturales m\u00e1s hermosos del mundo. Su singularidad est\u00e1 definida por un marco natural incomparable de gran riqueza biol\u00f3gica que acoge una diversidad faun\u00edstica y flor\u00edstica de valor incalculable. Con 320 km2 de terrenos totalmente planos, el Delta no s\u00f3lo se ha posicionado como el h\u00e1bitat acu\u00e1tico m\u00e1s extenso y peculiar del territorio catal\u00e1n, sino que representa una de las zonas h\u00famedas m\u00e1s importantes del Mediterr\u00e1neo.<\/p>\n<p align=\"justify\">La silueta del Delta se perfila en el Mediterr\u00e1neo con una figura que deja contemplar en la zona litoral paisajes de lagunas rodeadas por juncales y ca\u00f1averales, mientras que en la zona m\u00e1s externa, dan la bienvenida los espejismos creados por los salobrales, las largas playas desiertas y la flora tan caracter\u00edstica de este medio. El paisaje del Delta tiene una gran personalidad, as\u00ed como tambi\u00e9n la tiene su gente. Y es que la identidad de este territorio est\u00e1 representada tanto por su realidad geogr\u00e1fica y natural como por el patrimonio cultural e hist\u00f3rico de sus habitantes.<\/p>\n<p style=\"text-align: justify;\"><img loading=\"lazy\" src=\"https:\/\/atraccionatural.cat\/wp-content\/uploads\/2019\/01\/img_delta_2.jpg\" alt=\"muscleres\" width=\"900\" height=\"350\" \/><\/p>\n<p align=\"justify\">Con la intenci\u00f3n de preservar la riqueza biol\u00f3gica y conseguir el equilibrio entre los valores naturales y la presencia humana, a petici\u00f3n de sus habitantes, en 1983, la Generalitat de Catalu\u00f1a constituy\u00f3 el <strong>Parque Natural del Delta del Ebro<\/strong>. El parque tiene una superficie total de 7.736 ha y abarca las lagunas del Canal Vell, de les Olles, del Garxal, la Alfacada, la Tancada, la Encanyissada y la Platjola, as\u00ed como las islas de Buda, Sapinya y Sant Antoni, y las pen\u00ednsulas de la Punta del Fangar y de la Banya, els Ullals de Baltasar y Erms de Casablanca.<\/p>\n<p align=\"justify\">A prop\u00f3sito de esto, hay que destacar c\u00f3mo a lo largo de los \u00faltimos a\u00f1os, el Delta del Ebro se ha configurado como una destinaci\u00f3n de turismo sostenible reconocida internacionalmente. Confirman este hecho sus reconocimientos: certificado de la Carta Europea de Turismo Sostenible (CETS), t\u00edtulo de Destinaci\u00f3n Tur\u00edstica de Excelencia y declarado Reserva de la Biosfera de les Terres de l\u2019Ebre.<\/p>\n<p>[\/vc_column_text][\/vc_column][\/vc_row]<\/p>\n","protected":false},"excerpt":{"rendered":"<p>[vc_row][vc_column][vc_column_text] El Delta del Ebro es, sin dudas, uno de los escenarios naturales m\u00e1s hermosos del mundo. Su singularidad est\u00e1 definida por un marco natural incomparable de gran riqueza biol\u00f3gica que acoge una diversidad faun\u00edstica y flor\u00edstica de valor incalculable.&hellip;<\/p>\n","protected":false},"author":123458,"featured_media":7648,"parent":0,"menu_order":0,"comment_status":"closed","ping_status":"closed","template":"","meta":[],"categories":[],"tags":[],"_links":{"self":[{"href":"https:\/\/atraccionatural.cat\/es\/wp-json\/wp\/v2\/pages\/8374\/"}],"collection":[{"href":"https:\/\/atraccionatural.cat\/es\/wp-json\/wp\/v2\/pages\/"}],"about":[{"href":"https:\/\/atraccionatural.cat\/es\/wp-json\/wp\/v2\/types\/page\/"}],"author":[{"embeddable":true,"href":"https:\/\/atraccionatural.cat\/es\/wp-json\/wp\/v2\/users\/123458\/"}],"replies":[{"embeddable":true,"href":"https:\/\/atraccionatural.cat\/es\/wp-json\/wp\/v2\/comments\/?post=8374"}],"version-history":[{"count":2,"href":"https:\/\/atraccionatural.cat\/es\/wp-json\/wp\/v2\/pages\/8374\/revisions\/"}],"predecessor-version":[{"id":8376,"href":"https:\/\/atraccionatural.cat\/es\/wp-json\/wp\/v2\/pages\/8374\/revisions\/8376\/"}],"wp:featuredmedia":[{"embeddable":true,"href":"https:\/\/atraccionatural.cat\/es\/wp-json\/wp\/v2\/media\/7648\/"}],"wp:attachment":[{"href":"https:\/\/atraccionatural.cat\/es\/wp-json\/wp\/v2\/media\/?parent=8374"}],"wp:term":[{"taxonomy":"category","embeddable":true,"href":"https:\/\/atraccionatural.cat\/es\/wp-json\/wp\/v2\/categories\/?post=8374"},{"taxonomy":"post_tag","embeddable":true,"href":"https:\/\/atraccionatural.cat\/es\/wp-json\/wp\/v2\/tags\/?post=8374"}],"curies":[{"name":"wp","href":"https:\/\/api.w.org\/{rel}","templated":true}]}}