{"id":8400,"date":"2019-01-11T10:56:34","date_gmt":"2019-01-11T09:56:34","guid":{"rendered":"https:\/\/atraccionatural.cat\/que-fer-a-deltebre\/"},"modified":"2019-02-27T10:13:38","modified_gmt":"2019-02-27T09:13:38","slug":"que-hacer-en-deltebre","status":"publish","type":"page","link":"https:\/\/atraccionatural.cat\/es\/que-hacer-en-deltebre\/","title":{"rendered":"Qu\u00e9 hacer en Deltebre"},"content":{"rendered":"<p>[vc_row el_class=\u00bbcapcalera\u00bb][vc_column][vc_column_text]<img src=\"https:\/\/atraccionatural.cat\/wp-content\/uploads\/2019\/01\/destacat-que-fer.jpg\" \/>[\/vc_column_text][\/vc_column][\/vc_row][vc_row bg_type=\u00bbbg_color\u00bb el_class=\u00bbcontingut\u00bb bg_color_value=\u00bb#ffffff\u00bb][vc_column][vc_column_text]<\/p>\n<h1>Qu\u00e9 hacer en Deltebre en 24 h &#8211; 48 h &#8211; 72 h<\/h1>\n<p>\u00abQu\u00e9 hacer en Deltebre en 24 h &#8211; 48 h &#8211; 72 h\u00bb es una experiencia que queremos compartir contigo, porque sabemos que no siempre tenemos todo el tiempo libre que quisi\u00e9ramos. Por eso, pensando siempre en ti, hemos concentrado en 24 horas, 48 horas y 72 horas algunas de las experiencias m\u00e1s especiales que puedes vivir en Deltebre, un paraje natural privilegiado ubicado en el coraz\u00f3n del Delta del Ebro.<\/p>\n<p>Queremos que desconectes, que te relajes, que conectes con la naturaleza, que pruebes delicias locales, que te integres en el entorno local y que te dejes llevar por los senderos naturales, el suave oleaje del r\u00edo, el olor salado del mar, llegando a conocer parajes ins\u00f3litos que s\u00f3lo encontrar\u00e1s aqu\u00ed, en Deltebre. \u00bfPreparado? Ahora s\u00f3lo tienes que responder a la pregunta \u00ab\u00bfcu\u00e1nto tiempo tienes?\u00bb.[\/vc_column_text][\/vc_column][\/vc_row][vc_row el_class=\u00bbcapcalera\u00bb][vc_column][vc_raw_html]JTNDZGl2JTIwaWQlM0QlMjJncmlkJTIyJTNFJTBBJTNDZGl2JTIwY2xhc3MlM0QlMjJjb250ZW5pZG9yJTIyJTNFJTBBJTNDYSUyMGhyZWYlM0QlMjIlMkZlcyUyRmRlbHRlYnJlLWVuLTI0aCUyRiUyMiUzRSUyMCUyMCUwQSUzQ2ltZyUyMHNyYyUzRCUyMiUyRndwLWNvbnRlbnQlMkZ1cGxvYWRzJTJGMjAxOSUyRjAxJTJGMjRoX2ltZ19kZXN0YWNhZGEuanBnJTIyJTNFJTBBJTIwJTIwJTNDZGl2JTIwY2xhc3MlM0QlMjJvdmVybGF5JTIyJTNFJTBBJTIwJTIwJTIwJTIwJTNDZGl2JTIwY2xhc3MlM0QlMjJ0ZXh0JTIyJTNFRGVsdGVicmUlMjBlbiUyMDI0JTIwaCUzQyUyRmRpdiUzRSUwQSUyMCUyMCUzQyUyRmRpdiUzRSUwQSUzQyUyRmElM0UlMEElM0MlMkZkaXYlM0UlMEElMEElM0NkaXYlMjBjbGFzcyUzRCUyMmNvbnRlbmlkb3IlMjIlM0UlMEElM0NhJTIwaHJlZiUzRCUyMiUyRmVzJTJGZGVsdGVicmUtZW4tNDhoJTJGJTIyJTNFJTIwJTIwJTBBJTIwJTIwJTNDaW1nJTIwc3JjJTNEJTIyJTJGd3AtY29udGVudCUyRnVwbG9hZHMlMkYyMDE5JTJGMDElMkY0OGhfaW1nX2Rlc3RhY2FkYS5qcGclMjIlM0UlMEElMjAlMjAlM0NkaXYlMjBjbGFzcyUzRCUyMm92ZXJsYXklMjIlM0UlMEElMjAlMjAlMjAlMjAlM0NkaXYlMjBjbGFzcyUzRCUyMnRleHQlMjIlM0VEZWx0ZWJyZSUyMGVuJTIwNDglMjBoJTNDJTJGZGl2JTNFJTBBJTIwJTIwJTNDJTJGZGl2JTNFJTBBJTNDJTJGYSUzRSUwQSUwQSUzQyUyRmRpdiUzRSUwQSUwQSUzQ2RpdiUyMGNsYXNzJTNEJTIyY29udGVuaWRvciUyMiUzRSUwQSUzQ2ElMjBocmVmJTNEJTIyJTJGZXMlMkZkZWx0ZWJyZS1lbi03MmglMkYlMjIlM0UlMjAlMjAlMEElMjAlMjAlM0NpbWclMjBzcmMlM0QlMjIlMkZ3cC1jb250ZW50JTJGdXBsb2FkcyUyRjIwMTklMkYwMSUyRjcyaF9pbWdfZGVzdGFjYWRhLmpwZyUyMiUzRSUwQSUyMCUyMCUzQ2RpdiUyMGNsYXNzJTNEJTIyb3ZlcmxheSUyMiUzRSUwQSUyMCUyMCUyMCUyMCUzQ2RpdiUyMGNsYXNzJTNEJTIydGV4dCUyMiUzRURlbHRlYnJlJTIwZW4lMjA3MiUyMGglM0MlMkZkaXYlM0UlMEElMjAlMjAlM0MlMkZkaXYlM0UlMEElM0MlMkZhJTNFJTBBJTNDJTJGZGl2JTNFJTBBJTNDJTJGZGl2JTNF[\/vc_raw_html][\/vc_column][\/vc_row]<\/p>\n","protected":false},"excerpt":{"rendered":"<p>[vc_row el_class=\u00bbcapcalera\u00bb][vc_column][vc_column_text][\/vc_column_text][\/vc_column][\/vc_row][vc_row bg_type=\u00bbbg_color\u00bb el_class=\u00bbcontingut\u00bb bg_color_value=\u00bb#ffffff\u00bb][vc_column][vc_column_text] Qu\u00e9 hacer en Deltebre en 24 h &#8211; 48 h &#8211; 72 h \u00abQu\u00e9 hacer en Deltebre en 24 h &#8211; 48 h &#8211; 72 h\u00bb es una experiencia que queremos compartir contigo, porque sabemos&hellip;<\/p>\n","protected":false},"author":123458,"featured_media":7611,"parent":0,"menu_order":0,"comment_status":"closed","ping_status":"closed","template":"","meta":[],"categories":[],"tags":[],"_links":{"self":[{"href":"https:\/\/atraccionatural.cat\/es\/wp-json\/wp\/v2\/pages\/8400\/"}],"collection":[{"href":"https:\/\/atraccionatural.cat\/es\/wp-json\/wp\/v2\/pages\/"}],"about":[{"href":"https:\/\/atraccionatural.cat\/es\/wp-json\/wp\/v2\/types\/page\/"}],"author":[{"embeddable":true,"href":"https:\/\/atraccionatural.cat\/es\/wp-json\/wp\/v2\/users\/123458\/"}],"replies":[{"embeddable":true,"href":"https:\/\/atraccionatural.cat\/es\/wp-json\/wp\/v2\/comments\/?post=8400"}],"version-history":[{"count":2,"href":"https:\/\/atraccionatural.cat\/es\/wp-json\/wp\/v2\/pages\/8400\/revisions\/"}],"predecessor-version":[{"id":8402,"href":"https:\/\/atraccionatural.cat\/es\/wp-json\/wp\/v2\/pages\/8400\/revisions\/8402\/"}],"wp:featuredmedia":[{"embeddable":true,"href":"https:\/\/atraccionatural.cat\/es\/wp-json\/wp\/v2\/media\/7611\/"}],"wp:attachment":[{"href":"https:\/\/atraccionatural.cat\/es\/wp-json\/wp\/v2\/media\/?parent=8400"}],"wp:term":[{"taxonomy":"category","embeddable":true,"href":"https:\/\/atraccionatural.cat\/es\/wp-json\/wp\/v2\/categories\/?post=8400"},{"taxonomy":"post_tag","embeddable":true,"href":"https:\/\/atraccionatural.cat\/es\/wp-json\/wp\/v2\/tags\/?post=8400"}],"curies":[{"name":"wp","href":"https:\/\/api.w.org\/{rel}","templated":true}]}}