{"id":8403,"date":"2018-12-14T13:40:16","date_gmt":"2018-12-14T12:40:16","guid":{"rendered":"https:\/\/atraccionatural.cat\/deltebre-en-24h\/"},"modified":"2019-04-17T11:20:38","modified_gmt":"2019-04-17T09:20:38","slug":"deltebre-en-24h","status":"publish","type":"page","link":"https:\/\/atraccionatural.cat\/es\/deltebre-en-24h\/","title":{"rendered":"Qu\u00e9 hacer en Deltebre en 24 h?"},"content":{"rendered":"<p>[vc_row el_class=\u00bbcapcalera\u00bb][vc_column][vc_column_text]<img src=\"https:\/\/atraccionatural.cat\/wp-content\/uploads\/2018\/12\/img_24h.jpg\" \/>[\/vc_column_text][\/vc_column][\/vc_row][vc_row bg_type=\u00bbbg_color\u00bb el_class=\u00bbcontingut\u00bb bg_color_value=\u00bb#ffffff\u00bb][vc_column][vc_column_text]<\/p>\n<h1>Qu\u00e9 hacer en Deltebre en 24 h?<\/h1>\n<p style=\"text-align: justify;\">\u00bfS\u00f3lo tienes un d\u00eda libre y no sabes qu\u00e9 ver y qu\u00e9 hacer en Deltebre en 24 h? \u00a1No te preocupes! Todos hemos pasado por esta situaci\u00f3n. Por eso, echando mano de los a\u00f1os de experiencia, te planteamos una propuesta concentrada con algunas de las mejores experiencias que s\u00ed o s\u00ed tienes que vivir si vienes a visitarnos.<\/p>\n<p>[\/vc_column_text][\/vc_column][\/vc_row][vc_row el_class=\u00bbcontingut\u00bb][vc_column][vc_column_text]<\/p>\n<div><img style=\"width: 30px;\" src=\"\/wp-content\/uploads\/2018\/12\/ico_24h_1.png\" \/><\/div>\n<h2 style=\"text-align: justify;\">Lo primero que debes saber\u2026<\/h2>\n<p style=\"text-align: justify;\">Quiz\u00e1s ya lo sab\u00edas, pero por si acaso, Deltebre est\u00e1 ubicado en el coraz\u00f3n del Parque Natural del Delta del Ebro. Lo primero que te llamar\u00e1 la atenci\u00f3n de este lugar es su infinita planicie, pero es que el Delta son 320 km2 de superficie plana, por ello, una de las formas m\u00e1s tradicionales y t\u00edpicas de transporte es la bicicleta.<\/p>\n<p>[\/vc_column_text][\/vc_column][\/vc_row][vc_row bg_type=\u00bbbg_color\u00bb el_class=\u00bbcontingut\u00bb bg_color_value=\u00bb#ffffff\u00bb el_id=\u00bbcomencem\u00bb][vc_column][vc_column_text]<\/p>\n<p style=\"text-align: justify;\">Dependiendo de la \u00e9poca del a\u00f1o en la que vengas, ver\u00e1s un paisaje muy diferente. Esto es porque somos una tierra de colores definida por el ciclo del arroz. As\u00ed que ver\u00e1s azules si vienes en primavera, verdes si vienes en verano, amarillos a finales de verano y marrones en invierno.<\/p>\n<p style=\"text-align: justify;\">Tambi\u00e9n debes saber que su gente tiene tanta personalidad como el territorio. En seguida te acoger\u00e1n y te har\u00e1n sentir como si fueses parte de una gran familia. Finalmente, nos gustar\u00eda que supieses que somos una destinaci\u00f3n sostenible, o como est\u00e1 ahora de moda decir, <em>eco-friendly<\/em>. Estamos seguros de que nos ayudar\u00e1s a preservar este patrimonio natural siguiendo siempre las indicaciones y recomendaciones.<\/p>\n<p style=\"text-align: justify;\">Si quieres conocer un poco m\u00e1s sobre <a href=\"https:\/\/atraccionatural.cat\/es\/deltebre-capital-delta\/\"><span style=\"text-decoration: underline;\">nuestra historia<\/span><\/a>, el <a href=\"https:\/\/atraccionatural.cat\/es\/delta-del-ebro\/\"><span style=\"text-decoration: underline;\">Delta del Ebro<\/span><\/a> y les <a href=\"https:\/\/atraccionatural.cat\/terres-de-lebre\/\"><span style=\"text-decoration: underline;\">Terres de l\u2019Ebre<\/span><\/a>, vendr\u00e1s totalmente preparado para adentrarte al 100% en esta experiencia.<\/p>\n<p>[\/vc_column_text][vc_column_text]<\/p>\n<h2 id=\"titol-tabs\">\u00a1Empezamos!<\/h2>\n<p>[\/vc_column_text][vc_raw_html]JTNDZGl2JTIwaWQlM0QlMjJkaWVzLW5vcm1hbCUyMiUzRSUwQSUwQSUzQ2RpdiUyMGNsYXNzJTNEJTIyY29udGVuaWRvciUyMiUzRSUzQ2ElMjBocmVmJTNEJTIyJTJGZXMlMkZkZWx0ZWJyZS1lbi00OGglMkYlMjIlM0UlM0NpbWclMjBzcmMlM0QlMjIlMkZ3cC1jb250ZW50JTJGdXBsb2FkcyUyRjIwMTklMkYwMSUyRnRhcF80OGhfb2ZmLmpwZyUyMiUyMHN0eWxlJTNEJTIyaGVpZ2h0JTNBJTIwNDZweCUzQiUyMiUzRSUzQ2RpdiUyMGNsYXNzJTNEJTIyZm9ucyUyMGZvbnMxJTIyJTIwc3R5bGUlM0QlMjJoZWlnaHQlM0ElMjA0NnB4JTNCJTIyJTNFJTNDJTJGZGl2JTNFJTNDJTJGYSUzRSUzQyUyRmRpdiUzRSUzQ2RpdiUyMGNsYXNzJTNEJTIyY29udGVuaWRvciUyMiUzRSUzQ2ElMjBocmVmJTNEJTIyJTJGZXMlMkZkZWx0ZWJyZS1lbi03MmglMkYlMjIlM0UlM0NpbWclMjBzcmMlM0QlMjIlMkZ3cC1jb250ZW50JTJGdXBsb2FkcyUyRjIwMTklMkYwMSUyRnRhcF83Mmhfb2ZmLmpwZyUyMiUyMHN0eWxlJTNEJTIyaGVpZ2h0JTNBJTIwNDZweCUzQiUyMiUzRSUzQ2RpdiUyMGNsYXNzJTNEJTIyZm9ucyUyMGZvbnMyJTIyJTIwc3R5bGUlM0QlMjJoZWlnaHQlM0ElMjA0NnB4JTNCJTIyJTNFJTNDJTJGZGl2JTNFJTNDJTJGYSUzRSUzQyUyRmRpdiUzRSUwQSUwQSUzQyUyRmRpdiUzRQ==[\/vc_raw_html][\/vc_column][\/vc_row][vc_row el_class=\u00bbtabs-contingut\u00bb el_id=\u00bbtabs\u00bb][vc_column][vc_tta_tabs shape=\u00bbsquare\u00bb active_section=\u00bb1&#8243;][vc_tta_section title=\u00bbDIA 1&#8243; tab_id=\u00bbdia-1&#8243;][vc_column_text]<img style=\"width: 100%;\" src=\"\/wp-content\/uploads\/2018\/12\/destacat_24h_dia1.jpg\" \/>[\/vc_column_text][vc_column_text el_class=\u00bbtext-tabs\u00bb]<\/p>\n<p class=\"tab-img\" style=\"text-align: justify;\"><img src=\"\/wp-content\/uploads\/2018\/12\/ico_24h_2.png\" \/><\/p>\n<h3 style=\"text-align: left;\">10 h: Visita al Ecomuseo<\/h3>\n<p style=\"text-align: justify;\">Empezaremos nuestro itinerario visitando el Ecomuseo &#8211; Centro de Informaci\u00f3n del Parque Natural del Delta del Ebro, donde haremos una visita para conocer un poco m\u00e1s del Delta. Aqu\u00ed aprenderemos sobre su origen, su historia, arquitectura, fiestas y tradiciones, etc. Adem\u00e1s, es perfecto para conseguir los mapas que necesitamos y para que nos orienten sobre c\u00f3mo llegar a las principales zonas de inter\u00e9s que visitaremos a lo largo del d\u00eda.<\/p>\n<p class=\"tab-img\" style=\"text-align: justify;\"><img src=\"\/wp-content\/uploads\/2018\/12\/ico_24h_3.png\" \/><\/p>\n<h3 style=\"text-align: left;\">11:30 h: Punta del Fangar<\/h3>\n<p style=\"text-align: justify;\">Despu\u00e9s de tener toda la informaci\u00f3n necesaria, es hora de explorar la naturaleza. Iremos directos a visitar uno de los lugares m\u00e1s emblem\u00e1ticos del territorio, la <a href=\"https:\/\/atraccionatural.cat\/riquesa-natural\/\"><span style=\"text-decoration: underline;\">Punta del Fangar<\/span><\/a>, donde veremos el Faro del Fangar, o \u00abLa Faroleta\u00bb, que es como se conoce entre los habitantes de Deltebre. Como dato interesante, aqu\u00ed caminaremos por el \u00fanico desierto de Catalu\u00f1a. De hecho, es un <a href=\"https:\/\/atraccionatural.cat\/paisatges-de-pelicula\/\"><span style=\"text-decoration: underline;\">escenario de pel\u00edcula<\/span><\/a>, ya que ha salido en pel\u00edculas como <em>Sahara<\/em> y en videoclips de U2 y de bandas locales.<\/p>\n<p style=\"text-align: justify;\">Y como es un desierto, es muy recomendable que traig\u00e1is agua y vay\u00e1is protegidos del Sol. Si el tiempo acompa\u00f1a, el entorno es perfecto para ba\u00f1arse en una de las playas m\u00e1s bonitas de todo el Mediterr\u00e1neo.<\/p>\n<p class=\"tab-img\" style=\"text-align: justify;\"><img src=\"\/wp-content\/uploads\/2018\/12\/ico_24h_4.png\" \/><\/p>\n<h3 style=\"text-align: left;\">14 h: Prepara tus papilas gustativas, porque \u00a1es hora de comer!<\/h3>\n<p style=\"text-align: justify;\">Despu\u00e9s de la caminata, ser\u00e1 el momento perfecto para saborear la <a href=\"https:\/\/atraccionatural.cat\/els-nostres-productes\/\"><span style=\"text-decoration: underline;\">gastronom\u00eda local<\/span><\/a> en cualquiera de los <span style=\"text-decoration: underline;\"><a href=\"https:\/\/atraccionatural.cat\/restaurants\/\">restaurantes en Deltebre<\/a><\/span>. Pod\u00e9is escoger por el tipo de comida que os apetezca: arroces, recetas tradicionales, tapas, bocadillos, cocina del mundo\u2026 o tambi\u00e9n por el hambre que teng\u00e1is, de modo que podemos comer donde estemos, ir hasta la desembocadura y el n\u00facleo de Riumar o volver a Deltebre.<\/p>\n<p class=\"tab-img\" style=\"text-align: justify;\"><img src=\"\/wp-content\/uploads\/2018\/12\/ico_24h_5.png\" \/><\/p>\n<h3 style=\"text-align: left;\">16 h: Vive el r\u00edo y d\u00e9jate seducir<\/h3>\n<p style=\"text-align: justify;\">Una de las paradas obligatorias cuando pienses en qu\u00e9 hacer en Deltebre es ver el r\u00edo Ebro. Como tenemos poco tiempo, te damos a escoger entre tres opciones dependiendo de tus preferencias.<\/p>\n<div id=\"opcions\">\n<div class=\"opcio\" style=\"text-align: left;\">\n<p><img src=\"\/wp-content\/uploads\/2018\/12\/ico_24h_6_off.png\" \/><\/p>\n<p style=\"text-align: justify;\"><span style=\"font-weight: bold;\">Opci\u00f3n 1<\/span>: Crucero fluvial hasta la desembocadura del Ebro<\/p>\n<\/div>\n<div class=\"opcio\" style=\"text-align: left;\">\n<p><img src=\"\/wp-content\/uploads\/2018\/12\/ico_24h_7_off.png\" \/><\/p>\n<p style=\"text-align: justify;\"><span style=\"font-weight: bold;\">Opci\u00f3n 2<\/span>: Paseo en kayak o en una barca tripulada por nosotros<\/p>\n<\/div>\n<div class=\"opcio\" style=\"text-align: left;\">\n<p><img src=\"\/wp-content\/uploads\/2018\/12\/ico_24h_8_off.png\" \/><\/p>\n<p style=\"text-align: justify;\"><span style=\"font-weight: bold;\">Opci\u00f3n 3<\/span>: Barco o crucero a la carta con quien quieras, cuando quieras y para lo que quieras<\/p>\n<\/div>\n<\/div>\n<p>[\/vc_column_text][vc_column_text el_class=\u00bbtext-tabs2&#8243;]<\/p>\n<p class=\"tab-img\" style=\"text-align: justify;\"><img src=\"\/wp-content\/uploads\/2018\/12\/ico_24h_9.png\" \/><\/p>\n<h3 style=\"text-align: left;\">18 h: Un paseo antes de cenar<\/h3>\n<p style=\"text-align: justify;\">Para aprovechar los \u00faltimos rayos de luz, y si a\u00fan tienes tiempo, aprovecharemos para dar un peque\u00f1o paseo por la ruta del Garxal, que es una zona del Parque Natural entre la playa de Riumar y la desembocadura del r\u00edo. Este ser\u00e1 el lugar perfecto para observar las aves de las lagunas desde los miradores. Podemos llegar hasta el mirador Zigurat, desde donde disfrutaremos de una magn\u00edfica vista panor\u00e1mica de la desembocadura, las islas de Buda y de Sant Antoni. Ya ver\u00e9is como de aqu\u00ed os ir\u00e9is cargados de energ\u00eda positiva. Eso s\u00ed, si es verano, recuerda que a partir de esta hora \u00a1debes llevar contigo repelente de mosquitos!<\/p>\n<p class=\"tab-img\" style=\"text-align: justify;\"><img src=\"\/wp-content\/uploads\/2018\/12\/ico_24h_10.png\" \/><\/p>\n<h3 style=\"text-align: left;\">20 h: Hagamos una pausa para relajarnos<\/h3>\n<p style=\"text-align: justify;\">Despu\u00e9s de nuestro paseo, podemos refrescarnos en uno de los chiringuitos de Riumar o Deltebre. Podr\u00e1s beber relajadamente mientras observas el mar o el r\u00edo, dependiendo del lugar donde vayas. En verano, a\u00fan es una buena hora para el \u00faltimo chapuz\u00f3n del d\u00eda.<\/p>\n<p class=\"tab-img\" style=\"text-align: justify;\"><img src=\"\/wp-content\/uploads\/2018\/12\/ico_24h_4.png\" \/><\/p>\n<h3 style=\"text-align: left;\">21:30 h: \u00a1Hora de cenar!<\/h3>\n<p>\u00bfA\u00fan ten\u00e9is tiempo? Esperamos que s\u00ed, porque estamos seguros de que deb\u00e9is tener mucha hambre. Antes de volver a casa, pod\u00e9is pasar por uno de los restaurantes y volver a deleitaros con las recetas y productos locales. Adem\u00e1s, estad bien atentos a la <a href=\"http:\/\/deltebre.cat\/event-directory\/\" target=\"_blank\" rel=\"noopener noreferrer\"><span style=\"text-decoration: underline;\">agenda de actos de Deltebre<\/span><\/a>, porque su noche tambi\u00e9n os puede sorprender con actividades como, por ejemplo, una \u00f3pera en directo junto al mar o un espect\u00e1culo de danza contempor\u00e1nea.<\/p>\n<div id=\"caixa-info\">\n<h3 style=\"text-align: left;\">Centro de Informaci\u00f3n del Parque Natural del Delta del Ebro &#8211; Ecomuseo<\/h3>\n<ul class=\"llista\">\n<li>Horario: de lunes a domingo de 10 h a 13 h. Tardes invierno: de 15 h a 17 h. Tardes verano: de 15 h a 18 h<\/li>\n<li>Direcci\u00f3n: C. Dr. Mart\u00ed Buera, 22. 43580 &#8211; Deltebre<\/li>\n<li>Duraci\u00f3n: visita guiada: 1 h &#8211; 1:15 h \/ visita libre: 45 min &#8211; 1:30 h<\/li>\n<\/ul>\n<h3 style=\"text-align: justify;\">Punta del Fangar<\/h3>\n<ul class=\"llista\">\n<li style=\"text-align: justify;\">Llegada en coche hasta la playa de la Marquesa<\/li>\n<li style=\"text-align: justify;\">Continuar caminando hasta llegar al Faro del Fangar<\/li>\n<li style=\"text-align: justify;\">Duraci\u00f3n: caminando a buen ritmo, 1:30 h<\/li>\n<\/ul>\n<h3 style=\"text-align: justify;\">En el r\u00edo<\/h3>\n<ul class=\"llista\">\n<li style=\"text-align: justify;\">Crucero fluvial duraci\u00f3n: 45 min si cogemos el barco delante de la isla de Buda \/ 1:30 h si lo cogemos en Deltebre<\/li>\n<li style=\"text-align: justify;\">Barco o crucero a la carta: hasta 12 personas<\/li>\n<\/ul>\n<h3 style=\"text-align: justify;\">Ruta por el Garxal<\/h3>\n<ul class=\"llista\">\n<li style=\"text-align: justify;\">Extensi\u00f3n: 1,5 km<\/li>\n<li style=\"text-align: justify;\">Mirador Zigurat: 7 m de altura<\/li>\n<\/ul>\n<p style=\"text-align: justify;\"><span style=\"color: #ffffff; font-weight: bold;\">Consulta todos los <\/span><a href=\"https:\/\/atraccionatural.cat\/serveis-turistics\/\"><span style=\"text-decoration: underline;\"><strong><span style=\"color: #ffffff; text-decoration: underline;\">servicios tur\u00edsticos de Deltebre<\/span><\/strong><\/span><\/a><span style=\"color: #ffffff; font-weight: bold;\"> para planificar mejor tu experiencia.<br \/>\n<\/span><\/p>\n<\/div>\n<p>[\/vc_column_text][\/vc_tta_section][\/vc_tta_tabs][\/vc_column][\/vc_row][vc_row bg_type=\u00bbbg_color\u00bb bg_override=\u00bbfull\u00bb el_id=\u00bbdies-mobil\u00bb css=\u00bb.vc_custom_1548147354117{padding-top: 15px !important;padding-bottom: 15px !important;}\u00bb bg_color_value=\u00bb#ffffff\u00bb][vc_column][vc_raw_html]JTNDZGl2JTIwc3R5bGUlM0QlMjJ0ZXh0LWFsaWduJTNBY2VudGVyJTNCJTIyJTNFJTBBJTBBJTNDZGl2JTIwY2xhc3MlM0QlMjJjb250ZW5pZG9yJTIyJTNFJTNDYSUyMGhyZWYlM0QlMjIlMkZkZWx0ZWJyZS1lbi00OGglMkYlMjIlM0UlM0NpbWclMjBzcmMlM0QlMjIlMkZ3cC1jb250ZW50JTJGdXBsb2FkcyUyRjIwMTklMkYwMSUyRnRhcF80OGhfb2ZmLmpwZyUyMiUyMHN0eWxlJTNEJTIyaGVpZ2h0JTNBJTIwMzdweCUzQiUyMiUzRSUzQ2RpdiUyMGNsYXNzJTNEJTIyZm9ucyUyMGZvbnMxJTIyJTIwc3R5bGUlM0QlMjJoZWlnaHQlM0ElMjAzN3B4JTNCJTIyJTNFJTNDJTJGZGl2JTNFJTNDJTJGYSUzRSUzQyUyRmRpdiUzRSUzQ2RpdiUyMGNsYXNzJTNEJTIyY29udGVuaWRvciUyMiUzRSUzQ2ElMjBocmVmJTNEJTIyJTJGZGVsdGVicmUtZW4tNzJoJTJGJTIyJTNFJTNDaW1nJTIwc3JjJTNEJTIyJTJGd3AtY29udGVudCUyRnVwbG9hZHMlMkYyMDE5JTJGMDElMkZ0YXBfNzJoX29mZi5qcGclMjIlMjBzdHlsZSUzRCUyMmhlaWdodCUzQSUyMDM3cHglM0IlMjIlM0UlM0NkaXYlMjBjbGFzcyUzRCUyMmZvbnMlMjBmb25zMiUyMiUyMHN0eWxlJTNEJTIyaGVpZ2h0JTNBJTIwMzdweCUzQiUyMiUzRSUzQyUyRmRpdiUzRSUzQyUyRmElM0UlM0MlMkZkaXYlM0UlMEElMEElM0MlMkZkaXYlM0U=[\/vc_raw_html][\/vc_column][\/vc_row]<\/p>\n","protected":false},"excerpt":{"rendered":"<p>[vc_row el_class=\u00bbcapcalera\u00bb][vc_column][vc_column_text][\/vc_column_text][\/vc_column][\/vc_row][vc_row bg_type=\u00bbbg_color\u00bb el_class=\u00bbcontingut\u00bb bg_color_value=\u00bb#ffffff\u00bb][vc_column][vc_column_text] Qu\u00e9 hacer en Deltebre en 24 h? \u00bfS\u00f3lo tienes un d\u00eda libre y no sabes qu\u00e9 ver y qu\u00e9 hacer en Deltebre en 24 h? \u00a1No te preocupes! Todos hemos pasado por esta situaci\u00f3n. Por&hellip;<\/p>\n","protected":false},"author":123458,"featured_media":7312,"parent":0,"menu_order":0,"comment_status":"closed","ping_status":"closed","template":"","meta":[],"categories":[],"tags":[],"_links":{"self":[{"href":"https:\/\/atraccionatural.cat\/es\/wp-json\/wp\/v2\/pages\/8403\/"}],"collection":[{"href":"https:\/\/atraccionatural.cat\/es\/wp-json\/wp\/v2\/pages\/"}],"about":[{"href":"https:\/\/atraccionatural.cat\/es\/wp-json\/wp\/v2\/types\/page\/"}],"author":[{"embeddable":true,"href":"https:\/\/atraccionatural.cat\/es\/wp-json\/wp\/v2\/users\/123458\/"}],"replies":[{"embeddable":true,"href":"https:\/\/atraccionatural.cat\/es\/wp-json\/wp\/v2\/comments\/?post=8403"}],"version-history":[{"count":5,"href":"https:\/\/atraccionatural.cat\/es\/wp-json\/wp\/v2\/pages\/8403\/revisions\/"}],"predecessor-version":[{"id":8890,"href":"https:\/\/atraccionatural.cat\/es\/wp-json\/wp\/v2\/pages\/8403\/revisions\/8890\/"}],"wp:featuredmedia":[{"embeddable":true,"href":"https:\/\/atraccionatural.cat\/es\/wp-json\/wp\/v2\/media\/7312\/"}],"wp:attachment":[{"href":"https:\/\/atraccionatural.cat\/es\/wp-json\/wp\/v2\/media\/?parent=8403"}],"wp:term":[{"taxonomy":"category","embeddable":true,"href":"https:\/\/atraccionatural.cat\/es\/wp-json\/wp\/v2\/categories\/?post=8403"},{"taxonomy":"post_tag","embeddable":true,"href":"https:\/\/atraccionatural.cat\/es\/wp-json\/wp\/v2\/tags\/?post=8403"}],"curies":[{"name":"wp","href":"https:\/\/api.w.org\/{rel}","templated":true}]}}