{"id":8729,"date":"2018-12-20T12:42:42","date_gmt":"2018-12-20T11:42:42","guid":{"rendered":"https:\/\/atraccionatural.cat\/videos-de-deltebre\/"},"modified":"2019-04-02T11:59:42","modified_gmt":"2019-04-02T09:59:42","slug":"videos-de-deltebre","status":"publish","type":"page","link":"https:\/\/atraccionatural.cat\/es\/videos-de-deltebre\/","title":{"rendered":"Mira todos los v\u00eddeos de Deltebre, atracci\u00f3n natural"},"content":{"rendered":"<p>[vc_row el_class=\u00bbcontingut titol\u00bb][vc_column][vc_column_text]<\/p>\n<h3 align=\"justify\">Deltebre, atracci\u00f3n natural<\/h3>\n<p>[\/vc_column_text][\/vc_column][\/vc_row][vc_row el_class=\u00bbcontingut\u00bb][vc_column width=\u00bb1\/3&#8243;][vc_column_text]<iframe loading=\"lazy\" src=\"https:\/\/www.youtube.com\/embed\/VzHgD9u1N3Y\" width=\"360\" height=\"180\" frameborder=\"0\" allowfullscreen=\"allowfullscreen\"><\/iframe>[\/vc_column_text][\/vc_column][vc_column width=\u00bb2\/3&#8243;][vc_column_text]<\/p>\n<p align=\"justify\">Dicen que la atracci\u00f3n es pura cuando se puede recordar. Y yo, cuando cierro los ojos, te siento.<\/p>\n<p align=\"justify\">Con esta declaraci\u00f3n empieza el v\u00eddeo de difusi\u00f3n tur\u00edstica de Deltebre, un poema donde la belleza del patrimonio natural de este municipio, ubicado en el coraz\u00f3n del Delta del Ebro, se refleja en las im\u00e1genes y vistas a\u00e9reas que te dejar\u00e1n sin palabras y con muchas ganas de ver m\u00e1s. \u00a1Te esperamos en Deltebre!<\/p>\n<p>[\/vc_column_text][\/vc_column][\/vc_row][vc_row bg_type=\u00bbbg_color\u00bb el_class=\u00bbcontingut titol\u00bb bg_color_value=\u00bb#ffffff\u00bb][vc_column][vc_column_text]<\/p>\n<h3 align=\"justify\">Gastronom\u00eda<\/h3>\n<p>[\/vc_column_text][\/vc_column][\/vc_row][vc_row bg_type=\u00bbbg_color\u00bb el_class=\u00bbcontingut\u00bb bg_color_value=\u00bb#ffffff\u00bb][vc_column width=\u00bb1\/3&#8243;][vc_column_text]<iframe loading=\"lazy\" src=\"https:\/\/www.youtube.com\/embed\/FDtQB3JXP7g\" width=\"360\" height=\"180\" frameborder=\"0\" allowfullscreen=\"allowfullscreen\"><\/iframe>[\/vc_column_text][vc_column_text]<\/p>\n<p style=\"margin-bottom: 0; margin-top: 20px;\" align=\"justify\"><b>Mescla, la muestra de gastronom\u00eda, paisaje y turismo de les Terres de l\u2019Ebre <\/b><\/p>\n<p align=\"justify\">Mescla es la muestra de gastronom\u00eda, paisaje y turismo de les Terres de l\u2019Ebre, un evento celebrado en el marco de DeltaFira y donde se programa un amplio abanico de actividades alrededor de la gastronom\u00eda y el paisaje de les Terres de l\u2019Ebre. En Mescla podr\u00e1s entrar en contacto con los productos, paisajes y la oferta tur\u00edstica del Montsi\u00e0, Baix Ebre, Ribera d\u2019Ebre y Terra Alta.<\/p>\n<p>[\/vc_column_text][\/vc_column][vc_column width=\u00bb1\/3&#8243;][vc_column_text]<iframe loading=\"lazy\" src=\"https:\/\/www.youtube.com\/embed\/APTEQlVCRBg\" width=\"360\" height=\"180\" frameborder=\"0\" allowfullscreen=\"allowfullscreen\"><\/iframe>[\/vc_column_text][vc_column_text]<\/p>\n<p style=\"margin-bottom: 0; margin-top: 20px;\" align=\"justify\"><b>Deltebre, la revoluci\u00f3n de los paladares <\/b><\/p>\n<p align=\"justify\">De todas las actividades que puedes vivir en el Delta del Ebro, una de las m\u00e1s gratificantes es degustar la gastronom\u00eda en Deltebre. D\u00e9jate llevar por los fogones de la cocina local, que te provocar\u00e1n un caudal de sensaciones gracias a la fusi\u00f3n entre las recetas m\u00e1s tradicionales y sus variaciones m\u00e1s modernas.<\/p>\n<p>[\/vc_column_text][\/vc_column][vc_column width=\u00bb1\/3&#8243;][\/vc_column][\/vc_row][vc_row el_class=\u00bbcontingut titol\u00bb][vc_column][vc_column_text]<\/p>\n<h3 align=\"justify\">Fiestas y tradiciones<\/h3>\n<p>[\/vc_column_text][\/vc_column][\/vc_row][vc_row el_class=\u00bbcontingut\u00bb][vc_column width=\u00bb1\/3&#8243;][vc_column_text]<iframe loading=\"lazy\" src=\"https:\/\/www.youtube.com\/embed\/7ecEglTd47M\" width=\"360\" height=\"180\" frameborder=\"0\" allowfullscreen=\"allowfullscreen\"><\/iframe>[\/vc_column_text][vc_column_text]<\/p>\n<p style=\"margin-bottom: 0; margin-top: 20px;\" align=\"justify\"><b>Fiestas del Arroz<\/b><\/p>\n<p align=\"justify\">\u00bfTe gustar\u00eda hacer un peque\u00f1o viaje en el tiempo para ver c\u00f3mo se realizaba antes el cultivo del arroz en nuestras tierras? En junio (La Plantada) y en septiembre (La Sega) celebramos las Fiestas del Arroz, que son la ocasi\u00f3n perfecta para que te adentres en una escenificaci\u00f3n de las diferentes labores que llevaban a cabo nuestros antepasados, todo ello acompa\u00f1ado por una comida popular, juegos tradicionales\u2026 \u00a1Y mucho m\u00e1s!<\/p>\n<p>[\/vc_column_text][\/vc_column][vc_column width=\u00bb1\/3&#8243;][vc_column_text]<iframe loading=\"lazy\" src=\"https:\/\/www.youtube.com\/embed\/Hrg5W2c16fs\" width=\"360\" height=\"180\" frameborder=\"0\" allowfullscreen=\"allowfullscreen\"><\/iframe>[\/vc_column_text][vc_column_text]<\/p>\n<p style=\"margin-bottom: 0; margin-top: 20px;\" align=\"justify\"><b>Carnaval en Deltebre<\/b><\/p>\n<p align=\"justify\">La r\u00faa de carnaval de Deltebre se ha convertido en uno de los eventos festivos m\u00e1s esperados de todo el Delta del Ebro. Durante todo un fin de semana lleno de actividades, m\u00e1s de 1.300 personas participan en comparsas muy originales que llenan de colores las calles de Deltebre. Sonrisas, m\u00fasica, bailes y muchos premios. \u00a1No te lo puedes perder! En este v\u00eddeo ver\u00e1s una peque\u00f1a muestra de la R\u00faa de Carnaval 2018.<\/p>\n<p>[\/vc_column_text][\/vc_column][vc_column width=\u00bb1\/3&#8243;][\/vc_column][\/vc_row][vc_row bg_type=\u00bbbg_color\u00bb el_class=\u00bbcontingut titol\u00bb bg_color_value=\u00bb#ffffff\u00bb][vc_column][vc_column_text]<\/p>\n<h3 align=\"justify\">Eventos culturales<\/h3>\n<p>[\/vc_column_text][\/vc_column][\/vc_row][vc_row bg_type=\u00bbbg_color\u00bb el_class=\u00bbcontingut\u00bb bg_color_value=\u00bb#ffffff\u00bb][vc_column width=\u00bb1\/3&#8243;][vc_column_text]<iframe loading=\"lazy\" src=\"https:\/\/www.youtube.com\/embed\/nkMdLdARFaA\" width=\"360\" height=\"180\" frameborder=\"0\" allowfullscreen=\"allowfullscreen\"><\/iframe>[\/vc_column_text][vc_column_text]<\/p>\n<p style=\"margin-bottom: 0; margin-top: 20px;\" align=\"justify\"><b>Festival Deltebre Dansa<\/b><\/p>\n<p align=\"justify\">\u00bfAlguna vez has pensado c\u00f3mo ser\u00eda fusionar artes esc\u00e9nicas y un paraje natural de belleza \u00fanica? La buena noticia es que no hace falta que lo imagines m\u00e1s, porque \u00a1existe y est\u00e1 en Deltebre! Durante 15 d\u00edas en verano, puedes disfrutar de una programaci\u00f3n de espect\u00e1culos de vanguardia de disciplinas variadas y con artistas de todo el mundo. Tambi\u00e9n se realizan clases para profesionales del sector y cursos de iniciaci\u00f3n.<\/p>\n<p>[\/vc_column_text][\/vc_column][vc_column width=\u00bb1\/3&#8243;][\/vc_column][vc_column width=\u00bb1\/3&#8243;][\/vc_column][\/vc_row][vc_row el_class=\u00bbcontingut titol\u00bb][vc_column][vc_column_text]<\/p>\n<h3 align=\"justify\">Ferias y promoci\u00f3n tur\u00edstica<\/h3>\n<p>[\/vc_column_text][\/vc_column][\/vc_row][vc_row el_class=\u00bbcontingut\u00bb][vc_column width=\u00bb1\/3&#8243;][vc_column_text]<iframe loading=\"lazy\" src=\"https:\/\/www.youtube.com\/embed\/_doankLfztw\" width=\"360\" height=\"180\" frameborder=\"0\" allowfullscreen=\"allowfullscreen\"><\/iframe>[\/vc_column_text][vc_column_text]<\/p>\n<p style=\"margin-bottom: 0; margin-top: 20px;\" align=\"justify\"><b>Deltebre en el 23.er Sal\u00f3n del Manga de Barcelona<\/b><\/p>\n<p align=\"justify\">\u00bfSab\u00edas que Deltebre fue la estrella de los talleres de cocina japonesa del XXIII Sal\u00f3n del Manga de Barcelona? Nuestro municipio particip\u00f3 activamente en este evento, donde proyect\u00f3 los atractivos tur\u00edsticos del territorio y su gastronom\u00eda, siendo el arroz el protagonista. En el v\u00eddeo puedes ver un resumen de nuestra presencia.<\/p>\n<p>[\/vc_column_text][\/vc_column][vc_column width=\u00bb1\/3&#8243;][vc_column_text]<iframe loading=\"lazy\" src=\"https:\/\/www.youtube.com\/embed\/9MFRtEg62do\" width=\"360\" height=\"180\" frameborder=\"0\" allowfullscreen=\"allowfullscreen\"><\/iframe>[\/vc_column_text][vc_column_text]<\/p>\n<p style=\"margin-bottom: 0; margin-top: 20px;\" align=\"justify\"><b>Deltebre en Madrid Fusi\u00f3n 2018<\/b><\/p>\n<p align=\"justify\">En Deltebre nos encanta cuidar nuestra faceta tur\u00edstica. Por ello, participamos activamente en Madrid Fusi\u00f3n con un total de 19 talleres de degustaci\u00f3n de los productos y gastronom\u00eda del municipio. Si no pudiste vernos en la feria, puedes ver este v\u00eddeo resumen sobre nuestra presencia en Madrid Fusi\u00f3n 2018.<\/p>\n<p>[\/vc_column_text][\/vc_column][vc_column width=\u00bb1\/3&#8243;][vc_column_text]<iframe loading=\"lazy\" src=\"https:\/\/www.youtube.com\/embed\/kDrwBzDEg2U\" width=\"360\" height=\"180\" frameborder=\"0\" allowfullscreen=\"allowfullscreen\"><\/iframe>[\/vc_column_text][vc_column_text]<\/p>\n<p style=\"margin-bottom: 0; margin-top: 20px;\" align=\"justify\"><b>Le Festival de Loire &#8211; Orl\u00e9ans<\/b><\/p>\n<p align=\"justify\">Deltebre fue una de las poblaciones invitadas por los organizadores de Le Festival de Loire &#8211; Orl\u00e9ans (Francia) para representar el r\u00edo Ebro en este evento que acogi\u00f3 a m\u00e1s de 650.000 visitantes. Nos llevamos con nosotros nuestra esencia y tradici\u00f3n, y construimos al lado del r\u00edo Loira una barraca tradicional. En el v\u00eddeo puedes ver el proceso y el bonito ambiente del festival.<\/p>\n<p>[\/vc_column_text][\/vc_column][\/vc_row]<\/p>\n","protected":false},"excerpt":{"rendered":"<p>[vc_row el_class=\u00bbcontingut titol\u00bb][vc_column][vc_column_text] Deltebre, atracci\u00f3n natural [\/vc_column_text][\/vc_column][\/vc_row][vc_row el_class=\u00bbcontingut\u00bb][vc_column width=\u00bb1\/3&#8243;][vc_column_text][\/vc_column_text][\/vc_column][vc_column width=\u00bb2\/3&#8243;][vc_column_text] Dicen que la atracci\u00f3n es pura cuando se puede recordar. Y yo, cuando cierro los ojos, te siento. Con esta declaraci\u00f3n empieza el v\u00eddeo de difusi\u00f3n tur\u00edstica de Deltebre, un&hellip;<\/p>\n","protected":false},"author":123458,"featured_media":7668,"parent":0,"menu_order":0,"comment_status":"closed","ping_status":"closed","template":"","meta":[],"categories":[],"tags":[],"_links":{"self":[{"href":"https:\/\/atraccionatural.cat\/es\/wp-json\/wp\/v2\/pages\/8729\/"}],"collection":[{"href":"https:\/\/atraccionatural.cat\/es\/wp-json\/wp\/v2\/pages\/"}],"about":[{"href":"https:\/\/atraccionatural.cat\/es\/wp-json\/wp\/v2\/types\/page\/"}],"author":[{"embeddable":true,"href":"https:\/\/atraccionatural.cat\/es\/wp-json\/wp\/v2\/users\/123458\/"}],"replies":[{"embeddable":true,"href":"https:\/\/atraccionatural.cat\/es\/wp-json\/wp\/v2\/comments\/?post=8729"}],"version-history":[{"count":2,"href":"https:\/\/atraccionatural.cat\/es\/wp-json\/wp\/v2\/pages\/8729\/revisions\/"}],"predecessor-version":[{"id":8731,"href":"https:\/\/atraccionatural.cat\/es\/wp-json\/wp\/v2\/pages\/8729\/revisions\/8731\/"}],"wp:featuredmedia":[{"embeddable":true,"href":"https:\/\/atraccionatural.cat\/es\/wp-json\/wp\/v2\/media\/7668\/"}],"wp:attachment":[{"href":"https:\/\/atraccionatural.cat\/es\/wp-json\/wp\/v2\/media\/?parent=8729"}],"wp:term":[{"taxonomy":"category","embeddable":true,"href":"https:\/\/atraccionatural.cat\/es\/wp-json\/wp\/v2\/categories\/?post=8729"},{"taxonomy":"post_tag","embeddable":true,"href":"https:\/\/atraccionatural.cat\/es\/wp-json\/wp\/v2\/tags\/?post=8729"}],"curies":[{"name":"wp","href":"https:\/\/api.w.org\/{rel}","templated":true}]}}