{"id":2577,"date":"2016-07-28T06:48:05","date_gmt":"2016-07-28T06:48:05","guid":{"rendered":"http:\/\/deltebre.cat\/turisme\/index.php\/de-pesca\/?lang=fr"},"modified":"2019-02-28T11:02:17","modified_gmt":"2019-02-28T10:02:17","slug":"la-peche-dans-le-delta-de-lebre","status":"publish","type":"page","link":"https:\/\/atraccionatural.cat\/fr\/la-peche-dans-le-delta-de-lebre\/","title":{"rendered":"La p\u00eache dans le Delta de l\u2019\u00c8bre"},"content":{"rendered":"<p>Du fait de son emplacement privil\u00e9gi\u00e9 dans le Delta de l\u2019\u00c8bre, Deltebre est consid\u00e9r\u00e9 dans le monde entier comme la meilleure destination de p\u00eache de la M\u00e9diterran\u00e9e et dans le Delta de l&rsquo;\u00c8bre.<\/p>\n<p>Ses eaux calmes, pleines de nutriments, nourrissent une grande vari\u00e9t\u00e9 d&rsquo;esp\u00e8ces autochtones, par exemple des carpes, bars, daurades ou Serrasalmus marginatus (palometas) qui vivent ensemble dans le fleuve avec d&rsquo;autres esp\u00e8ces introduites par l&rsquo;homme, telles que le silure ou le poisson moustique. Si vous \u00eates un amoureux de ce sport, vous avez l&rsquo;opportunit\u00e9 d&rsquo;effectuer des sorties de p\u00eache, accompagn\u00e9 de p\u00eacheurs experts et connaisseurs de la zone dont ils seront les guides.<\/p>\n<p style=\"text-align: justify;\"><span style=\"color: #54bab7;\"><strong><img loading=\"lazy\" class=\"alignnone size-full wp-image-352\" src=\"\/wp-content\/uploads\/2016\/07\/asterisc_ok.png\" alt=\"P\u00eache\" width=\"33\" height=\"28\" \/>AVANT DE COMMENCER<br \/>\n<\/strong><\/span><\/p>\n<p style=\"text-align: justify;\"><strong><img loading=\"lazy\" class=\"alignnone size-full wp-image-391\" src=\"\/wp-content\/uploads\/2016\/07\/punt-1.png\" alt=\"punt\" width=\"33\" height=\"28\" \/>Quand ?<\/strong><\/p>\n<p style=\"text-align: justify;\">L&rsquo;\u00e9poque la plus agr\u00e9able pour la p\u00eache r\u00e9cr\u00e9ative dans le Delta de l\u2019\u00c8bre est de mai \u00e0 novembre, moment durant lequel arrivent la majorit\u00e9 des esp\u00e8ces, bien que malgr\u00e9 la grande quantit\u00e9 de nutriments qui nourrit le fleuve de l&rsquo;\u00c8bre, il y ait un nombre abondant de sp\u00e9cimens de poissons tout au long de l&rsquo;ann\u00e9e.<\/p>\n<p style=\"text-align: justify;\"><strong><img loading=\"lazy\" class=\"alignnone size-full wp-image-391\" src=\"https:\/\/deltebre.cat\/turisme\/wp-content\/uploads\/2016\/07\/punt-1.png\" alt=\"punt\" width=\"33\" height=\"28\" \/>De quoi ai-je besoin ?<\/strong><\/p>\n<p style=\"text-align: justify;\">Vous avez besoin d&rsquo;une licence que vous pouvez obtenir dans les organismes suivants: <a href=\"http:\/\/agricultura.gencat.cat\/es\/inici\/index.html\" target=\"_blank\" rel=\"noopener noreferrer\">D\u00e9partements d&rsquo;agriculture, d&rsquo;\u00e9levage, et d&rsquo;alimentation<\/a>;\u00a0<a href=\"http:\/\/mediambient.gencat.cat\/es\/05_ambits_dactuacio\/index.html\" target=\"_blank\" rel=\"noopener noreferrer\">Services territoriaux du D\u00e9partement du territoire et de la durabilit\u00e9<\/a>;<a href=\"http:\/\/www.fcpeic.cat\/\" target=\"_blank\" rel=\"noopener noreferrer\">\u00a0Federaci\u00f3 Catalana de Pesca Esportiva i C\u00e0sting<\/a>;\u00a0<a href=\"https:\/\/atraccionatural.cat\/serveis-turistics\/?lang=fr\" target=\"_blank\" rel=\"noopener noreferrer\">Entreprises de location de bateaux<\/a>.<\/p>\n<p style=\"text-align: justify;\"><strong><img loading=\"lazy\" class=\"alignnone size-full wp-image-391\" src=\"\/wp-content\/uploads\/2016\/07\/punt-1.png\" alt=\"punt\" width=\"33\" height=\"28\" \/>Conseils pratiques<\/strong><\/p>\n<p style=\"text-align: justify;\">\n        <!-- GT Shortcodes - Alert - Start -->\n        <style type=\"text\/css\" media=\"screen\">\n                    <\/style>\n        <div class=\"gt-shortcodes\">\n            <div id=\"gt-alert-572\" class=\"alert alert-info alert-dismissible\" role=\"alert\"\n                 style=\"color:#ffffff!important;background-color:#57bab7!important;border-style:none!important;\">\n                La p\u00eache nocturne peut \u00eatre une exp\u00e9rience impressionnante. Pour mieux supporter l&rsquo;humidit\u00e9, il est recommand\u00e9 d&rsquo;utiliser des v\u00eatements \u00e0 manche longue.\n                <div class=\"clearfix\"><\/div>\n            <\/div>\n        <\/div>\n        <!-- GT Shortcodes - Alert - End -->\n\n        <\/p>\n<p style=\"text-align: justify;\">\n        <!-- GT Shortcodes - Alert - Start -->\n        <style type=\"text\/css\" media=\"screen\">\n                    <\/style>\n        <div class=\"gt-shortcodes\">\n            <div id=\"gt-alert-152\" class=\"alert alert-info alert-dismissible\" role=\"alert\"\n                 style=\"color:#ffffff!important;background-color:#57bab7!important;border-style:none!important;\">\n                Si vous souhaitez p\u00eacher durant la journ\u00e9e, mettez de la cr\u00e8me solaire et buvez assez d&rsquo;eau pour vous hydrater, surtout pendant l&rsquo;\u00e9t\u00e9.                <div class=\"clearfix\"><\/div>\n            <\/div>\n        <\/div>\n        <!-- GT Shortcodes - Alert - End -->\n\n        <\/p>\n<p style=\"text-align: justify;\">\n        <!-- GT Shortcodes - Alert - Start -->\n        <style type=\"text\/css\" media=\"screen\">\n                    <\/style>\n        <div class=\"gt-shortcodes\">\n            <div id=\"gt-alert-853\" class=\"alert alert-info alert-dismissible\" role=\"alert\"\n                 style=\"color:#ffffff!important;background-color:#57bab7!important;border-style:none!important;\">\n                Si vous ne souhaitez pas \u00eatre la cible des moustiques, n&rsquo;oubliez pas d&rsquo;apporter un anti-moustiques.                <div class=\"clearfix\"><\/div>\n            <\/div>\n        <\/div>\n        <!-- GT Shortcodes - Alert - End -->\n\n        <\/p>\n<p style=\"text-align: justify;\"><strong><img loading=\"lazy\" class=\"alignnone size-full wp-image-352\" src=\"https:\/\/deltebre.cat\/turisme\/wp-content\/uploads\/2016\/07\/asterisc_ok.png\" alt=\"asterisc_ok\" width=\"33\" height=\"28\" \/>CONCOUR DE P\u00caCHE<br \/>\n<\/strong><\/p>\n<p style=\"text-align: justify;\">Le Club N\u00e0utic Riumar organise des concours de p\u00eache dans les eaux calmes de Deltebre. C&rsquo;est une bonne opportunit\u00e9 de tester votre talent tout en profitant d&rsquo;une belle journ\u00e9e dans la nature et d&rsquo;une partie de p\u00eache dans le Delta de l\u2019\u00c8bre. <a href=\"http:\/\/www.cnriumar.com\/index.php\" target=\"_blank\" rel=\"noopener noreferrer\">Plus d&rsquo;informations<\/a>.<\/p>\n<p style=\"text-align: justify;\"><strong><img loading=\"lazy\" class=\"alignnone size-full wp-image-352\" src=\"https:\/\/deltebre.cat\/turisme\/wp-content\/uploads\/2016\/07\/asterisc_ok.png\" alt=\"asterisc_ok\" width=\"33\" height=\"28\" \/>SORTIR P\u00caCHER<br \/>\n<\/strong><\/p>\n<p style=\"text-align: justify;\">L&#8217;emplacement privil\u00e9gi\u00e9 proche du fleuve et de la c\u00f4te, fait de Deltebre un paradis pour les amateurs de p\u00eache, aussi bien en eau douce qu&rsquo;en eau sal\u00e9e. Louez un bateau dans l&rsquo;un des centres de p\u00eache de la commune ou participez \u00e0 l&rsquo;une de ses sorties de p\u00eache. Embarquez, d\u00e9tendez-vous et bonne chance pour la p\u00eache !\u00a0<a href=\"https:\/\/atraccionatural.cat\/serveis-turistics\/?lang=fr\" target=\"_blank\" rel=\"noopener noreferrer\">Plus d&rsquo;informations<\/a>.<\/p>\n","protected":false},"excerpt":{"rendered":"<p>Du fait de son emplacement privil\u00e9gi\u00e9 dans le Delta de l\u2019\u00c8bre, Deltebre est consid\u00e9r\u00e9 dans le monde entier comme la meilleure destination de p\u00eache de la M\u00e9diterran\u00e9e et dans le Delta de l&rsquo;\u00c8bre. Ses eaux calmes, pleines de nutriments, nourrissent&hellip;<\/p>\n","protected":false},"author":123458,"featured_media":6537,"parent":0,"menu_order":0,"comment_status":"closed","ping_status":"closed","template":"","meta":[],"categories":[55],"tags":[],"_links":{"self":[{"href":"https:\/\/atraccionatural.cat\/fr\/wp-json\/wp\/v2\/pages\/2577\/"}],"collection":[{"href":"https:\/\/atraccionatural.cat\/fr\/wp-json\/wp\/v2\/pages\/"}],"about":[{"href":"https:\/\/atraccionatural.cat\/fr\/wp-json\/wp\/v2\/types\/page\/"}],"author":[{"embeddable":true,"href":"https:\/\/atraccionatural.cat\/fr\/wp-json\/wp\/v2\/users\/123458\/"}],"replies":[{"embeddable":true,"href":"https:\/\/atraccionatural.cat\/fr\/wp-json\/wp\/v2\/comments\/?post=2577"}],"version-history":[{"count":12,"href":"https:\/\/atraccionatural.cat\/fr\/wp-json\/wp\/v2\/pages\/2577\/revisions\/"}],"predecessor-version":[{"id":8488,"href":"https:\/\/atraccionatural.cat\/fr\/wp-json\/wp\/v2\/pages\/2577\/revisions\/8488\/"}],"wp:featuredmedia":[{"embeddable":true,"href":"https:\/\/atraccionatural.cat\/fr\/wp-json\/wp\/v2\/media\/6537\/"}],"wp:attachment":[{"href":"https:\/\/atraccionatural.cat\/fr\/wp-json\/wp\/v2\/media\/?parent=2577"}],"wp:term":[{"taxonomy":"category","embeddable":true,"href":"https:\/\/atraccionatural.cat\/fr\/wp-json\/wp\/v2\/categories\/?post=2577"},{"taxonomy":"post_tag","embeddable":true,"href":"https:\/\/atraccionatural.cat\/fr\/wp-json\/wp\/v2\/tags\/?post=2577"}],"curies":[{"name":"wp","href":"https:\/\/api.w.org\/{rel}","templated":true}]}}