{"id":2601,"date":"2016-07-01T07:00:24","date_gmt":"2016-07-01T07:00:24","guid":{"rendered":"http:\/\/deltebre.cat\/turisme\/index.php\/degusta\/?lang=fr"},"modified":"2018-03-06T11:16:32","modified_gmt":"2018-03-06T10:16:32","slug":"degustez","status":"publish","type":"page","link":"https:\/\/atraccionatural.cat\/fr\/degustez\/","title":{"rendered":"D\u00e9gustez"},"content":{"rendered":"<p><img loading=\"lazy\" class=\"alignnone wp-image-458 size-full\" src=\"https:\/\/deltebre.cat\/turisme\/wp-content\/uploads\/2016\/07\/RICE.jpg\" alt=\"D\u00e9gustez\" width=\"900\" height=\"350\" \/><\/p>\n<p style=\"text-align: justify;\"><strong>Explosion de saveurs<br \/>\n<\/strong><\/p>\n<p style=\"text-align: justify;\">A l&rsquo;heure du repas, laissez-vous surprendre par la richesse culinaire du territoire. La grande vari\u00e9t\u00e9 de produits frais et \u00e9labor\u00e9s, de proximit\u00e9 et de grande qualit\u00e9, est faite entre les mains de nos cuisiniers pour cr\u00e9er des recettes surprenantes. Vous allez vouloir vous resservir et d\u00e9couvrir <a href=\"https:\/\/atraccionatural.cat\/la-revolucio-dels-paladars\/?lang=fr\" target=\"_blank\" rel=\"noopener\">nos saveurs<\/a>.<\/p>\n<p><img loading=\"lazy\" class=\"alignnone wp-image-455 size-full\" src=\"https:\/\/deltebre.cat\/turisme\/wp-content\/uploads\/2016\/07\/d-3.jpg\" alt=\"d\" width=\"900\" height=\"350\" \/><\/p>\n","protected":false},"excerpt":{"rendered":"<p>Explosion de saveurs A l&rsquo;heure du repas, laissez-vous surprendre par la richesse culinaire du territoire. La grande vari\u00e9t\u00e9 de produits frais et \u00e9labor\u00e9s, de proximit\u00e9 et de grande qualit\u00e9, est faite entre les mains de nos cuisiniers pour cr\u00e9er des&hellip;<\/p>\n","protected":false},"author":123458,"featured_media":0,"parent":0,"menu_order":0,"comment_status":"closed","ping_status":"closed","template":"","meta":[],"categories":[],"tags":[],"_links":{"self":[{"href":"https:\/\/atraccionatural.cat\/fr\/wp-json\/wp\/v2\/pages\/2601\/"}],"collection":[{"href":"https:\/\/atraccionatural.cat\/fr\/wp-json\/wp\/v2\/pages\/"}],"about":[{"href":"https:\/\/atraccionatural.cat\/fr\/wp-json\/wp\/v2\/types\/page\/"}],"author":[{"embeddable":true,"href":"https:\/\/atraccionatural.cat\/fr\/wp-json\/wp\/v2\/users\/123458\/"}],"replies":[{"embeddable":true,"href":"https:\/\/atraccionatural.cat\/fr\/wp-json\/wp\/v2\/comments\/?post=2601"}],"version-history":[{"count":7,"href":"https:\/\/atraccionatural.cat\/fr\/wp-json\/wp\/v2\/pages\/2601\/revisions\/"}],"predecessor-version":[{"id":6735,"href":"https:\/\/atraccionatural.cat\/fr\/wp-json\/wp\/v2\/pages\/2601\/revisions\/6735\/"}],"wp:attachment":[{"href":"https:\/\/atraccionatural.cat\/fr\/wp-json\/wp\/v2\/media\/?parent=2601"}],"wp:term":[{"taxonomy":"category","embeddable":true,"href":"https:\/\/atraccionatural.cat\/fr\/wp-json\/wp\/v2\/categories\/?post=2601"},{"taxonomy":"post_tag","embeddable":true,"href":"https:\/\/atraccionatural.cat\/fr\/wp-json\/wp\/v2\/tags\/?post=2601"}],"curies":[{"name":"wp","href":"https:\/\/api.w.org\/{rel}","templated":true}]}}