{"id":2605,"date":"2016-07-28T08:27:38","date_gmt":"2016-07-28T08:27:38","guid":{"rendered":"http:\/\/deltebre.cat\/turisme\/index.php\/itineraris-naturals\/?lang=fr"},"modified":"2019-02-28T09:45:13","modified_gmt":"2019-02-28T08:45:13","slug":"parcours-naturels-au-delta-de-lebre","status":"publish","type":"page","link":"https:\/\/atraccionatural.cat\/fr\/parcours-naturels-au-delta-de-lebre\/","title":{"rendered":"Parcours naturels"},"content":{"rendered":"<p>Des parcours naturels au Delta de l\u2019\u00c8bre sont l\u2019excuse parfaite pour vous laisser porter par les chemins insolites qui vous permettront de vous reconnecter avec vous-m\u00eame et avec la nature.<\/p>\n<p>Deltebre vous offre un paysage naturel qui vous invite \u00e0 le parcourir tranquillement. Chaque parcours est une exp\u00e9rience unique qui vous guidera \u00e0 travers des milliers de paysages divers : lagunes, fleuves, plages, rizi\u00e8res, etc. Des itin\u00e9raires qui vous int\u00e9greront dans l&rsquo;\u00e9cosyst\u00e8me de la zone et vous feront vivre l&rsquo;orographie si caract\u00e9ristique du terrain.<\/p>\n<p style=\"text-align: justify;\"><span style=\"color: #54bab7;\"><strong><img loading=\"lazy\" class=\"alignnone size-full wp-image-352\" src=\"https:\/\/deltebre.cat\/turisme\/wp-content\/uploads\/2016\/07\/asterisc_ok.png\" alt=\"Parcours naturels\" width=\"33\" height=\"28\" \/>CYCLOTOURISME<\/strong><\/span><\/p>\n<p style=\"text-align: justify;\">Vous aimez faire du v\u00e9lo ? Ici, vous pourrez d\u00e9couvrir l&rsquo;environnement le plus naturel du Delta en parcourant des centaines de kilom\u00e8tres gr\u00e2ce \u00e0 un moyen de transport respectueux de l&rsquo;environnement. Chaque paysage est diff\u00e9rent. Profitez de cette promenade car vous allez \u00eatre immerg\u00e9s en pleine biodiversit\u00e9. Pour pouvoir profiter des meilleurs parcours naturels dans le Delta de l\u2019\u00c8bre, nous vous proposons trois itin\u00e9raires \u00e0 effectuer en premier. Et ne vous inqui\u00e9tez pas : si vous n&rsquo;avez pas de v\u00e9lo, vous pouvez en louer un dans les diverses entreprises de notre commune. Chaque parcours poss\u00e8de des caract\u00e9ristiques et un charme diff\u00e9rents :<\/p>\n<p style=\"text-align: justify;\">\n        <!-- GT Shortcodes - Alert - Start -->\n        <style type=\"text\/css\" media=\"screen\">\n                    <\/style>\n        <div class=\"gt-shortcodes\">\n            <div id=\"gt-alert-282\" class=\"alert alert-info alert-dismissible\" role=\"alert\"\n                 style=\"color:#ffffff!important;background-color:#57bab7!important;border-style:none!important;\">\n                <a href=\"https:\/\/deltebre.cat\/turisme\/wp-content\/uploads\/2016\/08\/itinerari_desembocadura.pdf\" target=\"_blank\" rel=\"noopener noreferrer\">Parcours familial \u00e0 l&#8217;embouchure &#8211; El Garxal &#8211; Riumar<\/a>                <div class=\"clearfix\"><\/div>\n            <\/div>\n        <\/div>\n        <!-- GT Shortcodes - Alert - End -->\n\n        <\/p>\n<p style=\"text-align: justify;\">\n        <!-- GT Shortcodes - Alert - Start -->\n        <style type=\"text\/css\" media=\"screen\">\n                    <\/style>\n        <div class=\"gt-shortcodes\">\n            <div id=\"gt-alert-282\" class=\"alert alert-info alert-dismissible\" role=\"alert\"\n                 style=\"color:#ffffff!important;background-color:#57bab7!important;border-style:none!important;\">\n                <a href=\"https:\/\/deltebre.cat\/turisme\/wp-content\/uploads\/2016\/08\/itinerari_passeig.pdf\" target=\"_blank\" rel=\"noopener noreferrer\">Parcours du Passeig del Riu<\/a>                <div class=\"clearfix\"><\/div>\n            <\/div>\n        <\/div>\n        <!-- GT Shortcodes - Alert - End -->\n\n        <\/p>\n<p style=\"text-align: justify;\">\n        <!-- GT Shortcodes - Alert - Start -->\n        <style type=\"text\/css\" media=\"screen\">\n                    <\/style>\n        <div class=\"gt-shortcodes\">\n            <div id=\"gt-alert-282\" class=\"alert alert-info alert-dismissible\" role=\"alert\"\n                 style=\"color:#ffffff!important;background-color:#57bab7!important;border-style:none!important;\">\n                <a href=\"http:\/\/www.turismedeltebre.com\/back_office\/imatges\/imatges_grans\/1427353636ruta_2.pdf\" target=\"_blank\" rel=\"noopener noreferrer\">Parcours de l&rsquo;Ecomus\u00e9e \u00e0 l&#8217;embouchure<\/a>                <div class=\"clearfix\"><\/div>\n            <\/div>\n        <\/div>\n        <!-- GT Shortcodes - Alert - End -->\n\n        <\/p>\n\n        <!-- GT Shortcodes - Alert - Start -->\n        <style type=\"text\/css\" media=\"screen\">\n                    <\/style>\n        <div class=\"gt-shortcodes\">\n            <div id=\"gt-alert-282\" class=\"alert alert-info alert-dismissible\" role=\"alert\"\n                 style=\"color:#ffffff!important;background-color:#57bab7!important;border-style:none!important;\">\n                <a href=\"https:\/\/atraccionatural.cat\/fr\/parcours-naturels\/\">Plus de parcours<\/a>                <div class=\"clearfix\"><\/div>\n            <\/div>\n        <\/div>\n        <!-- GT Shortcodes - Alert - End -->\n\n        \n<p style=\"text-align: justify;\"><span style=\"color: #54bab7;\"><strong><img loading=\"lazy\" class=\"alignnone size-full wp-image-352\" src=\"https:\/\/deltebre.cat\/turisme\/wp-content\/uploads\/2016\/07\/asterisc_ok.png\" alt=\"asterisc_ok\" width=\"33\" height=\"28\" \/>PROMENADE \u00c0 CHEVAL<br \/>\n<\/strong><\/span><\/p>\n<p style=\"text-align: justify;\">Vous pouvez profitez de nos sentiers naturels, que ce soit \u00e0 v\u00e9lo ou \u00e0 cheval. Vous ne pouvez pas rater l&rsquo;occasion de vous promener \u00e0 dos d&rsquo;un beau cheval, entour\u00e9 d&rsquo;un paysage digne d&rsquo;un film. Pour effectuer des sorties et activit\u00e9s \u00e9questres, vous pouvez contacter plusieurs centres \u00e9questres du coin.\u00a0<a href=\"https:\/\/atraccionatural.cat\/serveis-turistics\/?lang=fr\" target=\"_blank\" rel=\"noopener noreferrer\">Plus d&rsquo;informations<\/a>.<\/p>\n<p style=\"text-align: justify;\"><span style=\"color: #54bab7;\"><strong><img loading=\"lazy\" class=\"alignnone size-full wp-image-352\" src=\"https:\/\/deltebre.cat\/turisme\/wp-content\/uploads\/2016\/07\/asterisc_ok.png\" alt=\"asterisc_ok\" width=\"33\" height=\"28\" \/>VISITES GUID\u00c9ES<br \/>\n<\/strong><\/span><\/p>\n<p style=\"text-align: justify;\">Si vous souhaitez d\u00e9couvrir les secrets les mieux gard\u00e9s de Deltebre et de tout l&rsquo;environnement naturel du Parc Naturel du Delta de l&rsquo;Ebre, la meilleure option est d&rsquo;engager un service de guides touristiques, qui vous expliqueront de premi\u00e8re main tous les d\u00e9tails concernant cet endroit naturel. C&rsquo;est une occasion exceptionnelle pour passer un jour agr\u00e9able \u00e0 l&rsquo;air libre, en p\u00e9n\u00e9trant dans l&rsquo;Histoire, la culture, les traditions et le milieu naturel du territoire.\u00a0<a href=\"https:\/\/atraccionatural.cat\/serveis-turistics\/?lang=fr\" target=\"_blank\" rel=\"noopener noreferrer\">Plus d&rsquo;informations<\/a>.<\/p>\n<p style=\"text-align: justify;\"><span style=\"color: #54bab7;\"><strong><img loading=\"lazy\" class=\"alignnone size-full wp-image-352\" src=\"https:\/\/deltebre.cat\/turisme\/wp-content\/uploads\/2016\/07\/asterisc_ok.png\" alt=\"asterisc_ok\" width=\"33\" height=\"28\" \/>VIA BLAVA &#8211; LA ROUTE DU RIZ<br \/>\n<\/strong><\/span><\/p>\n<p style=\"text-align: justify;\">Au lieu de descendre le fleuve, remontez-le ! Navigation depuis l&#8217;embouchure de l&rsquo;\u00c8bre jusqu&rsquo;aux populations en aval du fleuve. Vous pourrez visiter certains des principaux actifs des <a href=\"https:\/\/atraccionatural.cat\/fr\/terres-de-lebre\/\"><span style=\"text-decoration: underline;\">Terres de l&rsquo;Ebre<\/span><\/a>. <a href=\"http:\/\/www.cnriumar.com\/index.php\" target=\"_blank\" rel=\"noopener noreferrer\">Plus d&rsquo;informations<\/a><\/p>\n","protected":false},"excerpt":{"rendered":"<p>Des parcours naturels au Delta de l\u2019\u00c8bre sont l\u2019excuse parfaite pour vous laisser porter par les chemins insolites qui vous permettront de vous reconnecter avec vous-m\u00eame et avec la nature. Deltebre vous offre un paysage naturel qui vous invite \u00e0&hellip;<\/p>\n","protected":false},"author":123458,"featured_media":6523,"parent":0,"menu_order":0,"comment_status":"closed","ping_status":"closed","template":"","meta":[],"categories":[55],"tags":[],"_links":{"self":[{"href":"https:\/\/atraccionatural.cat\/fr\/wp-json\/wp\/v2\/pages\/2605\/"}],"collection":[{"href":"https:\/\/atraccionatural.cat\/fr\/wp-json\/wp\/v2\/pages\/"}],"about":[{"href":"https:\/\/atraccionatural.cat\/fr\/wp-json\/wp\/v2\/types\/page\/"}],"author":[{"embeddable":true,"href":"https:\/\/atraccionatural.cat\/fr\/wp-json\/wp\/v2\/users\/123458\/"}],"replies":[{"embeddable":true,"href":"https:\/\/atraccionatural.cat\/fr\/wp-json\/wp\/v2\/comments\/?post=2605"}],"version-history":[{"count":10,"href":"https:\/\/atraccionatural.cat\/fr\/wp-json\/wp\/v2\/pages\/2605\/revisions\/"}],"predecessor-version":[{"id":8484,"href":"https:\/\/atraccionatural.cat\/fr\/wp-json\/wp\/v2\/pages\/2605\/revisions\/8484\/"}],"wp:featuredmedia":[{"embeddable":true,"href":"https:\/\/atraccionatural.cat\/fr\/wp-json\/wp\/v2\/media\/6523\/"}],"wp:attachment":[{"href":"https:\/\/atraccionatural.cat\/fr\/wp-json\/wp\/v2\/media\/?parent=2605"}],"wp:term":[{"taxonomy":"category","embeddable":true,"href":"https:\/\/atraccionatural.cat\/fr\/wp-json\/wp\/v2\/categories\/?post=2605"},{"taxonomy":"post_tag","embeddable":true,"href":"https:\/\/atraccionatural.cat\/fr\/wp-json\/wp\/v2\/tags\/?post=2605"}],"curies":[{"name":"wp","href":"https:\/\/api.w.org\/{rel}","templated":true}]}}