{"id":2608,"date":"2016-07-28T09:02:00","date_gmt":"2016-07-28T09:02:00","guid":{"rendered":"http:\/\/deltebre.cat\/turisme\/index.php\/observacio-daus\/?lang=fr"},"modified":"2019-02-28T09:34:09","modified_gmt":"2019-02-28T08:34:09","slug":"observation-doiseaux-dans-le-delta-de-lebre","status":"publish","type":"page","link":"https:\/\/atraccionatural.cat\/fr\/observation-doiseaux-dans-le-delta-de-lebre\/","title":{"rendered":"Observation d\u2019oiseaux dans le Delta de l\u2019\u00c8bre"},"content":{"rendered":"<p>Aimeriez-vous pratiquer l\u2019observation d\u2019oiseaux dans le Delta de l\u2019\u00c8bre ? Vous y trouverez un petit paradis. Vous pouvez voir jusqu&rsquo;\u00e0 343 esp\u00e8ces diff\u00e9rentes. Combien d&rsquo;esp\u00e8ces seriez-vous capable d&rsquo;identifier ?<\/p>\n<p>L&rsquo;observation d&rsquo;oiseaux est l&rsquo;une des activit\u00e9s les plus pratiqu\u00e9es \u00e0 Deltebre. Il n&rsquo;est pas n\u00e9cessaire d&rsquo;\u00eatre un expert, mais il faut avoir de bonnes jumelles et une grande soif d&rsquo;apprendre, petit \u00e0 petit, \u00e0 identifier les diff\u00e9rents oiseaux. Vous pourrez y voir des esp\u00e8ces comme la garzette, l&rsquo;\u00e9chasse blanche, l\u2019Ibis falcinelle ainsi que la vedette du Parc Naturel du Delta de l&rsquo;\u00c8bre, le flamant.<\/p>\n<p style=\"text-align: justify;\"><span style=\"color: #54bab7;\"><strong><img loading=\"lazy\" class=\"alignnone size-full wp-image-352\" src=\"https:\/\/deltebre.cat\/turisme\/wp-content\/uploads\/2016\/07\/asterisc_ok.png\" alt=\"asterisc_ok\" width=\"33\" height=\"28\" \/>AVANT DE COMMENCER<br \/>\n<\/strong><\/span><\/p>\n<p style=\"text-align: justify;\"><strong><img loading=\"lazy\" class=\"alignnone size-full wp-image-391\" src=\"https:\/\/deltebre.cat\/turisme\/wp-content\/uploads\/2016\/07\/punt-1.png\" alt=\"Observation d\u2019oiseaux\" width=\"33\" height=\"28\" \/>Quand?<\/strong><\/p>\n<p style=\"text-align: justify;\">Les meilleures p\u00e9riodes de l&rsquo;ann\u00e9e pour observer les oiseaux sont le printemps et l&rsquo;automne, lorsque le climat s&rsquo;am\u00e9liore et que les rizi\u00e8res se remplissent d&rsquo;eau. Et les meilleures heures sont le lever et le coucher du soleil.<\/p>\n<p style=\"text-align: justify;\"><strong><img loading=\"lazy\" class=\"alignnone size-full wp-image-391\" src=\"https:\/\/deltebre.cat\/turisme\/wp-content\/uploads\/2016\/07\/punt-1.png\" alt=\"punt\" width=\"33\" height=\"28\" \/>De quoi ai-je besoin ?<\/strong><\/p>\n<ul>\n<li>Pour faire du birdwatching, vous n&rsquo;avez pas besoin de licence, mais soyez responsable et respectez les zones restreintes, car ce sont des espaces d&rsquo;hibernation et\/ou de nidification.<\/li>\n<li>Si vous voulez observer des oiseaux, n&rsquo;oubliez pas vos jumelles. Et si vous avez un guide sur les oiseaux, encore mieux !<\/li>\n<\/ul>\n<p style=\"text-align: justify;\"><strong><img loading=\"lazy\" class=\"alignnone size-full wp-image-391\" src=\"https:\/\/deltebre.cat\/turisme\/wp-content\/uploads\/2016\/07\/punt-1.png\" alt=\"punt\" width=\"33\" height=\"28\" \/>Conseils pratiques<\/strong><\/p>\n<p style=\"text-align: justify;\">\n        <!-- GT Shortcodes - Alert - Start -->\n        <style type=\"text\/css\" media=\"screen\">\n                    <\/style>\n        <div class=\"gt-shortcodes\">\n            <div id=\"gt-alert-232\" class=\"alert alert-info alert-dismissible\" role=\"alert\"\n                 style=\"color:#ffffff!important;background-color:#57bab7!important;border-style:none!important;\">\n                De plus, saviez-vous que plus vos v\u00eatements sont discrets, moins vous les ferez fuir et plus vous pourrez voir les oiseaux facilement ?                <div class=\"clearfix\"><\/div>\n            <\/div>\n        <\/div>\n        <!-- GT Shortcodes - Alert - End -->\n\n        <\/p>\n<p style=\"text-align: justify;\">\n        <!-- GT Shortcodes - Alert - Start -->\n        <style type=\"text\/css\" media=\"screen\">\n                    <\/style>\n        <div class=\"gt-shortcodes\">\n            <div id=\"gt-alert-669\" class=\"alert alert-info alert-dismissible\" role=\"alert\"\n                 style=\"color:#ffffff!important;background-color:#57bab7!important;border-style:none!important;\">\n                Les oiseaux ont une ou\u00efe et une vue tr\u00e8s d\u00e9velopp\u00e9es. Pour ne pas les faire fuir, le mieux est de ne pas faire de bruit ni de mouvements brusques lorsque vous les observez                <div class=\"clearfix\"><\/div>\n            <\/div>\n        <\/div>\n        <!-- GT Shortcodes - Alert - End -->\n\n        <\/p>\n<p style=\"text-align: justify;\">\n        <!-- GT Shortcodes - Alert - Start -->\n        <style type=\"text\/css\" media=\"screen\">\n                    <\/style>\n        <div class=\"gt-shortcodes\">\n            <div id=\"gt-alert-745\" class=\"alert alert-info alert-dismissible\" role=\"alert\"\n                 style=\"color:#ffffff!important;background-color:#57bab7!important;border-style:none!important;\">\n                Si vous venez \u00e0 plusieurs, restez group\u00e9s pour \u00e9viter que les oiseaux ne prennent peur et ne fuient.                <div class=\"clearfix\"><\/div>\n            <\/div>\n        <\/div>\n        <!-- GT Shortcodes - Alert - End -->\n\n        <\/p>\n<p style=\"text-align: justify;\">\n        <!-- GT Shortcodes - Alert - Start -->\n        <style type=\"text\/css\" media=\"screen\">\n                    <\/style>\n        <div class=\"gt-shortcodes\">\n            <div id=\"gt-alert-834\" class=\"alert alert-info alert-dismissible\" role=\"alert\"\n                 style=\"color:#ffffff!important;background-color:#57bab7!important;border-style:none!important;\">\n                La patience sera votre meilleur alli\u00e9. En g\u00e9n\u00e9ral, il est plus facile d&rsquo;attendre sagement qu&rsquo;arrivent les oiseaux que de les poursuivre d&rsquo;un endroit \u00e0 un autre.                <div class=\"clearfix\"><\/div>\n            <\/div>\n        <\/div>\n        <!-- GT Shortcodes - Alert - End -->\n\n        <\/p>\n<p style=\"text-align: justify;\">\n        <!-- GT Shortcodes - Alert - Start -->\n        <style type=\"text\/css\" media=\"screen\">\n                    <\/style>\n        <div class=\"gt-shortcodes\">\n            <div id=\"gt-alert-834\" class=\"alert alert-info alert-dismissible\" role=\"alert\"\n                 style=\"color:#ffffff!important;background-color:#57bab7!important;border-style:none!important;\">\n                \u00c0 l&rsquo;aide des jumelles, vous pourrez voir les nids dans le sable dans les zones restreintes de nidification, et vous pourrez \u00e9galement observer certains oiseaux donner des coups de bec dans l&rsquo;eau pour p\u00eacher et nourrir les poussins.                <div class=\"clearfix\"><\/div>\n            <\/div>\n        <\/div>\n        <!-- GT Shortcodes - Alert - End -->\n\n        <\/p>\n<p style=\"text-align: justify;\">\n        <!-- GT Shortcodes - Alert - Start -->\n        <style type=\"text\/css\" media=\"screen\">\n                    <\/style>\n        <div class=\"gt-shortcodes\">\n            <div id=\"gt-alert-861\" class=\"alert alert-info alert-dismissible\" role=\"alert\"\n                 style=\"color:#ffffff!important;background-color:#57bab7!important;border-style:none!important;\">\n                Les oiseaux sont seulement faits pour regarder, et en aucun cas vous ne pouvez les d\u00e9ranger ou en prendre un avec vous. Ainsi, si vous souhaitez garder un souvenir, prenez-les en photo.                <div class=\"clearfix\"><\/div>\n            <\/div>\n        <\/div>\n        <!-- GT Shortcodes - Alert - End -->\n\n        <\/p>\n<p style=\"text-align: justify;\">\n        <!-- GT Shortcodes - Alert - Start -->\n        <style type=\"text\/css\" media=\"screen\">\n                    <\/style>\n        <div class=\"gt-shortcodes\">\n            <div id=\"gt-alert-861\" class=\"alert alert-info alert-dismissible\" role=\"alert\"\n                 style=\"color:#ffffff!important;background-color:#57bab7!important;border-style:none!important;\">\n                \u00c0 Deltebre vous trouverez une large gamme de logements adapt\u00e9s \u00e0 vos besoins, pour \u00e9viter de camper dans les zones restreintes ou de vous installer dans les observatoires d&rsquo;oiseaux.                <div class=\"clearfix\"><\/div>\n            <\/div>\n        <\/div>\n        <!-- GT Shortcodes - Alert - End -->\n\n        <\/p>\n<p style=\"text-align: justify;\">\n        <!-- GT Shortcodes - Alert - Start -->\n        <style type=\"text\/css\" media=\"screen\">\n                    <\/style>\n        <div class=\"gt-shortcodes\">\n            <div id=\"gt-alert-403\" class=\"alert alert-info alert-dismissible\" role=\"alert\"\n                 style=\"color:#ffffff!important;background-color:#57bab7!important;border-style:none!important;\">\n                Si vous ne souhaitez pas \u00eatre la cible des moustiques, n&rsquo;oubliez pas d&rsquo;apporter de l&rsquo;anti-moustiques.                <div class=\"clearfix\"><\/div>\n            <\/div>\n        <\/div>\n        <!-- GT Shortcodes - Alert - End -->\n\n        <\/p>\n<p style=\"text-align: justify;\"><span style=\"color: #54bab7;\"><strong><img loading=\"lazy\" class=\"alignnone size-full wp-image-352\" src=\"https:\/\/deltebre.cat\/turisme\/wp-content\/uploads\/2016\/07\/asterisc_ok.png\" alt=\"asterisc_ok\" width=\"33\" height=\"28\" \/>\u00c9TAPES, CYCLES ET COURS<\/strong><\/span><\/p>\n<p style=\"text-align: justify;\">Du fait de sa richesse faunistique, notamment concernant les oiseaux, de nombreux organismes du coin organisent des \u00e9tapes, des cycles et des cours autour de l&rsquo;ornithologie, par exemple <a href=\"https:\/\/picampall.wordpress.com\/\" target=\"_blank\" rel=\"noopener noreferrer\"> l\u2019Associaci\u00f3 Ornitol\u00f2gica de les Terres de l\u2019Ebre Picampall<\/a> ou <a href=\"http:\/\/parcsnaturals.gencat.cat\/ca\/delta-ebre\/\" target=\"_blank\" rel=\"noopener noreferrer\">l&rsquo;\u00c9comus\u00e9e du Parc Naturel du Delta de l&rsquo;\u00c8bre<\/a>. De plus, lors de la Journ\u00e9e mondiale des oiseaux (qui est toujours c\u00e9l\u00e9br\u00e9e le premier week-end d&rsquo;octobre), vous pouvez visiter le Centre de r\u00e9cup\u00e9ration de faune sauvage et monter au belv\u00e9d\u00e8re de la lagune du Canal Vell.<\/p>\n<p style=\"text-align: justify;\"><span style=\"color: #54bab7;\"><strong><img loading=\"lazy\" class=\"alignnone size-full wp-image-352\" src=\"https:\/\/deltebre.cat\/turisme\/wp-content\/uploads\/2016\/07\/asterisc_ok.png\" alt=\"asterisc_ok\" width=\"33\" height=\"28\" \/>O\u00d9 OBSERVER LES OISEAUX ?<br \/>\n<\/strong><\/span><\/p>\n<p style=\"text-align: justify;\">Vous pouvez faire du observation d\u2019oiseaux dans le Delta de l\u2019\u00c8bre dans tous les endroits de cet environnement, bien que nous vous recommandions de le faire depuis les belv\u00e9d\u00e8res situ\u00e9s dans les <a href=\"https:\/\/deltebre.cat\/turisme\/richesse-naturelle\/?lang=fr\" target=\"_blank\" rel=\"noopener noreferrer\">zones d&rsquo;int\u00e9r\u00eat naturel<\/a>. C&rsquo;est une activit\u00e9 tr\u00e8s amusante, id\u00e9ale pour faire seul, en famille ou entre amis. Diff\u00e9rentes options vous sont propos\u00e9es pour r\u00e9aliser cette activit\u00e9. Vous pouvez y aller seul ou effectuer une visite ornithologique programm\u00e9e, avec des activit\u00e9s organis\u00e9es par <a href=\"https:\/\/picampall.wordpress.com\/\" target=\"_blank\" rel=\"noopener noreferrer\">\u2019Associaci\u00f3 Ornitol\u00f2gica de les Terres de l\u2019Ebre Picampall<\/a> ou <a href=\"http:\/\/parcsnaturals.gencat.cat\/ca\/delta-ebre\/\" target=\"_blank\" rel=\"noopener noreferrer\">l&rsquo;\u00c9comus\u00e9e du Parc Naturel du Delta de l&rsquo;\u00c8bre<\/a>.<\/p>\n","protected":false},"excerpt":{"rendered":"<p>Aimeriez-vous pratiquer l\u2019observation d\u2019oiseaux dans le Delta de l\u2019\u00c8bre ? Vous y trouverez un petit paradis. Vous pouvez voir jusqu&rsquo;\u00e0 343 esp\u00e8ces diff\u00e9rentes. Combien d&rsquo;esp\u00e8ces seriez-vous capable d&rsquo;identifier ? L&rsquo;observation d&rsquo;oiseaux est l&rsquo;une des activit\u00e9s les plus pratiqu\u00e9es \u00e0 Deltebre.&hellip;<\/p>\n","protected":false},"author":123458,"featured_media":6519,"parent":0,"menu_order":0,"comment_status":"closed","ping_status":"closed","template":"","meta":[],"categories":[55],"tags":[],"_links":{"self":[{"href":"https:\/\/atraccionatural.cat\/fr\/wp-json\/wp\/v2\/pages\/2608\/"}],"collection":[{"href":"https:\/\/atraccionatural.cat\/fr\/wp-json\/wp\/v2\/pages\/"}],"about":[{"href":"https:\/\/atraccionatural.cat\/fr\/wp-json\/wp\/v2\/types\/page\/"}],"author":[{"embeddable":true,"href":"https:\/\/atraccionatural.cat\/fr\/wp-json\/wp\/v2\/users\/123458\/"}],"replies":[{"embeddable":true,"href":"https:\/\/atraccionatural.cat\/fr\/wp-json\/wp\/v2\/comments\/?post=2608"}],"version-history":[{"count":11,"href":"https:\/\/atraccionatural.cat\/fr\/wp-json\/wp\/v2\/pages\/2608\/revisions\/"}],"predecessor-version":[{"id":8482,"href":"https:\/\/atraccionatural.cat\/fr\/wp-json\/wp\/v2\/pages\/2608\/revisions\/8482\/"}],"wp:featuredmedia":[{"embeddable":true,"href":"https:\/\/atraccionatural.cat\/fr\/wp-json\/wp\/v2\/media\/6519\/"}],"wp:attachment":[{"href":"https:\/\/atraccionatural.cat\/fr\/wp-json\/wp\/v2\/media\/?parent=2608"}],"wp:term":[{"taxonomy":"category","embeddable":true,"href":"https:\/\/atraccionatural.cat\/fr\/wp-json\/wp\/v2\/categories\/?post=2608"},{"taxonomy":"post_tag","embeddable":true,"href":"https:\/\/atraccionatural.cat\/fr\/wp-json\/wp\/v2\/tags\/?post=2608"}],"curies":[{"name":"wp","href":"https:\/\/api.w.org\/{rel}","templated":true}]}}