{"id":2638,"date":"2016-07-28T09:11:07","date_gmt":"2016-07-28T09:11:07","guid":{"rendered":"http:\/\/deltebre.cat\/turisme\/index.php\/esports-daventura\/?lang=fr"},"modified":"2019-02-28T10:55:50","modified_gmt":"2019-02-28T09:55:50","slug":"sports-daventure-dans-le-delta-de-lebre","status":"publish","type":"page","link":"https:\/\/atraccionatural.cat\/fr\/sports-daventure-dans-le-delta-de-lebre\/","title":{"rendered":"Sports d&rsquo;aventure"},"content":{"rendered":"<p><em>Mens sana in corpore sano<\/em>. Le meilleur moyen d\u2019en profiter au maximum est de pratiquer des sports d&rsquo;aventure dans le Delta de l\u2019\u00c8bre. Gr\u00e2ce \u00e0 son emplacement privil\u00e9gi\u00e9 dans le Delta, Deltebre vous offre les meilleures fa\u00e7ons de d\u00e9compresser et de faire monter votre adr\u00e9naline en pratiquant le kitesurf, le kayak, le triathlon, la planche \u00e0 voile, les randonn\u00e9es nocturnes&#8230;<\/p>\n<p>M\u00eame si vous \u00eates en vacances, vous ressentirez en fait une envie folle de pouvoir faire un peu d&rsquo;exercice, afin d&rsquo;avoir une autre excuse pour contempler le paysage. Longues promenades au bord du fleuve, ainsi que tout type de sports aquatiques pour les plus audacieux.<\/p>\n<p style=\"text-align: justify;\"><strong><img loading=\"lazy\" class=\"alignnone size-full wp-image-352\" src=\"https:\/\/deltebre.cat\/turisme\/wp-content\/uploads\/2016\/07\/asterisc_ok.png\" alt=\"Sports d'aventure\" width=\"33\" height=\"28\" \/>GARXAL DESERT RACE<\/strong><\/p>\n<p style=\"text-align: justify;\">Si vous aimez le sport et la nature, c&rsquo;est l&rsquo;occasion r\u00eav\u00e9e ! Le Garxal Desert Race est une route de 8 km qui a beaucoup de caract\u00e8re, car son circuit m\u00eale sable \u00e0 bitume. La route passe par la zone du Garxal, \u00e0 l&#8217;embouchure du fleuve de l&rsquo;\u00c8bre. Ca vous dit ? <a href=\"http:\/\/uelopassador.blogspot.com.es\/\" target=\"_blank\" rel=\"noopener noreferrer\">Plus d&rsquo;informations<\/a>.<\/p>\n<p style=\"text-align: justify;\"><strong><img loading=\"lazy\" class=\"alignnone size-full wp-image-352\" src=\"https:\/\/deltebre.cat\/turisme\/wp-content\/uploads\/2016\/07\/asterisc_ok.png\" alt=\"asterisc_ok\" width=\"33\" height=\"28\" \/>ESPIGA FOSCA<\/strong><\/p>\n<p style=\"text-align: justify;\">Une marche nocturne qui parcourt une partie du fameux chemin naturel de l&rsquo;Ebre GR-99, un sentier de grande randonn\u00e9e qui part de Fontibre (Cantabrie) pour arriver \u00e0 Deltebre, pour un total de 1 200 km et 42 \u00e9tapes. Vous pouvez choisir entre le parcours long (18 km) ou court (9 km). <a href=\"http:\/\/uelopassador.blogspot.com.es\/\" target=\"_blank\" rel=\"noopener noreferrer\">Plus d&rsquo;informations<\/a>.<\/p>\n<p style=\"text-align: justify;\"><strong><img loading=\"lazy\" class=\"alignnone size-full wp-image-352\" src=\"https:\/\/deltebre.cat\/turisme\/wp-content\/uploads\/2016\/07\/asterisc_ok.png\" alt=\"asterisc_ok\" width=\"33\" height=\"28\" \/>TRILIMIT<\/strong><\/p>\n<p style=\"text-align: justify;\">Chaque ann\u00e9e, Deltebre se transforme en lieu du triathlon Trilimit, un \u00e9v\u00e9nement sportif r\u00e9unissant plus de 650 athl\u00e8tes de tout le territoire, se transformant, le temps d&rsquo;un week-end, en la capitale et r\u00e9f\u00e9rence en mati\u00e8re de triathlon de toute la Catalogne. <a href=\"http:\/\/trilimit.com\/index2.html\" target=\"_blank\" rel=\"noopener noreferrer\">Plus d&rsquo;informations<\/a>.<\/p>\n<p style=\"text-align: justify;\"><strong><img loading=\"lazy\" class=\"alignnone size-full wp-image-352\" src=\"https:\/\/deltebre.cat\/turisme\/wp-content\/uploads\/2016\/07\/asterisc_ok.png\" alt=\"asterisc_ok\" width=\"33\" height=\"28\" \/>RUNNING<\/strong><\/p>\n<p style=\"text-align: justify;\">Profitez du <em>running<\/em> en pleine nature et finissez-en avec la monotonie des parcours urbains. L&rsquo;orographie de Deltebre vous offre une large vari\u00e9t\u00e9 d&rsquo;itin\u00e9raires en fonction de votre condition physique. Et si vous souhaitez emprunter un parcours marqu\u00e9, vous pouvez r\u00e9aliser les m\u00eames parcours que ceux con\u00e7us pour le cyclotourisme. Si vous \u00eates sportif, pr\u00e9parez-vous \u00e0 parcourir des <a href=\"https:\/\/deltebre.cat\/turisme\/itineraris-naturals\/?lang=fr\" target=\"_blank\" rel=\"noopener noreferrer\">parcours<\/a> d&rsquo;exercice sur des chemins ouverts \u00e0 c\u00f4t\u00e9 de rizi\u00e8res, dunes, lagunes, du fleuve, etc. Renouez avec vous-m\u00eame et avec la nature !<\/p>\n<p style=\"text-align: justify;\"><strong><img loading=\"lazy\" class=\"alignnone size-full wp-image-352\" src=\"https:\/\/deltebre.cat\/turisme\/wp-content\/uploads\/2016\/07\/asterisc_ok.png\" alt=\"asterisc_ok\" width=\"33\" height=\"28\" \/>VOILE ET KAYAK<\/strong><\/p>\n<p style=\"text-align: justify;\">Vous pouvez faire du sport sur terre mais aussi sur l&rsquo;eau. \u00c7a vous dirait d&rsquo;explorer le fleuve de l&rsquo;\u00c8bre sur un kayak ? Et si vous pr\u00e9f\u00e9rez une s\u00e9ance plage, la voile est la meilleure option pour profiter de la M\u00e9diterran\u00e9e depuis l&rsquo;un de ses coins les plus uniques. Vous pouvez emprunter divers itin\u00e9raires, ils ont tous \u00e9t\u00e9 organis\u00e9s par plusieurs entreprises de la commune, qui vous feront vivre la nature du dernier tron\u00e7on du fleuve de l&rsquo;\u00c8bre et de la mer M\u00e9diterran\u00e9e. <a href=\"https:\/\/atraccionatural.cat\/serveis-turistics\/?lang=fr\" target=\"_blank\" rel=\"noopener noreferrer\">Plus d&rsquo;informations<\/a>.<\/p>\n<p style=\"text-align: justify;\"><strong><img loading=\"lazy\" class=\"alignnone size-full wp-image-352\" src=\"https:\/\/deltebre.cat\/turisme\/wp-content\/uploads\/2016\/07\/asterisc_ok.png\" alt=\"asterisc_ok\" width=\"33\" height=\"28\" \/>KITESURF<\/strong><\/p>\n<p style=\"text-align: justify;\">Vous \u00eates un amateur de vent, de mer et d&rsquo;air marin ? Saviez-vous qu&rsquo;\u00e0 Deltebre nous avons l&rsquo;un des meilleurs vents pour pratiquer le kitesurf, en plus d&rsquo;un paysage in\u00e9galable. Ainsi, vous serez non seulement bien dans l&rsquo;eau, mais vous vivrez aussi des sensations uniques une fois que vous en sortirez et que vous vous d\u00e9tendrez sur les longues plages aux dunes naturelles. Si vous ne poss\u00e9dez pas votre propre mat\u00e9riel et que vous souhaitez commencer \u00e0 pratiquer ce sport, vous pouvez contacter les \u00e9coles locales de kitesurf.\u00a0<a href=\"https:\/\/atraccionatural.cat\/serveis-turistics\/?lang=fr\" target=\"_blank\" rel=\"noopener noreferrer\">Plus d&rsquo;informations<\/a>.<\/p>\n<p style=\"text-align: justify;\"><strong><img loading=\"lazy\" class=\"alignnone size-full wp-image-352\" src=\"https:\/\/deltebre.cat\/turisme\/wp-content\/uploads\/2016\/07\/asterisc_ok.png\" alt=\"asterisc_ok\" width=\"33\" height=\"28\" \/>P\u00caCHE<\/strong><\/p>\n<p style=\"text-align: justify;\">La pratique du sport ne se limite pas aux sports d\u2019aventure. Le Delta est l&rsquo;une des zones les plus importantes de toute la M\u00e9diterran\u00e9e en termes de\u00a0<a href=\"https:\/\/atraccionatural.cat\/de-pesca\/?lang=fr\" target=\"_blank\" rel=\"noopener noreferrer\">p\u00eache sportive<\/a>. Ses c\u00f4tes vous permettront de pratiquer diverses techniques et de voir une grande vari\u00e9t\u00e9 d&rsquo;esp\u00e8ces.<\/p>\n<p style=\"text-align: justify;\"><strong><img loading=\"lazy\" class=\"alignnone size-full wp-image-352\" src=\"https:\/\/deltebre.cat\/turisme\/wp-content\/uploads\/2016\/07\/asterisc_ok.png\" alt=\"asterisc_ok\" width=\"33\" height=\"28\" \/>LLAGUT CATAL\u00c0<\/strong><\/p>\n<p style=\"text-align: justify;\">Chaque ann\u00e9e, Deltebre accueille l&rsquo;une des r\u00e9gates inscrites dans la Lliga Catalana de Llagut Catal\u00e0, \u00e0 laquelle participent toutes les \u00e9quipes de rame du territoire. Deltebre dispose d&rsquo;une \u00e9quipe locale de rame, A.E. Xino-Xano. Le llagut catal\u00e0 est un bateau qui est n\u00e9 dans les Terres de l&rsquo;Ebre comme outil de p\u00eache dans le Delta.<\/p>\n","protected":false},"excerpt":{"rendered":"<p>Mens sana in corpore sano. Le meilleur moyen d\u2019en profiter au maximum est de pratiquer des sports d&rsquo;aventure dans le Delta de l\u2019\u00c8bre. Gr\u00e2ce \u00e0 son emplacement privil\u00e9gi\u00e9 dans le Delta, Deltebre vous offre les meilleures fa\u00e7ons de d\u00e9compresser et&hellip;<\/p>\n","protected":false},"author":123458,"featured_media":6509,"parent":0,"menu_order":0,"comment_status":"closed","ping_status":"closed","template":"","meta":[],"categories":[55],"tags":[],"_links":{"self":[{"href":"https:\/\/atraccionatural.cat\/fr\/wp-json\/wp\/v2\/pages\/2638\/"}],"collection":[{"href":"https:\/\/atraccionatural.cat\/fr\/wp-json\/wp\/v2\/pages\/"}],"about":[{"href":"https:\/\/atraccionatural.cat\/fr\/wp-json\/wp\/v2\/types\/page\/"}],"author":[{"embeddable":true,"href":"https:\/\/atraccionatural.cat\/fr\/wp-json\/wp\/v2\/users\/123458\/"}],"replies":[{"embeddable":true,"href":"https:\/\/atraccionatural.cat\/fr\/wp-json\/wp\/v2\/comments\/?post=2638"}],"version-history":[{"count":9,"href":"https:\/\/atraccionatural.cat\/fr\/wp-json\/wp\/v2\/pages\/2638\/revisions\/"}],"predecessor-version":[{"id":8486,"href":"https:\/\/atraccionatural.cat\/fr\/wp-json\/wp\/v2\/pages\/2638\/revisions\/8486\/"}],"wp:featuredmedia":[{"embeddable":true,"href":"https:\/\/atraccionatural.cat\/fr\/wp-json\/wp\/v2\/media\/6509\/"}],"wp:attachment":[{"href":"https:\/\/atraccionatural.cat\/fr\/wp-json\/wp\/v2\/media\/?parent=2638"}],"wp:term":[{"taxonomy":"category","embeddable":true,"href":"https:\/\/atraccionatural.cat\/fr\/wp-json\/wp\/v2\/categories\/?post=2638"},{"taxonomy":"post_tag","embeddable":true,"href":"https:\/\/atraccionatural.cat\/fr\/wp-json\/wp\/v2\/tags\/?post=2638"}],"curies":[{"name":"wp","href":"https:\/\/api.w.org\/{rel}","templated":true}]}}