{"id":2641,"date":"2016-07-28T10:31:58","date_gmt":"2016-07-28T10:31:58","guid":{"rendered":"http:\/\/deltebre.cat\/turisme\/index.php\/paisatges-de-pelicula\/?lang=fr"},"modified":"2019-02-28T09:29:03","modified_gmt":"2019-02-28T08:29:03","slug":"paysages-de-deltebre","status":"publish","type":"page","link":"https:\/\/atraccionatural.cat\/fr\/paysages-de-deltebre\/","title":{"rendered":"Paysages de film"},"content":{"rendered":"<p style=\"text-align: justify;\">Le cycle du riz marque la couleur des paysages de Deltebre. Printemps bleu, \u00e9t\u00e9 vert, fin d&rsquo;\u00e9t\u00e9 jaune, automne au ciel rouge\u00e2tre et hiver terreux. Que vous soyez professionnel ou amateur de photographie, Deltebre vous offre des sc\u00e9narios uniques que vous ne trouverez nulle part ailleurs.<\/p>\n<p style=\"text-align: justify;\">D&rsquo;un d\u00e9sert situ\u00e9 au beau milieu de la mer \u00e0 un fleuve empreint de vie. <a href=\"https:\/\/atraccionatural.cat\/serveis-turistics\/?lang=fr\" target=\"_blank\" rel=\"noopener noreferrer\">Louez un v\u00e9lo ou une barque<\/a> pour pouvoir emprunter certains de nos <a href=\"https:\/\/atraccionatural.cat\/fr\/zones-dinteret-naturel\/\" target=\"_blank\" rel=\"noopener noreferrer\">parcours naturels<\/a>, depuis lesquels vous pourrez prendre des photos uniques. Vous pourrez prendre toutes les photos que vous voudrez, mais toujours depuis les zones indiqu\u00e9es, pour \u00e9viter de troubler l&rsquo;habitat de la faune et la flore. Ah! Et si vous postez vos photos sur les r\u00e9seaux sociaux, n&rsquo;oubliez pas les hashtags !<\/p>\n<p style=\"text-align: justify;\"><strong>@descobreixdeltebre\u00a0#deltebre<\/strong><\/p>\n<p style=\"text-align: justify;\"><b><strong><img loading=\"lazy\" class=\"alignnone size-full wp-image-352\" src=\"https:\/\/deltebre.cat\/turisme\/wp-content\/uploads\/2016\/07\/asterisc_ok.png\" alt=\"asterisc_ok\" width=\"33\" height=\"28\" \/>CONCOURS PHOTO DES TERRES DE L&rsquo;EBRE<\/strong><\/b><\/p>\n<p style=\"text-align: justify;\">Chaque ann\u00e9e, Deltebre et l&rsquo;Ametlla de Mar organisent le Concours de photographie des Terres de l&rsquo;Ebre, ouvert \u00e0 toutes les personnes int\u00e9ress\u00e9es \u00e0 travers le monde, que ce soit amateurs ou professionnels. C&rsquo;est l&rsquo;un des concours les plus consolid\u00e9s du territoire, qui permet de montrer la richesse et la vari\u00e9t\u00e9 de nos paysages, ainsi que de miser sur le talent des photographes, qui peuvent aspirer \u00e0 des prix m\u00e9talliques.<\/p>\n<p style=\"text-align: justify;\"><b><strong><img loading=\"lazy\" class=\"alignnone size-full wp-image-352\" src=\"https:\/\/deltebre.cat\/turisme\/wp-content\/uploads\/2016\/07\/asterisc_ok.png\" alt=\"asterisc_ok\" width=\"33\" height=\"28\" \/>CONCOURS IGER<\/strong><\/b><\/p>\n<p style=\"text-align: justify;\">Deltebre est photog\u00e9nique. La beaut\u00e9 du territoire saisit de plus en plus d&rsquo;amateurs de photo. Vous pouvez \u00e9galement laisser s&rsquo;envoler votre imagination photographique en participant \u00e0 l&rsquo;un des diff\u00e9rents concours organis\u00e9s sur Instagram.\u00a0<a href=\"http:\/\/igersebre.com\/igersebre\/\" target=\"_blank\" rel=\"noopener noreferrer\">Plus d&rsquo;informations<\/a><\/p>\n<p style=\"text-align: justify;\"><strong><img loading=\"lazy\" class=\"alignnone size-full wp-image-352\" src=\"\/wp-content\/uploads\/2016\/07\/asterisc_ok.png\" alt=\"Paysages de film\" width=\"33\" height=\"28\" \/>DESTINATION CIN\u00c9MATOGRAPHIQUE<br \/>\n<\/strong><\/p>\n<p style=\"text-align: justify;\">L&rsquo;attraction insolite du territoire, avec des espaces tels que la Punta del Fangar, a suscit\u00e9 un int\u00e9r\u00eat pour la zone qui va au-del\u00e0 du tourisme, le transformant en un sc\u00e9nario de productions comme <em>Sahara <\/em>(2005), et des clips vid\u00e9o de groupes tels que U2 avec <em>Vertigo <\/em>(2004) et du groupe autochtone CratOR avec <em>Baobab <\/em>(2011). Il a \u00e9galement \u00e9t\u00e9 le protagoniste du programme <em>El paisatge preferit de Catalunya<\/em>, sur TV3, cha\u00eene de t\u00e9l\u00e9vision nationale catalane. Si vous avez pr\u00e9vu de tourner \u00e0 Deltebre ou dans les environs, veuillez d&rsquo;abord contacter l&rsquo;administration pour demander une licence.<\/p>\n","protected":false},"excerpt":{"rendered":"<p>Le cycle du riz marque la couleur des paysages de Deltebre. Printemps bleu, \u00e9t\u00e9 vert, fin d&rsquo;\u00e9t\u00e9 jaune, automne au ciel rouge\u00e2tre et hiver terreux. Que vous soyez professionnel ou amateur de photographie, Deltebre vous offre des sc\u00e9narios uniques que&hellip;<\/p>\n","protected":false},"author":123458,"featured_media":6495,"parent":0,"menu_order":0,"comment_status":"closed","ping_status":"closed","template":"","meta":[],"categories":[55],"tags":[],"_links":{"self":[{"href":"https:\/\/atraccionatural.cat\/fr\/wp-json\/wp\/v2\/pages\/2641\/"}],"collection":[{"href":"https:\/\/atraccionatural.cat\/fr\/wp-json\/wp\/v2\/pages\/"}],"about":[{"href":"https:\/\/atraccionatural.cat\/fr\/wp-json\/wp\/v2\/types\/page\/"}],"author":[{"embeddable":true,"href":"https:\/\/atraccionatural.cat\/fr\/wp-json\/wp\/v2\/users\/123458\/"}],"replies":[{"embeddable":true,"href":"https:\/\/atraccionatural.cat\/fr\/wp-json\/wp\/v2\/comments\/?post=2641"}],"version-history":[{"count":11,"href":"https:\/\/atraccionatural.cat\/fr\/wp-json\/wp\/v2\/pages\/2641\/revisions\/"}],"predecessor-version":[{"id":8480,"href":"https:\/\/atraccionatural.cat\/fr\/wp-json\/wp\/v2\/pages\/2641\/revisions\/8480\/"}],"wp:featuredmedia":[{"embeddable":true,"href":"https:\/\/atraccionatural.cat\/fr\/wp-json\/wp\/v2\/media\/6495\/"}],"wp:attachment":[{"href":"https:\/\/atraccionatural.cat\/fr\/wp-json\/wp\/v2\/media\/?parent=2641"}],"wp:term":[{"taxonomy":"category","embeddable":true,"href":"https:\/\/atraccionatural.cat\/fr\/wp-json\/wp\/v2\/categories\/?post=2641"},{"taxonomy":"post_tag","embeddable":true,"href":"https:\/\/atraccionatural.cat\/fr\/wp-json\/wp\/v2\/tags\/?post=2641"}],"curies":[{"name":"wp","href":"https:\/\/api.w.org\/{rel}","templated":true}]}}