{"id":2644,"date":"2016-07-28T10:47:39","date_gmt":"2016-07-28T10:47:39","guid":{"rendered":"http:\/\/deltebre.cat\/turisme\/index.php\/platges-verges\/?lang=fr"},"modified":"2019-02-28T09:26:32","modified_gmt":"2019-02-28T08:26:32","slug":"plages-de-deltebre","status":"publish","type":"page","link":"https:\/\/atraccionatural.cat\/fr\/plages-de-deltebre\/","title":{"rendered":"Plages de Deltebre"},"content":{"rendered":"<p style=\"text-align: justify;\">Les plages de Deltebre cachent un littoral entre mirages du d\u00e9sert et dunes naturelles. Vous pourrez respirer un environnement marin qui vous procurera un \u00e9tat de calme instantan\u00e9. \u00c0 droite et \u00e0 gauche, des kilom\u00e8tres de sable fin qui attentent les promenades du soir. Au fond, des dunes de v\u00e9g\u00e9tation qui vous cachent du reste du monde. Et devant, la sensation d&rsquo;immensit\u00e9 face \u00e0 une mer calme.<\/p>\n<p style=\"text-align: justify;\">Nos plages sont parfaites pour venir en famille, entre amis ou pour pouvoir avoir votre propre espace de tranquillit\u00e9. Mettez votre maillot, prenez votre v\u00e9lo et laissez-vous aller. La meilleure recette contre le stress quotidien vous attend.<\/p>\n<p style=\"text-align: justify;\">\n        <!-- GT Shortcodes - Alert - Start -->\n        <style type=\"text\/css\" media=\"screen\">\n                    <\/style>\n        <div class=\"gt-shortcodes\">\n            <div id=\"gt-alert-865\" class=\"alert alert-info alert-dismissible\" role=\"alert\"\n                 style=\"color:#ffffff!important;background-color:#54bab7!important;border-style:none!important;\">\n                 Conna\u00eet l&rsquo;\u00e9tat des plages de Deltebre <a href=\"http:\/\/aca-web.gencat.cat\/aca\/platgescat\/landing\/en\/index.htm\" target=\"_blank\" rel=\"noopener noreferrer\">instantan\u00e9ment<\/a>.                <div class=\"clearfix\"><\/div>\n            <\/div>\n        <\/div>\n        <!-- GT Shortcodes - Alert - End -->\n\n        <\/p>\n<p style=\"text-align: justify;\"><strong><img loading=\"lazy\" class=\"alignnone size-full wp-image-352\" src=\"https:\/\/deltebre.cat\/turisme\/wp-content\/uploads\/2016\/07\/asterisc_ok.png\" alt=\"asterisc_ok\" width=\"33\" height=\"28\" \/>PLAGE ET NOYAU DE RIUMAR<br \/>\n<\/strong><\/p>\n<p style=\"text-align: justify;\"><img loading=\"lazy\" class=\"alignnone size-full wp-image-5223\" src=\"https:\/\/deltebre.cat\/turisme\/wp-content\/uploads\/2016\/07\/platjaderiumar.jpg\" alt=\"Plages\" width=\"900\" height=\"350\" srcset=\"https:\/\/atraccionatural.cat\/wp-content\/uploads\/2016\/07\/platjaderiumar.jpg 900w, https:\/\/atraccionatural.cat\/wp-content\/uploads\/2016\/07\/platjaderiumar-300x117.jpg 300w, https:\/\/atraccionatural.cat\/wp-content\/uploads\/2016\/07\/platjaderiumar-768x299.jpg 768w, https:\/\/atraccionatural.cat\/wp-content\/uploads\/2016\/07\/platjaderiumar-500x194.jpg 500w, https:\/\/atraccionatural.cat\/wp-content\/uploads\/2016\/07\/platjaderiumar-470x183.jpg 470w\" sizes=\"(max-width: 900px) 100vw, 900px\" \/><\/p>\n<p style=\"text-align: justify;\">La plage de Riumar est tr\u00e8s proche de l&#8217;embouchure du fleuve de l&rsquo;\u00c8bre, \u00e0 c\u00f4t\u00e9 du Garxal, une zone d&rsquo;int\u00e9r\u00eat naturel particulier aux eaux \u00e9tanches et aux lagunes configur\u00e9es pour de petites \u00eeles. La plage de Riumar se situe juste devant le noyau du m\u00eame nom, o\u00f9 vous pourrez louer l&rsquo;un de ses chalets, appartements, campings ou appart h\u00f4tels.<\/p>\n<p><strong>Drapeau bleu sur la plage<\/strong>. Signe distinctif international fourni en reconnaissance de la qualit\u00e9 de l\u2019eau, de la gestion environnementale de la plage, de la fourniture optimale des services et de la s\u00e9curit\u00e9.<\/p>\n<p style=\"text-align: justify;\">\n        <!-- GT Shortcodes - Alert - Start -->\n        <style type=\"text\/css\" media=\"screen\">\n                    <\/style>\n        <div class=\"gt-shortcodes\">\n            <div id=\"gt-alert-865\" class=\"alert alert-info alert-dismissible\" role=\"alert\"\n                 style=\"color:#ffffff!important;background-color:#54bab7!important;border-style:none!important;\">\n                Recommandation : louez une barque ou un v\u00e9lo. Vous d\u00e9couvrirez le territoire autrement. Et pour reprendre des forces, savourez la cuisine typique du Delta dans l&rsquo;un des restaurants de la zone de Riumar.                <div class=\"clearfix\"><\/div>\n            <\/div>\n        <\/div>\n        <!-- GT Shortcodes - Alert - End -->\n\n        <\/p>\n<p style=\"text-align: justify;\"><strong>Emplacement par rapport au noyau de population<\/strong> : 9 km \/ <strong>Longueur<\/strong> : 1,1km \/ <strong>Largeur<\/strong> : 80 m \/ <strong>Utilisations\u00a0<\/strong>: id\u00e9al pour la pratique du kitesurf et autres sports aquatiques \/ <strong>Services\u00a0<\/strong>: acc\u00e8s en voiture ; acc\u00e8s \u00e0 pied ; signalisation de l&rsquo;\u00e9tat de la mer ; Croix-Rouge ; service de surveillance ; services WC ; douches ; nettoyage quotidien ; passerelles ; accessibilit\u00e9 aux personnes handicap\u00e9es ; bord de mer ; \u00e0 moins de 50 m des restaurants ; \u00e0 moins de 50 m des parkings ; \u00e0 moins de 50 m de la station de bus ; location de p\u00e9dalos, de parasols et de transats ; zone sportive ; chiringuitos (bars de plage).<\/p>\n<p><a href=\"https:\/\/atraccionatural.cat\/wp-content\/uploads\/2019\/02\/Platja-Riumar.pdf\" target=\"_blank\" rel=\"noopener noreferrer\"><span style=\"text-decoration: underline;\">Emplacement et utilisations de la plage de Riumar<\/span><\/a><br \/>\n<span style=\"text-decoration: underline;\">Consultez les autorisations et les restrictions<\/span><\/p>\n<p>Le service de sauvetage et de secours de la plage de Riumar est subventionn\u00e9 par le conseil g\u00e9n\u00e9ral de Tarragone.<\/p>\n<p><img src=\"http:\/\/www.dipta.cat\/sites\/dipta\/files\/media\/DIPTA_H_col.jpg\" width=\"266\" \/><\/p>\n<p style=\"text-align: justify;\"><strong><img loading=\"lazy\" class=\"alignnone size-full wp-image-352\" src=\"https:\/\/deltebre.cat\/turisme\/wp-content\/uploads\/2016\/07\/asterisc_ok.png\" alt=\"asterisc_ok\" width=\"33\" height=\"28\" \/>PLAGE DE LA BASSA D&rsquo;ARENA<br \/>\n<\/strong><\/p>\n<p style=\"text-align: justify;\"><img loading=\"lazy\" class=\"alignnone size-full wp-image-5219\" src=\"https:\/\/deltebre.cat\/turisme\/wp-content\/uploads\/2016\/07\/platja_bassaarena.jpg\" alt=\"\" width=\"900\" height=\"350\" srcset=\"https:\/\/atraccionatural.cat\/wp-content\/uploads\/2016\/07\/platja_bassaarena.jpg 900w, https:\/\/atraccionatural.cat\/wp-content\/uploads\/2016\/07\/platja_bassaarena-300x117.jpg 300w, https:\/\/atraccionatural.cat\/wp-content\/uploads\/2016\/07\/platja_bassaarena-768x299.jpg 768w, https:\/\/atraccionatural.cat\/wp-content\/uploads\/2016\/07\/platja_bassaarena-500x194.jpg 500w, https:\/\/atraccionatural.cat\/wp-content\/uploads\/2016\/07\/platja_bassaarena-470x183.jpg 470w\" sizes=\"(max-width: 900px) 100vw, 900px\" \/><\/p>\n<p style=\"text-align: justify;\">Avec ces 3km de longueur, la plage de la Bassa d&rsquo;Arena est l&rsquo;une des plages les plus longues du Delta. Elle se trouve dans le prolongement de la plage de Riumar. Vous y trouverez une zone adapt\u00e9e pour acc\u00e9der avec des animaux (500 m\u00e8tres) et une zone o\u00f9 la p\u00eache est autoris\u00e9e.<\/p>\n<p style=\"text-align: justify;\"><strong>Emplacement par rapport au noyau de population<\/strong> : 10 km \/ <strong>Longueur<\/strong> : 3 km \/ <strong>Largeur<\/strong> : 40 m \/ <strong>Utilisations<\/strong>\u00a0: parfait pour y aller avec des chiens, p\u00eacher ou pratiquer le nudisme (acc\u00e8s \u00e0 la zone nudiste par la plage de la Marquesa) \/ <strong>Services<\/strong> : acc\u00e8s en voiture, acc\u00e8s \u00e0 pied, nettoyage hebdomadaire, \u00e0 moins de 50 m des parkings.<\/p>\n<p><a href=\"https:\/\/atraccionatural.cat\/wp-content\/uploads\/2019\/02\/Bassa-dArena.pdf\" target=\"_blank\" rel=\"noopener noreferrer\">Emplacement et utilisations de la plage de la Bassa d\u2019Arena<\/a><\/p>\n<p style=\"text-align: justify;\"><strong><img loading=\"lazy\" class=\"alignnone size-full wp-image-352\" src=\"https:\/\/deltebre.cat\/turisme\/wp-content\/uploads\/2016\/07\/asterisc_ok.png\" alt=\"asterisc_ok\" width=\"33\" height=\"28\" \/>PLAGE DE LA MARQUESA<br \/>\n<\/strong><\/p>\n<p style=\"text-align: justify;\"><img loading=\"lazy\" class=\"alignnone size-full wp-image-5215\" src=\"https:\/\/deltebre.cat\/turisme\/wp-content\/uploads\/2016\/07\/platjamarquesa.jpg\" alt=\"\" width=\"900\" height=\"350\" srcset=\"https:\/\/atraccionatural.cat\/wp-content\/uploads\/2016\/07\/platjamarquesa.jpg 900w, https:\/\/atraccionatural.cat\/wp-content\/uploads\/2016\/07\/platjamarquesa-300x117.jpg 300w, https:\/\/atraccionatural.cat\/wp-content\/uploads\/2016\/07\/platjamarquesa-768x299.jpg 768w, https:\/\/atraccionatural.cat\/wp-content\/uploads\/2016\/07\/platjamarquesa-500x194.jpg 500w, https:\/\/atraccionatural.cat\/wp-content\/uploads\/2016\/07\/platjamarquesa-470x183.jpg 470w\" sizes=\"(max-width: 900px) 100vw, 900px\" \/><\/p>\n<p style=\"text-align: justify;\">La Marquesa se d\u00e9marque par son fort int\u00e9r\u00eat paysager et naturel. Les petites dunes de sable fin contrastant avec un environnement de vastes espaces et d&rsquo;une tranquillit\u00e9 absolue, participent beaucoup \u00e0 son charme. \u00c0 c\u00f4t\u00e9 de la plage, il y a un bar-restaurant. Depuis la plage de la Marquesa et vers le sud, se trouve le tron\u00e7on de plage naturiste de la plage de la Bassa d&rsquo;Arena.<\/p>\n<p style=\"text-align: justify;\"><strong>Emplacement par rapport au noyau de population<\/strong> : 7 km \/ <strong>Longueur<\/strong> : 2,5 km \/ <strong>Largeur<\/strong> : 80 m \/ <strong>Services\u00a0<\/strong>: Acc\u00e8s en voiture, Acc\u00e8s \u00e0 pied, Nettoyage hebdomadaire, \u00c0 moins de 50m des restaurants, \u00c0 moins de 50 m des parkings.<\/p>\n<p><a href=\"https:\/\/atraccionatural.cat\/wp-content\/uploads\/2019\/02\/Marquesa.pdf\" target=\"_blank\" rel=\"noopener noreferrer\"><span style=\"text-decoration: underline;\">Emplacement et utilisations de la plage de la Marquesa<\/span> <\/a><\/p>\n<p style=\"text-align: justify;\"><strong><img loading=\"lazy\" class=\"alignnone size-full wp-image-352\" src=\"https:\/\/deltebre.cat\/turisme\/wp-content\/uploads\/2016\/07\/asterisc_ok.png\" alt=\"asterisc_ok\" width=\"33\" height=\"28\" \/>PLAGE DU FANGAR<br \/>\n<\/strong><\/p>\n<p style=\"text-align: justify;\"><img loading=\"lazy\" class=\"alignnone size-full wp-image-5211\" src=\"https:\/\/deltebre.cat\/turisme\/wp-content\/uploads\/2016\/07\/platja_fangar.jpg\" alt=\"\" width=\"900\" height=\"350\" srcset=\"https:\/\/atraccionatural.cat\/wp-content\/uploads\/2016\/07\/platja_fangar.jpg 900w, https:\/\/atraccionatural.cat\/wp-content\/uploads\/2016\/07\/platja_fangar-300x117.jpg 300w, https:\/\/atraccionatural.cat\/wp-content\/uploads\/2016\/07\/platja_fangar-768x299.jpg 768w, https:\/\/atraccionatural.cat\/wp-content\/uploads\/2016\/07\/platja_fangar-500x194.jpg 500w, https:\/\/atraccionatural.cat\/wp-content\/uploads\/2016\/07\/platja_fangar-470x183.jpg 470w\" sizes=\"(max-width: 900px) 100vw, 900px\" \/><\/p>\n<p style=\"text-align: justify;\">Est-ce une plage ou un d\u00e9sert ? La plage du Fangar est situ\u00e9e \u00e0 la <a href=\"https:\/\/atraccionatural.cat\/richesse-naturelle\/?lang=fr\" target=\"_blank\" rel=\"noopener noreferrer\">Punta del Fangar<\/a>, une p\u00e9ninsule de 410 ha, qui, avec son aspect semi-d\u00e9sertique, fait de la plage du Fangar l&rsquo;une des zones les plus uniques du Delta. Comme caract\u00e9ristique g\u00e9ographique et naturelle, il faut souligner la bonne conservation des dunes et des plages. Vous pouvez arriver \u00e0 la Punta del Fangar en longeant la plage par un sentier de 4 km.<\/p>\n<p style=\"text-align: justify;\">\n        <!-- GT Shortcodes - Alert - Start -->\n        <style type=\"text\/css\" media=\"screen\">\n                    <\/style>\n        <div class=\"gt-shortcodes\">\n            <div id=\"gt-alert-865\" class=\"alert alert-info alert-dismissible\" role=\"alert\"\n                 style=\"color:#ffffff!important;background-color:#54bab7!important;border-style:none!important;\">\n                Recommandation : les jours de beau temps, promenez-vous vers la plage du Fangar, o\u00f9 vous pourrez apercevoir les plus beaux mirages de tout le Delta. Vous aurez l&rsquo;impression qu&rsquo;il y a de l&rsquo;eau au milieu du Fangar. Et n&rsquo;oubliez pas d&rsquo;apporter une casquette et de l&rsquo;eau car, comme dans le d\u00e9sert, il n&rsquo;y a pas le moindre coin d&rsquo;ombre.                <div class=\"clearfix\"><\/div>\n            <\/div>\n        <\/div>\n        <!-- GT Shortcodes - Alert - End -->\n\n        <\/p>\n<p style=\"text-align: justify;\"><strong>Emplacement par rapport au noyau de population<\/strong> : 11 km \/ <strong>Longueur<\/strong> : 7 km \/ <strong>Largeur<\/strong> : 2,5 km \/ <strong>Services\u00a0<\/strong>: Acc\u00e8s \u00e0 pied.<\/p>\n","protected":false},"excerpt":{"rendered":"<p>Les plages de Deltebre cachent un littoral entre mirages du d\u00e9sert et dunes naturelles. Vous pourrez respirer un environnement marin qui vous procurera un \u00e9tat de calme instantan\u00e9. \u00c0 droite et \u00e0 gauche, des kilom\u00e8tres de sable fin qui attentent&hellip;<\/p>\n","protected":false},"author":123458,"featured_media":6489,"parent":0,"menu_order":0,"comment_status":"closed","ping_status":"closed","template":"","meta":[],"categories":[55],"tags":[],"_links":{"self":[{"href":"https:\/\/atraccionatural.cat\/fr\/wp-json\/wp\/v2\/pages\/2644\/"}],"collection":[{"href":"https:\/\/atraccionatural.cat\/fr\/wp-json\/wp\/v2\/pages\/"}],"about":[{"href":"https:\/\/atraccionatural.cat\/fr\/wp-json\/wp\/v2\/types\/page\/"}],"author":[{"embeddable":true,"href":"https:\/\/atraccionatural.cat\/fr\/wp-json\/wp\/v2\/users\/123458\/"}],"replies":[{"embeddable":true,"href":"https:\/\/atraccionatural.cat\/fr\/wp-json\/wp\/v2\/comments\/?post=2644"}],"version-history":[{"count":17,"href":"https:\/\/atraccionatural.cat\/fr\/wp-json\/wp\/v2\/pages\/2644\/revisions\/"}],"predecessor-version":[{"id":8479,"href":"https:\/\/atraccionatural.cat\/fr\/wp-json\/wp\/v2\/pages\/2644\/revisions\/8479\/"}],"wp:featuredmedia":[{"embeddable":true,"href":"https:\/\/atraccionatural.cat\/fr\/wp-json\/wp\/v2\/media\/6489\/"}],"wp:attachment":[{"href":"https:\/\/atraccionatural.cat\/fr\/wp-json\/wp\/v2\/media\/?parent=2644"}],"wp:term":[{"taxonomy":"category","embeddable":true,"href":"https:\/\/atraccionatural.cat\/fr\/wp-json\/wp\/v2\/categories\/?post=2644"},{"taxonomy":"post_tag","embeddable":true,"href":"https:\/\/atraccionatural.cat\/fr\/wp-json\/wp\/v2\/tags\/?post=2644"}],"curies":[{"name":"wp","href":"https:\/\/api.w.org\/{rel}","templated":true}]}}