{"id":2648,"date":"2016-07-28T13:07:18","date_gmt":"2016-07-28T13:07:18","guid":{"rendered":"http:\/\/deltebre.cat\/turisme\/index.php\/festes-i-tradicions\/?lang=fr"},"modified":"2019-02-28T10:45:13","modified_gmt":"2019-02-28T09:45:13","slug":"fetes-et-traditions-de-deltebre","status":"publish","type":"page","link":"https:\/\/atraccionatural.cat\/fr\/fetes-et-traditions-de-deltebre\/","title":{"rendered":"F\u00eates et traditions"},"content":{"rendered":"<p style=\"text-align: justify;\">Les f\u00eates et traditions de Deltebre sont l\u2019une des meilleures fa\u00e7ons de conna\u00eetre le caract\u00e8re de ses habitants et son histoire. Il y a beaucoup d&rsquo;\u00e9v\u00e9nements traditionnels qui maintiennent son esprit en vie et qui vous permettront de p\u00e9n\u00e9trer dans notre patrimoine culturel. Vous planterez du riz, danserez la jota, verrez les taureaux, etc. Vous vivrez et partagerez toute une explosion d&rsquo;\u00e9motions avec la communaut\u00e9 locale.<\/p>\n<p style=\"text-align: justify;\"><b><img loading=\"lazy\" class=\"alignnone size-full wp-image-352\" src=\"https:\/\/deltebre.cat\/turisme\/wp-content\/uploads\/2016\/07\/asterisc_ok.png\" alt=\"F\u00eates et traditions\" width=\"33\" height=\"28\" \/><strong>DELTAFIRA<\/strong><br \/>\n<\/b><\/p>\n<p style=\"text-align: justify;\">Le 20 mai 1977, les quartiers de Jes\u00fas i Maria et La Cava se s\u00e9par\u00e8rent de la commune de Tortosa, donnant lieu \u00e0 la naissance de la nouvelle commune de Deltebre. Afin de comm\u00e9morer ce moment de l&rsquo;Histoire, on c\u00e9l\u00e8bre autour de cette date et depuis 1980, une f\u00eate rassemblant les diff\u00e9rentes communes, avec de nombreuses festivit\u00e9s ludiques, culturelles et sportives.<\/p>\n<p style=\"text-align: justify;\"><b><img loading=\"lazy\" class=\"alignnone size-full wp-image-352\" src=\"https:\/\/deltebre.cat\/turisme\/wp-content\/uploads\/2016\/07\/asterisc_ok.png\" alt=\"asterisc_ok\" width=\"33\" height=\"28\" \/>F\u00caTES DU RIZ<br \/>\n<\/b><\/p>\n<p style=\"text-align: justify;\">Les f\u00eates du riz sont l&rsquo;occasion r\u00eav\u00e9e de vivre en personne l\u2019une des traditions de Deltebre \u00e0 partir de la mise en sc\u00e8ne des diff\u00e9rentes t\u00e2ches que r\u00e9alisaient nos anc\u00eatres pendant le cycle de cette culture : L&rsquo;ensemencement (en juin) et la moisson (en septembre). Pr\u00e9parez-vous \u00e0 entrer dans la rizi\u00e8re et \u00e0 \u00e9prouver la sensation si unique de vous enfoncer dans la boue. Et ensuite, que commence la f\u00eate : jota dans\u00e9e, repas populaire, th\u00e9\u00e2tre, jeux traditionnels, etc.<\/p>\n<p style=\"text-align: justify;\"><strong><b><img loading=\"lazy\" class=\"alignnone size-full wp-image-352\" src=\"https:\/\/deltebre.cat\/turisme\/wp-content\/uploads\/2016\/07\/asterisc_ok.png\" alt=\"asterisc_ok\" width=\"33\" height=\"28\" \/>F\u00caTES PATRONALES ET F\u00caTES POPULAIRES<\/b><br \/>\n<\/strong><\/p>\n<p style=\"text-align: justify;\">En \u00e9t\u00e9, la commune c\u00e9l\u00e8bre ses f\u00eates patronales et f\u00eates populaires : F\u00eates Patronales du Deltebre, F\u00eates Populaires du Club Deportiu La Cava, Saint Jean, F\u00eates du Barracot, Sant Ramon et Sant Miquel. Chaque ann\u00e9e, une multitude d&rsquo;\u00e9v\u00e9nements est organis\u00e9e pour toute la famille : \u00e9v\u00e9nements culturels, d\u00e9fil\u00e9s, concours, activit\u00e9s pour les enfants, taureaux <em>embolat<\/em> (taureau avec feu aux cornes) et <em>caplla\u00e7at<\/em> (taureau attach\u00e9 par les cornes), orquestre, danses, etc.<\/p>\n<p style=\"text-align: justify;\"><b><img loading=\"lazy\" class=\"alignnone size-full wp-image-352\" src=\"https:\/\/deltebre.cat\/turisme\/wp-content\/uploads\/2016\/07\/asterisc_ok.png\" alt=\"asterisc_ok\" width=\"33\" height=\"28\" \/>RENCONTRE DE JOTAS<br \/>\n<\/b><\/p>\n<p style=\"text-align: justify;\">Chaque ann\u00e9e, \u00e0 la fin de l&rsquo;\u00e9t\u00e9, Deltebre c\u00e9l\u00e8bre la Trobada de Grups de Ball de Jota, \u00e0 laquelle participent des groupes de jota de tout le territoire. C&rsquo;est une rencontre tr\u00e8s musicale et pleine de mouvement, o\u00f9 l&rsquo;on c\u00e9l\u00e8bre la jota, qui, chant\u00e9e, jou\u00e9e ou dans\u00e9e, est l&rsquo;un des \u00e9l\u00e9ments les plus embl\u00e9matiques de la musique populaire et traditionnelle de Deltebre.<\/p>\n<p style=\"text-align: justify;\"><b><img loading=\"lazy\" class=\"alignnone size-full wp-image-352\" src=\"https:\/\/deltebre.cat\/turisme\/wp-content\/uploads\/2016\/07\/asterisc_ok.png\" alt=\"asterisc_ok\" width=\"33\" height=\"28\" \/>LA PASI\u00d3N<\/b><\/p>\n<p style=\"text-align: justify;\">De nombreuses activit\u00e9s traditionnelles de Deltebre sont li\u00e9es \u00e0 la religiosit\u00e9. Lors de la semaine sainte, des repr\u00e9sentations de La Pasi\u00f3n sont r\u00e9alis\u00e9es, de v\u00e9ritables mises en sc\u00e8ne de rue, avec plus d&rsquo;une centaine d&rsquo;interpr\u00e8tes, et tout cela accompagn\u00e9 de musique en live.<\/p>\n<p style=\"text-align: justify;\"><b><img loading=\"lazy\" class=\"alignnone size-full wp-image-352\" src=\"https:\/\/deltebre.cat\/turisme\/wp-content\/uploads\/2016\/07\/asterisc_ok.png\" alt=\"asterisc_ok\" width=\"33\" height=\"28\" \/>CARNAVAL \u00c0 DELTEBRE<\/b><\/p>\n<p style=\"text-align: justify;\">Ces festivit\u00e9s sont devenues les plus spectaculaires de tout le Delta. Le succ\u00e8s de participation a transform\u00e9 le carnaval de Deltebre en v\u00e9ritable joyau de la couronne. Il a d\u00e9j\u00e0 accueilli jusqu\u2019\u00e0 1300 personnes et une vingtaine de troupes. Durant tout un week-end de f\u00e9vrier, la commune se remplit de couleurs pour c\u00e9l\u00e9brer deux jours complets d\u2019activit\u00e9s. De plus, les participants peuvent choisir diff\u00e9rentes r\u00e9compenses.<\/p>\n","protected":false},"excerpt":{"rendered":"<p>Les f\u00eates et traditions de Deltebre sont l\u2019une des meilleures fa\u00e7ons de conna\u00eetre le caract\u00e8re de ses habitants et son histoire. Il y a beaucoup d&rsquo;\u00e9v\u00e9nements traditionnels qui maintiennent son esprit en vie et qui vous permettront de p\u00e9n\u00e9trer dans&hellip;<\/p>\n","protected":false},"author":123458,"featured_media":6484,"parent":0,"menu_order":0,"comment_status":"closed","ping_status":"closed","template":"","meta":[],"categories":[55],"tags":[],"_links":{"self":[{"href":"https:\/\/atraccionatural.cat\/fr\/wp-json\/wp\/v2\/pages\/2648\/"}],"collection":[{"href":"https:\/\/atraccionatural.cat\/fr\/wp-json\/wp\/v2\/pages\/"}],"about":[{"href":"https:\/\/atraccionatural.cat\/fr\/wp-json\/wp\/v2\/types\/page\/"}],"author":[{"embeddable":true,"href":"https:\/\/atraccionatural.cat\/fr\/wp-json\/wp\/v2\/users\/123458\/"}],"replies":[{"embeddable":true,"href":"https:\/\/atraccionatural.cat\/fr\/wp-json\/wp\/v2\/comments\/?post=2648"}],"version-history":[{"count":7,"href":"https:\/\/atraccionatural.cat\/fr\/wp-json\/wp\/v2\/pages\/2648\/revisions\/"}],"predecessor-version":[{"id":8485,"href":"https:\/\/atraccionatural.cat\/fr\/wp-json\/wp\/v2\/pages\/2648\/revisions\/8485\/"}],"wp:featuredmedia":[{"embeddable":true,"href":"https:\/\/atraccionatural.cat\/fr\/wp-json\/wp\/v2\/media\/6484\/"}],"wp:attachment":[{"href":"https:\/\/atraccionatural.cat\/fr\/wp-json\/wp\/v2\/media\/?parent=2648"}],"wp:term":[{"taxonomy":"category","embeddable":true,"href":"https:\/\/atraccionatural.cat\/fr\/wp-json\/wp\/v2\/categories\/?post=2648"},{"taxonomy":"post_tag","embeddable":true,"href":"https:\/\/atraccionatural.cat\/fr\/wp-json\/wp\/v2\/tags\/?post=2648"}],"curies":[{"name":"wp","href":"https:\/\/api.w.org\/{rel}","templated":true}]}}