{"id":2651,"date":"2016-07-28T13:20:58","date_gmt":"2016-07-28T13:20:58","guid":{"rendered":"http:\/\/deltebre.cat\/turisme\/index.php\/esdeveniments-culturals\/?lang=fr"},"modified":"2019-02-28T10:59:52","modified_gmt":"2019-02-28T09:59:52","slug":"evenements-culturels-a-deltebre","status":"publish","type":"page","link":"https:\/\/atraccionatural.cat\/fr\/evenements-culturels-a-deltebre\/","title":{"rendered":"\u00c9v\u00e9nements culturels \u00e0 Deltebre"},"content":{"rendered":"<p style=\"text-align: justify;\">Les \u00e9v\u00e8nements culturels \u00e0 Deltebre sont le compl\u00e9ment id\u00e9al de la richesse de son paysage. Donc si vous \u00eates \u00e0 la recherche d&rsquo;un m\u00e9lange entre nature et culture, Deltebre est fait pour vous. En plus d&rsquo;un grand patrimoine naturel, vous pourrez \u00e9galement profiter d&rsquo;un programme rempli d&rsquo;activit\u00e9s culturelles tout au long de l&rsquo;ann\u00e9e. Arts de la sc\u00e8ne, po\u00e9sie&#8230; Et bien plus !<\/p>\n<p style=\"text-align: justify;\"><b><img loading=\"lazy\" class=\"alignnone size-full wp-image-352\" src=\"https:\/\/deltebre.cat\/turisme\/wp-content\/uploads\/2016\/07\/asterisc_ok.png\" alt=\"\u00c9v\u00e9nements culturels\" width=\"33\" height=\"28\" \/>NUIT D\u2019OP\u00c9RA SUR LA PLAGE<\/b><\/p>\n<p style=\"text-align: justify;\">\u00c0 Deltebre, la nuit d\u2019op\u00e9ra sur la plage de Riumar est l\u2019un des incontournables de l\u2019\u00e9t\u00e9. Il s\u2019agit d&rsquo;une exp\u00e9rience tr\u00e8s sp\u00e9ciale, fruit de l\u2019union entre le grondement de la mer, la compagnie des \u00e9toiles et la passion de l\u2019op\u00e9ra en direct. Une nuit pour profiter de cet art sc\u00e9nique si intense, o\u00f9 la fusion des mots, de la musique et de cet environnement naturel incomparable transmet toutes sortes d\u2019\u00e9motions.<\/p>\n<p style=\"text-align: justify;\"><b><img loading=\"lazy\" class=\"alignnone size-full wp-image-352\" src=\"https:\/\/deltebre.cat\/turisme\/wp-content\/uploads\/2016\/07\/asterisc_ok.png\" alt=\"\u00c9v\u00e9nements culturels\" width=\"33\" height=\"28\" \/>FESTIVAL DELTEBRE DANSA<\/b><\/p>\n<p style=\"text-align: justify;\">C\u2019est l&rsquo;un des principaux \u00e9v\u00e8nements culturels \u00e0 Deltebre. Pendant 15 jours en \u00e9t\u00e9, la ville devient l\u2019\u00e9picentre des arts sc\u00e9niques internationaux. Si le monde de la danse et du cirque contemporains vous int\u00e9resse, vous pourrez vous y essayer activement. Si vous voulez assister \u00e0 des spectacles, vous avez \u00e0 votre disposition une large programmation de spectacles d&rsquo;avant-garde et de qualit\u00e9 maximale. Si vous souhaitez vous lancer dans le monde de la danse et du cirque contemporains, vous pourrez suivre certains des cours d&rsquo;initiation. Si vous \u00eates un professionnel du domaine des arts de la sc\u00e8ne, vous avez \u00e0 votre port\u00e9e une formation d&rsquo;excellence avec des professeurs prestigieux. Vivez une exp\u00e9rience unique, novatrice, multiculturelle et de qualit\u00e9. <a href=\"http:\/\/www.deltebredansa.cat\/en\/\" target=\"_blank\" rel=\"noopener noreferrer\">Plus d&rsquo;informations<\/a>.<\/p>\n<p style=\"text-align: justify;\"><b><img loading=\"lazy\" class=\"alignnone size-full wp-image-352\" src=\"https:\/\/deltebre.cat\/turisme\/wp-content\/uploads\/2016\/07\/asterisc_ok.png\" alt=\"\u00c9v\u00e9nements culturels\" width=\"33\" height=\"28\" \/>NUITS MUSICALES \u00c0 RIUMAR<\/b><\/p>\n<p style=\"text-align: justify;\">Vous aimez la bonne musique, l\u2019air marin et les \u00e9toiles ? Les nuits musicales \u00e0 Riumar sont l\u2019une des derni\u00e8res nouveaut\u00e9s de l\u2019agenda culturel de Deltebre. Tout au long de l\u2019\u00e9t\u00e9, vous pourrez profiter de nuits anim\u00e9es par la meilleure s\u00e9lection musicale en direct\u00a0: <em>jazz<\/em>, <em>blues<\/em>, <em>soul<\/em>,<em> rock and roll<\/em>, classique et une nuit enti\u00e8re d\u00e9di\u00e9e \u00e0 l\u2019op\u00e9ra. Tout cela \u00e0 quelques pas de la mer, dans une ambiance tr\u00e8s d\u00e9tendue sur la plaza de Europa de Riumar.<\/p>\n<p style=\"text-align: justify;\"><strong><b><img loading=\"lazy\" class=\"alignnone size-full wp-image-352\" src=\"https:\/\/deltebre.cat\/turisme\/wp-content\/uploads\/2016\/07\/asterisc_ok.png\" alt=\"asterisc_ok\" width=\"33\" height=\"28\" \/>F\u00caTE NATIONALE DE LA CATALOGNE<\/b><\/strong><\/p>\n<p style=\"text-align: justify;\">Chaque ann\u00e9e, lors de la f\u00eate nationale de Catalogne, de nombreuses activit\u00e9s vari\u00e9es sont organis\u00e9es pendant le mois de septembre\u00a0: musique, sport, rencontres de troupes de <em>jota<\/em> (danse traditionnelle espagnole), expositions itin\u00e9rantes, etc. Le 10 septembre au soir a lieu la c\u00e9r\u00e9monie d&rsquo;ouverture, suivie du concert, qui donne le coup d&rsquo;envoi aux activit\u00e9s qui se d\u00e9rouleront par la suite.<\/p>\n<p style=\"text-align: justify;\"><b><img loading=\"lazy\" class=\"alignnone size-full wp-image-352\" src=\"https:\/\/deltebre.cat\/turisme\/wp-content\/uploads\/2016\/07\/asterisc_ok.png\" alt=\"asterisc_ok\" width=\"33\" height=\"28\" \/>SANT JORDI<\/b><\/p>\n<p style=\"text-align: justify;\">La dyade de Sant Jordi est l&rsquo;un des \u00e9v\u00e9nements culturels les plus importants en Catalogne. En l&rsquo;honneur de la Journ\u00e9e du libre et de la rose, une s\u00e9rie d&rsquo;\u00e9v\u00e9nements et d&rsquo;activit\u00e9s autour de la litt\u00e9rature et de la musique est organis\u00e9e \u00e0 Deltebre.<\/p>\n<p style=\"text-align: justify;\"><b><img loading=\"lazy\" class=\"alignnone size-full wp-image-352\" src=\"https:\/\/deltebre.cat\/turisme\/wp-content\/uploads\/2016\/07\/asterisc_ok.png\" alt=\"asterisc_ok\" width=\"33\" height=\"28\" \/>F\u00caTES DU RIZ <\/b><\/p>\n<p align=\"justify\"><span style=\"font-size: small;\">Les f\u00eates du riz sont l&rsquo;occasion r\u00eav\u00e9e de vivre en personne l\u2019une des traditions de Deltebre \u00e0 partir de la mise en sc\u00e8ne des diff\u00e9rentes t\u00e2ches que r\u00e9alisaient nos anc\u00eatres pendant le cycle de cette culture : L&rsquo;ensemencement (en juin) et la moisson (en septembre). Pr\u00e9parez-vous \u00e0 entrer dans la rizi\u00e8re et \u00e0 \u00e9prouver la sensation si unique de vous enfoncer dans la boue. Et ensuite, que commence la f\u00eate : jota dans\u00e9e, repas populaire, th\u00e9\u00e2tre, jeux traditionnels, etc.<\/span><\/p>\n<p style=\"text-align: justify;\"><b><img loading=\"lazy\" class=\"alignnone size-full wp-image-352\" src=\"https:\/\/deltebre.cat\/turisme\/wp-content\/uploads\/2016\/07\/asterisc_ok.png\" alt=\"asterisc_ok\" width=\"33\" height=\"28\" \/>CONCOURS PHOTO DES TERRES DE L&rsquo;EBRE<\/b><\/p>\n<p style=\"text-align: justify;\">Chaque ann\u00e9e, Deltebre et l&rsquo;Ametlla de Mar organisent le Concours de photographie des Terres de l&rsquo;Ebre, ouvert \u00e0 toutes les personnes int\u00e9ress\u00e9es \u00e0 travers le monde, que ce soit amateurs ou professionnels. C&rsquo;est l&rsquo;un des concours les plus consolid\u00e9s du territoire, qui permet de montrer la richesse et la vari\u00e9t\u00e9 de nos paysages, ainsi que de miser sur le talent des photographes, qui peuvent aspirer \u00e0 des prix m\u00e9talliques.<\/p>\n<p style=\"text-align: justify;\"><b><img loading=\"lazy\" class=\"alignnone size-full wp-image-352\" src=\"https:\/\/deltebre.cat\/turisme\/wp-content\/uploads\/2016\/07\/asterisc_ok.png\" alt=\"asterisc_ok\" width=\"33\" height=\"28\" \/>RENCONTRE DE JOTAS <\/b><\/p>\n<p style=\"text-align: justify;\">Chaque ann\u00e9e, \u00e0 la fin de l&rsquo;\u00e9t\u00e9, Deltebre c\u00e9l\u00e8bre la Trobada de Grups de Ball de Jota, \u00e0 laquelle participent des groupes de jota de tout le territoire. C&rsquo;est une rencontre tr\u00e8s musicale et pleine de mouvement, o\u00f9 l&rsquo;on c\u00e9l\u00e8bre la jota, qui, chant\u00e9e, jou\u00e9e ou dans\u00e9e, est l&rsquo;un des \u00e9l\u00e9ments les plus embl\u00e9matiques de la musique populaire et traditionnelle de Deltebre.<\/p>\n<p style=\"text-align: justify;\"><b><img loading=\"lazy\" class=\"alignnone size-full wp-image-352\" src=\"https:\/\/deltebre.cat\/turisme\/wp-content\/uploads\/2016\/07\/asterisc_ok.png\" alt=\"asterisc_ok\" width=\"33\" height=\"28\" \/>LA PASI\u00d3N<\/b><\/p>\n<p style=\"text-align: justify;\">De nombreuses activit\u00e9s traditionnelles de Deltebre sont li\u00e9es \u00e0 la religiosit\u00e9. Lors de la semaine sainte, des repr\u00e9sentations de La Pasi\u00f3n sont r\u00e9alis\u00e9es, de v\u00e9ritables mises en sc\u00e8ne de rue, avec plus d&rsquo;une centaine d&rsquo;interpr\u00e8tes, et tout cela accompagn\u00e9 de musique en live.<\/p>\n","protected":false},"excerpt":{"rendered":"<p>Les \u00e9v\u00e8nements culturels \u00e0 Deltebre sont le compl\u00e9ment id\u00e9al de la richesse de son paysage. Donc si vous \u00eates \u00e0 la recherche d&rsquo;un m\u00e9lange entre nature et culture, Deltebre est fait pour vous. En plus d&rsquo;un grand patrimoine naturel, vous&hellip;<\/p>\n","protected":false},"author":123458,"featured_media":6481,"parent":0,"menu_order":0,"comment_status":"closed","ping_status":"closed","template":"","meta":[],"categories":[55],"tags":[],"_links":{"self":[{"href":"https:\/\/atraccionatural.cat\/fr\/wp-json\/wp\/v2\/pages\/2651\/"}],"collection":[{"href":"https:\/\/atraccionatural.cat\/fr\/wp-json\/wp\/v2\/pages\/"}],"about":[{"href":"https:\/\/atraccionatural.cat\/fr\/wp-json\/wp\/v2\/types\/page\/"}],"author":[{"embeddable":true,"href":"https:\/\/atraccionatural.cat\/fr\/wp-json\/wp\/v2\/users\/123458\/"}],"replies":[{"embeddable":true,"href":"https:\/\/atraccionatural.cat\/fr\/wp-json\/wp\/v2\/comments\/?post=2651"}],"version-history":[{"count":12,"href":"https:\/\/atraccionatural.cat\/fr\/wp-json\/wp\/v2\/pages\/2651\/revisions\/"}],"predecessor-version":[{"id":8487,"href":"https:\/\/atraccionatural.cat\/fr\/wp-json\/wp\/v2\/pages\/2651\/revisions\/8487\/"}],"wp:featuredmedia":[{"embeddable":true,"href":"https:\/\/atraccionatural.cat\/fr\/wp-json\/wp\/v2\/media\/6481\/"}],"wp:attachment":[{"href":"https:\/\/atraccionatural.cat\/fr\/wp-json\/wp\/v2\/media\/?parent=2651"}],"wp:term":[{"taxonomy":"category","embeddable":true,"href":"https:\/\/atraccionatural.cat\/fr\/wp-json\/wp\/v2\/categories\/?post=2651"},{"taxonomy":"post_tag","embeddable":true,"href":"https:\/\/atraccionatural.cat\/fr\/wp-json\/wp\/v2\/tags\/?post=2651"}],"curies":[{"name":"wp","href":"https:\/\/api.w.org\/{rel}","templated":true}]}}