{"id":5968,"date":"2017-02-13T13:10:32","date_gmt":"2017-02-13T13:10:32","guid":{"rendered":"http:\/\/deltebre.cat\/turisme\/terres-de-lebre-2\/"},"modified":"2019-02-28T09:06:38","modified_gmt":"2019-02-28T08:06:38","slug":"terres-de-lebre","status":"publish","type":"page","link":"https:\/\/atraccionatural.cat\/fr\/terres-de-lebre\/","title":{"rendered":"Terres de l&rsquo;Ebre"},"content":{"rendered":"<p style=\"text-align: justify;\"><img loading=\"lazy\" class=\"alignnone size-full wp-image-3471\" src=\"https:\/\/deltebre.cat\/turisme\/wp-content\/uploads\/2016\/08\/flamencs.jpg\" alt=\"Terres de l'Ebre\" width=\"900\" height=\"350\" \/><\/p>\n<p>Les Terres de l\u2019Ebre sont une destination touristique montante, d\u00e9clar\u00e9es R\u00e9serves de la Biosph\u00e8re par l\u2019UNESCO en 2013, loin des agglom\u00e9rations des circuits touristiques conventionnels et avec un climat stable et favorable tout au long de l\u2019ann\u00e9e. Elles constituent sans aucun doute, une destination id\u00e9ale \u00e0 d\u00e9couvrir et \u00e0 partager en famille ou entre amis. Dans les Terres de l\u2019Ebre, vous trouverez r\u00e9unis tous les atouts pour vous s\u00e9duire : leur littoral, leur riche patrimoine culturel et historique, mais aussi leurs paysages d\u2019une grande beaut\u00e9 naturelle propices \u00e0 nombre d\u2019activit\u00e9s en plein air, leur gastronomie typiquement m\u00e9diterran\u00e9enne, leur large \u00e9ventail de loisirs, leurs zones de longue tradition vinicole et rizicole, mais aussi leur grande vari\u00e9t\u00e9 de f\u00eates populaires et de reconstitutions historiques. L\u2019\u00c8bre a toujours \u00e9t\u00e9, continue d\u2019\u00eatre et restera tr\u00e8s probablement toujours, l\u2019axe autour duquel s\u2019organisent ces quatre r\u00e9gions les plus m\u00e9ridionales de la Catalogne. Mais Il est aussi et avant tout, qui en y naviguant \u00e0 bord d\u2019une felouque touristique, qui en s\u2019y promenant doucement au gr\u00e9 des courants, en cano\u00eb ou en kayak, un espace \u00e0 vivre et \u00e0 partager.<\/p>\n<p>Les Terres de l\u2019Ebre se distinguent surtout par leurs espaces naturels qui constituent l\u2019un de leurs principaux attraits touristiques. Elles abritent en effet deux parcs naturels \u2013 celui du Delta de l\u2019\u00c8bre et celui des Ports &#8211; une r\u00e9serve naturelle et 19 autres espaces encore, tous prot\u00e9g\u00e9s et adh\u00e9rant \u00e0 la Charte Natura 2000. 35 % de leur territoire constituent en effet un espace prot\u00e9g\u00e9, un v\u00e9ritable paradis o\u00f9 les amoureux de la nature peuvent s\u2019adonner en toute qui\u00e9tude \u00e0 diverses activit\u00e9s telles que l&rsquo;escalade, la randonn\u00e9e et l&rsquo;observation des oiseaux. Ou encore, le cyclotourisme, dans les espaces montagneux, la plaine du Delta, ou en sillonnant la Voie Verte (V\u00eda Verde) qui traverse la Terra Alta et le Baix Ebre sur 49 km. Le littoral pare son rivage de toutes les nuances qu&rsquo;offre la mer M\u00e9diterran\u00e9e. Au nord, ce sont des criques solitaires que prot\u00e8gent jalousement les falaises tandis qu&rsquo;au sud, dominent de longues plages de sable fin aux eaux peu profondes. La Station Nautique de Sant Carles de la R\u00e0pita y offre, pour sa part, toutes sortes de sports et d&rsquo;activit\u00e9s pour toute la famille, d&rsquo;Alcanar \u00e0 l\u2019Ametlla de Mar.<\/p>\n<p style=\"text-align: justify;\"><img loading=\"lazy\" class=\"alignnone size-full wp-image-3472\" src=\"https:\/\/deltebre.cat\/turisme\/wp-content\/uploads\/2016\/08\/muscleres.jpg\" alt=\"muscleres\" width=\"900\" height=\"350\" \/><\/p>\n<p>L\u2019\u00c8bre a toujours \u00e9t\u00e9 un \u00e9l\u00e9ment-cl\u00e9 pour toutes les civilisations qui se sont succ\u00e9d\u00e9 sur ce territoire. Leur passage ayant laiss\u00e9 en ces terres, un h\u00e9ritage historique et architectural \u00e0 la fois singulier et unique qui conf\u00e8re force et caract\u00e8re \u00e0 ces quatre r\u00e9gions. L\u2019on retrouve d\u2019ailleurs cette diversit\u00e9 dans la vari\u00e9t\u00e9 de l\u2019offre culturelle qui s\u2019y donne, telles les peintures rupestres d\u2019Ulldecona qui, class\u00e9es au Patrimoine Mondial de l\u2019Humanit\u00e9 par l\u2019UNESCO, feront l&rsquo;objet d&rsquo;une agr\u00e9able visite ou encore, l\u2019ensemble monumental de la ville de Tortosa, les diff\u00e9rents sites de la Bataille de l\u2019\u00c8bre, les caves-coop\u00e9ratives de Gandesa et El Pinell de Brai et le Centre Picasso de Sant Joan. La richesse culturelle, historique et festive du territoire trouve sa plus haute expression dans le caract\u00e8re aimable et accueillant de ses habitants mais aussi dans sa cuisine, laquelle, v\u00e9ritable mosa\u00efque de ce que la tradition m\u00e9diterran\u00e9enne a de meilleur, fait la part belle au riz qui est cultiv\u00e9 dans diff\u00e9rentes localit\u00e9 du territoire \u2013 comme c\u2019est le cas \u00e0 Amposta &#8211; mais aussi, \u00e0 la richesse gastronomique des diverses vari\u00e9t\u00e9s de poissons et autres fruits de mer locaux, aux fruits et aux l\u00e9gumes issus de la culture mara\u00eech\u00e8re du cru, mais aussi aux produits du terroir, tels que le vin D.O (D\u2019appellation d\u2019Origine Contr\u00f4l\u00e9e) Terra Alta, l\u2019huile d\u2019olive et le miel, beaucoup d\u2019entre eux \u00e9tant reconnus par des certificats et des labels attestant de leur qualit\u00e9.<\/p>\n<p>Il est possible aujourd\u2019hui d\u2019assister \u00e0 diff\u00e9rentes f\u00eates class\u00e9es d\u2019int\u00e9r\u00eat touristique qui vous feront voyager dans le temps jusqu&rsquo;\u00e0 des \u00e9poques r\u00e9volues, telles la F\u00eate de la Renaissance \u00e0 Tortosa, la traditionnelle repr\u00e9sentation de la Passion d\u2019Ulldecona ou la festividad de Sant Antoni, dans la municipalit\u00e9 d\u2019Asc\u00f3, class\u00e9e f\u00eate culturelle d&rsquo;int\u00e9r\u00eat national.<\/p>\n<p style=\"text-align: justify;\">C\u2019est ici, \u00e0 Deltebre que tout commence. Un lieu id\u00e9al depuis lequel entreprendre votre route \u00e0 la d\u00e9couverte de l\u2019ensemble de cette destination. <a href=\"http:\/\/www.terresdelebre.travel\/fr\/index.php\" target=\"_blank\" rel=\"noopener noreferrer\">Plus d&rsquo;informations<\/a>.<\/p>\n<p style=\"text-align: justify;\"><img loading=\"lazy\" class=\"alignnone size-full wp-image-3473\" src=\"https:\/\/deltebre.cat\/turisme\/wp-content\/uploads\/2016\/08\/terresdelebre.jpg\" alt=\"terresdelebre\" width=\"900\" height=\"350\" \/><\/p>\n","protected":false},"excerpt":{"rendered":"<p>Les Terres de l\u2019Ebre sont une destination touristique montante, d\u00e9clar\u00e9es R\u00e9serves de la Biosph\u00e8re par l\u2019UNESCO en 2013, loin des agglom\u00e9rations des circuits touristiques conventionnels et avec un climat stable et favorable tout au long de l\u2019ann\u00e9e. Elles constituent sans&hellip;<\/p>\n","protected":false},"author":123458,"featured_media":0,"parent":0,"menu_order":0,"comment_status":"closed","ping_status":"closed","template":"","meta":[],"categories":[],"tags":[],"_links":{"self":[{"href":"https:\/\/atraccionatural.cat\/fr\/wp-json\/wp\/v2\/pages\/5968\/"}],"collection":[{"href":"https:\/\/atraccionatural.cat\/fr\/wp-json\/wp\/v2\/pages\/"}],"about":[{"href":"https:\/\/atraccionatural.cat\/fr\/wp-json\/wp\/v2\/types\/page\/"}],"author":[{"embeddable":true,"href":"https:\/\/atraccionatural.cat\/fr\/wp-json\/wp\/v2\/users\/123458\/"}],"replies":[{"embeddable":true,"href":"https:\/\/atraccionatural.cat\/fr\/wp-json\/wp\/v2\/comments\/?post=5968"}],"version-history":[{"count":5,"href":"https:\/\/atraccionatural.cat\/fr\/wp-json\/wp\/v2\/pages\/5968\/revisions\/"}],"predecessor-version":[{"id":8472,"href":"https:\/\/atraccionatural.cat\/fr\/wp-json\/wp\/v2\/pages\/5968\/revisions\/8472\/"}],"wp:attachment":[{"href":"https:\/\/atraccionatural.cat\/fr\/wp-json\/wp\/v2\/media\/?parent=5968"}],"wp:term":[{"taxonomy":"category","embeddable":true,"href":"https:\/\/atraccionatural.cat\/fr\/wp-json\/wp\/v2\/categories\/?post=5968"},{"taxonomy":"post_tag","embeddable":true,"href":"https:\/\/atraccionatural.cat\/fr\/wp-json\/wp\/v2\/tags\/?post=5968"}],"curies":[{"name":"wp","href":"https:\/\/api.w.org\/{rel}","templated":true}]}}