{"id":8462,"date":"2018-12-20T11:31:18","date_gmt":"2018-12-20T10:31:18","guid":{"rendered":"https:\/\/atraccionatural.cat\/deltebre-capital-delta\/"},"modified":"2019-02-28T08:47:08","modified_gmt":"2019-02-28T07:47:08","slug":"deltebre-capitale-delta","status":"publish","type":"page","link":"https:\/\/atraccionatural.cat\/fr\/deltebre-capitale-delta\/","title":{"rendered":"Venez \u00e0 Deltebre, capitale du Delta de L\u2019\u00c8bre"},"content":{"rendered":"<p>[vc_row][vc_column][vc_column_text]<\/p>\n<p style=\"text-align: justify;\">Deltebre est sans aucun doute une ville unique situ\u00e9e dans un environnement privil\u00e9gi\u00e9, le superbe Delta de l\u2019\u00c8bre. Une ville jeune dot\u00e9e d\u2019une belle personnalit\u00e9, qui se d\u00e9marque par le caract\u00e8re de ses habitants et par son orographie singuli\u00e8re. Il faut dire que depuis sa naissance il y a plus de 40 ans, Deltebre a r\u00e9ussi \u00e0 conserver son esprit traditionnel et agricole tout en assurant un d\u00e9veloppement social et \u00e9conomique rapide pour se transformer en un cadre incomparable offrant le bonheur de vivre et de profiter de l\u2019environnement privil\u00e9gi\u00e9 du Delta de l\u2019\u00c8bre.<\/p>\n<p>[\/vc_column_text][\/vc_column][\/vc_row][vc_row][vc_column][vc_column_text]<\/p>\n<h2 style=\"font-size: 20px; margin-top: 40px; font-weight: bold;\">Un peu d\u2019histoire&#8230;<\/h2>\n<h3>Territoire de \u00ab\u00a0ressources et de profit\u00a0\u00bb<\/h3>\n<div class=\"plegable\">\n<p>Les origines de la formation des communes de La Cava et de Jes\u00fas i Maria ne sont pas encore certaines aujourd\u2019hui, bien que les premiers \u00e9crits sur l\u2019occupation du territoire remontent \u00e0 la conqu\u00eate chr\u00e9tienne dirig\u00e9e par Tortosa au cours du XII\u00e8me si\u00e8cle. \u00c0 cette \u00e9poque, le Delta devient un territoire de \u00ab\u00a0ressources et de profit\u00a0\u00bb pour les citoyens de Tortosa. En effet, il regorge de ressources naturelles telles que le sel, la soude, le poisson, etc.<\/p>\n<\/div>\n<h3>Origine du toponyme de La Cava<\/h3>\n<div class=\"plegable\">\n<p>Le XVII\u00e8me si\u00e8cle fut marqu\u00e9 par un \u00e9v\u00e8nement d\u00e9terminant pour la population actuelle de Deltebre, la cons\u00e9quence du changement du cours du fleuve, qui a abandonn\u00e9 les m\u00e9andres qui le conduisaient jusqu\u2019\u00e0 l\u2019embouchure par la Marquesa et le Goler\u00f3 pour se jeter en ligne droite, comme il le fait aujourd&rsquo;hui.<\/p>\n<p>Il est possible que ce changement d\u2019orientation du fleuve ait \u00e9t\u00e9 favoris\u00e9 par la construction d&rsquo;un canal d\u2019irrigation ou \u00ab\u00a0cave\u00a0\u00bb qui aurait \u00e9t\u00e9 r\u00e9alis\u00e9 entre la courbe que prenait le fleuve au milieu de l\u2019actuel centre-ville de Deltebre et des lagunes qui se situaient au niveau de sa partie basse, entre la ville et la Catxa. Ainsi, il est possible que ce canal d&rsquo;irrigation ait donn\u00e9 son nom au toponyme de La Cava.<\/p>\n<\/div>\n<h3>Un territoire qui na\u00eet dans le fleuve<\/h3>\n<div class=\"plegable\">\n<p>On sait que plusieurs noyaux de populations cohabitaient de mani\u00e8re isol\u00e9e \u00e0 el Preg\u00f3, \u00e0 Rac\u00f3 de Bomba et \u00e0 el Galatxo. Le changement de cours du fleuve les a oblig\u00e9s \u00e0 se d\u00e9placer vers des zones plus proches du fleuve o\u00f9 ils pouvaient profiter davantage de ressources naturelles, comme la zone de la partie haute de la rive du fleuve (zone Hortets) et celle de la partie basse (ancienne zone de La Cava). Ainsi, ces deux zones ont accueilli plus d\u2019habitants, qui ont cultiv\u00e9 et construit des maisons au milieu de l\u2019ancien m\u00e9andre jusqu\u2019au XIX\u00e8me si\u00e8cle, p\u00e9riode \u00e0 laquelle les nouveaux noyaux de population ont pris suffisamment d\u2019importance pour qu\u2019en 1818, l\u2019\u00e9v\u00each\u00e9 de Tortosa lance la construction de l\u2019\u00e9glise de Sant Miquel.<\/p>\n<\/div>\n<h3>L\u2019arriv\u00e9e des deux canaux<\/h3>\n<div class=\"plegable\">\n<p>Mais le changement le plus important pour les groupes de Jes\u00fas i Maria et La Cava fut celui qui s\u2019est produit avec l\u2019arriv\u00e9e des deux canaux, surtout celui de gauche en 1912, qui a permis \u00e0 la culture du riz de devenir le principal atout \u00e9conomique de la r\u00e9gion. Le d\u00e9veloppement de cette culture a \u00e9t\u00e9 consolid\u00e9 par la Cambra Arrossera de La Cava, fond\u00e9e en 1955, et par la Cooperativa Arrossera de Jes\u00fas i Maria, qui a vu le jour un an apr\u00e8s. Tout cela a entra\u00een\u00e9 une grande croissance d\u00e9mographique dans les villages de la partie gauche du Delta de l\u2019\u00c8bre.<\/p>\n<\/div>\n<h3>Lo Carrilet et autres moyens de transport<\/h3>\n<div class=\"plegable\">\n<p>Pendant des ann\u00e9es, les barques pour le transport de marchandises et le vaporet pour celui des passagers constituaient les principaux moyens de transport, \u00e0 cause du mauvais \u00e9tat des chemins et des routes. C\u2019est pour cela que l\u2019arriv\u00e9e du Carrilet, en 1927, a entra\u00een\u00e9 une v\u00e9ritable r\u00e9volution des transports sur ce territoire. En effet, il a permis \u00e0 la population de s\u2019ouvrir au monde ext\u00e9rieur. Au fil des ann\u00e9es, tous ces moyens ont disparu du fait de l\u2019am\u00e9lioration des chemins et des routes.<\/p>\n<\/div>\n<h3>La naissance de Deltebre<\/h3>\n<div class=\"plegable\">\n<p>Les deux groupes ont \u00e9t\u00e9 totalement ignor\u00e9s au niveau administratif et des services municipaux. Le mal-\u00eatre g\u00e9n\u00e9r\u00e9 par cette situation a conduit les deux communes \u00e0 s\u2019unir dans un premier \u00e9lan de s\u00e9paration dans les ann\u00e9es 30. Apr\u00e8s des ann\u00e9es de lutte intense, le 20 mai 1977, les deux communes ont finalement pu se s\u00e9parer de Tortosa, ce qui a donn\u00e9 naissance \u00e0 la ville de Deltebre.<\/p>\n<p>Ce succ\u00e8s a impliqu\u00e9 une augmentation importante des services et de la construction d\u2019infrastructures n\u00e9cessaires pour le d\u00e9veloppement futur de Deltebre, qui est actuellement la deuxi\u00e8me plus grande ville du canton du Baix Ebre, avec environ 12 000 habitants.<\/p>\n<\/div>\n<p>[\/vc_column_text][vc_raw_html]JTNDc2NyaXB0JTNFJTI4ZnVuY3Rpb24lMjglMjQlMjklMjAlN0IlMjQlMjhkb2N1bWVudCUyOS5yZWFkeSUyOGZ1bmN0aW9uJTI4JTI5JTIwJTdCJTI0JTI4JTI3aDMlMjclMjkuY2xpY2slMjhmdW5jdGlvbiUyOCUyOSU3QmlmJTI4JTI0JTI4dGhpcyUyOS5uZXh0JTI4JTI5Lmhhc0NsYXNzJTI4JTI3ZGVzcGxlZ2FkbyUyNyUyOSUyOSU3QiUyNCUyOHRoaXMlMjkubmV4dCUyOCUyOS5yZW1vdmVDbGFzcyUyOCUyN2Rlc3BsZWdhZG8lMjclMjklM0IlN0RlbHNlJTdCJTI0JTI4dGhpcyUyOS5uZXh0JTI4JTI5LmFkZENsYXNzJTI4JTI3ZGVzcGxlZ2FkbyUyNyUyOSUzQiU3RCU3RCUyOSU3RCUyOSU3RCUyOSUyOGpRdWVyeSUyOSUzQiUzQyUyRnNjcmlwdCUzRQ==[\/vc_raw_html][vc_column_text]<\/p>\n<h2 style=\"font-size: 20px; margin-top: 40px; font-weight: bold;\">Deltebre, attraction naturelle<\/h2>\n<h4>\u00c0 Deltebre, vous trouverez&#8230;<\/h4>\n<p style=\"text-align: justify;\"><strong><img loading=\"lazy\" class=\"alignnone size-full wp-image-352\" src=\"https:\/\/deltebre.cat\/turisme\/wp-content\/uploads\/2016\/07\/asterisc_ok.png\" alt=\"asterisc_ok\" width=\"33\" height=\"28\" \/><\/strong><b>Paysages naturels et uniques<\/b><\/p>\n<p style=\"text-align: justify;\">Deltebre est le lieu de pr\u00e9dilection pour d\u00e9couvrir la nature, car il est situ\u00e9 au c\u0153ur du Parc Naturel du Delta de l&rsquo;\u00c8bre. Fleuve, mer, \u00eeles fluviales, dunes, lagunes, etc. <b>Paysages uniques \u00e0 d\u00e9couvrir.<\/b><\/p>\n<p style=\"text-align: justify;\"><img loading=\"lazy\" class=\"alignnone size-full wp-image-3460\" src=\"https:\/\/deltebre.cat\/turisme\/wp-content\/uploads\/2016\/07\/vine_7.jpg\" alt=\"Venez\" width=\"900\" height=\"350\" \/><\/p>\n<p style=\"text-align: justify;\"><strong><img loading=\"lazy\" class=\"alignnone size-full wp-image-352\" src=\"https:\/\/deltebre.cat\/turisme\/wp-content\/uploads\/2016\/07\/asterisc_ok.png\" alt=\"asterisc_ok\" width=\"33\" height=\"28\" \/><\/strong><b>Terre de couleurs<\/b><\/p>\n<p style=\"text-align: justify;\"><b>Le cycle du riz marque la couleur des paysages<\/b>. Printemps bleu, \u00e9t\u00e9 vert, fin d&rsquo;\u00e9t\u00e9 jaune et hiver terreux. Chaque saison poss\u00e8de son propre charme.<\/p>\n<p><img loading=\"lazy\" class=\"size-full wp-image-3452\" src=\"https:\/\/deltebre.cat\/turisme\/wp-content\/uploads\/2016\/07\/vine_3.jpg\" alt=\"\" width=\"900\" height=\"350\" \/><\/p>\n<p style=\"text-align: justify;\"><strong><img loading=\"lazy\" class=\"alignnone size-full wp-image-352\" src=\"https:\/\/deltebre.cat\/turisme\/wp-content\/uploads\/2016\/07\/asterisc_ok.png\" alt=\"asterisc_ok\" width=\"33\" height=\"28\" \/><\/strong><b>Horizon infini<\/b><\/p>\n<p style=\"text-align: justify;\">Le paysage se caract\u00e9rise par une extension de terres totalement plaines qui lui donnent un <b>aspect particulier et unique dans toute la Catalogne<\/b>.<\/p>\n<p style=\"text-align: justify;\"><img loading=\"lazy\" class=\"alignnone size-full wp-image-3459\" src=\"https:\/\/deltebre.cat\/turisme\/wp-content\/uploads\/2016\/07\/vine_6.jpg\" alt=\"\" width=\"900\" height=\"350\" \/><\/p>\n<p style=\"text-align: justify;\"><strong><img loading=\"lazy\" class=\"alignnone size-full wp-image-352\" src=\"https:\/\/deltebre.cat\/turisme\/wp-content\/uploads\/2016\/07\/asterisc_ok.png\" alt=\"asterisc_ok\" width=\"33\" height=\"28\" \/><\/strong><b>Haute valeur naturelle<\/b><\/p>\n<p style=\"text-align: justify;\">320km<sup>2<\/sup> de superficie. Le Delta de l&rsquo;\u00c8bre est la <b>zone humide la plus importante de Catalogne<\/b> et la deuxi\u00e8me de la p\u00e9ninsule Ib\u00e9rique. Il a \u00e9t\u00e9 d\u00e9clar\u00e9 espace prot\u00e9g\u00e9 en 1983.<\/p>\n<p><img loading=\"lazy\" class=\"size-full wp-image-3451\" src=\"https:\/\/deltebre.cat\/turisme\/wp-content\/uploads\/2016\/07\/vine_2.jpg\" alt=\"\" width=\"900\" height=\"350\" \/><\/p>\n<p style=\"text-align: justify;\"><strong><img loading=\"lazy\" class=\"alignnone size-full wp-image-352\" src=\"https:\/\/deltebre.cat\/turisme\/wp-content\/uploads\/2016\/07\/asterisc_ok.png\" alt=\"asterisc_ok\" width=\"33\" height=\"28\" \/><\/strong><b>Source de vie\u00a0<\/b><\/p>\n<p style=\"text-align: justify;\"><b>343 esp\u00e8ces d&rsquo;oiseaux <\/b>\u00e0 voir et plus de <b>500 esp\u00e8ces v\u00e9g\u00e9tales<\/b>, parmi lesquelles se d\u00e9tachent les jonchaies, roseli\u00e8res, ch\u00e8vrefeuilles et le produit phare du territoire, le riz.<\/p>\n<p><img loading=\"lazy\" class=\"size-full wp-image-3450\" src=\"https:\/\/deltebre.cat\/turisme\/wp-content\/uploads\/2016\/07\/vine_1.jpg\" alt=\"\" width=\"900\" height=\"350\" \/><\/p>\n<p style=\"text-align: justify;\"><strong><img loading=\"lazy\" class=\"alignnone size-full wp-image-352\" src=\"https:\/\/deltebre.cat\/turisme\/wp-content\/uploads\/2016\/07\/asterisc_ok.png\" alt=\"asterisc_ok\" width=\"33\" height=\"28\" \/><\/strong><b>Fleuve de vie<\/b><\/p>\n<p style=\"text-align: justify;\">Apr\u00e8s avoir parcouru 930km, le fleuve de l&rsquo;\u00c8bre, qui a le plus fort d\u00e9bit de la p\u00e9ninsule Ib\u00e9rique, atteint son embouchure dans le Delta, baignant les terres de Deltebre et cr\u00e9ant un <b>paysage spectaculaire <\/b>de zones humides, rizi\u00e8res, plages de sable fin, etc.<\/p>\n<p><img loading=\"lazy\" class=\"size-full wp-image-3454\" src=\"https:\/\/deltebre.cat\/turisme\/wp-content\/uploads\/2016\/07\/vine_5.jpg\" alt=\"\" width=\"900\" height=\"350\" \/><\/p>\n<p style=\"text-align: justify;\"><strong><img loading=\"lazy\" class=\"alignnone size-full wp-image-352\" src=\"https:\/\/deltebre.cat\/turisme\/wp-content\/uploads\/2016\/07\/asterisc_ok.png\" alt=\"asterisc_ok\" width=\"33\" height=\"28\" \/><\/strong><b>Eco-friendly<\/b><\/p>\n<p style=\"text-align: justify;\">Deltebre est une destination touristique durable de qualit\u00e9. C&rsquo;est ainsi qu&rsquo;il a obtenu son <b>certificat de la Carte Europ\u00e9enne de Tourisme Durable (CETS) <\/b>et son titre de <b>Destination Touristique d&rsquo;Excellence<\/b>.<\/p>\n<p><img loading=\"lazy\" class=\"size-full wp-image-3453\" src=\"https:\/\/deltebre.cat\/turisme\/wp-content\/uploads\/2016\/07\/vine_4.jpg\" alt=\"\" width=\"900\" height=\"350\" \/><\/p>\n<p style=\"text-align: justify;\"><strong><img loading=\"lazy\" class=\"alignnone size-full wp-image-352\" src=\"https:\/\/deltebre.cat\/turisme\/wp-content\/uploads\/2016\/07\/asterisc_ok.png\" alt=\"asterisc_ok\" width=\"33\" height=\"28\" \/><\/strong><strong>Reserve de la Biosphere Terres de l\u2019Ebre<\/strong><\/p>\n<p style=\"text-align: justify;\">Sur \u00e0 peine 30 km de distance, le <strong>Parc Naturel des Ports <\/strong>et le <strong>Parc Naturel du Delta de l&rsquo;\u00c8bre<\/strong> offrent une grande diversit\u00e9 du paysage, depuis les \u00e9tendues de sable et les marais de la c\u00f4te aux montagnes de 1\u00a0500 m d&rsquo;altitude.<\/p>\n<p>[\/vc_column_text][\/vc_column][\/vc_row]<\/p>\n","protected":false},"excerpt":{"rendered":"<p>[vc_row][vc_column][vc_column_text] Deltebre est sans aucun doute une ville unique situ\u00e9e dans un environnement privil\u00e9gi\u00e9, le superbe Delta de l\u2019\u00c8bre. Une ville jeune dot\u00e9e d\u2019une belle personnalit\u00e9, qui se d\u00e9marque par le caract\u00e8re de ses habitants et par son orographie singuli\u00e8re.&hellip;<\/p>\n","protected":false},"author":123458,"featured_media":0,"parent":0,"menu_order":0,"comment_status":"closed","ping_status":"closed","template":"","meta":[],"categories":[],"tags":[],"_links":{"self":[{"href":"https:\/\/atraccionatural.cat\/fr\/wp-json\/wp\/v2\/pages\/8462\/"}],"collection":[{"href":"https:\/\/atraccionatural.cat\/fr\/wp-json\/wp\/v2\/pages\/"}],"about":[{"href":"https:\/\/atraccionatural.cat\/fr\/wp-json\/wp\/v2\/types\/page\/"}],"author":[{"embeddable":true,"href":"https:\/\/atraccionatural.cat\/fr\/wp-json\/wp\/v2\/users\/123458\/"}],"replies":[{"embeddable":true,"href":"https:\/\/atraccionatural.cat\/fr\/wp-json\/wp\/v2\/comments\/?post=8462"}],"version-history":[{"count":2,"href":"https:\/\/atraccionatural.cat\/fr\/wp-json\/wp\/v2\/pages\/8462\/revisions\/"}],"predecessor-version":[{"id":8464,"href":"https:\/\/atraccionatural.cat\/fr\/wp-json\/wp\/v2\/pages\/8462\/revisions\/8464\/"}],"wp:attachment":[{"href":"https:\/\/atraccionatural.cat\/fr\/wp-json\/wp\/v2\/media\/?parent=8462"}],"wp:term":[{"taxonomy":"category","embeddable":true,"href":"https:\/\/atraccionatural.cat\/fr\/wp-json\/wp\/v2\/categories\/?post=8462"},{"taxonomy":"post_tag","embeddable":true,"href":"https:\/\/atraccionatural.cat\/fr\/wp-json\/wp\/v2\/tags\/?post=8462"}],"curies":[{"name":"wp","href":"https:\/\/api.w.org\/{rel}","templated":true}]}}