{"id":8470,"date":"2018-12-20T11:20:29","date_gmt":"2018-12-20T10:20:29","guid":{"rendered":"https:\/\/atraccionatural.cat\/delta-ebre\/"},"modified":"2019-02-28T12:31:50","modified_gmt":"2019-02-28T11:31:50","slug":"delta-de-lebre","status":"publish","type":"page","link":"https:\/\/atraccionatural.cat\/fr\/delta-de-lebre\/","title":{"rendered":"Delta de l&rsquo;\u00c8bre"},"content":{"rendered":"<p>[vc_row][vc_column][vc_column_text]<\/p>\n<p style=\"text-align: justify;\"><img loading=\"lazy\" src=\"https:\/\/atraccionatural.cat\/wp-content\/uploads\/2019\/01\/img_delta_1.jpg\" alt=\"TERRES DE L'EBRE\" width=\"900\" height=\"350\" \/><\/p>\n<p>Le Delta de l\u2019\u00c8bre est sans aucun doute l\u2019un des plus beaux paysages naturels au monde. Sa singularit\u00e9 se d\u00e9finit par un cadre naturel incomparable dot\u00e9 d&rsquo;une grande richesse biologique qui h\u00e9berge une diversit\u00e9 faunistique et floristique d\u2019une valeur inestimable. Avec ses 320\u00a0km2 de terrain totalement plat, le Delta s\u2019est impos\u00e9 comme le plus grand habitat aquatique sur le territoire catalan, mais aussi le plus original. Mais il repr\u00e9sente \u00e9galement l\u2019une des zones humides les plus importantes de la mer M\u00e9diterran\u00e9e.<\/p>\n<p>La silhouette du Delta se profile dans la m\u00e9diterran\u00e9e et donne sa forme \u00e0 un paysage de lagunes entour\u00e9es de joncheraies et de roseli\u00e8res qu\u2019on peut contempler depuis le littoral. La zone la plus \u00e0 l\u2019ext\u00e9rieur offre un paysage ponctu\u00e9 de mirages cr\u00e9\u00e9s par les terrains salins, les grandes plages d\u00e9sertes et la flore si typique de cet environnement. Le paysage du Delta a sa propre personnalit\u00e9, tout comme ses habitants. Il faut dire que l\u2019identit\u00e9 de ce territoire est fa\u00e7onn\u00e9e par sa r\u00e9alit\u00e9 g\u00e9ographique et naturelle, mais aussi par le patrimoine culturel et historique de ses habitants.<\/p>\n<p style=\"text-align: justify;\"><img loading=\"lazy\" src=\"https:\/\/atraccionatural.cat\/wp-content\/uploads\/2019\/01\/img_delta_2.jpg\" alt=\"muscleres\" width=\"900\" height=\"350\" \/><\/p>\n<p>En 1983, dans le but de pr\u00e9server la richesse biologique et d\u2019atteindre un \u00e9quilibre entre les valeurs naturelles et la pr\u00e9sence humaine, \u00e0 la demande des habitants, la Generalitat de Catalu\u00f1a a constitu\u00e9 le <strong>Parc Naturel du Delta de l\u2019\u00c8bre<\/strong>. Le parc a une superficie totale de 7736 ha et il abrite les lagunes du Canal Vell, de les Olles, du Garxal, la Alfacada, la Tancada, la Encanyissada et la Platjola, ainsi que les \u00eeles de Buda, Sapinya et Sant Antoni, mais \u00e9galement les p\u00e9ninsules de Punta del Fangar et de la Banya, els Ullals de Baltasar et Erms de Casablanca.<\/p>\n<p>D\u2019ailleurs, il faut bien souligner le fait que depuis quelques ann\u00e9es, le Delta de l&rsquo;\u00c8bre s\u2019est impos\u00e9 comme une destination touristique durable reconnue dans le monde entier. Le Delta a d\u2019ailleurs obtenu quelques distinctions qui r\u00e9compensent ce tourisme durable\u00a0: certificat de la Carte europ\u00e9enne du Tourisme Durable (CETS), titre de la Destination touristique d&rsquo;excellence et d\u00e9clar\u00e9 R\u00e9serve de la biosph\u00e8re des Terres de l\u2019\u00c8bre.[\/vc_column_text][\/vc_column][\/vc_row]<\/p>\n","protected":false},"excerpt":{"rendered":"<p>[vc_row][vc_column][vc_column_text] Le Delta de l\u2019\u00c8bre est sans aucun doute l\u2019un des plus beaux paysages naturels au monde. Sa singularit\u00e9 se d\u00e9finit par un cadre naturel incomparable dot\u00e9 d&rsquo;une grande richesse biologique qui h\u00e9berge une diversit\u00e9 faunistique et floristique d\u2019une valeur&hellip;<\/p>\n","protected":false},"author":123458,"featured_media":7646,"parent":0,"menu_order":0,"comment_status":"closed","ping_status":"closed","template":"","meta":[],"categories":[],"tags":[],"_links":{"self":[{"href":"https:\/\/atraccionatural.cat\/fr\/wp-json\/wp\/v2\/pages\/8470\/"}],"collection":[{"href":"https:\/\/atraccionatural.cat\/fr\/wp-json\/wp\/v2\/pages\/"}],"about":[{"href":"https:\/\/atraccionatural.cat\/fr\/wp-json\/wp\/v2\/types\/page\/"}],"author":[{"embeddable":true,"href":"https:\/\/atraccionatural.cat\/fr\/wp-json\/wp\/v2\/users\/123458\/"}],"replies":[{"embeddable":true,"href":"https:\/\/atraccionatural.cat\/fr\/wp-json\/wp\/v2\/comments\/?post=8470"}],"version-history":[{"count":2,"href":"https:\/\/atraccionatural.cat\/fr\/wp-json\/wp\/v2\/pages\/8470\/revisions\/"}],"predecessor-version":[{"id":8540,"href":"https:\/\/atraccionatural.cat\/fr\/wp-json\/wp\/v2\/pages\/8470\/revisions\/8540\/"}],"wp:featuredmedia":[{"embeddable":true,"href":"https:\/\/atraccionatural.cat\/fr\/wp-json\/wp\/v2\/media\/7646\/"}],"wp:attachment":[{"href":"https:\/\/atraccionatural.cat\/fr\/wp-json\/wp\/v2\/media\/?parent=8470"}],"wp:term":[{"taxonomy":"category","embeddable":true,"href":"https:\/\/atraccionatural.cat\/fr\/wp-json\/wp\/v2\/categories\/?post=8470"},{"taxonomy":"post_tag","embeddable":true,"href":"https:\/\/atraccionatural.cat\/fr\/wp-json\/wp\/v2\/tags\/?post=8470"}],"curies":[{"name":"wp","href":"https:\/\/api.w.org\/{rel}","templated":true}]}}