{"id":8753,"date":"2019-01-11T10:56:34","date_gmt":"2019-01-11T09:56:34","guid":{"rendered":"https:\/\/atraccionatural.cat\/que-fer-a-deltebre\/"},"modified":"2019-04-03T08:38:17","modified_gmt":"2019-04-03T06:38:17","slug":"que-faire-a-deltebre","status":"publish","type":"page","link":"https:\/\/atraccionatural.cat\/fr\/que-faire-a-deltebre\/","title":{"rendered":"Que faire \u00e0 Deltebre\u00a0?"},"content":{"rendered":"<p>[vc_row el_class=\u00a0\u00bbcapcalera\u00a0\u00bb][vc_column][vc_column_text]<img src=\"https:\/\/atraccionatural.cat\/wp-content\/uploads\/2019\/01\/destacat-que-fer.jpg\" \/>[\/vc_column_text][\/vc_column][\/vc_row][vc_row bg_type=\u00a0\u00bbbg_color\u00a0\u00bb el_class=\u00a0\u00bbcontingut\u00a0\u00bb bg_color_value=\u00a0\u00bb#ffffff\u00a0\u00bb][vc_column][vc_column_text]<\/p>\n<h1>Que faire \u00e0 Deltebre en 24 h &#8211; 48 h &#8211; 72 h<\/h1>\n<p align=\"justify\">\u00ab\u00a0Que faire \u00e0 Deltebre en 24 h &#8211; 48 h &#8211; 72 h\u00a0\u00bb est une exp\u00e9rience que nous voulons partager avec vous, car nous savons que vous n\u2019avez pas toujours beaucoup de temps libre \u00e0 consacrer \u00e0 votre voyage. C\u2019est pour cela que nous avons concentr\u00e9 les plus belles exp\u00e9riences que vous pouvez vivre \u00e0 Deltebre, un endroit naturel privil\u00e9gi\u00e9 situ\u00e9 au c\u0153ur du Delta de l\u2019\u00c8bre, pour les personnes disposant de 24\u00a0heures, 48 heures ou 72 heures.<\/p>\n<p align=\"justify\">Nous voulons que vous vous d\u00e9connectiez, que vous vous d\u00e9tendiez, que vous vous connectiez avec la nature, que vous goutiez des saveurs locales, que vous vous int\u00e9griez dans l\u2019environnement local et que vous vous laissiez porter par les sentiers naturels, par la houle du fleuve, par l\u2019odeur sal\u00e9e de la mer, que vous d\u00e9couvriez des endroits insolites que vous ne trouverez qu\u2019ici, \u00e0 Deltebre. Pr\u00eat\u00a0? Vous n\u2019avez plus qu\u2019\u00e0 r\u00e9pondre \u00e0 cette question\u00a0: \u00ab\u00a0De combien de temps disposez-vous\u00a0?\u00a0\u00bb<\/p>\n<p>[\/vc_column_text][\/vc_column][\/vc_row][vc_row el_class=\u00a0\u00bbcapcalera\u00a0\u00bb][vc_column][vc_raw_html]JTNDZGl2JTIwaWQlM0QlMjJncmlkJTIyJTNFJTBBJTNDZGl2JTIwY2xhc3MlM0QlMjJjb250ZW5pZG9yJTIyJTNFJTBBJTNDYSUyMGhyZWYlM0QlMjIlMkZmciUyRmRlbHRlYnJlLWVuLTI0aCUyRiUyMiUzRSUyMCUyMCUwQSUzQ2ltZyUyMHNyYyUzRCUyMiUyRndwLWNvbnRlbnQlMkZ1cGxvYWRzJTJGMjAxOSUyRjAxJTJGMjRoX2ltZ19kZXN0YWNhZGEuanBnJTIyJTNFJTBBJTIwJTIwJTNDZGl2JTIwY2xhc3MlM0QlMjJvdmVybGF5JTIyJTNFJTBBJTIwJTIwJTIwJTIwJTNDZGl2JTIwY2xhc3MlM0QlMjJ0ZXh0JTIyJTNFRGVsdGVicmUlMjBlbiUyMDI0JTIwaCUzQyUyRmRpdiUzRSUwQSUyMCUyMCUzQyUyRmRpdiUzRSUwQSUzQyUyRmElM0UlMEElM0MlMkZkaXYlM0UlMEElMEElM0NkaXYlMjBjbGFzcyUzRCUyMmNvbnRlbmlkb3IlMjIlM0UlMEElM0NhJTIwaHJlZiUzRCUyMiUyRmZyJTJGZGVsdGVicmUtZW4tNDhoJTJGJTIyJTNFJTIwJTIwJTBBJTIwJTIwJTNDaW1nJTIwc3JjJTNEJTIyJTJGd3AtY29udGVudCUyRnVwbG9hZHMlMkYyMDE5JTJGMDElMkY0OGhfaW1nX2Rlc3RhY2FkYS5qcGclMjIlM0UlMEElMjAlMjAlM0NkaXYlMjBjbGFzcyUzRCUyMm92ZXJsYXklMjIlM0UlMEElMjAlMjAlMjAlMjAlM0NkaXYlMjBjbGFzcyUzRCUyMnRleHQlMjIlM0VEZWx0ZWJyZSUyMGVuJTIwNDhoJTNDJTJGZGl2JTNFJTBBJTIwJTIwJTNDJTJGZGl2JTNFJTBBJTNDJTJGYSUzRSUwQSUwQSUzQyUyRmRpdiUzRSUwQSUwQSUzQ2RpdiUyMGNsYXNzJTNEJTIyY29udGVuaWRvciUyMiUzRSUwQSUzQ2ElMjBocmVmJTNEJTIyJTJGZnIlMkZkZWx0ZWJyZS1lbi03MmglMkYlMjIlM0UlMjAlMjAlMEElMjAlMjAlM0NpbWclMjBzcmMlM0QlMjIlMkZ3cC1jb250ZW50JTJGdXBsb2FkcyUyRjIwMTklMkYwMSUyRjcyaF9pbWdfZGVzdGFjYWRhLmpwZyUyMiUzRSUwQSUyMCUyMCUzQ2RpdiUyMGNsYXNzJTNEJTIyb3ZlcmxheSUyMiUzRSUwQSUyMCUyMCUyMCUyMCUzQ2RpdiUyMGNsYXNzJTNEJTIydGV4dCUyMiUzRURlbHRlYnJlJTIwZW4lMjA3MmglM0MlMkZkaXYlM0UlMEElMjAlMjAlM0MlMkZkaXYlM0UlMEElM0MlMkZhJTNFJTBBJTNDJTJGZGl2JTNFJTBBJTNDJTJGZGl2JTNF[\/vc_raw_html][\/vc_column][\/vc_row]<\/p>\n","protected":false},"excerpt":{"rendered":"<p>[vc_row el_class=\u00a0\u00bbcapcalera\u00a0\u00bb][vc_column][vc_column_text][\/vc_column_text][\/vc_column][\/vc_row][vc_row bg_type=\u00a0\u00bbbg_color\u00a0\u00bb el_class=\u00a0\u00bbcontingut\u00a0\u00bb bg_color_value=\u00a0\u00bb#ffffff\u00a0\u00bb][vc_column][vc_column_text] Que faire \u00e0 Deltebre en 24 h &#8211; 48 h &#8211; 72 h \u00ab\u00a0Que faire \u00e0 Deltebre en 24 h &#8211; 48 h &#8211; 72 h\u00a0\u00bb est une exp\u00e9rience que nous voulons partager avec vous,&hellip;<\/p>\n","protected":false},"author":123458,"featured_media":7609,"parent":0,"menu_order":0,"comment_status":"closed","ping_status":"closed","template":"","meta":[],"categories":[],"tags":[],"_links":{"self":[{"href":"https:\/\/atraccionatural.cat\/fr\/wp-json\/wp\/v2\/pages\/8753\/"}],"collection":[{"href":"https:\/\/atraccionatural.cat\/fr\/wp-json\/wp\/v2\/pages\/"}],"about":[{"href":"https:\/\/atraccionatural.cat\/fr\/wp-json\/wp\/v2\/types\/page\/"}],"author":[{"embeddable":true,"href":"https:\/\/atraccionatural.cat\/fr\/wp-json\/wp\/v2\/users\/123458\/"}],"replies":[{"embeddable":true,"href":"https:\/\/atraccionatural.cat\/fr\/wp-json\/wp\/v2\/comments\/?post=8753"}],"version-history":[{"count":2,"href":"https:\/\/atraccionatural.cat\/fr\/wp-json\/wp\/v2\/pages\/8753\/revisions\/"}],"predecessor-version":[{"id":8755,"href":"https:\/\/atraccionatural.cat\/fr\/wp-json\/wp\/v2\/pages\/8753\/revisions\/8755\/"}],"wp:featuredmedia":[{"embeddable":true,"href":"https:\/\/atraccionatural.cat\/fr\/wp-json\/wp\/v2\/media\/7609\/"}],"wp:attachment":[{"href":"https:\/\/atraccionatural.cat\/fr\/wp-json\/wp\/v2\/media\/?parent=8753"}],"wp:term":[{"taxonomy":"category","embeddable":true,"href":"https:\/\/atraccionatural.cat\/fr\/wp-json\/wp\/v2\/categories\/?post=8753"},{"taxonomy":"post_tag","embeddable":true,"href":"https:\/\/atraccionatural.cat\/fr\/wp-json\/wp\/v2\/tags\/?post=8753"}],"curies":[{"name":"wp","href":"https:\/\/api.w.org\/{rel}","templated":true}]}}