{"id":8756,"date":"2018-12-14T13:40:16","date_gmt":"2018-12-14T12:40:16","guid":{"rendered":"https:\/\/atraccionatural.cat\/deltebre-en-24h\/"},"modified":"2019-04-03T10:47:18","modified_gmt":"2019-04-03T08:47:18","slug":"deltebre-en-24h","status":"publish","type":"page","link":"https:\/\/atraccionatural.cat\/fr\/deltebre-en-24h\/","title":{"rendered":"Que faire \u00e0 Deltebre en 24 h"},"content":{"rendered":"<p>[vc_row el_class=\u00a0\u00bbcapcalera\u00a0\u00bb][vc_column][vc_column_text]<img src=\"https:\/\/atraccionatural.cat\/wp-content\/uploads\/2018\/12\/img_24h.jpg\" \/>[\/vc_column_text][\/vc_column][\/vc_row][vc_row bg_type=\u00a0\u00bbbg_color\u00a0\u00bb el_class=\u00a0\u00bbcontingut\u00a0\u00bb bg_color_value=\u00a0\u00bb#ffffff\u00a0\u00bb][vc_column][vc_column_text]<\/p>\n<h1>Que faire \u00e0 Deltebre en 24 h<\/h1>\n<p style=\"text-align: justify;\">Vous ne disposez que d\u2019un jour et vous ne savez pas quoi faire \u00e0 Deltebre en 24 h\u00a0? Pas d\u2019inqui\u00e9tude\u00a0! Nous sommes tous pass\u00e9s par cette situation. En nous appuyant sur nos ann\u00e9es d\u2019exp\u00e9rience, nous vous offrons un s\u00e9jour concentr\u00e9 proposant quelques-unes des plus belles exp\u00e9riences qu\u2019il faut absolument vivre si vous visitez Deltebre.<\/p>\n<p>[\/vc_column_text][\/vc_column][\/vc_row][vc_row el_class=\u00a0\u00bbcontingut\u00a0\u00bb][vc_column][vc_column_text]<\/p>\n<div><img style=\"width: 30px;\" src=\"\/wp-content\/uploads\/2018\/12\/ico_24h_1.png\" \/><\/div>\n<h2 style=\"text-align: justify;\">La premi\u00e8re chose \u00e0 savoir&#8230;<\/h2>\n<p style=\"text-align: justify;\">Vous le saviez peut-\u00eatre d\u00e9j\u00e0, mais au cas o\u00f9, Deltebre est situ\u00e9e au c\u0153ur du Parc naturel du Delta de l&rsquo;\u00c8bre. La premi\u00e8re chose qui attirera votre attention est la plaine infinie de cet endroit. Le Delta a une superficie plate de 320\u00a0km2, le v\u00e9lo est donc un moyen de transport traditionnel et pratique.<\/p>\n<p>[\/vc_column_text][\/vc_column][\/vc_row][vc_row bg_type=\u00a0\u00bbbg_color\u00a0\u00bb el_class=\u00a0\u00bbcontingut\u00a0\u00bb bg_color_value=\u00a0\u00bb#ffffff\u00a0\u00bb el_id=\u00a0\u00bbcomencem\u00a0\u00bb][vc_column][vc_column_text]<\/p>\n<p style=\"text-align: justify;\">Selon la p\u00e9riode de l\u2019ann\u00e9e \u00e0 laquelle vous visitez le delta, le paysage sera tr\u00e8s diff\u00e9rent. C\u2019est parce que c\u2019est une terre de couleurs d\u00e9finie par le cycle du riz. Le paysage sera bleu si vous venez au printemps, vert si vous venez en \u00e9t\u00e9, jaune \u00e0 la fin de l\u2019\u00e9t\u00e9 et marron en hiver.<\/p>\n<p style=\"text-align: justify;\">Vous devez aussi savoir que les habitants du delta ont une personnalit\u00e9 aussi affirm\u00e9e que le paysage. Ils vous accueilleront de mani\u00e8re chaleureuse et vous mettront \u00e0 l\u2019aise, comme un membre de leur grande famille. Finalement, nous voulions aussi vous pr\u00e9ciser que le delta est une destination durable, ou comme on le dit maintenant, eco-friendly. Nous sommes s\u00fbrs que vous nous aiderez \u00e0 pr\u00e9server ce patrimoine naturel en suivant toujours les indications et les recommandations.<\/p>\n<p>Si vous voulez en savoir plus sur notre histoire, sur le Delta de l\u2019\u00c8bre et sur les <a href=\"https:\/\/atraccionatural.cat\/terres-de-lebre\/\">Terres de l\u2019Ebre<\/a>, vous serez totalement pr\u00eat \u00e0 vivre cette exp\u00e9rience \u00e0 100\u00a0%.[\/vc_column_text][vc_column_text]<\/p>\n<h2 id=\"titol-tabs\">C\u2019est parti\u00a0!<\/h2>\n<p>[\/vc_column_text][vc_raw_html]JTNDZGl2JTIwaWQlM0QlMjJkaWVzLW5vcm1hbCUyMiUzRSUwQSUwQSUzQ2RpdiUyMGNsYXNzJTNEJTIyY29udGVuaWRvciUyMiUzRSUzQ2ElMjBocmVmJTNEJTIyJTJGZnIlMkZkZWx0ZWJyZS1lbi00OGglMkYlMjIlM0UlM0NpbWclMjBzcmMlM0QlMjIlMkZ3cC1jb250ZW50JTJGdXBsb2FkcyUyRjIwMTklMkYwMSUyRnRhcF80OGhfb2ZmLmpwZyUyMiUyMHN0eWxlJTNEJTIyaGVpZ2h0JTNBJTIwNDZweCUzQiUyMiUzRSUzQ2RpdiUyMGNsYXNzJTNEJTIyZm9ucyUyMGZvbnMxJTIyJTIwc3R5bGUlM0QlMjJoZWlnaHQlM0ElMjA0NnB4JTNCJTIyJTNFJTNDJTJGZGl2JTNFJTNDJTJGYSUzRSUzQyUyRmRpdiUzRSUzQ2RpdiUyMGNsYXNzJTNEJTIyY29udGVuaWRvciUyMiUzRSUzQ2ElMjBocmVmJTNEJTIyJTJGZnIlMkZkZWx0ZWJyZS1lbi03MmglMkYlMjIlM0UlM0NpbWclMjBzcmMlM0QlMjIlMkZ3cC1jb250ZW50JTJGdXBsb2FkcyUyRjIwMTklMkYwMSUyRnRhcF83Mmhfb2ZmLmpwZyUyMiUyMHN0eWxlJTNEJTIyaGVpZ2h0JTNBJTIwNDZweCUzQiUyMiUzRSUzQ2RpdiUyMGNsYXNzJTNEJTIyZm9ucyUyMGZvbnMyJTIyJTIwc3R5bGUlM0QlMjJoZWlnaHQlM0ElMjA0NnB4JTNCJTIyJTNFJTNDJTJGZGl2JTNFJTNDJTJGYSUzRSUzQyUyRmRpdiUzRSUwQSUwQSUzQyUyRmRpdiUzRQ==[\/vc_raw_html][\/vc_column][\/vc_row][vc_row el_class=\u00a0\u00bbtabs-contingut\u00a0\u00bb el_id=\u00a0\u00bbtabs\u00a0\u00bb][vc_column][vc_tta_tabs shape=\u00a0\u00bbsquare\u00a0\u00bb active_section=\u00a0\u00bb1&Prime;][vc_tta_section title=\u00a0\u00bbJOUR 1&Prime; tab_id=\u00a0\u00bbdia-1&Prime;][vc_column_text]<img style=\"width: 100%;\" src=\"\/wp-content\/uploads\/2018\/12\/destacat_24h_dia1.jpg\" \/>[\/vc_column_text][vc_column_text el_class=\u00a0\u00bbtext-tabs\u00a0\u00bb]<\/p>\n<p class=\"tab-img\" style=\"text-align: justify;\"><img src=\"\/wp-content\/uploads\/2018\/12\/ico_24h_2.png\" \/><\/p>\n<h3 style=\"text-align: left;\">10 h\u00a0: Visite de l\u2019\u00e9comus\u00e9e<\/h3>\n<p style=\"text-align: justify;\">Nous commen\u00e7ons le s\u00e9jour par la visite de l\u2019\u00e9comus\u00e9e, centre d\u2019informations du Parc Naturel du Delta de l&rsquo;\u00c8bre, o\u00f9 vous r\u00e9aliserez une visite pour en savoir un peu plus sur le delta. Vous pourrez y d\u00e9couvrir l\u2019origine, l\u2019histoire, l\u2019architecture, les f\u00eates et les traditions du delta, etc. De plus, vous pourrez y trouver les cartes n\u00e9cessaires pour vous orienter dans les principales zones d\u2019int\u00e9r\u00eat que vous visiterez au cours de cette journ\u00e9e.<\/p>\n<p class=\"tab-img\" style=\"text-align: justify;\"><img src=\"\/wp-content\/uploads\/2018\/12\/ico_24h_3.png\" \/><\/p>\n<h3 style=\"text-align: left;\">11 h 30\u00a0: Punta del Fangar<\/h3>\n<p>Une fois que vous aurez les informations n\u00e9cessaires, lancez-vous dans l\u2019exploration de la nature. Partez directement \u00e0 la d\u00e9couverte d\u2019un des lieux les plus embl\u00e9matiques du territoire, la <a href=\"https:\/\/atraccionatural.cat\/riquesa-natural\/\">Punta del Fangar<\/a>, o\u00f9 vous pourrez visiter le Phare du Fangar, ou \u00ab\u00a0La Faroleta\u00a0\u00bb, nom que lui ont donn\u00e9 les habitants de Deltebre. Fait int\u00e9ressant, vous serez \u00e0 ce moment dans le seul d\u00e9sert de Catalogne. D\u2019ailleurs, il s\u2019agit d\u2019un v\u00e9ritable <a href=\"https:\/\/atraccionatural.cat\/paisatges-de-pelicula\/\">sc\u00e9nario de film<\/a>, on a notamment pu le voir dans Sahara et dans des clips vid\u00e9o de U2 et de groupes locaux.<\/p>\n<p style=\"text-align: justify;\">Et comme il s\u2019agit d&rsquo;un d\u00e9sert, nous vous conseillons de pr\u00e9voir de l\u2019eau et des protections contre le soleil. Si le temps le permet, l\u2019environnement se pr\u00eate parfaitement \u00e0 une petite baignade sur l\u2019une des plus belles plages de la M\u00e9diterran\u00e9e.<\/p>\n<p class=\"tab-img\" style=\"text-align: justify;\"><img src=\"\/wp-content\/uploads\/2018\/12\/ico_24h_4.png\" \/><\/p>\n<h3 style=\"text-align: left;\">14\u00a0h\u00a0: Pr\u00e9parez vos papilles gustatives, c\u2019est l\u2019heure de manger !<\/h3>\n<p>Apr\u00e8s cette randonn\u00e9e, ce sera le moment id\u00e9al pour savourer la <a href=\"https:\/\/atraccionatural.cat\/els-nostres-productes\/\">gastronomie locale<\/a> dans les <a href=\"https:\/\/atraccionatural.cat\/restaurants\/\">restaurants de Deltebre<\/a>. Vous pouvez choisir le restaurant selon le type de repas que vous avez envie de d\u00e9guster\u00a0: riz, recettes traditionnelles, tapas, sandwiches, cuisines du monde&#8230; ou m\u00eame selon votre app\u00e9tit\u00a0: vous pouvez manger l\u00e0 ou vous vous trouvez, avancer encore jusqu\u2019\u00e0 l\u2019embouchure et le centre de Riumar ou retourner \u00e0 Deltebre.<\/p>\n<p class=\"tab-img\" style=\"text-align: justify;\"><img src=\"\/wp-content\/uploads\/2018\/12\/ico_24h_5.png\" \/><\/p>\n<h3 style=\"text-align: left;\">16\u00a0h\u00a0: Vivez le fleuve et laissez-vous s\u00e9duire<\/h3>\n<p style=\"text-align: justify;\">L\u2019\u00c8bre est une halte obligatoire lorsque vous visitez Deltebre. Comme vous avez peu de temps, nous vous laissons le choix parmi trois options, selon vos pr\u00e9f\u00e9rences.<\/p>\n<div id=\"opcions\">\n<div class=\"opcio\" style=\"text-align: left;\">\n<p><img src=\"\/wp-content\/uploads\/2018\/12\/ico_24h_6_off.png\" \/><\/p>\n<p><span style=\"font-weight: bold;\">Option 1 : Croisi\u00e8re fluviale<\/span> jusqu\u2019\u00e0 l\u2019embouchure de l&rsquo;\u00c8bre<\/p>\n<\/div>\n<div class=\"opcio\" style=\"text-align: left;\">\n<p><img src=\"\/wp-content\/uploads\/2018\/12\/ico_24h_7_off.png\" \/><\/p>\n<p><span style=\"font-weight: bold;\">Option 2 : Promenade en kayak ou en bateau <\/span>que nous avons nous-m\u00eame organis\u00e9e<\/p>\n<\/div>\n<div class=\"opcio\" style=\"text-align: left;\">\n<p><img src=\"\/wp-content\/uploads\/2018\/12\/ico_24h_8_off.png\" \/><\/p>\n<p><span style=\"font-weight: bold;\">Option 3\u00a0: Promenade en bateau \u00e0 la carte<\/span> avec qui vous voulez, quand vous voulez et pour faire ce que vous voulez<\/p>\n<\/div>\n<\/div>\n<p>[\/vc_column_text][vc_column_text el_class=\u00a0\u00bbtext-tabs2&Prime;]<\/p>\n<p class=\"tab-img\" style=\"text-align: justify;\"><img src=\"\/wp-content\/uploads\/2018\/12\/ico_24h_9.png\" \/><\/p>\n<h3 style=\"text-align: left;\">18\u00a0h\u00a0: Une promenade avant le d\u00eener<\/h3>\n<p style=\"text-align: justify;\">Pour profiter des derniers rayons du soleil, et s&rsquo;il vous reste un peu de temps, profitez-en pour vous promener sur le chemin du Garxal, une zone du parc naturel entre la plage de Riumar et l\u2019embouchure du fleuve. Ce sera le lieu parfait pour observer les oiseaux sur les lagunes depuis les miradors. Vous pouvez aller jusqu\u2019au mirador Zigurat, o\u00f9 vous pourrez profiter d&rsquo;une magnifique vue panoramique sur l\u2019embouchure et sur les \u00eeles de Buda et de Sant Antoni. Ce moment vous permettra \u00e0 coup s\u00fbr de recharger vos batteries. Si c\u2019est l\u2019\u00e9t\u00e9, n\u2019oubliez pas d\u2019emporter de l\u2019anti-moustique\u00a0!<\/p>\n<p class=\"tab-img\" style=\"text-align: justify;\"><img src=\"\/wp-content\/uploads\/2018\/12\/ico_24h_10.png\" \/><\/p>\n<h3 style=\"text-align: left;\">20\u00a0h\u00a0: Petite pause relaxation<\/h3>\n<p style=\"text-align: justify;\">Apr\u00e8s cette promenade, vous pouvez vous rafra\u00eechir dans l&rsquo;un des bars de plage de Riumar ou Deltebre. Vous pourrez vous d\u00e9tendre en sirotant une boisson, tout en observant la mer ou le fleuve, selon le bar que vous avez choisi. En \u00e9t\u00e9, c\u2019est aussi le moment id\u00e9al pour un dernier plongeon.<\/p>\n<p class=\"tab-img\" style=\"text-align: justify;\"><img src=\"\/wp-content\/uploads\/2018\/12\/ico_24h_4.png\" \/><\/p>\n<h3 style=\"text-align: left;\">21 h 30 : C\u2019est l\u2019heure du d\u00eener\u00a0!<\/h3>\n<p style=\"text-align: justify;\">Vous avez encore un peu de temps\u00a0? Nous esp\u00e9rons que oui, car vous devez certainement avoir tr\u00e8s faim. Avant le retour \u00e0 la maison, vous pouvez passer par l\u2019un des restaurants et d\u00e9guster \u00e0 nouveau les recettes et produits locaux. De plus, pensez bien \u00e0 consulter <a href=\"http:\/\/deltebre.cat\/event-directory\/\" target=\"_blank\" rel=\"noopener noreferrer\">l\u2019agenda des \u00e9v\u00e8nements de Deltebre<\/a>, qui vous indiquera les activit\u00e9s organis\u00e9es durant l\u2019ann\u00e9e, comme par exemple l\u2019op\u00e9ra en direct en bord de mer ou un spectacle de danse contemporaine.<\/p>\n<div id=\"caixa-info\">\n<h3 style=\"text-align: left;\">Centre d&rsquo;Information du Parc Naturel du Delta de l&rsquo;\u00c8bre &#8211; Ecomus\u00e9e<\/h3>\n<ul class=\"llista\">\n<li><strong>Horaires<\/strong> : du lundi au dimanche\u00a0: de 10 h \u00e0 13 h. Apr\u00e8s-midi hiver\u00a0: de 15 h \u00e0 17 h. Apr\u00e8s-midi \u00e9t\u00e9 : de 15 h \u00e0 18 h<\/li>\n<li><strong>Adresse<\/strong> : C. Dr. Mart\u00ed Buera, 22. 43580 &#8211; Deltebre<\/li>\n<li><strong>Dur\u00e9e<\/strong>\u00a0: visite guid\u00e9e\u00a0: 1 h &#8211; 1 h 15 \/ visite libre\u00a0: 45\u00a0min &#8211; 1 h 30<\/li>\n<\/ul>\n<h3 style=\"text-align: justify;\">Punta del Fangar<\/h3>\n<ul class=\"llista\">\n<li style=\"text-align: justify;\">Arriv\u00e9e en voiture jusqu\u2019\u00e0 la plage de la Marquesa<\/li>\n<li style=\"text-align: justify;\">Continuer \u00e0 pied jusqu\u2019au Phare du Fangar<\/li>\n<li style=\"text-align: justify;\"><strong>Dur\u00e9e<\/strong>\u00a0: en marchant \u00e0 un bon rythme, 1 h 30<\/li>\n<\/ul>\n<h3 style=\"text-align: justify;\">Sur le fleuve<\/h3>\n<ul class=\"llista\">\n<li style=\"text-align: justify;\"><strong>Dur\u00e9e croisi\u00e8re fluviale\u00a0<\/strong>: 45 min si vous prenez le bateau devant l\u2019\u00eele de Buda \/ 1 h 30 si vous le prenez \u00e0 Deltebre<\/li>\n<li style=\"text-align: justify;\"><strong>Bateau ou croisi\u00e8re \u00e0 la carte<\/strong>\u00a0: jusqu\u2019\u00e0 12 personnes<\/li>\n<\/ul>\n<h3 style=\"text-align: justify;\">Parcours par le Garxal<\/h3>\n<ul class=\"llista\">\n<li style=\"text-align: justify;\"><strong>Extension<\/strong> : 1,5 km<\/li>\n<li style=\"text-align: justify;\"><strong>Mirador Zigurat<\/strong>\u00a0: 7\u00a0m de hauteur<\/li>\n<\/ul>\n<p style=\"text-align: justify;\"><span style=\"color: #ffffff; font-weight: bold;\">Consultez tous les <\/span><a href=\"https:\/\/atraccionatural.cat\/serveis-turistics\/\"><span style=\"text-decoration: underline;\"><strong><span style=\"color: #ffffff; text-decoration: underline;\">services touristiques de Deltebre<\/span><\/strong><\/span><\/a><span style=\"color: #ffffff; font-weight: bold;\"> pour bien organiser votre exp\u00e9rience.<\/span><\/p>\n<\/div>\n<p>[\/vc_column_text][\/vc_tta_section][\/vc_tta_tabs][\/vc_column][\/vc_row][vc_row bg_type=\u00a0\u00bbbg_color\u00a0\u00bb bg_override=\u00a0\u00bbfull\u00a0\u00bb el_id=\u00a0\u00bbdies-mobil\u00a0\u00bb css=\u00a0\u00bb.vc_custom_1548147354117{padding-top: 15px !important;padding-bottom: 15px !important;}\u00a0\u00bb bg_color_value=\u00a0\u00bb#ffffff\u00a0\u00bb][vc_column][vc_raw_html]JTNDZGl2JTIwc3R5bGUlM0QlMjJ0ZXh0LWFsaWduJTNBY2VudGVyJTNCJTIyJTNFJTBBJTBBJTNDZGl2JTIwY2xhc3MlM0QlMjJjb250ZW5pZG9yJTIyJTNFJTNDYSUyMGhyZWYlM0QlMjIlMkZkZWx0ZWJyZS1lbi00OGglMkYlMjIlM0UlM0NpbWclMjBzcmMlM0QlMjIlMkZ3cC1jb250ZW50JTJGdXBsb2FkcyUyRjIwMTklMkYwMSUyRnRhcF80OGhfb2ZmLmpwZyUyMiUyMHN0eWxlJTNEJTIyaGVpZ2h0JTNBJTIwMzdweCUzQiUyMiUzRSUzQ2RpdiUyMGNsYXNzJTNEJTIyZm9ucyUyMGZvbnMxJTIyJTIwc3R5bGUlM0QlMjJoZWlnaHQlM0ElMjAzN3B4JTNCJTIyJTNFJTNDJTJGZGl2JTNFJTNDJTJGYSUzRSUzQyUyRmRpdiUzRSUzQ2RpdiUyMGNsYXNzJTNEJTIyY29udGVuaWRvciUyMiUzRSUzQ2ElMjBocmVmJTNEJTIyJTJGZGVsdGVicmUtZW4tNzJoJTJGJTIyJTNFJTNDaW1nJTIwc3JjJTNEJTIyJTJGd3AtY29udGVudCUyRnVwbG9hZHMlMkYyMDE5JTJGMDElMkZ0YXBfNzJoX29mZi5qcGclMjIlMjBzdHlsZSUzRCUyMmhlaWdodCUzQSUyMDM3cHglM0IlMjIlM0UlM0NkaXYlMjBjbGFzcyUzRCUyMmZvbnMlMjBmb25zMiUyMiUyMHN0eWxlJTNEJTIyaGVpZ2h0JTNBJTIwMzdweCUzQiUyMiUzRSUzQyUyRmRpdiUzRSUzQyUyRmElM0UlM0MlMkZkaXYlM0UlMEElMEElM0MlMkZkaXYlM0U=[\/vc_raw_html][\/vc_column][\/vc_row]<\/p>\n","protected":false},"excerpt":{"rendered":"<p>[vc_row el_class=\u00a0\u00bbcapcalera\u00a0\u00bb][vc_column][vc_column_text][\/vc_column_text][\/vc_column][\/vc_row][vc_row bg_type=\u00a0\u00bbbg_color\u00a0\u00bb el_class=\u00a0\u00bbcontingut\u00a0\u00bb bg_color_value=\u00a0\u00bb#ffffff\u00a0\u00bb][vc_column][vc_column_text] Que faire \u00e0 Deltebre en 24 h Vous ne disposez que d\u2019un jour et vous ne savez pas quoi faire \u00e0 Deltebre en 24 h\u00a0? Pas d\u2019inqui\u00e9tude\u00a0! Nous sommes tous pass\u00e9s par cette situation. En&hellip;<\/p>\n","protected":false},"author":123458,"featured_media":7310,"parent":0,"menu_order":0,"comment_status":"closed","ping_status":"closed","template":"","meta":[],"categories":[],"tags":[],"_links":{"self":[{"href":"https:\/\/atraccionatural.cat\/fr\/wp-json\/wp\/v2\/pages\/8756\/"}],"collection":[{"href":"https:\/\/atraccionatural.cat\/fr\/wp-json\/wp\/v2\/pages\/"}],"about":[{"href":"https:\/\/atraccionatural.cat\/fr\/wp-json\/wp\/v2\/types\/page\/"}],"author":[{"embeddable":true,"href":"https:\/\/atraccionatural.cat\/fr\/wp-json\/wp\/v2\/users\/123458\/"}],"replies":[{"embeddable":true,"href":"https:\/\/atraccionatural.cat\/fr\/wp-json\/wp\/v2\/comments\/?post=8756"}],"version-history":[{"count":4,"href":"https:\/\/atraccionatural.cat\/fr\/wp-json\/wp\/v2\/pages\/8756\/revisions\/"}],"predecessor-version":[{"id":8796,"href":"https:\/\/atraccionatural.cat\/fr\/wp-json\/wp\/v2\/pages\/8756\/revisions\/8796\/"}],"wp:featuredmedia":[{"embeddable":true,"href":"https:\/\/atraccionatural.cat\/fr\/wp-json\/wp\/v2\/media\/7310\/"}],"wp:attachment":[{"href":"https:\/\/atraccionatural.cat\/fr\/wp-json\/wp\/v2\/media\/?parent=8756"}],"wp:term":[{"taxonomy":"category","embeddable":true,"href":"https:\/\/atraccionatural.cat\/fr\/wp-json\/wp\/v2\/categories\/?post=8756"},{"taxonomy":"post_tag","embeddable":true,"href":"https:\/\/atraccionatural.cat\/fr\/wp-json\/wp\/v2\/tags\/?post=8756"}],"curies":[{"name":"wp","href":"https:\/\/api.w.org\/{rel}","templated":true}]}}