{"id":8768,"date":"2018-12-20T12:42:42","date_gmt":"2018-12-20T11:42:42","guid":{"rendered":"https:\/\/atraccionatural.cat\/videos-de-deltebre\/"},"modified":"2019-04-03T12:40:11","modified_gmt":"2019-04-03T10:40:11","slug":"videos-de-deltebre","status":"publish","type":"page","link":"https:\/\/atraccionatural.cat\/fr\/videos-de-deltebre\/","title":{"rendered":"Regardez toutes les vid\u00e9os de Deltebre"},"content":{"rendered":"<p>[vc_row el_class=\u00a0\u00bbcontingut titol\u00a0\u00bb][vc_column][vc_column_text]<\/p>\n<h3 align=\"justify\">Regardez toutes les vid\u00e9os de Deltebre<\/h3>\n<p>[\/vc_column_text][\/vc_column][\/vc_row][vc_row el_class=\u00a0\u00bbcontingut\u00a0\u00bb][vc_column width=\u00a0\u00bb1\/3&Prime;][vc_column_text]<iframe loading=\"lazy\" src=\"https:\/\/www.youtube.com\/embed\/VzHgD9u1N3Y\" width=\"360\" height=\"180\" frameborder=\"0\" allowfullscreen=\"allowfullscreen\"><\/iframe>[\/vc_column_text][\/vc_column][vc_column width=\u00a0\u00bb2\/3&Prime;][vc_column_text]<\/p>\n<p align=\"justify\"><em>On dit que l\u2019attraction est pure quand on peut s\u2019en souvenir. Quand je ferme les yeux, je la ressens.<\/em><\/p>\n<p align=\"justify\">La vid\u00e9o touristique de Deltebre commence par cette citation, un po\u00e8me dans lequel la beaut\u00e9 du patrimoine naturel de cette ville situ\u00e9e au c\u0153ur du Delta de l&rsquo;\u00c8bre se refl\u00e8te dans les images et les vues a\u00e9riennes qui vous laisseront sans mots et avec l\u2019envie d\u2019en voir plus. Nous vous attendons \u00e0 Deltebre\u00a0!<\/p>\n<p>[\/vc_column_text][\/vc_column][\/vc_row][vc_row bg_type=\u00a0\u00bbbg_color\u00a0\u00bb el_class=\u00a0\u00bbcontingut titol\u00a0\u00bb bg_color_value=\u00a0\u00bb#ffffff\u00a0\u00bb][vc_column][vc_column_text]<\/p>\n<h3 align=\"justify\">Gastronomie<\/h3>\n<p>[\/vc_column_text][\/vc_column][\/vc_row][vc_row bg_type=\u00a0\u00bbbg_color\u00a0\u00bb el_class=\u00a0\u00bbcontingut\u00a0\u00bb bg_color_value=\u00a0\u00bb#ffffff\u00a0\u00bb][vc_column width=\u00a0\u00bb1\/3&Prime;][vc_column_text]<iframe loading=\"lazy\" src=\"https:\/\/www.youtube.com\/embed\/FDtQB3JXP7g\" width=\"360\" height=\"180\" frameborder=\"0\" allowfullscreen=\"allowfullscreen\"><\/iframe>[\/vc_column_text][vc_column_text]<\/p>\n<p style=\"margin-bottom: 0; margin-top: 20px;\" align=\"justify\"><b>Mescla, la marque de notre gastronomie, paysage et du tourisme des Terres de l\u2019Ebre<\/b><\/p>\n<p align=\"justify\">Mescla, qui est la marque de notre gastronomie, de notre paysage et du tourisme des Terres de l\u2019Ebre, est un \u00e9v\u00e8nement c\u00e9l\u00e9br\u00e9 dans le cadre de DeltaFira et o\u00f9 un large \u00e9ventail d&rsquo;activit\u00e9s est programm\u00e9 autour de la gastronomie et des paysages des Terres de l&rsquo;Ebre. \u00c0 Mescla, vous pourrez entrer en contact avec les produits, paysages et l&rsquo;offre touristique du Montsi\u00e0, du Baix Exbre, de la Ribera d&rsquo;Ebre et de la Terra Alta.<\/p>\n<p>[\/vc_column_text][\/vc_column][vc_column width=\u00a0\u00bb1\/3&Prime;][vc_column_text]<iframe loading=\"lazy\" src=\"https:\/\/www.youtube.com\/embed\/APTEQlVCRBg\" width=\"360\" height=\"180\" frameborder=\"0\" allowfullscreen=\"allowfullscreen\"><\/iframe>[\/vc_column_text][vc_column_text]<\/p>\n<p style=\"margin-bottom: 0; margin-top: 20px;\" align=\"justify\"><b>Deltebre, la r\u00e9volution des palais<\/b><\/p>\n<p align=\"justify\"><span style=\"font-size: small;\">Parmi toutes les activit\u00e9s que vous pouvez faire dans le Delta de l\u2019\u00c8bre, l&rsquo;une des plus gratifiantes est de d\u00e9guster la gastronomie \u00e0 Deltebre. Laissez-vous porter par les fourneaux de la cuisine locale, qui feront na\u00eetre en vous de nombreuses sensations gr\u00e2ce au m\u00e9lange entre les recettes les plus traditionnelles et leurs variations plus modernes. <\/span><\/p>\n<p>[\/vc_column_text][\/vc_column][vc_column width=\u00a0\u00bb1\/3&Prime;][\/vc_column][\/vc_row][vc_row el_class=\u00a0\u00bbcontingut titol\u00a0\u00bb][vc_column][vc_column_text]<\/p>\n<h3 align=\"justify\">F\u00eates et traditions<\/h3>\n<p>[\/vc_column_text][\/vc_column][\/vc_row][vc_row el_class=\u00a0\u00bbcontingut\u00a0\u00bb][vc_column width=\u00a0\u00bb1\/3&Prime;][vc_column_text]<iframe loading=\"lazy\" src=\"https:\/\/www.youtube.com\/embed\/7ecEglTd47M\" width=\"360\" height=\"180\" frameborder=\"0\" allowfullscreen=\"allowfullscreen\"><\/iframe>[\/vc_column_text][vc_column_text]<\/p>\n<p style=\"margin-bottom: 0; margin-top: 20px;\" align=\"justify\"><b>F\u00eates du riz<\/b><\/p>\n<p align=\"justify\">Vous d\u00e9sirez faire un petit voyage dans le temps pour voir comment fonctionnait la culture du riz sur nos terres ? En juin (plantation) et en septembre (moisson), nous c\u00e9l\u00e9brons les f\u00eates du riz, l\u2019occasion id\u00e9ale pour d\u00e9couvrir comment nos anc\u00eatres r\u00e9alisaient les diff\u00e9rentes \u00e9tapes de la culture du riz, tout cela accompagn\u00e9 d\u2019un repas populaire, de jeux traditionnels&#8230; Et de nombreuses autres activit\u00e9s !<\/p>\n<p>[\/vc_column_text][\/vc_column][vc_column width=\u00a0\u00bb1\/3&Prime;][vc_column_text]<iframe loading=\"lazy\" src=\"https:\/\/www.youtube.com\/embed\/Hrg5W2c16fs\" width=\"360\" height=\"180\" frameborder=\"0\" allowfullscreen=\"allowfullscreen\"><\/iframe>[\/vc_column_text][vc_column_text]<\/p>\n<p style=\"margin-bottom: 0; margin-top: 20px;\" align=\"justify\"><b>Carnaval \u00e0 Deltebre<\/b><\/p>\n<p align=\"justify\">Les f\u00eates du carnaval de Deltebre sont devenues l\u2019un des \u00e9v\u00e8nements les plus attendus dans le Delta de l\u2019\u00c8bre. Pendant tout un week-end d\u2019activit\u00e9s, plus de 1300 personnes participent \u00e0 ces festivit\u00e9s originales qui remplissent les rues de Deltebre de couleurs. Sourires, musique, danse et de nombreuses r\u00e9compenses. Ne le manquez pas ! Cette vid\u00e9o offre un aper\u00e7u du Carnaval 2018.<\/p>\n<p>[\/vc_column_text][\/vc_column][vc_column width=\u00a0\u00bb1\/3&Prime;][\/vc_column][\/vc_row][vc_row bg_type=\u00a0\u00bbbg_color\u00a0\u00bb el_class=\u00a0\u00bbcontingut titol\u00a0\u00bb bg_color_value=\u00a0\u00bb#ffffff\u00a0\u00bb][vc_column][vc_column_text]<\/p>\n<h3 align=\"justify\">\u00c9v\u00e9nements culturels<\/h3>\n<p>[\/vc_column_text][\/vc_column][\/vc_row][vc_row bg_type=\u00a0\u00bbbg_color\u00a0\u00bb el_class=\u00a0\u00bbcontingut\u00a0\u00bb bg_color_value=\u00a0\u00bb#ffffff\u00a0\u00bb][vc_column width=\u00a0\u00bb1\/3&Prime;][vc_column_text]<iframe loading=\"lazy\" src=\"https:\/\/www.youtube.com\/embed\/nkMdLdARFaA\" width=\"360\" height=\"180\" frameborder=\"0\" allowfullscreen=\"allowfullscreen\"><\/iframe>[\/vc_column_text][vc_column_text]<\/p>\n<p style=\"margin-bottom: 0; margin-top: 20px;\" align=\"justify\"><b>Festival Deltebre Dansa<\/b><\/p>\n<p align=\"justify\">Avez-vous d\u00e9j\u00e0 pens\u00e9 \u00e0 fusionner les arts sc\u00e9niques et un endroit naturel d\u2019une beaut\u00e9 unique\u00a0? La bonne nouvelle est que vous n\u2019avez plus besoin de l&rsquo;imaginer, cela existe d\u00e9j\u00e0 \u00e0 Deltebre ! En \u00e9t\u00e9, pendant 15 jours, vous pouvez profiter d&rsquo;une programmation de spectacles avant-gardistes de diff\u00e9rents arts et d\u00e9couvrir des artistes venant du monde entier. Il est \u00e9galement possible de suivre des cours donn\u00e9s par les professionnels du secteur et des cours d\u2019initiation.<\/p>\n<p>[\/vc_column_text][\/vc_column][vc_column width=\u00a0\u00bb1\/3&Prime;][\/vc_column][vc_column width=\u00a0\u00bb1\/3&Prime;][\/vc_column][\/vc_row][vc_row el_class=\u00a0\u00bbcontingut titol\u00a0\u00bb][vc_column][vc_column_text]<\/p>\n<h3 align=\"justify\">Foires et promotions touristiques<\/h3>\n<p>[\/vc_column_text][\/vc_column][\/vc_row][vc_row el_class=\u00a0\u00bbcontingut\u00a0\u00bb][vc_column width=\u00a0\u00bb1\/3&Prime;][vc_column_text]<iframe loading=\"lazy\" src=\"https:\/\/www.youtube.com\/embed\/_doankLfztw\" width=\"360\" height=\"180\" frameborder=\"0\" allowfullscreen=\"allowfullscreen\"><\/iframe>[\/vc_column_text][vc_column_text]<\/p>\n<p style=\"margin-bottom: 0; margin-top: 20px;\" align=\"justify\"><b>Deltebre au 23e Salon du Manga de Barcelone<\/b><\/p>\n<p align=\"justify\">Saviez-vous que Deltebre \u00e9tait la star des ateliers de cuisine japonaise au XXIIIe salon du manga de Barcelone ? Notre ville a activement particip\u00e9 \u00e0 cet \u00e9v\u00e8nement, elle y a pr\u00e9sent\u00e9 les principales attractions du territoire et sa gastronomie, le riz \u00e9tant l\u2019\u00e9l\u00e9ment central de cette pr\u00e9sentation. Dans cette vid\u00e9o, vous pouvez voir un r\u00e9sum\u00e9 de notre pr\u00e9sence sur ce salon.<\/p>\n<p>[\/vc_column_text][\/vc_column][vc_column width=\u00a0\u00bb1\/3&Prime;][vc_column_text]<iframe loading=\"lazy\" src=\"https:\/\/www.youtube.com\/embed\/9MFRtEg62do\" width=\"360\" height=\"180\" frameborder=\"0\" allowfullscreen=\"allowfullscreen\"><\/iframe>[\/vc_column_text][vc_column_text]<\/p>\n<p style=\"margin-bottom: 0; margin-top: 20px;\" align=\"justify\"><b>Deltebre \u00e0 Madrid Fusi\u00f3n 2018<\/b><\/p>\n<p align=\"justify\">\u00c0 Deltebre, nous adorons prendre soin de notre image touristique. C\u2019est pour cette raison que nous avons particip\u00e9 \u00e0 Madrid Fusi\u00f3n avec un total de 19 ateliers de d\u00e9gustation des produits et de la gastronomie de la ville. Si vous n\u2019avez pas pu nous rendre visite sur la foire, vous pouvez regarder cette vid\u00e9o qui r\u00e9sume notre pr\u00e9sence \u00e0 Madrid Fusi\u00f3n 2018.<\/p>\n<p>[\/vc_column_text][\/vc_column][vc_column width=\u00a0\u00bb1\/3&Prime;][vc_column_text]<iframe loading=\"lazy\" src=\"https:\/\/www.youtube.com\/embed\/kDrwBzDEg2U\" width=\"360\" height=\"180\" frameborder=\"0\" allowfullscreen=\"allowfullscreen\"><\/iframe>[\/vc_column_text][vc_column_text]<\/p>\n<p style=\"margin-bottom: 0; margin-top: 20px;\" align=\"justify\"><b>Festival de Loire &#8211; Orl\u00e9ans<\/b><\/p>\n<p align=\"justify\">Deltebre \u00e9tait l\u2019une des villes invit\u00e9es par l\u2019organisation du Festival de Loire &#8211; Orl\u00e9ans (France) pour repr\u00e9senter l\u2019\u00c8bre au cours de cet \u00e9v\u00e8nement qui a accueilli plus de 650\u00a0000 visiteurs. Nous avons emport\u00e9 avec nous l\u2019essence et la tradition, et nous avons construit une cabane traditionnelle \u00e0 c\u00f4t\u00e9 de la Loire. Dans cette vid\u00e9o, vous pouvez d\u00e9couvrir le processus et la bonne ambiance du festival.<\/p>\n<p>[\/vc_column_text][\/vc_column][\/vc_row]<\/p>\n","protected":false},"excerpt":{"rendered":"<p>[vc_row el_class=\u00a0\u00bbcontingut titol\u00a0\u00bb][vc_column][vc_column_text] Regardez toutes les vid\u00e9os de Deltebre [\/vc_column_text][\/vc_column][\/vc_row][vc_row el_class=\u00a0\u00bbcontingut\u00a0\u00bb][vc_column width=\u00a0\u00bb1\/3&Prime;][vc_column_text][\/vc_column_text][\/vc_column][vc_column width=\u00a0\u00bb2\/3&Prime;][vc_column_text] On dit que l\u2019attraction est pure quand on peut s\u2019en souvenir. Quand je ferme les yeux, je la ressens. La vid\u00e9o touristique de Deltebre commence par cette&hellip;<\/p>\n","protected":false},"author":123458,"featured_media":7666,"parent":0,"menu_order":0,"comment_status":"closed","ping_status":"closed","template":"","meta":[],"categories":[],"tags":[],"_links":{"self":[{"href":"https:\/\/atraccionatural.cat\/fr\/wp-json\/wp\/v2\/pages\/8768\/"}],"collection":[{"href":"https:\/\/atraccionatural.cat\/fr\/wp-json\/wp\/v2\/pages\/"}],"about":[{"href":"https:\/\/atraccionatural.cat\/fr\/wp-json\/wp\/v2\/types\/page\/"}],"author":[{"embeddable":true,"href":"https:\/\/atraccionatural.cat\/fr\/wp-json\/wp\/v2\/users\/123458\/"}],"replies":[{"embeddable":true,"href":"https:\/\/atraccionatural.cat\/fr\/wp-json\/wp\/v2\/comments\/?post=8768"}],"version-history":[{"count":3,"href":"https:\/\/atraccionatural.cat\/fr\/wp-json\/wp\/v2\/pages\/8768\/revisions\/"}],"predecessor-version":[{"id":8834,"href":"https:\/\/atraccionatural.cat\/fr\/wp-json\/wp\/v2\/pages\/8768\/revisions\/8834\/"}],"wp:featuredmedia":[{"embeddable":true,"href":"https:\/\/atraccionatural.cat\/fr\/wp-json\/wp\/v2\/media\/7666\/"}],"wp:attachment":[{"href":"https:\/\/atraccionatural.cat\/fr\/wp-json\/wp\/v2\/media\/?parent=8768"}],"wp:term":[{"taxonomy":"category","embeddable":true,"href":"https:\/\/atraccionatural.cat\/fr\/wp-json\/wp\/v2\/categories\/?post=8768"},{"taxonomy":"post_tag","embeddable":true,"href":"https:\/\/atraccionatural.cat\/fr\/wp-json\/wp\/v2\/tags\/?post=8768"}],"curies":[{"name":"wp","href":"https:\/\/api.w.org\/{rel}","templated":true}]}}